{"id":28718,"date":"2025-03-03T08:56:26","date_gmt":"2025-03-03T07:56:26","guid":{"rendered":"https:\/\/www.cgjung.net\/espace\/?page_id=28718"},"modified":"2025-03-21T18:00:52","modified_gmt":"2025-03-21T17:00:52","slug":"etre-jungien","status":"publish","type":"page","link":"https:\/\/www.cgjung.net\/espace\/accueil\/jprobert\/etre-jungien\/","title":{"rendered":"\u00catre jungien ?"},"content":{"rendered":"<p><strong>Carl Gustav Jung d\u00e9clarait : <em>Je ne peux qu&rsquo;esp\u00e9rer que personne ne devienne \u00ab&nbsp;jungien&nbsp;\u00bb.<\/em> Pourtant, aujourd\u2019hui, nombreux sont les courants qui se r\u00e9clament de lui, tandis que d\u2019autres s\u2019attachent \u00e0 prendre cette assertion au pied de la lettre. Comment comprendre cette apparente contradiction ?<\/strong> <span style=\"color: #808080;\">J-P. Robert<\/span><\/p>\n<p><img loading=\"lazy\" decoding=\"async\" class=\"size-full wp-image-28738 aligncenter\" src=\"https:\/\/www.cgjung.net\/espace\/wp-content\/uploads\/2025\/03\/roi-reine.jpg\" alt=\"\" width=\"300\" height=\"421\" srcset=\"https:\/\/www.cgjung.net\/espace\/wp-content\/uploads\/2025\/03\/roi-reine.jpg 300w, https:\/\/www.cgjung.net\/espace\/wp-content\/uploads\/2025\/03\/roi-reine-214x300.jpg 214w\" sizes=\"auto, (max-width: 300px) 100vw, 300px\" \/><\/p>\n<p style=\"text-align: center;\"><em>Splendor Solis, trait\u00e9 alchimique XVIe si\u00e8cle &#8211; <a href=\"https:\/\/commons.wikimedia.org\/wiki\/File:A_moon_above_a_queen_dressed_in_blue,_and_a_sun_above_a_king_Wellcome_V0025630.jpg\" target=\"_blank\" rel=\"noopener\">Licence CC<\/a><\/em><\/p>\n<p>Le docteur J.H. Van der Hoop \u00e9crit \u00e0 Jung : \u00ab\u00a0Je ne peux dire si je deviendrai un jour jungien\u00a0\u00bb. Dans sa r\u00e9ponse du 14 janvier 1946, Jung s&rsquo;exprime ainsi :<\/p>\n<blockquote>\n<p>\u00ab\u00a0Je ne peux qu&rsquo;esp\u00e9rer que personne ne devienne \u00ab jungien \u00bb. Je ne d\u00e9fends en effet aucune doctrine, je ne fais que d\u00e9crire des faits et avancer certaines id\u00e9es qui me paraissent dignes d&rsquo;\u00eatre discut\u00e9es. [&#8230;] Je ne pr\u00eache aucune doctrine achev\u00e9e, ferm\u00e9e sur elle-m\u00eame et j&rsquo;abhorre les \u00ab&nbsp;partisans aveugles&nbsp;\u00bb. Je laisse \u00e0 chacun la libert\u00e9 de s&rsquo;occuper \u00e0 sa mani\u00e8re des faits car je prends moi-m\u00eame cette libert\u00e9.\u00a0\u00bb<br \/>\nC.G. Jung, <a href=\"https:\/\/www.cgjung.net\/oeuvre\/correspondance_1941_1949.htm\">Correspondance, tome&nbsp;2,<\/a> p.&nbsp;148-150.<\/p>\n<\/blockquote>\n<p><a href=\"https:\/\/www.cgjung.net\/espace\/ressources\/cahiers-jungiens-de-psychanalyse-no-159-2024\/\">Dans le num\u00e9ro 159 des Cahiers Jungiens de Psychanalyse,<\/a>&nbsp;<em>Jung dans le monde,<\/em> les \u00e9ditorialistes s&rsquo;interrogent autour de cette question : \u00ab\u00a0Comment peut-on \u00eatre jungien, comment est-on jungien aujourd&rsquo;hui de par le monde ? O\u00f9 et qui sommes nous ?\u00a0\u00bb.&nbsp;<\/p>\n<h2>Le paradoxe des non-jungiens jungiens<\/h2>\n<p>Au fil des \u00e9changes, certains interlocuteurs se revendiquant d\u2019une filiation jungienne insistent sur cette assertion et affirment qu\u2019ils ne sauraient \u00eatre \u00ab jungiens \u00bb. Paradoxe int\u00e9ressant : bien souvent, ils s\u2019\u00e9loignent tellement de la pens\u00e9e de Jung qu\u2019ils en viennent \u00e0 adopter des positions qui n\u2019ont plus rien de jungiennes, accumulant ainsi de nombreuses contradictions. Il serait sans doute plus coh\u00e9rent qu\u2019ils assument pleinement leur propre pens\u00e9e, plut\u00f4t que de se livrer \u00e0 de v\u00e9ritables acrobaties intellectuelles.<\/p>\n<p>Le large spectre de la pens\u00e9e jungienne m\u00e8ne \u00e0 de nombreuses sp\u00e9cialisations, mais favorise aussi les amalgames, les r\u00e9cup\u00e9rations de toutes sortes et les erreurs magistrales d&rsquo;interpr\u00e9tation. Ils sont trop nombreux pour les citer !<\/p>\n<p>Jung, lui, s&rsquo;en tient \u00e0 l&rsquo;observation des faits. Par exemple, une image surgissant en pleine conscience, en plein jour, sans lien \u00e9vident avec la situation pr\u00e9sente, est un fait. Tout autant qu&rsquo;un cycliste passant devant nous. La r\u00e9alit\u00e9 de l&rsquo;inconscient, l&rsquo;attention qu&rsquo;il porte \u00e0 son \u00e9coute et au dialogue permanent avec ce qu&rsquo;il nomme l&rsquo;\u00e2me, sont au c\u0153ur de son \u0153uvre. Une \u0153uvre avant tout exp\u00e9rimentale, ouverte, et oppos\u00e9e \u00e0 toute doctrine.<\/p>\n<h2>Des jungiens qui s&rsquo;ignorent<\/h2>\n<p>\u00c0 l&rsquo;oppos\u00e9, un grand nombre de personnes ignorent la vie et l&rsquo;\u0153uvre de C.G. Jung, bien qu&rsquo;elles aient entendu certains termes qu&rsquo;il a mis en valeur, comme arch\u00e9type ou extraversion\/introversion. Pourtant, elles ont nou\u00e9 une v\u00e9ritable relation avec elles-m\u00eames. Elles ont instaur\u00e9 un dialogue int\u00e9rieur, souvent en r\u00e9ponse \u00e0 des \u00e9v\u00e9nements qui les y ont conduites. Et ce sont assur\u00e9ment les plus nombreuses !<\/p>\n<p>Parmi elles, on trouve celles qui ont suivi une psychoth\u00e9rapie d&rsquo;inspiration freudienne, lacanienne ou relevant d&rsquo;autres courants de pens\u00e9e. Il y a aussi celles qui se sont engag\u00e9es dans une voie dite spirituelle, ainsi que ceux issus de cultures tr\u00e8s \u00e9loign\u00e9es de la culture occidentale.<\/p>\n<h2>Les grandes lignes de la pens\u00e9e jungienne<\/h2>\n<p>Il ne suffit pas de critiquer et c&rsquo;est pourquoi je me permet de pr\u00e9ciser ce qu&rsquo;est \u00e0 mes yeux l&rsquo;essentiel de la pens\u00e9e jungienne.<\/p>\n<p>Le psychisme est aussi vaste que le monde physique avec ses plan\u00e8tes et ses galaxies. Intimement li\u00e9e au monde physique, la psych\u00e9 s\u2019\u00e9tend bien au-del\u00e0 de la conscience et des \u00e9l\u00e9ments personnels qui sont rel\u00e9gu\u00e9s au-dessous du seuil conscient et dont la plupart restent accessibles.<\/p>\n<p>La psych\u00e9 d\u00e9crite par Jung englobe un immense r\u00e9servoir d\u2019images, d\u2019\u00e9motions, d\u2019adaptations et de r\u00e9actions qui se sont accumul\u00e9es et s\u00e9diment\u00e9es depuis la nuit des temps.<\/p>\n<p>La qualit\u00e9 du lien avec l&rsquo;inconscient constitue le fondement m\u00eame de l&rsquo;\u00e9volution d&rsquo;un individu. Nourri \u00e0 la fois par le monde int\u00e9rieur et le monde ext\u00e9rieur, un \u00e9quilibre s&rsquo;\u00e9tablit au fil du temps, permettant de d\u00e9passer la plupart des antagonismes.<\/p>\n<p>Cette d\u00e9marche impose une grande exigence en mati\u00e8re d\u2019\u00e9thique et d\u2019\u00e9chelle de valeurs. Elle requiert ouverture d\u2019esprit, tol\u00e9rance, pers\u00e9v\u00e9rance et t\u00e9nacit\u00e9. La conscience s\u2019enrichit alors, int\u00e9grant un nombre croissant de contenus, bien au-del\u00e0 de ce qui nourrit la plupart des individus.<\/p>\n<h2>En conclusion<\/h2>\n<p>Ce cheminement, \u00e0 la fois exigeant et lib\u00e9rateur, engage l\u2019individu dans une transformation profonde o\u00f9 la conscience ne cesse de s\u2019\u00e9largir. Loin d\u2019une adh\u00e9sion passive \u00e0 un syst\u00e8me de pens\u00e9e fig\u00e9, il s\u2019agit d\u2019un dialogue vivant avec l\u2019inconscient, d&rsquo;une qu\u00eate o\u00f9 chaque avanc\u00e9e ouvre de nouvelles perspectives.<\/p>\n<p>Je m&rsquo;interroge : dans un monde o\u00f9 le virtuel prend une place croissante et o\u00f9 les nouvelles approches psychologiques se multiplient, quelle place pour l\u2019exploration int\u00e9rieure ?<\/p>\n<p><strong>Finalement, \u00eatre jungien, ce n\u2019est peut-\u00eatre pas suivre Jung mais oser explorer, avec lucidit\u00e9 et engagement, les territoires infinis de la psych\u00e9.<\/strong><\/p>\n<p style=\"text-align: right;\">Mars 2024<\/p>\n<p>En lien avec cet article : <a href=\"https:\/\/www.cgjung.net\/espace\/accueil\/ariane-callot\/citations-jung\/\">Sur l\u2019utilisation des citations de Carl Gustav Jung<\/a><\/p>\n<p><a href=\"https:\/\/www.cgjung.net\/contact.htm\"><strong>Adresser un message \u00e0 Jean-Pierre Robert<\/strong><\/a><\/p>\n<p>&nbsp;<\/p>\n<h2>Jean-Pierre Robert<\/h2>\n<p>Jean-Pierre Robert, fondateur du pr\u00e9sent site, assure la mise en ligne des contenus. Il est le r\u00e9dacteur de plusieurs articles, pr\u00e9sentation d\u2019ouvrages, entretiens et assure la mise en page du site.<\/p>\n<p>Il coanime <a href=\"https:\/\/www.cgjung.net\/espace\/seminaires\/\">des s\u00e9minaires de formation<\/a> avec des membres d&rsquo;Espace Francophone Jungien.<\/p>\n<p><em>Textes publi\u00e9s :<\/em><\/p>\n<ul>\n<li><a href=\"https:\/\/www.cgjung.net\/espace\/accueil\/jprobert\/qui-agit-dans-le-monde-numerique\/\">Qui agit dans le monde num\u00e9rique ?<\/a><\/li>\n<li><a href=\"https:\/\/www.cgjung.net\/espace\/accueil\/jprobert\/influence-des-contenus-numeriques\/\">Pourquoi les contenus num\u00e9riques nous influencent-ils autant ?<\/a><\/li>\n<li><a href=\"https:\/\/www.cgjung.net\/espace\/accueil\/jprobert\/technologie-devient-un-mythe\/\">Quand la technologie devient mythe<\/a><\/li>\n<li><a href=\"https:\/\/www.cgjung.net\/espace\/accueil\/jprobert\/ia-dans-nos-vies\/\">L\u2019intelligence artificielle dans nos vies<\/a> (visioconf\u00e9rence du 14\/01\/2026)<\/li>\n<li><a href=\"https:\/\/www.cgjung.net\/espace\/accueil\/jprobert\/150-ans\/\">150 ans apr\u00e8s la naissance de Jung<\/a><\/li>\n<li><a href=\"https:\/\/www.cgjung.net\/espace\/accueil\/jprobert\/contes-de-fees\/\">Que sont r\u00e9ellement les contes de f\u00e9es ?<\/a><\/li>\n<li><a href=\"https:\/\/www.cgjung.net\/espace\/accueil\/jprobert\/ombre-mal-technologie\/\">L&rsquo;ombre et le mal<\/a> (conf\u00e9rence du 26\/01\/2025)<\/li>\n<li><a href=\"https:\/\/www.cgjung.net\/espace\/accueil\/jprobert\/sabina-spielrein-fascine\/\">Sabina Spielrein fascine !<\/a><\/li>\n<li><a href=\"https:\/\/www.cgjung.net\/espace\/accueil\/jprobert\/intelligence-artificielle\/\">L&rsquo;intelligence artificielle et la psych\u00e9<\/a><\/li>\n<li><a href=\"https:\/\/www.cgjung.net\/espace\/accueil\/jprobert\/humain-ia\/\">Le d\u00e9fi de l&rsquo;Humain face \u00e0 l&rsquo;intelligence artificielle<\/a><\/li>\n<li><a href=\"https:\/\/www.cgjung.net\/espace\/accueil\/psychologie-carl-gustav-jung\/\">La psychologie de Carl Gustav Jung expliqu\u00e9e clairement<\/a><br \/>\navec Ariane Callot<\/li>\n<li><a href=\"https:\/\/www.cgjung.net\/espace\/accueil\/jung-projections\/\">C.G. Jung support id\u00e9al \u00e0 de multiples projections<\/a><\/li>\n<li><a href=\"https:\/\/www.cgjung.net\/espace\/accueil\/carl-gustav-jung-junichiro-tanizaki\/\">Carl Gustav Jung et Junichir\u00f4 Tanizaki font l\u2019\u00e9loge de l\u2019ombre<\/a><br \/>\navec Ariane Callot<\/li>\n<li><a href=\"https:\/\/www.cgjung.net\/espace\/accueil\/persona-reseaux-sociaux\/\">La persona et les r\u00e9seaux sociaux<\/a><\/li>\n<li><a href=\"https:\/\/www.cgjung.net\/espace\/accueil\/bienfaits-introversion\/\">Les bienfaits de l\u2019introversion<\/a><\/li>\n<\/ul>\n\n","protected":false},"excerpt":{"rendered":"<p>Carl Gustav Jung d\u00e9clarait : Je ne peux qu&rsquo;esp\u00e9rer que personne ne devienne \u00ab&nbsp;jungien&nbsp;\u00bb. Pourtant, aujourd\u2019hui, nombreux sont les courants qui se r\u00e9clament de lui, tandis que d\u2019autres s\u2019attachent \u00e0 prendre cette assertion au pied de la lettre. Comment comprendre cette apparente contradiction ? J-P. Robert Splendor Solis, trait\u00e9 alchimique XVIe si\u00e8cle &#8211; Licence CC [&hellip;]<\/p>\n","protected":false},"author":1,"featured_media":0,"parent":21540,"menu_order":0,"comment_status":"closed","ping_status":"closed","template":"","meta":{"footnotes":""},"class_list":["post-28718","page","type-page","status-publish","hentry"],"_links":{"self":[{"href":"https:\/\/www.cgjung.net\/espace\/wp-json\/wp\/v2\/pages\/28718","targetHints":{"allow":["GET"]}}],"collection":[{"href":"https:\/\/www.cgjung.net\/espace\/wp-json\/wp\/v2\/pages"}],"about":[{"href":"https:\/\/www.cgjung.net\/espace\/wp-json\/wp\/v2\/types\/page"}],"author":[{"embeddable":true,"href":"https:\/\/www.cgjung.net\/espace\/wp-json\/wp\/v2\/users\/1"}],"replies":[{"embeddable":true,"href":"https:\/\/www.cgjung.net\/espace\/wp-json\/wp\/v2\/comments?post=28718"}],"version-history":[{"count":5,"href":"https:\/\/www.cgjung.net\/espace\/wp-json\/wp\/v2\/pages\/28718\/revisions"}],"predecessor-version":[{"id":29046,"href":"https:\/\/www.cgjung.net\/espace\/wp-json\/wp\/v2\/pages\/28718\/revisions\/29046"}],"up":[{"embeddable":true,"href":"https:\/\/www.cgjung.net\/espace\/wp-json\/wp\/v2\/pages\/21540"}],"wp:attachment":[{"href":"https:\/\/www.cgjung.net\/espace\/wp-json\/wp\/v2\/media?parent=28718"}],"curies":[{"name":"wp","href":"https:\/\/api.w.org\/{rel}","templated":true}]}}