{"id":28425,"date":"2025-02-06T15:49:48","date_gmt":"2025-02-06T14:49:48","guid":{"rendered":"https:\/\/www.cgjung.net\/espace\/?page_id=28425"},"modified":"2025-09-01T07:11:11","modified_gmt":"2025-09-01T05:11:11","slug":"lettre-dinformation-fevrier-2025","status":"publish","type":"page","link":"https:\/\/www.cgjung.net\/espace\/lettre-information\/lettre-dinformation-fevrier-2025\/","title":{"rendered":"Lettre d&rsquo;information F\u00e9vrier 2025"},"content":{"rendered":"<p><strong>25C<\/strong><strong>ette lettre comprend :<\/strong>&nbsp; S\u00e9minaire | Colloque | L&rsquo;ombre et le mal | La puella | L&rsquo;arch\u00e9type du cinq | Deuil et mandala | Opicino | L&rsquo;inconscient collectif | Pas de th\u00e9rapie sans \u00e2me | Paroles de l&rsquo;Ombre | Agenda.<\/p>\n<p style=\"text-align: right;\"><a href=\"https:\/\/www.cgjung.net\/espace\/lettre-information\/\">Vous abonner ou vous d\u00e9sabonner<\/a><\/p>\n<p>Ch\u00e8re abonn\u00e9e, cher abonn\u00e9,<\/p>\n<p>S\u00e9minaire, colloque, articles, ouvrages et agenda : toutes nos actualit\u00e9s en un coup d&rsquo;\u0153il. Bonne lecture !<\/p>\n<p>&nbsp;<\/p>\n<h1>Actualit\u00e9<\/h1>\n<h2><a href=\"https:\/\/www.cgjung.net\/espace\/seminaires\/\"><img loading=\"lazy\" decoding=\"async\" class=\"alignright size-full wp-image-28496\" src=\"https:\/\/www.cgjung.net\/espace\/wp-content\/uploads\/2025\/02\/abbaye-belloc-urt-v.jpg\" alt=\"\" width=\"120\" height=\"78\" \/>S\u00e9minaire les R\u00eaves et le Soi<\/a><\/h2>\n<p>Nous avons le plaisir de vous annoncer la reprise de nos s\u00e9minaires au mois de juin prochain. Le premier, intitul\u00e9 <em>Les r\u00eaves et le Soi<\/em>, se tiendra en pr\u00e9sentiel les 3 et 4 juin 2025 \u00e0 l&rsquo;Abbaye de Belloc, au c\u0153ur du Pays Basque.<\/p>\n<p>Les inscriptions sont ouvertes d\u00e8s maintenant.<\/p>\n<p>&nbsp;<\/p>\n<h2><a href=\"https:\/\/www.cgjung.net\/espace\/accueil\/actualite\/2025-01-25_26-colloque\/\"><img loading=\"lazy\" decoding=\"async\" class=\"alignright size-full wp-image-25309\" src=\"https:\/\/www.cgjung.net\/espace\/wp-content\/uploads\/2024\/07\/colloque-2025.png\" alt=\"\" width=\"150\" height=\"94\" \/>Retour sur le colloque des 25 et 26 janvier 2025<\/a><\/h2>\n<p>Dans cette dynamique de transmission et d\u2019\u00e9changes, nous avons r\u00e9cemment assist\u00e9 et particip\u00e9 au colloque <em>L\u2019\u0153uvre de Jung, pr\u00e9sent et devenir,<\/em> dont nous avons appr\u00e9ci\u00e9 l&rsquo;organisation magistrale ainsi que la qualit\u00e9 des intervenants.<\/p>\n<p>Les enregistrements audio des sessions en salle principale sont disponibles. Les ateliers, quant \u00e0 eux, n&rsquo;ont pas \u00e9t\u00e9 enregistr\u00e9s.<\/p>\n<p>&nbsp;<\/p>\n<h2><a href=\"https:\/\/www.cgjung.net\/espace\/accueil\/jprobert\/ombre-mal-technologie\/\"><img loading=\"lazy\" decoding=\"async\" class=\"alignright size-full wp-image-28416\" src=\"https:\/\/www.cgjung.net\/espace\/wp-content\/uploads\/2025\/02\/ombre-mal.png\" alt=\"\" width=\"122\" height=\"122\" \/>L&rsquo;ombre et le mail &#8211; Un monde de <em>\u00ab puers&nbsp;\u00bb<\/em><\/a><\/h2>\n<p>L&rsquo;une des contributions \u00e0 ce colloque, <em>L\u2019ombre et le mal \u2013 Un monde de \u00ab puers&nbsp;\u00bb<\/em>, a permis \u00e0 Jean-Pierre Robert d&rsquo;explorer les aspects obscurs des technologies modernes, notamment l\u2019intelligence artificielle, \u00e0 travers le prisme de la psychologie jungienne.<\/p>\n<p>Les diapositives, le texte complet de la conf\u00e9rence, ainsi que l&rsquo;enregistrement audio sont disponibles sur cette page.<\/p>\n<p>&nbsp;<\/p>\n<h1>Articles<\/h1>\n<h2><a href=\"https:\/\/www.cgjung.net\/espace\/accueil\/susan-schwartz\/puella\/\"><img loading=\"lazy\" decoding=\"async\" class=\"alignright size-full wp-image-28007\" src=\"https:\/\/www.cgjung.net\/espace\/wp-content\/uploads\/2025\/01\/puella-1-v.jpg\" alt=\"\" width=\"150\" height=\"70\" \/>Explorer l&rsquo;arch\u00e9type de la puella : La fille en devenir<\/a><\/h2>\n<p>La puella repr\u00e9sente la f\u00e9minit\u00e9 jeune, sur le point de devenir et \u00e0 un carrefour. Elle est d\u00e9crite \u00e0 travers des images arch\u00e9typales, l&rsquo;\u00e9tymologie m\u00eame de ce mot, ainsi que par son lien avec la jeune fille de la mythologie. Elle incarne une figure essentielle dans le cycle de la vie. <span style=\"color: #808080;\">Susan Schwartz<\/span><\/p>\n<p>&nbsp;<\/p>\n<h2><a href=\"https:\/\/www.cgjung.net\/espace\/accueil\/claire-droin\/approche-archetype-cinq\/\"><img loading=\"lazy\" decoding=\"async\" class=\"alignright size-full wp-image-28403\" src=\"https:\/\/www.cgjung.net\/espace\/wp-content\/uploads\/2025\/02\/Femme-de-Vitruve-v.jpg\" alt=\"\" width=\"120\" height=\"120\" \/>Approche de l\u2019arch\u00e9type du cinq<\/a><\/h2>\n<p>Depuis des mill\u00e9naires, les nombres fascinent et intriguent, traversant les cultures, les mythes et les disciplines comme des symboles universels.<\/p>\n<p>Cet article explore les dimensions multiples du nombre cinq, qu\u2019elles soient math\u00e9matiques, symboliques ou spirituelles, pour r\u00e9v\u00e9ler son r\u00f4le central dans la qu\u00eate humaine de sens et de compl\u00e9tude. <span style=\"color: #999999;\">Claire Droin<\/span><\/p>\n<p>&nbsp;<\/p>\n<h2><a href=\"https:\/\/www.cgjung.net\/espace\/accueil\/lise-villemaire\/deuil-mandala\/\"><img loading=\"lazy\" decoding=\"async\" class=\"alignright size-full wp-image-28206\" src=\"https:\/\/www.cgjung.net\/espace\/wp-content\/uploads\/2025\/01\/vitrail-08-v.jpg\" alt=\"\" width=\"120\" height=\"93\" \/>Le contexte de deuil dans l\u2019\u00e9mergence du symbole du mandala<\/a><\/h2>\n<p>L&rsquo;auteure de cet article s\u2019appuie sur son exp\u00e9rience personnelle pour nous offrir un r\u00e9cit d\u00e9taill\u00e9 de son cheminement dans le processus d\u2019individuation marqu\u00e9 par des deuils successifs. Elle met en lumi\u00e8re le r\u00f4le majeur jou\u00e9 par le mandala, tel qu\u2019\u00e9tudi\u00e9 par C.G. Jung. <span style=\"color: #808080;\">Lise Villemaire<\/span><\/p>\n<p>&nbsp;<\/p>\n<h1>Entretien<\/h1>\n<h2><a href=\"https:\/\/www.cgjung.net\/espace\/accueil\/rachel-huber\/alizon-opicino\/\"><img loading=\"lazy\" decoding=\"async\" class=\"alignright size-full wp-image-28038\" src=\"https:\/\/www.cgjung.net\/espace\/wp-content\/uploads\/2025\/01\/opicino-v.jpg\" alt=\"\" width=\"90\" height=\"126\" \/>Discussion avec Jean-Fran\u00e7ois Alizon sur Opicino de Canistris<\/a><\/h2>\n<p>Rachel Huber nous propose, dans cet \u00e9change avec Jean-Fran\u00e7ois Alizon, d\u2019explorer le cas d\u2019Opicino. Ce personnage fut au c\u0153ur d\u2019un s\u00e9minaire m\u00e9connu de C.G. Jung \u00e0 Eranos.<\/p>\n<p>&nbsp;<\/p>\n<h1>Ouvrages<\/h1>\n<h2><a href=\"https:\/\/www.cgjung.net\/espace\/ressources\/inconscient-collectif\/\"><img loading=\"lazy\" decoding=\"async\" class=\"size-full wp-image-28439 alignright\" src=\"https:\/\/www.cgjung.net\/espace\/wp-content\/uploads\/2025\/02\/inconscient-collectif-v.jpg\" alt=\"\" width=\"90\" height=\"132\" \/>L\u2019inconscient collectif \u2013 Carl Gustav Jung<\/a><\/h2>\n<p>Ces textes, r\u00e9dig\u00e9s entre 1918 et 1951, r\u00e9v\u00e8lent un Jung aux multiples facettes. De l\u2019inconscient collectif aux d\u00e9fis contemporains (genre, \u00e9cologie, pouvoir, etc.), ils \u00e9clairent, avec une actualit\u00e9 saisissante, les ressorts de notre monde et de notre psych\u00e9. Un voyage au c\u0153ur d\u2019une pens\u00e9e plus vivante et essentielle que jamais.<\/p>\n<p>&nbsp;<\/p>\n<h2><a href=\"https:\/\/www.cgjung.net\/espace\/ressources\/pas-de-therapie-sans-ame\/\"><img loading=\"lazy\" decoding=\"async\" class=\"size-full wp-image-28464 alignright\" src=\"https:\/\/www.cgjung.net\/espace\/wp-content\/uploads\/2025\/02\/pas-de-therapie-sans-ame-v.jpg\" alt=\"\" width=\"90\" height=\"132\" \/>Pas de th\u00e9rapie sans \u00e2me \u2013 Pierre Willequet<\/a><\/h2>\n<p>Que devient l\u2019\u00e2me dans un monde qui l\u2019ignore ? Pierre Willequet nous entra\u00eene dans une r\u00e9flexion profonde sur l\u2019\u00e9coute, le lien entre psych\u00e9 et corps, et la qu\u00eate d\u2019une int\u00e9riorit\u00e9 souvent n\u00e9glig\u00e9e. \u00c0 travers une approche \u00e0 la fois philosophique et clinique, il nous rappelle que l\u2019\u00e2me, tapie dans les replis de l\u2019\u00eatre, attend d\u2019\u00eatre r\u00e9entendue.<\/p>\n<p>&nbsp;<\/p>\n<h2><a href=\"https:\/\/www.cgjung.net\/espace\/ressources\/paroles-ombre\/\"><img loading=\"lazy\" decoding=\"async\" class=\"size-full wp-image-28454 alignright\" src=\"https:\/\/www.cgjung.net\/espace\/wp-content\/uploads\/2025\/02\/paroles-ombre-v.jpg\" alt=\"\" width=\"90\" height=\"132\" \/>Paroles de l&rsquo;Ombre &#8211; Julie Gille<\/a><\/h2>\n<p>Julie Gille \u00e9claire les zones d\u2019ombre d\u2019un monde structur\u00e9 par la domination patriarcale, o\u00f9 les violences, les injonctions et les conditionnements fa\u00e7onnent nos existences.<\/p>\n<p>Son analyse \u00e9maill\u00e9e de r\u00e9f\u00e9rences contemporaines (podcasts, romans, films, s\u00e9ries\u2026) et illustr\u00e9e, parfois avec humour, s\u2019articule \u00e9galement autour de r\u00e9cits mythologiques, d\u2019histoires po\u00e9tiques et de t\u00e9moignages cliniques.<\/p>\n<p>&nbsp;<\/p>\n<h1>Agenda jungien<\/h1>\n<h2><a href=\"https:\/\/www.vonfranzjung.fr\/evenement-silences-tabous-et-conflits-par-florent-serina\" target=\"_blank\" rel=\"noopener\"><img loading=\"lazy\" decoding=\"async\" class=\"alignright size-full wp-image-23516\" src=\"https:\/\/www.cgjung.net\/espace\/wp-content\/uploads\/2024\/01\/cgjung-vonfranz.png\" alt=\"\" width=\"150\" height=\"40\" \/>Association Marie-Louise von Franz &amp; Carl Gustav Jung<\/a><\/h2>\n<p>14 f\u00e9vrier 2025 : Conf\u00e9rence : Silences, tabous et conflits. Par Florent Serina<\/p>\n<p class=\"font_8 wixui-rich-text__text\">&nbsp;<\/p>\n<h2><a href=\"https:\/\/groupe-jung.fr\/evenement\/ganaelle-flament-les-mandalas-sonores-outils-de-mediation-dans-les-therapies-jungiennes\/\" target=\"_blank\" rel=\"noopener\"><img loading=\"lazy\" decoding=\"async\" class=\"alignright size-full wp-image-23517\" src=\"https:\/\/www.cgjung.net\/espace\/wp-content\/uploads\/2024\/01\/groupe-jung.png\" alt=\"\" width=\"120\" height=\"68\" \/>Groupe d&rsquo;\u00e9tudes C.G. Jung<\/a><\/h2>\n<p>12 f\u00e9vrier 2025 : Les mandalas sonores, outils de m\u00e9diation dans les th\u00e9rapies jungiennes.&nbsp; Visio conf\u00e9rence de Ganaelle Flament.<\/p>\n<p>&nbsp;<\/p>\n<h2><a href=\"https:\/\/www.jungantenneromande.ch\/cours-publics\" target=\"_blank\" rel=\"noopener\"><img loading=\"lazy\" decoding=\"async\" class=\"size-full wp-image-26690 alignright\" src=\"https:\/\/www.cgjung.net\/espace\/wp-content\/uploads\/2024\/09\/cg-jung-institut-lausanne.png\" alt=\"\" width=\"150\" height=\"50\" \/>Institut CG Jung Lausanne<\/a><\/h2>\n<p class=\"font_3 wixui-rich-text__text\">8 mars 2025 : Jung et le cin\u00e9ma : Anatomie d&rsquo;une chute. Intervenantes: Lorraine Dupont et Anne Vuistiner.<\/p>\n<p>&nbsp;<\/p>\n<table style=\"border-collapse: collapse; width: 100%;\">\n<tbody>\n<tr>\n<td style=\"width: 100%; background-color: #ffbe00; padding: 20px; border-radius: 5px; text-align: center;\">\n<p><span style=\"color: #ffffff; font-size: 18pt;\"><strong>FAITES UN DON<\/strong><\/span><\/p>\n<p>Gr\u00e2ce \u00e0 votre soutien financier, le site Espace Francophone Jungien peut continuer \u00e0 promouvoir la compr\u00e9hension et la diffusion de la pens\u00e9e jungienne. M\u00eame une petite contribution peut faire une grande diff\u00e9rence. Chaque don compte, merci pour votre g\u00e9n\u00e9rosit\u00e9 !<\/p>\n<p><a style=\"display: inline-block; background-color: #1f625d; color: #ffffff; padding: 10px 20px; text-align: center; text-decoration: none; border-radius: 25px; font-size: 16px; font-weight: bold;\" href=\"https:\/\/www.helloasso.com\/associations\/espace-francophone-jungien\/formulaires\/1\" target=\"_blank\" rel=\"noopener\">Je fais un don<\/a><\/td>\n<\/tr>\n<\/tbody>\n<\/table>\n<p>&nbsp;<\/p>\n<p>Nous esp\u00e9rons que ces ressources, r\u00e9flexions et \u00e9v\u00e9nements vous accompagneront dans votre exploration de la pens\u00e9e jungienne. Que ces d\u00e9couvertes enrichissent votre regard et ouvrent de nouvelles perspectives sur votre propre cheminement.<\/p>\n<p style=\"text-align: right;\">L&rsquo;\u00e9quipe d&rsquo;Espace Francophone Jungien<\/p>\n<p><em><a id=\"abonnement\"><\/a>Nous vous encourageons \u00e0 partager cette lettre d\u2019information avec vos proches. Vous avez \u00e9galement la libert\u00e9 de vous d\u00e9sabonner et de vous r\u00e9abonner \u00e0 tout moment, selon votre convenance.<\/em><\/p>\n<p><a href=\"https:\/\/www.cgjung.net\/espace\/lettre-information\/\">Historique des lettres d&rsquo;information<\/a><\/p>\n<p><a href=\"https:\/\/eepurl.com\/dtGE4X\" target=\"_blank\" rel=\"noopener\">Acc\u00e8s au formulaire pour vous abonner<\/a><\/p>\n<p><a href=\"https:\/\/cgjung.us18.list-manage.com\/unsubscribe?u=d3a4a24a2d98c83ada4736a3f&amp;id=3d1120f532\" target=\"_blank\" rel=\"noopener\">Acc\u00e8s au formulaire pour vous d\u00e9sabonner<\/a><\/p>\n\n","protected":false},"excerpt":{"rendered":"<p>25Cette lettre comprend :&nbsp; S\u00e9minaire | Colloque | L&rsquo;ombre et le mal | La puella | L&rsquo;arch\u00e9type du cinq | Deuil et mandala | Opicino | L&rsquo;inconscient collectif | Pas de th\u00e9rapie sans \u00e2me | Paroles de l&rsquo;Ombre | Agenda. Vous abonner ou vous d\u00e9sabonner Ch\u00e8re abonn\u00e9e, cher abonn\u00e9, S\u00e9minaire, colloque, articles, ouvrages et agenda [&hellip;]<\/p>\n","protected":false},"author":17,"featured_media":0,"parent":23487,"menu_order":33,"comment_status":"closed","ping_status":"closed","template":"","meta":{"footnotes":""},"class_list":["post-28425","page","type-page","status-publish","hentry"],"_links":{"self":[{"href":"https:\/\/www.cgjung.net\/espace\/wp-json\/wp\/v2\/pages\/28425","targetHints":{"allow":["GET"]}}],"collection":[{"href":"https:\/\/www.cgjung.net\/espace\/wp-json\/wp\/v2\/pages"}],"about":[{"href":"https:\/\/www.cgjung.net\/espace\/wp-json\/wp\/v2\/types\/page"}],"author":[{"embeddable":true,"href":"https:\/\/www.cgjung.net\/espace\/wp-json\/wp\/v2\/users\/17"}],"replies":[{"embeddable":true,"href":"https:\/\/www.cgjung.net\/espace\/wp-json\/wp\/v2\/comments?post=28425"}],"version-history":[{"count":31,"href":"https:\/\/www.cgjung.net\/espace\/wp-json\/wp\/v2\/pages\/28425\/revisions"}],"predecessor-version":[{"id":30957,"href":"https:\/\/www.cgjung.net\/espace\/wp-json\/wp\/v2\/pages\/28425\/revisions\/30957"}],"up":[{"embeddable":true,"href":"https:\/\/www.cgjung.net\/espace\/wp-json\/wp\/v2\/pages\/23487"}],"wp:attachment":[{"href":"https:\/\/www.cgjung.net\/espace\/wp-json\/wp\/v2\/media?parent=28425"}],"curies":[{"name":"wp","href":"https:\/\/api.w.org\/{rel}","templated":true}]}}