{"id":28293,"date":"2025-01-29T05:15:59","date_gmt":"2025-01-29T04:15:59","guid":{"rendered":"https:\/\/www.cgjung.net\/espace\/?page_id=28293"},"modified":"2025-01-29T05:15:59","modified_gmt":"2025-01-29T04:15:59","slug":"cecile-gatille","status":"publish","type":"page","link":"https:\/\/www.cgjung.net\/espace\/accueil\/cecile-gatille\/","title":{"rendered":"C\u00e9cile Gatille"},"content":{"rendered":"<p><strong><a href=\"https:\/\/www.cgjung.net\/contact.htm\">Adresser un message \u00e0 C\u00e9cile Gatille<\/a><\/strong><\/p>\n<p>&nbsp;<\/p>\n<h2><img loading=\"lazy\" decoding=\"async\" class=\"alignright size-full wp-image-28290\" src=\"https:\/\/www.cgjung.net\/espace\/wp-content\/uploads\/2025\/01\/cecile-gatille.jpg\" alt=\"\" width=\"120\" height=\"163\" \/>C\u00e9cile Gatille<\/h2>\n<p>\u00c9ducatrice Sp\u00e9cialis\u00e9e depuis 1992, C\u00e9cile Gatille s\u2019est form\u00e9e \u00e0 l\u2019Alcoologie et l\u2019accompagnement des TCA \u00e0 l\u2019universit\u00e9 Victor Segalen de Bordeaux ainsi qu\u2019\u00e0 diff\u00e9rentes techniques de psychoth\u00e9rapies.<\/p>\n<p>Son int\u00e9r\u00eat pour les pathologies de l\u2019oralit\u00e9 a pris forme au cours de sa carri\u00e8re d\u2019\u00c9ducatrice Sp\u00e9cialis\u00e9e \u00e0 travers ses recherches autours des questions de la d\u00e9pendance.<\/p>\n<p>Son parcours l\u2019a conduite depuis de nombreuses ann\u00e9es \u00e0 adopter une approche Jungienne qui favorise l\u2019exp\u00e9rimentation de sa propre nature afin de d\u00e9velopper sa cr\u00e9ativit\u00e9 et une meilleure connaissance de soi, du Soi&#8230;<\/p>\n<p>Elle pratique actuellement <a href=\"https:\/\/www.soutien-et-accompagnement.fr\/\" target=\"_blank\" rel=\"noopener\">son activit\u00e9 en lib\u00e9ral \u00e0 Bordeaux<\/a>, anime des Groupes de Parole et des Ateliers tout en maintenant un engagement associatif.<\/p>\n<p>Elle fait partie de l&rsquo;\u00e9quipe \u00e9ditoriale et coanime <a href=\"https:\/\/www.cgjung.net\/espace\/seminaires\/\">des s\u00e9minaires de formation<\/a> avec d&rsquo;autres membres d\u2019Espace Francophone Jungien.<\/p>\n\n","protected":false},"excerpt":{"rendered":"","protected":false},"author":1,"featured_media":0,"parent":53,"menu_order":17,"comment_status":"closed","ping_status":"closed","template":"","meta":{"footnotes":""},"class_list":["post-28293","page","type-page","status-publish","hentry"],"_links":{"self":[{"href":"https:\/\/www.cgjung.net\/espace\/wp-json\/wp\/v2\/pages\/28293","targetHints":{"allow":["GET"]}}],"collection":[{"href":"https:\/\/www.cgjung.net\/espace\/wp-json\/wp\/v2\/pages"}],"about":[{"href":"https:\/\/www.cgjung.net\/espace\/wp-json\/wp\/v2\/types\/page"}],"author":[{"embeddable":true,"href":"https:\/\/www.cgjung.net\/espace\/wp-json\/wp\/v2\/users\/1"}],"replies":[{"embeddable":true,"href":"https:\/\/www.cgjung.net\/espace\/wp-json\/wp\/v2\/comments?post=28293"}],"version-history":[{"count":1,"href":"https:\/\/www.cgjung.net\/espace\/wp-json\/wp\/v2\/pages\/28293\/revisions"}],"predecessor-version":[{"id":28294,"href":"https:\/\/www.cgjung.net\/espace\/wp-json\/wp\/v2\/pages\/28293\/revisions\/28294"}],"up":[{"embeddable":true,"href":"https:\/\/www.cgjung.net\/espace\/wp-json\/wp\/v2\/pages\/53"}],"wp:attachment":[{"href":"https:\/\/www.cgjung.net\/espace\/wp-json\/wp\/v2\/media?parent=28293"}],"curies":[{"name":"wp","href":"https:\/\/api.w.org\/{rel}","templated":true}]}}