{"id":28057,"date":"2025-01-11T03:20:45","date_gmt":"2025-01-11T02:20:45","guid":{"rendered":"https:\/\/www.cgjung.net\/espace\/?page_id=28057"},"modified":"2025-01-17T10:10:53","modified_gmt":"2025-01-17T09:10:53","slug":"mandala-jung","status":"publish","type":"page","link":"https:\/\/www.cgjung.net\/espace\/accueil\/lise-villemaire\/mandala-jung\/","title":{"rendered":"Le mandala : l&rsquo;exp\u00e9rience personnelle de Jung"},"content":{"rendered":"<p><strong>Les mandalas se sont impos\u00e9s \u00e0 Carl Gustav Jung, et \u00e0 chaque p\u00e9riode de s\u00e9paration ou de deuil, ils ont jou\u00e9 un r\u00f4le cl\u00e9 dans son cheminement int\u00e9rieur.<\/strong><\/p>\n<p><img loading=\"lazy\" decoding=\"async\" class=\"size-full wp-image-28095 aligncenter\" src=\"https:\/\/www.cgjung.net\/espace\/wp-content\/uploads\/2025\/01\/black-books-7-124b.jpg\" alt=\"\" width=\"606\" height=\"400\" srcset=\"https:\/\/www.cgjung.net\/espace\/wp-content\/uploads\/2025\/01\/black-books-7-124b.jpg 606w, https:\/\/www.cgjung.net\/espace\/wp-content\/uploads\/2025\/01\/black-books-7-124b-300x198.jpg 300w\" sizes=\"auto, (max-width: 606px) 100vw, 606px\" \/><\/p>\n<p style=\"text-align: center;\">\u00a9 <a href=\"https:\/\/www.cgjung.net\/espace\/ressources\/cahiers-noirs\/\">Black Books<\/a> no 7 : 124B<\/p>\n<p>Jung a commenc\u00e9 ce qu&rsquo;il a appel\u00e9 sa \u00ab confrontation avec l&rsquo;inconscient\u00bb en 1913 et se serait termin\u00e9e 17 ans plus tard en 1930 (de l&rsquo;\u00e2ge de 38 ans \u00e0 55 ans). L&rsquo;ann\u00e9e 1913 est \u00e9galement l&rsquo;ann\u00e9e de sa rupture avec Freud. M\u00eame au temps o\u00f9 Jung \u00e9tait tr\u00e8s \u00e2g\u00e9, dans une entrevue, il a avou\u00e9 qu&rsquo;il avait beaucoup aim\u00e9 Freud. Je sentais dans sa voix et dans son non verbal qu&rsquo;il continuait de toujours l&rsquo;aimer, malgr\u00e9 tout le n\u00e9gatif qui s&rsquo;\u00e9tait pass\u00e9 entre lui et Freud. C&rsquo;\u00e9tait donc pour lui une relation fort significative.<\/p>\n<p>J&rsquo;estime que cette s\u00e9paration a eu le m\u00eame effet qu&rsquo;un deuil. Diff\u00e9rents auteurs ont mis beaucoup l&rsquo;accent sur cette rupture pour expliquer le grand d\u00e9sarroi dans lequel Jung avait \u00e9t\u00e9 jet\u00e9. Mais je crois qu&rsquo;il y avait aussi d&rsquo;autres causes ou conditions qui y ont particip\u00e9es, telle sa relation extra conjugale avec Toni Wolff (1888-1953) qui a \u00e9t\u00e9 d&rsquo;abord sa patiente d\u00e8s 1910 et qui a perdur\u00e9 \u00e0 un niveau professionnel et personnellement plus intime encore pendant environ 35 ans.<\/p>\n<p>Son autre relation juste avant celle de Toni Wolf, avec Sabina Spielrein, aussi d&rsquo;abord sa patiente avant de devenir analyste, bien qu&rsquo;elle se soit termin\u00e9e de mani\u00e8re plus brutale, avait laiss\u00e9 encore je crois quelques \u00e9corchures.<\/p>\n<p>Dans cette p\u00e9riode de grand tumulte int\u00e9rieur et de d\u00e9pression, malgr\u00e9 qu&rsquo;il a \u00e9t\u00e9 aid\u00e9 et support\u00e9 grandement par Toni Wolff, Jung s&rsquo;est mis \u00e0 \u00e9crire ce qu&rsquo;il lui venait de son int\u00e9rieur. Ce qui a constitu\u00e9 ce que l&rsquo;on appelle les cahiers noirs. Jusqu&rsquo;en 1916, il a d\u00e9couvert que dans ce processus, transposer ses \u00e9motions en images \u00e9tait aidant. Il appel\u00e9 ce processus la m\u00e9thode de l&rsquo;imagination active. Il a plus tard repris ces \u00e9crits, les a augment\u00e9s avec d&rsquo;autres r\u00e9flexions et a dessin\u00e9 et peint plusieurs mandalas qui ont constitu\u00e9 le Livre rouge.<\/p>\n<p>Dans sa biographie, Jung dit qu&rsquo;il a commenc\u00e9 \u00e0 faire de petits dessins en forme de cercle dans un carnet \u00e0 chaque matin, alors <a href=\"https:\/\/www.cgjung.net\/espace\/accueil\/pascal-chauvie\/jung-grande-guerre\/\">qu&rsquo;il \u00e9tait en service militaire au Ch\u00e2teau-d&rsquo;Oex, en 1917,<\/a> donc, quatre ans apr\u00e8s le d\u00e9but de sa \u00a0\u00bbdescente aux enfers\u00a0\u00bb. Jung a observ\u00e9 que la diff\u00e9rence dans ces dessins, jour apr\u00e8s jour, en fait lui montrait les changements, les transformations de son for int\u00e9rieur.<\/p>\n<p>Ext\u00e9rieurement, Jung ne paraissait pas si d\u00e9s\u00e9quilibr\u00e9, vaquant \u00e0 ses fonctions professionnelles comme il se devait et faisait para\u00eetre une vie familiale normale, malgr\u00e9 la pr\u00e9sence de Toni Wolf. M\u00eame sa coll\u00e8gue tr\u00e8s proche, Marie-Louis von Franz disait qu&rsquo;il avait commenc\u00e9 \u00e0 faire ses petits dessins parce qu&rsquo;il s&rsquo;y ennuyait \u00e0 mort, n&rsquo;ayant aucun soldat bless\u00e9 \u00e0 soigner. Quoique petit \u00e0 petit, graduellement, lentement, le processus inconscient d&rsquo;individuation faisait son chemin, bien que Jung ne comprenait pas le sens profond de ses dessins, ni de ses peintures en forme de mandala.<\/p>\n<h2><strong>La construction de la tour \u00e0 Bollingen<\/strong><\/h2>\n<p>Avant que ses peintures en forme de mandala soient significatives pour Jung, il a construit une tour en forme ronde \u00e0 Bollingen seulement deux mois apr\u00e8s le d\u00e9c\u00e8s inattendu de sa m\u00e8re en 1923, alors qu&rsquo;il \u00e9tait \u00e2g\u00e9 de 48 ans.<\/p>\n<p><img loading=\"lazy\" decoding=\"async\" class=\"size-full aligncenter\" src=\"https:\/\/www.cgjung.net\/publications\/images\/tour-de-bollingen-cg-jung-0.jpg\" width=\"267\" height=\"188\" \/><\/p>\n<p style=\"text-align: center;\"><a href=\"https:\/\/www.cgjung.net\/publications\/jung-elan-createur.htm\">Jung et l&rsquo;\u00e9lan cr\u00e9ateur<\/a><\/p>\n<p>Dans son autobiographie il mentionne les effets (ou les fonctions et buts de l&rsquo;arch\u00e9type du Soi que j&rsquo;ai expos\u00e9s plus haut) de cette tour sur lui:<\/p>\n<blockquote>\n<p>&lsquo;<em>&lsquo;Le sentiment de repos et de renouvellement, li\u00e9 pour moi d\u00e8s le d\u00e9but \u00e0 la tour fut tr\u00e8s puissant. C&rsquo;\u00e9tait pour moi comme une demeure maternelle.\u00a0\u00bb&nbsp;<br \/>\n<\/em>C.G. Jung, <a href=\"https:\/\/www.cgjung.net\/oeuvre\/ma_vie.htm\">Ma vie<\/a>, p. 261 (concerne \u00e9galement les citations suivantes).<\/p>\n<\/blockquote>\n<p>Puis, aux quatre ans, (\u00e0 chaque quaternit\u00e9 dans le temps&#8230;) Jung a fait des ajouts \u00e0 cette premi\u00e8re structure. En 1927 vint s&rsquo;ajouter la construction centrale avec un annexe en forme de tour. Puis, apr\u00e8s quatre autres ann\u00e9es en 1931 :<\/p>\n<blockquote>\n<p>\u00a0\u00bb<em>J&rsquo;\u00e9prouvais \u00e0 nouveau un sentiment d&rsquo;incompl\u00e9tude (\u2026) l&rsquo;appendice en forme de tour fut reconstruit et devint une v\u00e9ritable tour. Dans cette deuxi\u00e8me tour une pi\u00e8ce me serait exclusivement r\u00e9serv\u00e9e. Dans cet espace ferm\u00e9, je vis pour moi-m\u00eame. J&rsquo;en ai toujours la cl\u00e9 sur moi, personne n&rsquo;y doit entrer, sauf \u00e0 ma permission. Au cours des ann\u00e9es, j&rsquo;en ai peint les murs (\u2026) c&rsquo;est un lieu de concentration spirituelle.\u00a0\u00bb<\/em><\/p>\n<p><em>\u00a0\u00bb En 1935 (\u2026) il me fallait un espace plus vaste, ouvert au ciel et \u00e0 la nature. Pour cette raison, quatre ann\u00e9es s&rsquo;\u00e9taient \u00e9coul\u00e9es- j&rsquo;ajoutai une cour et une loggia du c\u00f4t\u00e9 du lac. Elle constituent la quatri\u00e8me partie de l&rsquo;ensemble, s\u00e9par\u00e9e des trois parties du complexe principal. Ainsi naquit une quaternit\u00e9, quatre parties de construction diff\u00e9rente et cela au cours de douze ann\u00e9es.\u00a0\u00bb<\/em><\/p>\n<\/blockquote>\n<p>Jung avait alors 60 ans. Son premier grand combat avec son inconscient s&rsquo;\u00e9tait clos depuis quelques ann\u00e9es, au niveau professionnel, il avait acquis une r\u00e9putation internationale et au niveau personnel, il avait d\u00e9velopp\u00e9 un solide maturit\u00e9 et \u00e9quilibre que conf\u00e8re cet \u00e2ge. En effet, on peut dire qu&rsquo;un cercle s&rsquo;\u00e9tait boucl\u00e9. Cet \u00e9tat a dur\u00e9 environ dix ans jusqu&rsquo;au jour o\u00f9 il fut victime d&rsquo;un infarctus et jet\u00e9 presqu&rsquo;au bord de la mort.<\/p>\n<p>Vingt ans apr\u00e8s cette quaternit\u00e9 compl\u00e9t\u00e9e, selon ses termes, \u00e0 l&rsquo;\u00e2ge de 80 ans, il fit une cinqui\u00e8me transformation \u00e0 sa tour, en 1955, \u00e0 la suite du d\u00e9c\u00e8s de sa femme :<\/p>\n<blockquote>\n<p>\u00a0\u00bb<em>J&rsquo;\u00e9levai la partie centrale du b\u00e2timent entre les deux tours en lui ajoutant un \u00e9tage. Ainsi, un an apr\u00e8s la mort de ma femme, l&rsquo;ensemble \u00e9tait termin\u00e9.<\/em><\/p>\n<\/blockquote>\n<p>Dans sa biographie, Jung lui-m\u00eame nous affirme que toute la construction de sa tour, parall\u00e8lement au d\u00e9veloppement de son Soi est li\u00e9 aux deux deuils significatifs qu&rsquo;il a v\u00e9cus, celui de sa m\u00e8re et celui de sa femme qu&rsquo;on peut penser avoir jou\u00e9 le r\u00f4le de la repr\u00e9sentation de l&rsquo;anima pour lui. Ainsi la tour compl\u00e9t\u00e9e :<\/p>\n<blockquote>\n<p>\u00a0\u00bb<em>cela signifie l&rsquo;\u00e9largissement de ma conscience, achev\u00e9e \u00e0 un grand \u00e2ge (\u2026) j&rsquo;avais commenc\u00e9 la construction de la premi\u00e8re tour en 1923, deux mois apr\u00e8s le d\u00e9c\u00e8s de ma m\u00e8re. Ces deux<\/em> <em>dates <\/em>(celle de 1955, d\u00e9c\u00e8s de sa femme) <em>sont significatives parce que la tour est en lien avec la mort.\u00a0\u00bb<\/em><\/p>\n<\/blockquote>\n<p><img loading=\"lazy\" decoding=\"async\" class=\"size-full aligncenter\" src=\"https:\/\/www.cgjung.net\/tour\/images\/latour.jpg\" width=\"600\" height=\"400\" \/><\/p>\n<p>La construction d&rsquo;une telle tour avec des formes rondes et carr\u00e9es en pierre est un symbole fort, large et solide comme l&rsquo;est son mat\u00e9riau de base. On peut en voir facilement le parall\u00e8le avec l&rsquo;\u00e9volution psychique qui s&rsquo;est op\u00e9r\u00e9e en Jung pendant toute la derni\u00e8re moiti\u00e9 de sa vie. Et m\u00eame dans cette tour, il a eu besoin de s&rsquo;y am\u00e9nager une petite pi\u00e8ce qui tel un mandala protecteur de son int\u00e9rieur le plus intime, son tr\u00e9sor \u00e0 qui il ne donnait acc\u00e8s qu&rsquo;\u00e0 de tr\u00e8s rares personnes et dont il a peint un mur avec un superbe mandala dont le centre repr\u00e9sente une \u00e9toile blanche tr\u00e8s lumineuse.<\/p>\n<p>Cette peinture a \u00e9t\u00e9 ex\u00e9cut\u00e9e durant l&rsquo;ann\u00e9e 1931 (Jung \u00e9tait alors \u00e2g\u00e9 de 56 ans), \u00e0 la troisi\u00e8me transformation de la tour, soit sept ans apr\u00e8s le d\u00e9c\u00e8s de sa m\u00e8re.<\/p>\n<h2><strong>La peinture d&rsquo;un mandala tir\u00e9 du r\u00eave au magnolia<\/strong><\/h2>\n<p>En marge de ces longues ann\u00e9es durant lesquelles la construction de la tour avait d\u00e9but\u00e9 depuis quatre ans, Jung a fait un r\u00eave en 1927 dans lequel lui \u00e9tait apparu un magnifique magnolia illumin\u00e9. Ce r\u00eave a \u00e9t\u00e9 pour lui d&rsquo;une telle importance qu&rsquo;il a \u00e9t\u00e9 pouss\u00e9 \u00e0 en peindre un mandala qu&rsquo;il a intitul\u00e9 : <em>Fen\u00eatre sur l&rsquo;\u00e9ternit\u00e9.<\/em><\/p>\n<p>Toutefois, il est \u00e0 noter que cette peinture venait d&rsquo;un croquis plus \u00e9l\u00e9mentaire que Jung avait dessin\u00e9 et qui provient <a href=\"https:\/\/www.cgjung.net\/espace\/ressources\/cahiers-noirs\/\">des Cahiers noirs<\/a>. S&rsquo;y ajoute une telle signification qu&rsquo;il a d\u00e9di\u00e9 cette peinture en hommage \u00e0 son ami Hermann Sigg qui venait de d\u00e9c\u00e9der subitement le 9 janvier 1927 au jeune \u00e2ge de 52 ans.<\/p>\n<p>\u00c9trange constat \u00e0 faire, la m\u00e8re de Jung est d\u00e9c\u00e9d\u00e9e \u00e0 la m\u00eame date, le 9 janvier 1923. Sigg \u00e9tait un homme d&rsquo;affaires suisse qui faisait dans le march\u00e9 d&rsquo;huile d&rsquo;olive qu&rsquo;il exportait dans d&rsquo;autres pays. Il avait invit\u00e9 Jung \u00e0 l&rsquo;accompagner dans l&rsquo;un de ses voyages d&rsquo;affaires en Afrique du Nord, en 1920. C&rsquo;\u00e9tait pour Jung, son premier voyage au continent africain.<\/p>\n<p>Je r\u00e9sume ici ce r\u00eave. Il se trouve dans la ville de Liverpool en Angleterre avec d&rsquo;autres personnes suisses. D\u00e9ambulant les rues le soir, il fait noir, il pleut, il y a du brouillard. Le c\u0153ur de la cit\u00e9 est situ\u00e9 sur un plateau plus haut vers lequel ces personnes montent. Jung dit que cela lui faisait penser \u00e0 des ruelles \u00e0 B\u00e2le qu&rsquo;on appelait \u00a0\u00bball\u00e9e de la Mort\u00a0\u00bb. Arriv\u00e9s sur le plateau, ils se retrouvent dans un quartier \u00e9clair\u00e9 faiblement par des lampes. Tandis que se trouve au milieu de ce quartier, un \u00e9tang tout illumin\u00e9 au centre duquel il y a un seul arbre, un magnolia avec ses magnifiques fleurs rouge\u00e2tres. Il \u00e9tait illumin\u00e9 par la lumi\u00e8re en m\u00eame temps qu&rsquo;il en \u00e9tait la source m\u00eame. Lui seul voyait cet arbre brillant, ses compagnons, non.<\/p>\n<p>Jung dit que cette vision de Beaut\u00e9 parmi la noire atmosph\u00e8re lui a donn\u00e9 le courage de continuer \u00e0 vivre :<\/p>\n<blockquote>\n<p>&lsquo; <em>Liverpool, c&rsquo;est l&rsquo;\u00e9tang de la vie, se r\u00e9f\u00e9rant \u00e0 une vielle conception que le foie (liver en anglais) est le si\u00e8ge de la vie.\u00a0\u00bb<\/em><\/p>\n<\/blockquote>\n<p>Jung commentera plus tard que le centre de sa peinture inspir\u00e9 de son r\u00eave et qui illustre l&rsquo;arbre au magnolia a chang\u00e9 de couleur: de rouge\u00e2tre, il est devenu rose et a pris la forme plut\u00f4t d&rsquo;un lotus.<\/p>\n<p>Un an plus tard, en 1928, il peign\u00eet un autre mandala significatif pour lui, nomm\u00e9 le ch\u00e2teau jaune, parce qu&rsquo;il trouvait qu&rsquo;il avait des traits chinois, m\u00eame si rien objectivement dans les d\u00e9tails de la peinture ne pouvait laisser s&rsquo;associer ce qualificatif. C&rsquo;\u00e9tait un mandala pr\u00e9monitoire: peu longtemps apr\u00e8s, il re\u00e7ut le livre intitul\u00e9 Le Myst\u00e8re de la Fleur d&rsquo;Or, un trait\u00e9 alchimique chinois mill\u00e9naire, contenant des techniques de yoga, de la part de son ami Richard Wilhelm, missionnaire protestant qui vivait depuis vingt ans en Chine, c\u00e9l\u00e8bre pour sa traduction du Yi-King, lui demandant d&rsquo;en faire un commentaire psychologique, en vue d&rsquo;une publication commune.<\/p>\n<p>Jung dit que ce livre l&rsquo;a sorti de sa solitude. Il gardait ses id\u00e9es sur le sujet depuis des ann\u00e9es, n&rsquo;ayant pas trouv\u00e9 des fondements assez solides pour les publier :<\/p>\n<blockquote>\n<p>\u00a0\u00bb<em>Je d\u00e9vorai aussit\u00f4t le manuscrit, car ce texte m&rsquo;apportait une confirmation insoup\u00e7onn\u00e9e en ce qui concerne le mandala et la d\u00e9ambulation autour du centre.\u00a0\u00bb<\/em><\/p>\n<\/blockquote>\n<p>Peu de temps apr\u00e8s cette publication commune, Richard Wilhelm est d\u00e9c\u00e9d\u00e9 en 1930 au m\u00eame \u00e2ge environ que l&rsquo;autre ami de Jung, Hermann Sigg. Jung qui avait alors 55 ans avait perdu deux de ses meilleurs amis en l&rsquo;espace des trois pr\u00e9c\u00e9dentes ann\u00e9es.<\/p>\n<p style=\"text-align: center;\"><a class=\"buttonv navigation\" href=\"https:\/\/www.cgjung.net\/espace\/accueil\/lise-villemaire\/mandala-symbole-archetypique-soi\/\">Page pr\u00e9c\u00e9dente<\/a>&nbsp; <a class=\"buttonv navigation\" href=\"https:\/\/www.cgjung.net\/espace\/accueil\/lise-villemaire\/le-mandala-lexperience-personnelle-de-lise-villemaire\/\">Page suivante<\/a><\/p>\n<p>Cette page fait partie de l&rsquo;article : <a href=\"https:\/\/www.cgjung.net\/espace\/accueil\/lise-villemaire\/deuil-mandala\/\">Le contexte de deuil dans l&rsquo;\u00e9mergence du symbole du mandala.<\/a><\/p>\n<h2><img loading=\"lazy\" decoding=\"async\" class=\"alignright size-full wp-image-28190\" src=\"https:\/\/www.cgjung.net\/espace\/wp-content\/uploads\/2025\/01\/lise-villemaire.jpg\" alt=\"\" width=\"120\" height=\"191\" \/>Lise Villemaire, M.Ps.<\/h2>\n<p>Lise Villemaire, psychologue et psychoth\u00e9rapeute retrait\u00e9e, r\u00e9side \u00e0 Montr\u00e9al, province du Qu\u00e9bec au Canada. Dans un premier temps elle a travaill\u00e9 comme infirmi\u00e8re. En qualit\u00e9 de psychologue elle a plus de 25 ans d&rsquo;exp\u00e9rience de pratique et d&rsquo;enseignement au niveau universitaire.<\/p>\n<p>Elle a \u00e9tudi\u00e9 les diff\u00e9rentes religions et obtenu un certificat en Th\u00e9ologie Orthodoxe. Conf\u00e9renci\u00e8re, elle s&rsquo;int\u00e9resse particuli\u00e8rement au d\u00e9veloppement spirituel chez l&rsquo;adulte et \u00e0 l&rsquo;Art. Elle s&rsquo;adonne au dessin et \u00e0 la peinture de vitraux.<\/p>\n<p align=\"LEFT\"><strong>Articles<\/strong><\/p>\n<ul>\n<li><a href=\"https:\/\/www.cgjung.net\/espace\/accueil\/lise-villemaire\/deuil-mandala\/\">Le contexte de deuil dans l\u2019\u00e9mergence du symbole du mandala<\/a>\n<ul>\n<li><a href=\"https:\/\/www.cgjung.net\/espace\/accueil\/lise-villemaire\/chemin-recherche\/\">Lise Villemaire : les chemins qui m\u2019ont men\u00e9e \u00e0 cette recherche<\/a><\/li>\n<li><a href=\"https:\/\/www.cgjung.net\/espace\/accueil\/lise-villemaire\/mandala-symbole-archetypique-soi\/\">Le mandala comme symbole arch\u00e9typique du Soi<\/a><\/li>\n<li><a href=\"https:\/\/www.cgjung.net\/espace\/accueil\/lise-villemaire\/mandala-jung\/\">Le mandala : l\u2019exp\u00e9rience personnelle de Jung<\/a><\/li>\n<li><a href=\"https:\/\/www.cgjung.net\/espace\/accueil\/lise-villemaire\/le-mandala-lexperience-personnelle-de-lise-villemaire\/\">Le mandala : l\u2019exp\u00e9rience personnelle de Lise Villemaire<\/a><\/li>\n<\/ul>\n<\/li>\n<li><a href=\"https:\/\/www.cgjung.net\/publications\/lise_villemaire\/index.htm\">La primaut\u00e9 de l\u2019exp\u00e9rience en philosophie et en th\u00e9ologie<\/a><\/li>\n<li><a href=\"https:\/\/www.cgjung.net\/espace\/accueil\/lise-villemaire\/imagination-active-symbole-etoile\/\">Imagination active et le symbole-image de l&rsquo;\u00e9toile<\/a><\/li>\n<li><a href=\"https:\/\/www.cgjung.net\/espace\/accueil\/lise-villemaire\/fees-croient-aux-hommes\/\">Est-ce que les f\u00e9es croient encore aux hommes ?<\/a><\/li>\n<li><a href=\"https:\/\/www.cgjung.net\/espace\/accueil\/lise-villemaire\/lily-couronne-noel\/\">Lily et la couronne de No\u00ebl : conte pour enfants divins !<\/a><\/li>\n<\/ul>\n\n","protected":false},"excerpt":{"rendered":"<p>Les mandalas se sont impos\u00e9s \u00e0 Carl Gustav Jung, et \u00e0 chaque p\u00e9riode de s\u00e9paration ou de deuil, ils ont jou\u00e9 un r\u00f4le cl\u00e9 dans son cheminement int\u00e9rieur. \u00a9 Black Books no 7 : 124B Jung a commenc\u00e9 ce qu&rsquo;il a appel\u00e9 sa \u00ab confrontation avec l&rsquo;inconscient\u00bb en 1913 et se serait termin\u00e9e 17 ans [&hellip;]<\/p>\n","protected":false},"author":19,"featured_media":0,"parent":18208,"menu_order":17,"comment_status":"closed","ping_status":"closed","template":"","meta":{"footnotes":""},"class_list":["post-28057","page","type-page","status-publish","hentry"],"_links":{"self":[{"href":"https:\/\/www.cgjung.net\/espace\/wp-json\/wp\/v2\/pages\/28057","targetHints":{"allow":["GET"]}}],"collection":[{"href":"https:\/\/www.cgjung.net\/espace\/wp-json\/wp\/v2\/pages"}],"about":[{"href":"https:\/\/www.cgjung.net\/espace\/wp-json\/wp\/v2\/types\/page"}],"author":[{"embeddable":true,"href":"https:\/\/www.cgjung.net\/espace\/wp-json\/wp\/v2\/users\/19"}],"replies":[{"embeddable":true,"href":"https:\/\/www.cgjung.net\/espace\/wp-json\/wp\/v2\/comments?post=28057"}],"version-history":[{"count":15,"href":"https:\/\/www.cgjung.net\/espace\/wp-json\/wp\/v2\/pages\/28057\/revisions"}],"predecessor-version":[{"id":28195,"href":"https:\/\/www.cgjung.net\/espace\/wp-json\/wp\/v2\/pages\/28057\/revisions\/28195"}],"up":[{"embeddable":true,"href":"https:\/\/www.cgjung.net\/espace\/wp-json\/wp\/v2\/pages\/18208"}],"wp:attachment":[{"href":"https:\/\/www.cgjung.net\/espace\/wp-json\/wp\/v2\/media?parent=28057"}],"curies":[{"name":"wp","href":"https:\/\/api.w.org\/{rel}","templated":true}]}}