{"id":27833,"date":"2025-01-04T12:27:09","date_gmt":"2025-01-04T11:27:09","guid":{"rendered":"https:\/\/www.cgjung.net\/espace\/?page_id=27833"},"modified":"2025-01-08T15:07:17","modified_gmt":"2025-01-08T14:07:17","slug":"archetype-puella","status":"publish","type":"page","link":"https:\/\/www.cgjung.net\/espace\/ressources\/archetype-puella\/","title":{"rendered":"Une exploration jungienne de l&rsquo;arch\u00e9type de la puella. La fille en devenir &#8211; Susan Schwartz"},"content":{"rendered":"<p data-pm-slice=\"0 0 []\"><strong>Ce nouvel ouvrage explore la puella en tant que figure arch\u00e9typale, symbolique et de personnalit\u00e9, en s\u2019appuyant sur les fondements classiques de la psychologie analytique jungienne. Il met l\u2019accent sur les conflits modernes r\u00e9sonnant \u00e0 la fois au niveau personnel et culturel, afin de lever les obstacles qui entravent l\u2019acc\u00e8s \u00e0 une expression plus compl\u00e8te de soi. <\/strong>[Ce livre n\u2019est pas traduit en fran\u00e7ais.]\n<p data-pm-slice=\"0 0 []\">La puella est pleine de jeunesse, charmante et s\u00e9duisante, et d\u00e9ploie une sagesse f\u00e9minine cr\u00e9ative et originale. La fluidit\u00e9 postmoderne offre d&rsquo;autres r\u00e9alit\u00e9s, r\u00e9inventant et rejouant la v\u00e9rit\u00e9 pour soi-m\u00eame. Si elle est d\u00e9nigr\u00e9e, la psych\u00e9 se trouve emp\u00each\u00e9e de se d\u00e9velopper, jusqu\u2019\u00e0 ce que la question soit abord\u00e9e.<\/p>\n<p><img loading=\"lazy\" decoding=\"async\" class=\"size-full wp-image-27811 aligncenter\" src=\"https:\/\/www.cgjung.net\/espace\/wp-content\/uploads\/2024\/12\/puella-2.jpg\" alt=\"\" width=\"280\" height=\"419\" srcset=\"https:\/\/www.cgjung.net\/espace\/wp-content\/uploads\/2024\/12\/puella-2.jpg 280w, https:\/\/www.cgjung.net\/espace\/wp-content\/uploads\/2024\/12\/puella-2-200x300.jpg 200w\" sizes=\"auto, (max-width: 280px) 100vw, 280px\" \/><\/p>\n<p style=\"text-align: right;\"><a href=\"https:\/\/www.cgjung.net\/espace\/jps\/books-resources\/puella-archetype\/\">Version anglaise de cette pr\u00e9sentation<\/a><\/p>\n<p>En lien avec la pr\u00e9sentation de cet ouvrage lire <a href=\"https:\/\/www.cgjung.net\/espace\/accueil\/susan-schwartz\/puella\/\">l&rsquo;article de Susan Schwartz<\/a> centr\u00e9 sur cet ouvrage.<\/p>\n<p data-pm-slice=\"0 0 []\">L&rsquo;auteure adopte une approche interdisciplinaire et utilise des vignettes cliniques tir\u00e9es des r\u00e9cits de personnes r\u00e9elles issues de divers horizons, refl\u00e9tant la pens\u00e9e et le traitement jungien, ainsi que d&rsquo;autres perspectives psychanalytiques pour le d\u00e9ploiement de la puella.<\/p>\n<p data-pm-slice=\"0 0 []\">Examinant la puella comme une figure cl\u00e9 du d\u00e9veloppement psychologique dans un monde diversifi\u00e9, cet ouvrage s\u00e9duira les analystes jungiens, ainsi que les professionnels de la sant\u00e9 mentale issus de divers courants, int\u00e9ress\u00e9s par la pens\u00e9e analytique et philosophique jungienne.<\/p>\n<h2 data-pm-slice=\"0 0 []\">\u00c0 propos du livre<\/h2>\n<p data-pm-slice=\"0 0 []\">\u00c0 quoi ressemble la part de la puella dans la personnalit\u00e9 et la f\u00e9minit\u00e9 ? Que se passe-t-il lorsque l\u2019on dissocie la f\u00e9minit\u00e9 des corps f\u00e9minins ? Nous sommes attir\u00e9s par la puella avec imagination et espoir, fascin\u00e9s et curieux de ses \u00e9l\u00e9ments insaisissables. Bien que le caract\u00e8re de la puella puisse se former de diverses mani\u00e8res au sein de la psych\u00e9, cette perspective se concentre sur l\u2019effet marqu\u00e9 du p\u00e8re absent et de l\u2019absorption dans la m\u00e8re, \u00e9motionnellement absente, sans une connexion suffisante \u00e0 son \u00eatre.<\/p>\n<p data-pm-slice=\"0 0 []\">La puella est d\u00e9crite \u00e0 travers des images arch\u00e9typales et l&rsquo;\u00e9tymologie du mot lui-m\u00eame. Elle repr\u00e9sente la f\u00e9minit\u00e9 jeune, sur le point de devenir et \u00e0 un carrefour. Elle existe entre sa nature individuelle, son \u00e9nergie, sa jeunesse et ce qui est novateur, tout en pouvant \u00eatre ramen\u00e9e aux voies traditionnelles. La puella incarne la cr\u00e9ativit\u00e9, l&rsquo;originalit\u00e9, le d\u00e9sir et la diff\u00e9rence. Pourtant, souvent fragile dans sa position, elle peut se laisser d\u00e9tourner de son chemin. Que ce soit chez les femmes ou les hommes, h\u00e9t\u00e9rosexuels, lesbiennes, gays ou non binaires, la puella demeure un concept et un aspect de la personnalit\u00e9 \u00e0 comprendre et \u00e0 rendre conscient en chacun de nous.<\/p>\n<p data-pm-slice=\"0 0 []\">Les notions de femme, d&rsquo;homme et du f\u00e9minin \u00e9voluent de mani\u00e8re radicale, et d&rsquo;autres changements sont \u00e0 pr\u00e9voir. Cela pr\u00e9sente des d\u00e9fis, non pas pour pathologiser, mais pour transformer la psych\u00e9. La perspective jungienne propose des pistes pour comprendre ce que cela signifie dans notre \u00e9poque actuelle.<\/p>\n<p data-pm-slice=\"0 0 []\">La r\u00e9flexion sur le f\u00e9minin a \u00e9volu\u00e9 avec les attitudes culturelles et la prise de conscience des diverses formes d\u2019identifications conscientes et inconscientes. Ces variations \u00e9largissent notre compr\u00e9hension tout en cr\u00e9ant des malentendus. Les st\u00e9r\u00e9otypes de genre indiquent la n\u00e9cessit\u00e9 de repenser les pr\u00e9suppos\u00e9s de genre influenc\u00e9s par des codes h\u00e9g\u00e9moniques traditionnels qui fa\u00e7onnent de nombreuses adaptations actuelles. Les tensions fondamentales li\u00e9es \u00e0 la navigation entre les genres repr\u00e9sentent des changements radicaux et largement r\u00e9pandus dans l\u2019environnement socioculturel.<\/p>\n<p data-pm-slice=\"0 0 []\">Nous souhaitons comprendre la puella tout au long du cycle de la vie. Plus nous prenons conscience des enjeux persistants, plus elle devient pr\u00e9cise, avec des r\u00e9percussions personnelles et collectives.<\/p>\n<p data-pm-slice=\"0 0 []\">Devenir consciente de la puella veut dire qu&rsquo;elle cesse d&rsquo;\u00eatre un objet et se d\u00e9ploie pour devenir cr\u00e9ative et puissante, confiante en d\u00e9couvrant son pouvoir d&rsquo;agir, se connectant \u00e0 soi-m\u00eame et aux autres.<\/p>\n<h2>Table des mati\u00e8res<\/h2>\n<p data-pm-slice=\"0 0 []\">&nbsp; 1. Introduction<br \/>\n&nbsp; 2. La fille\/femme arch\u00e9typale<br \/>\n&nbsp; 3. L&rsquo;ombre de la puella<br \/>\n&nbsp; 4. O\u00f9 est la m\u00e8re ?<br \/>\n&nbsp; 5. Les os du p\u00e8re<br \/>\n&nbsp; 6. La chaise vide<br \/>\n&nbsp; 7. La diachronie des r\u00eaves<br \/>\n&nbsp; 8. La beaut\u00e9 \u2013 \u00e0 l\u2019int\u00e9rieur du masque<br \/>\n&nbsp; 9. La performativit\u00e9<br \/>\n10. Le conte de Barbe Bleue<br \/>\n11. Le dilemme du puer<br \/>\n12. Irr\u00e9el pour soi-m\u00eame<br \/>\n13. Dans le vide \u2013 perte du symbolique<br \/>\n14. Un \u00e9tat d\u2019esprit fasciste \u2013 le complexe<br \/>\n15. Notes finales \u2013 trouver la joie<\/p>\n<blockquote>\n<p style=\"text-align: left;\"><em> Editeur: Routledge \u2013 2024 \u2013 170 pages \u2013 ISBN 9781032582887 \u2013 234 x 156 x 9.9 mm<\/p>\n<p><\/em><\/p>\n<\/blockquote>\n<h2><img loading=\"lazy\" decoding=\"async\" class=\"alignright size-full wp-image-27812\" src=\"https:\/\/www.cgjung.net\/espace\/wp-content\/uploads\/2024\/12\/susan-schwartz.jpg\" alt=\"\" width=\"140\" height=\"160\" \/>Susan E. Schwartz, PhD<\/h2>\n<p data-pm-slice=\"0 0 []\">Susan E. Schwartz, PhD, a \u00e9t\u00e9 form\u00e9e \u00e0 Zurich, en Suisse, en tant qu&rsquo;analyste jungienne. Elle participe \u00e0 de nombreux podcasts et intervient fr\u00e9quemment lors de conf\u00e9rences et de programmes p\u00e9dagogiques sur l\u2019analyse jungienne aux \u00c9tats-Unis et \u00e0 l\u2019international.<\/p>\n<p data-pm-slice=\"0 0 []\">Susan E. Schwartz a publi\u00e9 de nombreux articles dans des revues et des chapitres d\u2019ouvrages sur la psychologie analytique jungienne. Ses livres, exclusivement \u00e9dit\u00e9s chez Routledge, sont les suivants :<\/p>\n<ul>\n<li data-pm-slice=\"0 0 []\"><em>The Absent Father Effect on Daughters: Father Desire, Father Wounds<\/em> (2020<em>)<\/em>, traduit en plusieurs langues<\/li>\n<li data-pm-slice=\"0 0 []\"><em>Imposter Syndrome and the \u2018As-If\u2019 Personality: The Fragility of Self <\/em>(2023<em>)<\/em><\/li>\n<li data-pm-slice=\"0 0 []\"><em>A Jungian Exploration of the Puella Archetype; <\/em><em>Girl Unfolding [<a href=\"https:\/\/www.cgjung.net\/espace\/ressources\/archetype-puella\/\">Une exploration jungienne de l&rsquo;arch\u00e9type de la puella. La fille en devenir<\/a>]<\/em>&nbsp;(2024)<\/li>\n<li data-pm-slice=\"0 0 []\"><em>An Analytical Exploration of Love and Narcissism; The Tragedy of Isolation and Intimacy<\/em> (2025)<\/li>\n<\/ul>\n<p data-pm-slice=\"0 0 []\">Son site web est&nbsp;<a href=\"http:\/\/www.susanschwartzphd.com\" target=\"_blank\" rel=\"noopener\">www.susanschwartzphd.com<\/a>.<\/p>\n<p><strong>Sur ce site<\/strong><\/p>\n<ul>\n<li><a href=\"https:\/\/www.cgjung.net\/espace\/accueil\/susan-schwartz\/puella\/\">Explorer l&rsquo;arch\u00e9type de la puella : La fille en devenir<\/a> \u2014 un article par Susan Schwartz<\/li>\n<li><a href=\"https:\/\/www.cgjung.net\/espace\/accueil\/peggy-vermeesch\/entretien-susan-schwartz\/\">Amour non partag\u00e9, blessure paternelle et fragilit\u00e9 du Soi<\/a> \u2014 un entretien avec Susan Schwartz, men\u00e9 par Peggy Vermeesch (\u00e9galement disponible en <a href=\"https:\/\/www.cgjung.net\/espace\/ressources\/medias\/#susan-1\" rel=\"noopener\">vid\u00e9o<\/a> : version originale anglaise, sous-titr\u00e9 en fran\u00e7ais)<\/li>\n<\/ul>\n\n","protected":false},"excerpt":{"rendered":"<p>Ce nouvel ouvrage explore la puella en tant que figure arch\u00e9typale, symbolique et de personnalit\u00e9, en s\u2019appuyant sur les fondements classiques de la psychologie analytique jungienne. Il met l\u2019accent sur les conflits modernes r\u00e9sonnant \u00e0 la fois au niveau personnel et culturel, afin de lever les obstacles qui entravent l\u2019acc\u00e8s \u00e0 une expression plus compl\u00e8te [&hellip;]<\/p>\n","protected":false},"author":9,"featured_media":0,"parent":9713,"menu_order":7,"comment_status":"closed","ping_status":"closed","template":"","meta":{"footnotes":""},"class_list":["post-27833","page","type-page","status-publish","hentry"],"_links":{"self":[{"href":"https:\/\/www.cgjung.net\/espace\/wp-json\/wp\/v2\/pages\/27833","targetHints":{"allow":["GET"]}}],"collection":[{"href":"https:\/\/www.cgjung.net\/espace\/wp-json\/wp\/v2\/pages"}],"about":[{"href":"https:\/\/www.cgjung.net\/espace\/wp-json\/wp\/v2\/types\/page"}],"author":[{"embeddable":true,"href":"https:\/\/www.cgjung.net\/espace\/wp-json\/wp\/v2\/users\/9"}],"replies":[{"embeddable":true,"href":"https:\/\/www.cgjung.net\/espace\/wp-json\/wp\/v2\/comments?post=27833"}],"version-history":[{"count":26,"href":"https:\/\/www.cgjung.net\/espace\/wp-json\/wp\/v2\/pages\/27833\/revisions"}],"predecessor-version":[{"id":28036,"href":"https:\/\/www.cgjung.net\/espace\/wp-json\/wp\/v2\/pages\/27833\/revisions\/28036"}],"up":[{"embeddable":true,"href":"https:\/\/www.cgjung.net\/espace\/wp-json\/wp\/v2\/pages\/9713"}],"wp:attachment":[{"href":"https:\/\/www.cgjung.net\/espace\/wp-json\/wp\/v2\/media?parent=27833"}],"curies":[{"name":"wp","href":"https:\/\/api.w.org\/{rel}","templated":true}]}}