{"id":27414,"date":"2024-12-05T08:19:21","date_gmt":"2024-12-05T07:19:21","guid":{"rendered":"https:\/\/www.cgjung.net\/espace\/?page_id=27414"},"modified":"2024-12-05T08:19:21","modified_gmt":"2024-12-05T07:19:21","slug":"psyche-traumatisme","status":"publish","type":"page","link":"https:\/\/www.cgjung.net\/espace\/ressources\/psyche-traumatisme\/","title":{"rendered":"La psych\u00e9 face au traumatisme"},"content":{"rendered":"<p><strong>L&rsquo;analyste jungien Donald Kalsched montre comment la psych\u00e9 r\u00e9agit aux \u00e9v\u00e9nements accablants de la vie lorsque le r\u00e9el devient insupportable. Il d\u00e9crit les images int\u00e9rieures et les structures d\u00e9fensives fantasmatiques comme miraculeuses et salvatrices. Un livre incontournable pour quiconque accompagne ou doit faire face aux traumatismes.<\/strong><\/p>\n<p><img loading=\"lazy\" decoding=\"async\" class=\"size-full wp-image-27416 aligncenter\" src=\"https:\/\/www.cgjung.net\/espace\/wp-content\/uploads\/2024\/12\/la-psyche-face-au-traumatisme.png\" alt=\"\" width=\"280\" height=\"461\" srcset=\"https:\/\/www.cgjung.net\/espace\/wp-content\/uploads\/2024\/12\/la-psyche-face-au-traumatisme.png 280w, https:\/\/www.cgjung.net\/espace\/wp-content\/uploads\/2024\/12\/la-psyche-face-au-traumatisme-182x300.png 182w\" sizes=\"auto, (max-width: 280px) 100vw, 280px\" \/><\/p>\n<p style=\"text-align: center;\"><a href=\"https:\/\/editions-martinpecheur.fr\/produit\/la-psyche-face-au-traumatisme\/\" target=\"_blank\" rel=\"noopener\">\u00c9ditions Le Martin-P\u00eacheur Domaine jungien<\/a><\/p>\n<h2>Pr\u00e9sentation par l&rsquo;\u00e9diteur&nbsp;<\/h2>\n<p>Donald Kalsched offre ici l\u2019une des contributions psychanalytiques les plus importantes pour la compr\u00e9hension et le traitement des patients victimes de violences physiques et sexuelles dans l\u2019enfance. Devenu un classique de la litt\u00e9rature jungienne, <em>The Inner World of Trauma<\/em> est enfin disponible en fran\u00e7ais (2024).<\/p>\n<p>Clinicien remarquable, l\u2019auteur d\u00e9veloppe avec beaucoup de sensibilit\u00e9 le travail qu\u2019il a men\u00e9 aupr\u00e8s de patients victimes de traumatisme. \u00c0 travers de nombreux exemples issus de sa pratique, il aborde la question de la dissociation, ainsi que les probl\u00e8mes d\u2019addiction et les troubles psychosomatiques. Il d\u00e9crit les moments-clefs de ces th\u00e9rapies, explore les r\u00eaves et fantasmes de ses patients, apportant aux th\u00e9rapeutes de nombreuses indications quant au traitement possible.<\/p>\n<p>Donald Kalsched s\u2019appuie \u00e9galement sur les mythes et les contes de f\u00e9es pour corroborer ses observations cliniques. L\u2019ensemble est compl\u00e9t\u00e9 par un d\u00e9veloppement th\u00e9orique, dans lequel il r\u00e9\u00e9value les id\u00e9es de Jung et de ses successeurs sur le traumatisme et les confronte \u00e0 celles d\u2019autres auteurs, tels que Freud, Winnicott, Ferenczi, Bion ou encore Melanie Klein.<\/p>\n<p>Dans ce livre majeur, Donald Kalsched montre comment, dans un retournement paradoxal de la vie psychique, le syst\u00e8me de d\u00e9fense qui a tent\u00e9 de prot\u00e9ger la psych\u00e9 de la victime du traumatisme, peut devenir autodestructeur et entraver le travail th\u00e9rapeutique. C\u2019est l\u00e0 un apport consid\u00e9rable pour l\u2019accompagnement des victimes de traumatisme.<\/p>\n<h2>Sommaire<\/h2>\n<p>Remerciements et introduction.<\/p>\n<p><strong>Partie 1<\/strong><\/p>\n<p style=\"padding-left: 40px;\">Chapitre 1 &#8211; Le monde int\u00e9rieur de la psych\u00e9 traumatis\u00e9e&nbsp;dans sa forme&nbsp; diabolique.<\/p>\n<p style=\"padding-left: 40px;\">Chapitre 2 &#8211; Autres illustrations cliniques du syst\u00e8me autoprotecteur.<\/p>\n<p style=\"padding-left: 40px;\">Chapitre 3 &#8211; Dialogue entre Freud et Jung sur le monde int\u00e9rieur de la psych\u00e9 traumatis\u00e9e.<\/p>\n<p style=\"padding-left: 40px;\">Chapitre 4 &#8211; Les contributions de Jung \u00e0 une th\u00e9orie du syst\u00e8me autoprotecteur.<\/p>\n<p style=\"padding-left: 40px;\">Chapitre 5 &#8211; Autres contributions jungiennes.<\/p>\n<p style=\"padding-left: 40px;\">Chapitre 6 &#8211; Th\u00e9orie psychanalytique du syst\u00e8me autoprotecteur.<\/p>\n<p><strong>Partie 2<\/strong><\/p>\n<p style=\"padding-left: 40px;\">Introduction &#8211; Les contes de f\u00e9es et les deux \u00e9tapes de l&rsquo;incarnation du Soi.<\/p>\n<p style=\"padding-left: 40px;\">Chapitre 7 &#8211; Raiponce et le syst\u00e8me autoprotecteur.<\/p>\n<p style=\"padding-left: 40px;\">Chapitre 8 &#8211; Psych\u00e9 et son amant-<em>daim\u00f4n<\/em>.<\/p>\n<p style=\"padding-left: 40px;\">Chapitre 9 &#8211; L&rsquo;Oiseau de Fitcher et la face sombre du Soi.<\/p>\n<p style=\"padding-left: 40px;\">Chapitre 10 &#8211; Le Prince Lindworm et la transformation du da\u00efmonique par le sacrifice et le choix.<\/p>\n<p>Bibliographie.<\/p>\n<h2>R\u00e9f\u00e9rence de l\u2019ouvrage<\/h2>\n<p><a href=\"https:\/\/editions-martinpecheur.fr\/produit\/la-psyche-face-au-traumatisme\/\" target=\"_blank\" rel=\"noopener\">\u00c9ditions Le Martin-P\u00eacheur Domaine jungien<\/a> &#8211; Parution juin 2024 &#8211; ISBN 9791096164066 &#8211; 13,6 x 22 x 2,9 cm &#8211; 412 pages.<\/p>\n<p>Texte \u00e9tabli sous la direction de&nbsp;Fabienne Neuquelman-Denis.&nbsp;Pour la traduction :&nbsp;Brigitte Allain Dupr\u00e9, Laurence Lacour et Fabienne Neuquelman-Denis \u00e0 partir d&rsquo;une premi\u00e8re version de Christian Raguet.<\/p>\n<h2><img loading=\"lazy\" decoding=\"async\" class=\"alignright size-full wp-image-27418\" src=\"https:\/\/www.cgjung.net\/espace\/wp-content\/uploads\/2024\/12\/donald-kalsched.jpg\" alt=\"\" width=\"120\" height=\"164\" \/>Donald Kalsched<\/h2>\n<p>Donald Kalsched est un analyste jungien am\u00e9ricain, membre de l\u2019Association Internationale de Psychologie Analytique (IAAP). En exercice depuis 1973, il est superviseur et didacticien de l\u2019Institut C. G. Jung de New York, ainsi que de diff\u00e9rentes autres soci\u00e9t\u00e9s.<\/p>\n<p>Il est l\u2019auteur d&rsquo;ouvrages, ainsi que de tr\u00e8s nombreux articles. Il exerce \u00e9galement des activit\u00e9s \u00e9ditoriales pour le <em>Journal of Analytical Psychology.<\/em><\/p>\n","protected":false},"excerpt":{"rendered":"<p>L&rsquo;analyste jungien Donald Kalsched montre comment la psych\u00e9 r\u00e9agit aux \u00e9v\u00e9nements accablants de la vie lorsque le r\u00e9el devient insupportable. Il d\u00e9crit les images int\u00e9rieures et les structures d\u00e9fensives fantasmatiques comme miraculeuses et salvatrices. Un livre incontournable pour quiconque accompagne ou doit faire face aux traumatismes. \u00c9ditions Le Martin-P\u00eacheur Domaine jungien Pr\u00e9sentation par l&rsquo;\u00e9diteur&nbsp; Donald [&hellip;]<\/p>\n","protected":false},"author":1,"featured_media":0,"parent":9713,"menu_order":8,"comment_status":"closed","ping_status":"closed","template":"","meta":{"footnotes":""},"class_list":["post-27414","page","type-page","status-publish","hentry"],"_links":{"self":[{"href":"https:\/\/www.cgjung.net\/espace\/wp-json\/wp\/v2\/pages\/27414","targetHints":{"allow":["GET"]}}],"collection":[{"href":"https:\/\/www.cgjung.net\/espace\/wp-json\/wp\/v2\/pages"}],"about":[{"href":"https:\/\/www.cgjung.net\/espace\/wp-json\/wp\/v2\/types\/page"}],"author":[{"embeddable":true,"href":"https:\/\/www.cgjung.net\/espace\/wp-json\/wp\/v2\/users\/1"}],"replies":[{"embeddable":true,"href":"https:\/\/www.cgjung.net\/espace\/wp-json\/wp\/v2\/comments?post=27414"}],"version-history":[{"count":1,"href":"https:\/\/www.cgjung.net\/espace\/wp-json\/wp\/v2\/pages\/27414\/revisions"}],"predecessor-version":[{"id":27428,"href":"https:\/\/www.cgjung.net\/espace\/wp-json\/wp\/v2\/pages\/27414\/revisions\/27428"}],"up":[{"embeddable":true,"href":"https:\/\/www.cgjung.net\/espace\/wp-json\/wp\/v2\/pages\/9713"}],"wp:attachment":[{"href":"https:\/\/www.cgjung.net\/espace\/wp-json\/wp\/v2\/media?parent=27414"}],"curies":[{"name":"wp","href":"https:\/\/api.w.org\/{rel}","templated":true}]}}