{"id":27254,"date":"2024-12-19T15:28:12","date_gmt":"2024-12-19T14:28:12","guid":{"rendered":"https:\/\/www.cgjung.net\/espace\/?page_id=27254"},"modified":"2025-09-01T07:10:45","modified_gmt":"2025-09-01T05:10:45","slug":"lettre-dinformation-decembre-2024","status":"publish","type":"page","link":"https:\/\/www.cgjung.net\/espace\/lettre-information\/lettre-dinformation-decembre-2024\/","title":{"rendered":"Lettre d&rsquo;information D\u00e9cembre 2024"},"content":{"rendered":"<p><strong>20C<\/strong><strong>ette lettre comprend :<\/strong> No\u00ebl, l\u2019ombre et le f\u00e9minin | Entretien avec Luigi Zoja | Le cinabre : alchimie et hom\u00e9opathie | Le d\u00e9clin du d\u00e9sir | La psych\u00e9 face au traumatisme | \u00c0 la crois\u00e9e de la psychiatrie et de la psychanalyse | Jung en France | Histoire du site EFJ cgjung.net | Agenda.<\/p>\n<p style=\"text-align: right;\"><a href=\"https:\/\/www.cgjung.net\/espace\/lettre-information\/\">Vous abonner ou vous d\u00e9sabonner<\/a><\/p>\n<p>Ch\u00e8re abonn\u00e9e, cher abonn\u00e9,<\/p>\n<p>Cette p\u00e9riode o\u00f9 la lumi\u00e8re rena\u00eet avec le solstice d\u2019hiver, nous rappelle qu&rsquo;il y a 150 ans, en d\u00e9cembre 1874, Emilie Preiswerk portait en elle celui qui deviendrait une figure majeure de la psychologie : Carl Gustav Jung. Dans cette lettre d&rsquo;information nous vous proposons des r\u00e9flexions qui \u00e9clairent le chemin vers le Soi en commen\u00e7ant par l&rsquo;article de Rachel Huber sur le th\u00e8me de No\u00ebl.<\/p>\n<p>&nbsp;<\/p>\n<h1>Articles et entretiens<\/h1>\n<h2><a href=\"https:\/\/www.cgjung.net\/espace\/accueil\/rachel-huber\/noel-le-soi\/\"><img loading=\"lazy\" decoding=\"async\" class=\"alignright size-full wp-image-27622\" src=\"https:\/\/www.cgjung.net\/espace\/wp-content\/uploads\/2024\/12\/Onthemorningthomas-a-v.jpg\" alt=\"\" width=\"120\" height=\"78\" \/>No\u00ebl, l\u2019ombre et le f\u00e9minin r\u00e9conciliateur :<br \/>\nfils conducteurs vers le Soi<\/a><\/h2>\n<p>Alors que, sur le pas de la porte, je souhaite en fin de s\u00e9ance aux consultants une belle pr\u00e9sence \u00e0 eux-m\u00eames en cette p\u00e9riode de No\u00ebl, j\u2019entends souvent cette r\u00e9ponse : \u00ab Bah ! Ces f\u00eates, ce n\u2019est que du commerce tout \u00e7a ! \u00bb<span style=\"color: #999999;\"> Rachel Huber<\/span><\/p>\n<p>&nbsp;<\/p>\n<h2><a href=\"https:\/\/www.cgjung.net\/espace\/accueil\/claire-droin\/entretien-luigi-zoja\/\"><img loading=\"lazy\" decoding=\"async\" class=\"alignright size-full wp-image-27419\" src=\"https:\/\/www.cgjung.net\/espace\/wp-content\/uploads\/2024\/12\/Illustration-entretien-Luigi-Zoja-1-v.jpg\" alt=\"\" width=\"120\" height=\"96\" \/>Entretien avec Luigi Zoja<\/a><\/h2>\n<p>Claire Droin s\u2019entretient avec Luigi Zoja, \u00e0 propos du d\u00e9clin de la sexualit\u00e9. Il explore les complexit\u00e9s et les paradoxes auxquels sont confront\u00e9es les g\u00e9n\u00e9rations actuelles.<\/p>\n<p>&nbsp;<\/p>\n<h2><a href=\"https:\/\/www.cgjung.net\/espace\/bernard-long-homeopathie\/alchimie-homeopathie\/\"><img loading=\"lazy\" decoding=\"async\" class=\"alignright size-full wp-image-26896\" src=\"https:\/\/www.cgjung.net\/espace\/wp-content\/uploads\/2024\/10\/grotte-araignee-v.png\" alt=\"\" width=\"120\" height=\"97\" \/>Le cinabre : alchimie et hom\u00e9opathie<\/a><\/h2>\n<p>Le docteur Bernard Long explore comment le type Cinnabaris est le point de convergence d\u2019un univers inconscient, mena\u00e7ant et conflictuel.&nbsp;\u00c0 travers l\u2019araign\u00e9e et d\u2019autres symboles, il r\u00e9v\u00e8le la profondeur d\u2019un monde chtonien.<\/p>\n<p>&nbsp;<\/p>\n<h1>Ouvrages et revues<\/h1>\n<h2><a href=\"https:\/\/www.cgjung.net\/espace\/ressources\/declin-desir\/\"><img loading=\"lazy\" decoding=\"async\" class=\"alignright size-full wp-image-27126\" src=\"https:\/\/www.cgjung.net\/espace\/wp-content\/uploads\/2024\/11\/le-declin-du-desir-v.jpg\" alt=\"\" width=\"90\" height=\"146\" \/>Le d\u00e9clin du d\u00e9sir. Pourquoi le monde renonce au sexe<\/a><\/h2>\n<p>Au-del\u00e0 des apparences d\u2019une \u00e9poque obs\u00e9d\u00e9e par l\u2019\u00e9rotisme, un ph\u00e9nom\u00e8ne inattendu \u00e9merge : la baisse du d\u00e9sir.<\/p>\n<p>Luigi Zoja nous invite \u00e0 une r\u00e9flexion sur ce paradoxe et les causes possibles de cette fuite silencieuse en observant certains effets de la soci\u00e9t\u00e9 moderne sur l\u2019intimit\u00e9 humaine.<\/p>\n<p>&nbsp;<\/p>\n<h2><a href=\"https:\/\/www.cgjung.net\/espace\/ressources\/psyche-traumatisme\/\"><img loading=\"lazy\" decoding=\"async\" class=\"alignright size-full wp-image-27417\" src=\"https:\/\/www.cgjung.net\/espace\/wp-content\/uploads\/2024\/12\/la-psyche-face-au-traumatisme-v.png\" alt=\"\" width=\"90\" height=\"148\" \/>La psych\u00e9 face au traumatisme<\/a><\/h2>\n<p>L\u2019analyste jungien Donald Kalsched montre comment la psych\u00e9 r\u00e9agit aux \u00e9v\u00e9nements accablants de la vie lorsque le r\u00e9el devient insupportable. Il d\u00e9crit les images int\u00e9rieures et les structures d\u00e9fensives fantasmatiques comme miraculeuses et salvatrices.<\/p>\n<p>Un livre incontournable pour quiconque accompagne ou doit faire face aux traumatismes.<\/p>\n<p>&nbsp;<\/p>\n<h2><a href=\"https:\/\/www.cgjung.net\/espace\/ressources\/psychiatrie-psychanalyse\/\"><img loading=\"lazy\" decoding=\"async\" class=\"alignright size-full wp-image-27006\" src=\"https:\/\/www.cgjung.net\/espace\/wp-content\/uploads\/2024\/10\/psychiatrie-psychanalyse-v.png\" alt=\"\" width=\"90\" height=\"121\" \/>L&rsquo;approche jungienne \u00e0 la crois\u00e9e de la psychiatrie et de la psychanalyse<\/a><\/h2>\n<p>Carl Gustav Jung a d\u00e9but\u00e9 sa carri\u00e8re en tant que psychiatre \u00e0 la clinique du Burgh\u00f6lzli, \u00e0 Zurich.<\/p>\n<p>Les intervenants de cette journ\u00e9e d&rsquo;\u00e9tude jungienne abordent la pertinence de l&rsquo;approche analytique de Jung \u00e0 une \u00e9poque o\u00f9 la psychiatrie contemporaine se concentre essentiellement sur les sympt\u00f4mes, la pharmacologie et les neurosciences.<\/p>\n<p>&nbsp;<\/p>\n<h2><a href=\"https:\/\/www.cgjung.net\/espace\/ressources\/cahiers-jungiens-de-psychanalyse-no-160-2024\/\"><img loading=\"lazy\" decoding=\"async\" class=\"alignright size-full wp-image-27298\" src=\"https:\/\/www.cgjung.net\/espace\/wp-content\/uploads\/2024\/11\/cahiers-jungiens-de-psychanalyse-no-160-v.jpg\" alt=\"\" width=\"90\" height=\"129\" \/><\/a><a href=\"https:\/\/www.cgjung.net\/espace\/ressources\/cahiers-jungiens-de-psychanalyse-no-160-2024\/\">Jung en France<\/a><\/h2>\n<p>Cinquante ans apr\u00e8s la cr\u00e9ation des Cahiers Jungiens de Psychanalyse, la pens\u00e9e de Jung s\u2019est enracin\u00e9e et continue de rayonner au sein d\u2019une \u00ab galaxie \u00bb vivante d\u2019associations, de publications et de pratiques.&nbsp;<\/p>\n<p>Ce num\u00e9ro anniversaire (no 160) t\u00e9moigne de l\u2019histoire et de la passion de ceux qui ont port\u00e9 la psychologie analytique en France.<\/p>\n<p><img class=\"alignnone size-full wp-image-27006\" alt=\"\" \/><\/p>\n<h1>Entretiens<\/h1>\n<h2><a href=\"https:\/\/surlestracesdejung.fr\/audios\/lespace-francophone-jungien-avec-jean-pierre-robert-son-createur\/\" target=\"_blank\" rel=\"noopener\"><img loading=\"lazy\" decoding=\"async\" class=\"size-full wp-image-26921 alignright\" src=\"https:\/\/www.cgjung.net\/espace\/wp-content\/uploads\/2024\/10\/sur-les-traces-de-jung.png\" alt=\"\" width=\"114\" height=\"95\" \/>Sur les traces de Jung avec Jean-Pierre Robert<\/a><\/h2>\n<p>Catherine Gras, dans <a href=\"https:\/\/surlestracesdejung.fr\/audios\/lespace-francophone-jungien-avec-jean-pierre-robert-son-createur\/\" target=\"_blank\" rel=\"noopener\">son \u00e9mission \u00ab\u00a0Sur les traces de Jung\u00a0\u00bb<\/a> a interrog\u00e9 Jean-Pierre Robert, cr\u00e9ateur du pr\u00e9sent site internet cgjung.net. Il retrace cet itin\u00e9raire et les conditions dans lesquelles ce site a vu le jour.<\/p>\n<p>&nbsp;<\/p>\n<h1>Agenda jungien<\/h1>\n<h2><a href=\"https:\/\/cgjungfrance.com\/events\/colloque-interassociatif-2025-loeuvre-de-jung-presence-et-devenir\/\" target=\"_blank\" rel=\"noopener\"><img loading=\"lazy\" decoding=\"async\" class=\"size-full wp-image-25309 alignright\" src=\"https:\/\/www.cgjung.net\/espace\/wp-content\/uploads\/2024\/07\/colloque-2025.png\" alt=\"\" width=\"150\" height=\"94\" \/>Colloque 150\u00e8me anniversaire de la naissance de Jung<\/a><\/h2>\n<p>Ce colloque aura lieu \u00e0 Paris les samedi 25 et dimanche 26 janvier 2025. Il est organis\u00e9 par Fr\u00e9quence protestante, Sur les traces de Jung, la Soci\u00e9t\u00e9 fran\u00e7aise de psychologie analytique, les Cahiers jungiens de psychanalyse, le Groupe C. G. Jung et l\u2019association Marie-Louise von Franz &amp; Carl-Gustav Jung. Les inscriptions sont closes, une liste d&rsquo;attente est ouverte.<\/p>\n<p>&nbsp;<\/p>\n<h2><img loading=\"lazy\" decoding=\"async\" class=\"size-full wp-image-26690 alignright\" src=\"https:\/\/www.cgjung.net\/espace\/wp-content\/uploads\/2024\/09\/cg-jung-institut-lausanne.png\" alt=\"\" width=\"150\" height=\"50\" \/><a href=\"https:\/\/www.jungantenneromande.ch\/cours-publics\" target=\"_blank\" rel=\"noopener\">Institut CG Jung Lausanne<\/a><\/h2>\n<p>Cours publics, programme actualis\u00e9 2024-2025.<\/p>\n<p>&nbsp;<\/p>\n<h2><img loading=\"lazy\" decoding=\"async\" class=\"alignright size-full wp-image-26691\" src=\"https:\/\/www.cgjung.net\/espace\/wp-content\/uploads\/2024\/09\/rencontres-provence.png\" alt=\"\" width=\"150\" height=\"79\" \/><a href=\"https:\/\/abonnementlenoir.wixsite.com\/rencontres-en-prov-1\" target=\"_blank\" rel=\"noopener\">Le Sacr\u00e9 en soi<\/a><\/h2>\n<p>Deuxi\u00e8me \u00e9dition des Rencontres de Provence \u00e0 Marseille les 10 et 11 janvier 2025.<\/p>\n<p>&nbsp;<\/p>\n<table style=\"border-collapse: collapse; width: 100%;\">\n<tbody>\n<tr>\n<td style=\"width: 100%; background-color: #ffbe00; padding: 20px; border-radius: 5px; text-align: center;\">\n<p><span style=\"color: #ffffff; font-size: 18pt;\"><strong>FAITES UN DON<\/strong><\/span><\/p>\n<p>Gr\u00e2ce \u00e0 votre soutien financier, le site Espace Francophone Jungien peut continuer \u00e0 promouvoir la compr\u00e9hension et la diffusion de la pens\u00e9e jungienne. M\u00eame une petite contribution peut faire une grande diff\u00e9rence. Chaque don compte, merci pour votre g\u00e9n\u00e9rosit\u00e9 !<\/p>\n<p><a style=\"display: inline-block; background-color: #1f625d; color: #ffffff; padding: 10px 20px; text-align: center; text-decoration: none; border-radius: 25px; font-size: 16px; font-weight: bold;\" href=\"https:\/\/www.helloasso.com\/associations\/espace-francophone-jungien\/formulaires\/1\" target=\"_blank\" rel=\"noopener\">Je fais un don<\/a><\/td>\n<\/tr>\n<\/tbody>\n<\/table>\n<p>&nbsp;<\/p>\n<h1><a href=\"https:\/\/www.cgjung.net\/publications\/e\/cg-jung-laisser-advenir.htm\"><img loading=\"lazy\" decoding=\"async\" class=\"size-full alignright\" src=\"https:\/\/www.cgjung.net\/publications\/images\/laisser-advenir-p.jpg\" width=\"120\" height=\"93\" \/><\/a>Laisser advenir &#8230;<\/h1>\n<p>Jung rappelait souvent \u00e0 ses interlocuteurs qu\u2019au moment opportun, les choses naissent d\u2019elles-m\u00eames, si elles sont destin\u00e9es \u00e0 advenir. Aniela Jaff\u00e9 <a href=\"https:\/\/www.cgjung.net\/publications\/e\/cg-jung-laisser-advenir.htm\" target=\"_blank\" rel=\"noopener\">dresse un portrait de C.G. Jung<\/a> qui met en lumi\u00e8re cette sagesse du \u00ab\u00a0laisser advenir\u00a0\u00bb et qui invite \u00e0 accueillir le d\u00e9roulement naturel des \u00e9v\u00e9nements.<\/p>\n<p>Nous vous souhaitons de joyeuses f\u00eates de fin d&rsquo;ann\u00e9e.<\/p>\n<p style=\"text-align: right;\">L&rsquo;\u00e9quipe d&rsquo;Espace Francophone Jungien<\/p>\n<p><em><a id=\"abonnement\"><\/a>Nous vous encourageons \u00e0 partager cette lettre d\u2019information avec vos proches. Vous avez \u00e9galement la libert\u00e9 de vous d\u00e9sabonner et de vous r\u00e9abonner \u00e0 tout moment, selon votre convenance.<\/em><\/p>\n<p><a href=\"https:\/\/www.cgjung.net\/espace\/lettre-information\/\">Historique des lettres d&rsquo;information<\/a><\/p>\n<p><a href=\"https:\/\/eepurl.com\/dtGE4X\" target=\"_blank\" rel=\"noopener\">Acc\u00e8s au formulaire pour vous abonner<\/a><\/p>\n<p><a href=\"https:\/\/cgjung.us18.list-manage.com\/unsubscribe?u=d3a4a24a2d98c83ada4736a3f&amp;id=3d1120f532\" target=\"_blank\" rel=\"noopener\">Acc\u00e8s au formulaire pour vous d\u00e9sabonner<\/a><\/p>\n\n","protected":false},"excerpt":{"rendered":"<p>20Cette lettre comprend : No\u00ebl, l\u2019ombre et le f\u00e9minin | Entretien avec Luigi Zoja | Le cinabre : alchimie et hom\u00e9opathie | Le d\u00e9clin du d\u00e9sir | La psych\u00e9 face au traumatisme | \u00c0 la crois\u00e9e de la psychiatrie et de la psychanalyse | Jung en France | Histoire du site EFJ cgjung.net | Agenda. [&hellip;]<\/p>\n","protected":false},"author":17,"featured_media":0,"parent":23487,"menu_order":28,"comment_status":"closed","ping_status":"closed","template":"","meta":{"footnotes":""},"class_list":["post-27254","page","type-page","status-publish","hentry"],"_links":{"self":[{"href":"https:\/\/www.cgjung.net\/espace\/wp-json\/wp\/v2\/pages\/27254","targetHints":{"allow":["GET"]}}],"collection":[{"href":"https:\/\/www.cgjung.net\/espace\/wp-json\/wp\/v2\/pages"}],"about":[{"href":"https:\/\/www.cgjung.net\/espace\/wp-json\/wp\/v2\/types\/page"}],"author":[{"embeddable":true,"href":"https:\/\/www.cgjung.net\/espace\/wp-json\/wp\/v2\/users\/17"}],"replies":[{"embeddable":true,"href":"https:\/\/www.cgjung.net\/espace\/wp-json\/wp\/v2\/comments?post=27254"}],"version-history":[{"count":25,"href":"https:\/\/www.cgjung.net\/espace\/wp-json\/wp\/v2\/pages\/27254\/revisions"}],"predecessor-version":[{"id":30956,"href":"https:\/\/www.cgjung.net\/espace\/wp-json\/wp\/v2\/pages\/27254\/revisions\/30956"}],"up":[{"embeddable":true,"href":"https:\/\/www.cgjung.net\/espace\/wp-json\/wp\/v2\/pages\/23487"}],"wp:attachment":[{"href":"https:\/\/www.cgjung.net\/espace\/wp-json\/wp\/v2\/media?parent=27254"}],"curies":[{"name":"wp","href":"https:\/\/api.w.org\/{rel}","templated":true}]}}