{"id":27003,"date":"2024-10-25T06:51:21","date_gmt":"2024-10-25T04:51:21","guid":{"rendered":"https:\/\/www.cgjung.net\/espace\/?page_id=27003"},"modified":"2024-10-25T07:13:33","modified_gmt":"2024-10-25T05:13:33","slug":"psychiatrie-psychanalyse","status":"publish","type":"page","link":"https:\/\/www.cgjung.net\/espace\/ressources\/psychiatrie-psychanalyse\/","title":{"rendered":"L&rsquo;approche jungienne \u00e0 la crois\u00e9e de la psychiatrie et de la psychanalyse"},"content":{"rendered":"<p><strong>Carl Gustav Jung a d\u00e9but\u00e9 sa carri\u00e8re en tant que psychiatre \u00e0 la clinique du Burgh\u00f6lzli, \u00e0 Zurich. Aujourd&rsquo;hui, la souffrance psychique reste omnipr\u00e9sente, tout comme la qu\u00eate de sens.<\/strong><\/p>\n<p>Les intervenants de cette journ\u00e9e d&rsquo;\u00e9tude jungienne abordent la pertinence de l&rsquo;approche analytique de Jung \u00e0 une \u00e9poque o\u00f9 la psychiatrie contemporaine se concentre essentiellement sur les sympt\u00f4mes, la pharmacologie et les neurosciences.<\/p>\n<p><img loading=\"lazy\" decoding=\"async\" class=\"size-full wp-image-27005 aligncenter\" src=\"https:\/\/www.cgjung.net\/espace\/wp-content\/uploads\/2024\/10\/psychiatrie-psychanalyse.png\" alt=\"\" width=\"280\" height=\"376\" \/><\/p>\n<p>&nbsp;<\/p>\n<p style=\"text-align: center;\"><a href=\"https:\/\/cgjungfrance.com\/2023\/10\/publications-de-la-sfpa-n6-actes-de-la-journee-jung-a-la-croisee-de-la-psychiatrie-et-de-la-psychanalyse\/\" target=\"_blank\" rel=\"noopener noreferrer\">Les commander aupr\u00e8s des Publications de la SFPA<\/a><\/p>\n<p style=\"text-align: center;\">Num\u00e9ro 6 \u2013 15,5 cm x 22 cm x 1,2 cm \u2013 92 pages&nbsp;<\/p>\n<h2>Table des mati\u00e8res<\/h2>\n<p>Pr\u00e9sentation de la journ\u00e9e et des intervenants.<\/p>\n<p>Ouverture de la journ\u00e9e<br \/>\nSous le signe de l&rsquo;inach\u00e8vement : une histoire des rapports des psychiatres fran\u00e7ais \u00e0 la psychologie analytique.<br \/>\n<em>Florent Serina<\/em><\/p>\n<p>Jung, la psychose et les institutions psychiatriques : d\u00e9buts, rupture et&#8230; l\u00e9thargie jusqu&rsquo;au projet Diabasis.<br \/>\n<em>Fulvio Marches<\/em><\/p>\n<p>Lila, une histoire entre psychiatrie et psychanalyse \u00e0 la lumi\u00e8re des \u00e9crits de C. G. Jung sur la psychose.<br \/>\n<em>Sylvie Rouquette<\/em><\/p>\n<p>Croisements psychiatrie et psychanalyse jungienne.<br \/>\n<em>V\u00e9ronique Bogino<\/em><\/p>\n<p>En passant par le bois des r\u00eaves.<br \/>\n<em>Samira Richer-Villar<\/em><\/p>\n<p>\u00c0 la crois\u00e9e de la psychiatrie et de la psychanalyse.<br \/>\n<i>Christian Marnette<\/i><\/p>\n<p>Table ronde.<i><br \/>\n<\/i><\/p>\n<h2>Pr\u00e9sentation des intervenants<\/h2>\n<p><strong>Florent Serina<br \/>\n<\/strong>Historien, \u00e0 l&rsquo;Universit\u00e9 de Lausanne et \u00e0 l&rsquo;Institut des humanit\u00e9s en M\u00e9decine.<\/p>\n<p><strong>Fuivio Marchese<br \/>\n<\/strong>Psychanalyste jungien membre de la CIPA et de l&rsquo;IAAP, psychologue exer\u00e7ant dans la clinique universitaire de Palerme.&nbsp;<\/p>\n<p><strong>Antonio Karim Lanfranchi<br \/>\n<\/strong>Psychanalyste jungien membre de l&rsquo;IAAP, a assur\u00e9 la traduction de cette intervention.<\/p>\n<p><strong>Sylvie Rouquette<br \/>\n<\/strong>Psychanalyste jungienne et psychiatre retrait\u00e9e, membre honoraire de la SFPA.<\/p>\n<p><strong>V\u00e9ronique Bogino, Samira Richer-Vilar et Christian Marnette<br \/>\n<\/strong>Psychanalystes jungiens, membres de la SFPA et psychiatres.<\/p>\n<h2>Les publications de la SFPA<\/h2>\n<p><em>(Pr\u00e9sent\u00e9es sur le site EFJ)<\/em><\/p>\n<p><strong>Ouvrage<\/strong><\/p>\n<ul>\n<li><a href=\"https:\/\/www.cgjung.net\/espace\/ressources\/supervision\/\">Superviser et \u00eatre supervis\u00e9<\/a><\/li>\n<\/ul>\n<p><strong>Actes des colloques<\/strong><\/p>\n<ul>\n<li><a href=\"https:\/\/www.cgjung.net\/espace\/ressources\/jung-alchimie-temps\/\">1 &#8211; Jung et l\u2019alchimie du temps<\/a> (16 novembre 2019)<\/li>\n<li><a href=\"https:\/\/www.cgjung.net\/espace\/ressources\/dissidence-en-psychanalyse\/\">2 &#8211; Dissidence en psychanalyse<\/a> (3 octobre 2020)<\/li>\n<li><a href=\"https:\/\/www.cgjung.net\/espace\/ressources\/technologies-inconscient\/\">3 &#8211; Technologies et inconscient<\/a> (10 avril 2021)<\/li>\n<li><a href=\"https:\/\/www.cgjung.net\/espace\/ressources\/couleurs-alchimiques\/\">4 &#8211; Couleurs alchimiques \u2013 La vie en jaune<\/a> (9 octobre 2021)<\/li>\n<li><a href=\"https:\/\/www.cgjung.net\/espace\/ressources\/feminin-psyche\/\">5 &#8211; Jung et l\u2019\u0153uvre du f\u00e9minin dans la psych\u00e9<\/a> (19 novembre 2022)<\/li>\n<li><a href=\"https:\/\/www.cgjung.net\/espace\/ressources\/psychiatrie-psychanalyse\/\">6 &#8211; L&rsquo;approche jungienne \u00e0 la crois\u00e9e de la psychiatrie et de la psychanalyse<\/a> (9 avril 2022)<\/li>\n<li><a href=\"https:\/\/www.cgjung.net\/espace\/ressources\/sfpa-no7\/\">7 &#8211; Qu\u2019est ce que l\u2019on se raconte comme histoire ?<\/a>&nbsp; (13 mai 2023)<\/li>\n<li><a href=\"https:\/\/www.cgjung.net\/espace\/ressources\/couleurs-alchimiques-rouge\/\">8 &#8211; Couleurs alchimiques. La vie en rouge<\/a> (2 d\u00e9cembre 2023)<\/li>\n<li><a href=\"https:\/\/www.cgjung.net\/espace\/ressources\/yi-jing-individuation\/\">9 &#8211; Le Yi Jing et l&rsquo;individuation<\/a> (14 d\u00e9cembre 2024)<\/li>\n<li><a href=\"https:\/\/www.cgjung.net\/espace\/ressources\/desir-et-plaisir\/\">10 &#8211; D\u00e9sir et plaisir<\/a> (24 mai 2025)<\/li>\n<\/ul>\n\n","protected":false},"excerpt":{"rendered":"<p>Carl Gustav Jung a d\u00e9but\u00e9 sa carri\u00e8re en tant que psychiatre \u00e0 la clinique du Burgh\u00f6lzli, \u00e0 Zurich. Aujourd&rsquo;hui, la souffrance psychique reste omnipr\u00e9sente, tout comme la qu\u00eate de sens. Les intervenants de cette journ\u00e9e d&rsquo;\u00e9tude jungienne abordent la pertinence de l&rsquo;approche analytique de Jung \u00e0 une \u00e9poque o\u00f9 la psychiatrie contemporaine se concentre essentiellement [&hellip;]<\/p>\n","protected":false},"author":1,"featured_media":0,"parent":9713,"menu_order":17,"comment_status":"closed","ping_status":"closed","template":"","meta":{"footnotes":""},"class_list":["post-27003","page","type-page","status-publish","hentry"],"_links":{"self":[{"href":"https:\/\/www.cgjung.net\/espace\/wp-json\/wp\/v2\/pages\/27003","targetHints":{"allow":["GET"]}}],"collection":[{"href":"https:\/\/www.cgjung.net\/espace\/wp-json\/wp\/v2\/pages"}],"about":[{"href":"https:\/\/www.cgjung.net\/espace\/wp-json\/wp\/v2\/types\/page"}],"author":[{"embeddable":true,"href":"https:\/\/www.cgjung.net\/espace\/wp-json\/wp\/v2\/users\/1"}],"replies":[{"embeddable":true,"href":"https:\/\/www.cgjung.net\/espace\/wp-json\/wp\/v2\/comments?post=27003"}],"version-history":[{"count":4,"href":"https:\/\/www.cgjung.net\/espace\/wp-json\/wp\/v2\/pages\/27003\/revisions"}],"predecessor-version":[{"id":27009,"href":"https:\/\/www.cgjung.net\/espace\/wp-json\/wp\/v2\/pages\/27003\/revisions\/27009"}],"up":[{"embeddable":true,"href":"https:\/\/www.cgjung.net\/espace\/wp-json\/wp\/v2\/pages\/9713"}],"wp:attachment":[{"href":"https:\/\/www.cgjung.net\/espace\/wp-json\/wp\/v2\/media?parent=27003"}],"curies":[{"name":"wp","href":"https:\/\/api.w.org\/{rel}","templated":true}]}}