{"id":2678,"date":"2016-11-25T17:17:40","date_gmt":"2016-11-25T16:17:40","guid":{"rendered":"https:\/\/www.cgjung.net\/espace\/?page_id=2678"},"modified":"2024-02-22T18:02:00","modified_gmt":"2024-02-22T17:02:00","slug":"alchimie-ici-maintenant","status":"publish","type":"page","link":"https:\/\/www.cgjung.net\/espace\/ariaga-poesie\/alchimie-ici-maintenant\/","title":{"rendered":"Alchimie de l&rsquo;ici et maintenant"},"content":{"rendered":"<h2 style=\"padding-left: 90px;\">Nue et sans masque<\/h2>\n<h4 style=\"text-align: center;\">D\u00e9guisement impos\u00e9 depuis l\u2019enfance,<br \/>\nle masque est l\u00e0 bouffon de com\u00e9die,<br \/>\napparence n\u00e9cessaire,<br \/>\nint\u00e9gration programm\u00e9e,<br \/>\nfais gaffe \u00e0 la Soci\u00e9t\u00e9 tu vas \u00eatre rejet\u00e9e,<br \/>\npr\u00e9sentation bien trop l\u00e9ch\u00e9e de photo papier glac\u00e9,<br \/>\npermis pour se promener,<br \/>\ndans les rues bien fr\u00e9quent\u00e9es.<br \/>\nSous le plastique de l\u2019emballage protecteur de l\u2019ext\u00e9rieur,<br \/>\ncertains sont morts \u00e9touff\u00e9s,<br \/>\nmais la pouss\u00e9e est forte des d\u00e9mons et des dieux,<br \/>\nqui vivent \u00e0 l\u2019int\u00e9rieur.<\/h4>\n<h4 style=\"text-align: center;\">La Nature est puissante son feu br\u00fble les gardes ob\u00e8ses du petit moi craintif,<br \/>\nles esprits se desquament et les r\u00eaves dansent des nuits enti\u00e8res.<\/h4>\n<h4 style=\"text-align: center;\">Voici venir le temps du monde du dedans,<br \/>\nvoici venir le temps de devenir un vase,<br \/>\nvoici venir le temps d\u2019\u00eatre nue et sans masque.<\/h4>\n<p>&nbsp;<\/p>\n<h2 style=\"padding-left: 90px;\">\u00catre un monde<\/h2>\n<h4 style=\"text-align: center;\">Flottant sur l&rsquo;oc\u00e9an de tout ce qui est<br \/>\nMilliards de cellules<br \/>\nR\u00e9seau de neurones<br \/>\nVeineux fleuves de sang<br \/>\nLieu d&rsquo;invasions et de destructions<br \/>\nFr\u00e9missant de la m\u00e9moire de l&rsquo;univers<br \/>\nInterpr\u00e8te des partitions de la Nature<br \/>\nAnim\u00e9 par le Souffle Divin<br \/>\n\u00catre un monde en transition &#8230;<\/h4>\n<p>&nbsp;<\/p>\n<h2 style=\"padding-left: 90px;\">La vie en trois soleils<\/h2>\n<h4 style=\"text-align: center;\">Les timides rayons du soleil matinal<\/h4>\n<h4 style=\"text-align: center;\">ont doucement m\u00fbri comme un feu lent et doux<\/h4>\n<h4 style=\"text-align: center;\">la chair de l&#8217;embryon de la future femme<\/h4>\n<h4 style=\"text-align: center;\">ayant perdu son \u00e2me<\/h4>\n<h4 style=\"text-align: center;\">oublieuse des origines<\/h4>\n<h4 style=\"text-align: center;\">cognait aux parois du vase trop \u00e9troit<\/h4>\n<h4 style=\"text-align: center;\">cr\u00e9ation destruction elle est devenue JE.<\/h4>\n<p>&nbsp;<\/p>\n<h4 style=\"text-align: center;\">Dans le glorieux midi<\/h4>\n<h4 style=\"text-align: center;\">marchant sous le soleil qui cr\u00e9pitait sa peau<\/h4>\n<h4 style=\"text-align: center;\">elle s&rsquo;est ressentie d&rsquo;une beaut\u00e9 inou\u00efe<\/h4>\n<h4 style=\"text-align: center;\">c&rsquo;\u00e9tait un pur d\u00e9sir tranchant comme une \u00e9p\u00e9e.<\/h4>\n<p>&nbsp;<\/p>\n<h4 style=\"text-align: center;\">Quand est venu le cr\u00e9puscule<\/h4>\n<h4 style=\"text-align: center;\">vers les rayons dor\u00e9s qui brillaient comme un phare<\/h4>\n<h4 style=\"text-align: center;\">dans le noir<\/h4>\n<h4 style=\"text-align: center;\">sa lanterne \u00e0 la main qui contenait les braises<\/h4>\n<h4 style=\"text-align: center;\">des soleils oubli\u00e9s<\/h4>\n<h4 style=\"text-align: center;\">elle a longtemps march\u00e9<\/h4>\n<h4 style=\"text-align: center;\">Il \u00e9tait beau ce soir car c&rsquo;\u00e9tait un matin.<\/h4>\n<p>&nbsp;<\/p>\n<h2 style=\"padding-left: 90px;\">Possession<\/h2>\n<h4 style=\"text-align: center;\">Un d\u00e9miurge sournois s&rsquo;est empar\u00e9 du monde.<\/h4>\n<div class=\"posttext\">\n<div class=\"posttext-decorator1\">\n<div class=\"posttext-decorator2\">\n<h4 style=\"text-align: center;\">Avoir plus avoir encore,<\/h4>\n<h4 style=\"text-align: center;\">\u00eatre tout saupoudr\u00e9 d&rsquo;or,<\/h4>\n<h4 style=\"text-align: center;\">devenir une bouche b\u00e9ante de besoins.<\/h4>\n<h4 style=\"text-align: center;\">&nbsp;<\/h4>\n<h4 style=\"text-align: center;\">Plus de dieux,&nbsp; plus de pouvoirs, plus de copulations froides .<\/h4>\n<h4 style=\"text-align: center;\">Vouloir, vouloir encore,<\/h4>\n<h4 style=\"text-align: center;\">oublieux de l&rsquo;instant,<\/h4>\n<h4 style=\"text-align: center;\">perdus les moments de bonheur inimitable.<\/h4>\n<h4 style=\"text-align: center;\">&nbsp;<\/h4>\n<h4 style=\"text-align: center;\">Je poss\u00e8de donc je suis,<\/h4>\n<h4 style=\"text-align: center;\">plaquez moi d&rsquo;or liquide, pour me rendre immortel<\/h4>\n<h4 style=\"text-align: center;\">dit l&rsquo;humain \u00e9gar\u00e9, qui a perdu son \u00eatre<\/h4>\n<h4 style=\"text-align: center;\">sur la plan\u00e8te folle.<\/h4>\n<\/div>\n<\/div>\n<\/div>\n<h2 style=\"padding-left: 90px;\">L&rsquo;imb\u00e9cile divin<\/h2>\n<h4 style=\"text-align: center;\">Vous avez peur de lui comme on a peur de l&rsquo;Autre,<\/h4>\n<h4 style=\"text-align: center;\">qui ne ressemble pas au mod\u00e8le d\u00e9pos\u00e9,<\/h4>\n<h4 style=\"text-align: center;\">rassurante copie d&rsquo;un humain bien fini.<\/h4>\n<div id=\"center\">\n<div class=\"center-decorator1\">\n<div class=\"center-decorator2\">\n<div class=\"content\">\n<div class=\"posttext\">\n<div class=\"posttext-decorator1\">\n<div class=\"posttext-decorator2\">\n<h4>&nbsp;<\/h4>\n<h4 style=\"text-align: center;\">Il murmure des sons vieux de millions d&rsquo;ann\u00e9es,<\/h4>\n<h4 style=\"text-align: center;\">avant que l&rsquo;homme ne se pare des oripeaux de la pens\u00e9e,<\/h4>\n<h4 style=\"text-align: center;\">et tremble sur ses cils, am\u00e8re et apaisante,<\/h4>\n<h4 style=\"text-align: center;\">une larme d&rsquo;enfant beaucoup trop grand.<\/h4>\n<h4 style=\"text-align: center;\">Sa salive le mouille d\u00e9salt\u00e9rant la pierre,<\/h4>\n<h4 style=\"text-align: center;\">il consoles les b\u00eates et rit d&rsquo;amour ravi<\/h4>\n<h4 style=\"text-align: center;\">quand la fleur lui sourit.<\/h4>\n<p>&nbsp;<\/p>\n<h4 style=\"text-align: center;\">Dans une maison sans clef ni porte, plus vaste que les mondes,<\/h4>\n<h4 style=\"text-align: center;\">il lit des livres jamais \u00e9crits.<\/h4>\n<h4 style=\"text-align: center;\">Quand il a faim, il mange les couleurs,<\/h4>\n<h4 style=\"text-align: center;\">quand il a soif, il boit la lumi\u00e8re,<\/h4>\n<h4 style=\"text-align: center;\">il ne poss\u00e8de rien&nbsp; et ne sais o\u00f9 il va.<\/h4>\n<h4 style=\"text-align: center;\">Simplement il est l\u00e0, regardant fixement<\/h4>\n<h4 style=\"text-align: center;\">les vrais visages nus sous les maquillages.<\/h4>\n<h4 style=\"text-align: center;\">Imb\u00e9cile divin qui ne sait pas la mort , invention des humains,<\/h4>\n<h4 style=\"text-align: center;\">il aspire la vie et t\u00e8te l&rsquo;univers.<\/h4>\n<p>&nbsp;<\/p>\n<h4 style=\"text-align: center;\">Vous avez peur de lui comme on a peur du vide<\/h4>\n<h4 style=\"text-align: center;\">mais surtout pas de cage, vous le ferriez mourir<\/h4>\n<h4 style=\"text-align: center;\">emportant avec lui son grand secret&#8230;<\/h4>\n<h2>Po\u00e9sies d&rsquo;Ariane Callot<\/h2>\n<p><strong>Po\u00e9sies alchimiques<\/strong><\/p>\n<ul>\n<li><a href=\"https:\/\/www.cgjung.net\/espace\/ariaga-poesie\/alchimie-oeuvre-noir\/\">Alchimie, \u0153uvre au noir<\/a><\/li>\n<li><a href=\"https:\/\/www.cgjung.net\/espace\/ariaga-poesie\/alchimie-matiere-premiere\/\">Alchimie, mati\u00e8re premi\u00e8re<\/a><\/li>\n<li><a href=\"https:\/\/www.cgjung.net\/espace\/ariaga-poesie\/alchimique-conjonction\/\">Alchimique conjonction<\/a><\/li>\n<li><a href=\"https:\/\/www.cgjung.net\/espace\/ariaga-poesie\/alchimie-ici-maintenant\/\">Alchimie de l&rsquo;ici et maintenant<\/a><\/li>\n<li><a href=\"https:\/\/www.cgjung.net\/espace\/ariaga-poesie\/alchimie-de-la-mort\/\">Alchimie de la mort<\/a><\/li>\n<li><a href=\"https:\/\/www.cgjung.net\/espace\/ariaga-poesie\/alchimie-de-nature\/\">Alchimie de la nature<\/a><\/li>\n<li><a href=\"https:\/\/www.cgjung.net\/espace\/ariaga-poesie\/alchimie-divine\/\">Alchimie divine<\/a><\/li>\n<li><a href=\"https:\/\/www.cgjung.net\/espace\/ariaga-poesie\/amours-alchimiques\/\">Amours alchimiques<\/a><\/li>\n<li><a href=\"https:\/\/www.cgjung.net\/espace\/ariaga-poesie\/travail-alchimique\/\">Travail alchimique<\/a><\/li>\n<li><a href=\"https:\/\/www.cgjung.net\/espace\/ariaga-poesie\/echo-a-c-g-jung\/\">En \u00e9cho \u00e0 C.G. Jung<\/a><\/li>\n<li><a href=\"https:\/\/www.cgjung.net\/espace\/ariaga-poesie\/regards\/\">Regards<\/a><\/li>\n<li><a href=\"https:\/\/www.cgjung.net\/espace\/ariaga-poesie\/reves-visions-alchimiques\/\">R\u00eaves et visions alchimiques<\/a><\/li>\n<li><a href=\"https:\/\/www.cgjung.net\/espace\/ariaga-poesie\/microcosme\/\">Microcosme<\/a><\/li>\n<li><a href=\"https:\/\/www.cgjung.net\/espace\/ariaga-poesie\/profondeurs\/\">Dans les profondeurs<\/a><\/li>\n<li><a href=\"https:\/\/www.cgjung.net\/espace\/ariaga-poesie\/musiques\/\">Musiques<\/a><\/li>\n<\/ul>\n<p><strong>M\u00e9moires de l&rsquo;Oc\u00e9an<\/strong><\/p>\n<ul>\n<li><a href=\"https:\/\/www.cgjung.net\/espace\/ariaga-poesie\/memoires-ocean\/#plainte\">Plainte des \u00e2mes perdues<\/a><\/li>\n<li><a href=\"https:\/\/www.cgjung.net\/espace\/ariaga-poesie\/memoires-ocean\/#bateaux\">Bateaux oubli\u00e9s<\/a><\/li>\n<li><a href=\"https:\/\/www.cgjung.net\/espace\/ariaga-poesie\/memoires-ocean\/#racines\">Racines marines<\/a><\/li>\n<\/ul>\n<p><strong>Article de pr\u00e9sentation des po\u00e9sies<\/strong><\/p>\n<ul>\n<li><a href=\"https:\/\/www.cgjung.net\/espace\/accueil\/alchimie-poetique\/\">Jung, Rimbaud, vers l\u2019alchimie po\u00e9tique<\/a><\/li>\n<\/ul>\n\n<\/div>\n<\/div>\n<\/div>\n<\/div>\n<\/div>\n<\/div>\n<\/div>\n","protected":false},"excerpt":{"rendered":"<p>Nue et sans masque D\u00e9guisement impos\u00e9 depuis l\u2019enfance, le masque est l\u00e0 bouffon de com\u00e9die, apparence n\u00e9cessaire, int\u00e9gration programm\u00e9e, fais gaffe \u00e0 la Soci\u00e9t\u00e9 tu vas \u00eatre rejet\u00e9e, pr\u00e9sentation bien trop l\u00e9ch\u00e9e de photo papier glac\u00e9, permis pour se promener, dans les rues bien fr\u00e9quent\u00e9es. Sous le plastique de l\u2019emballage protecteur de l\u2019ext\u00e9rieur, certains sont [&hellip;]<\/p>\n","protected":false},"author":1,"featured_media":0,"parent":142,"menu_order":56,"comment_status":"closed","ping_status":"closed","template":"","meta":{"footnotes":""},"class_list":["post-2678","page","type-page","status-publish","hentry"],"_links":{"self":[{"href":"https:\/\/www.cgjung.net\/espace\/wp-json\/wp\/v2\/pages\/2678","targetHints":{"allow":["GET"]}}],"collection":[{"href":"https:\/\/www.cgjung.net\/espace\/wp-json\/wp\/v2\/pages"}],"about":[{"href":"https:\/\/www.cgjung.net\/espace\/wp-json\/wp\/v2\/types\/page"}],"author":[{"embeddable":true,"href":"https:\/\/www.cgjung.net\/espace\/wp-json\/wp\/v2\/users\/1"}],"replies":[{"embeddable":true,"href":"https:\/\/www.cgjung.net\/espace\/wp-json\/wp\/v2\/comments?post=2678"}],"version-history":[{"count":24,"href":"https:\/\/www.cgjung.net\/espace\/wp-json\/wp\/v2\/pages\/2678\/revisions"}],"predecessor-version":[{"id":23866,"href":"https:\/\/www.cgjung.net\/espace\/wp-json\/wp\/v2\/pages\/2678\/revisions\/23866"}],"up":[{"embeddable":true,"href":"https:\/\/www.cgjung.net\/espace\/wp-json\/wp\/v2\/pages\/142"}],"wp:attachment":[{"href":"https:\/\/www.cgjung.net\/espace\/wp-json\/wp\/v2\/media?parent=2678"}],"curies":[{"name":"wp","href":"https:\/\/api.w.org\/{rel}","templated":true}]}}