{"id":2670,"date":"2016-11-25T17:14:57","date_gmt":"2016-11-25T16:14:57","guid":{"rendered":"https:\/\/www.cgjung.net\/espace\/?page_id=2670"},"modified":"2024-07-09T18:21:36","modified_gmt":"2024-07-09T16:21:36","slug":"alchimie-oeuvre-noir","status":"publish","type":"page","link":"https:\/\/www.cgjung.net\/espace\/ariaga-poesie\/alchimie-oeuvre-noir\/","title":{"rendered":"Alchimie, \u0153uvre au noir"},"content":{"rendered":"<p>&nbsp;<\/p>\n<p><strong>Sur cette page<\/strong><\/p>\n<p><a href=\"#prison\">Prison dor\u00e9e<\/a> | <a href=\"#metamorphoses\">M\u00e9tamorphoses<\/a> | <a href=\"#marche\">Alchimie premi\u00e8re marche<\/a> | <a href=\"#mort\">Alchimie de la mort<\/a><\/p>\n<p>&nbsp;<\/p>\n<h2><a id=\"prison\"><\/a>Prison dor\u00e9e<\/h2>\n<h4 style=\"text-align: center;\">Il y a des jours<\/h4>\n<h4 style=\"text-align: center;\">o\u00f9 le noir remonte du fond des abysses<\/h4>\n<h4 style=\"text-align: center;\">o\u00f9 meurent les mots.<\/h4>\n<h4 style=\"text-align: center;\">&nbsp;Il y a des jours<\/h4>\n<h4 style=\"text-align: center;\">o\u00f9 les lourds barreaux<\/h4>\n<h4 style=\"text-align: center;\">qu&rsquo;on avait coul\u00e9 tout autour de soi dans l&rsquo;or le plus pur<\/h4>\n<h4 style=\"text-align: center;\">perdent leur beaut\u00e9<\/h4>\n<h4 style=\"text-align: center;\">c&rsquo;\u00e9tait du plaqu\u00e9.<\/h4>\n<h4 style=\"text-align: center;\">&nbsp;Il y a des jours qu&rsquo;il faut accepter<\/h4>\n<h4 style=\"text-align: center;\">pour que la lumi\u00e8re puisse encore briller.<\/h4>\n<h2 style=\"text-align: left; padding-left: 90px;\">&nbsp;<\/h2>\n<h2 style=\"text-align: left;\"><a id=\"metamorphoses\"><\/a>M\u00e9tamorphoses<\/h2>\n<h4 style=\"text-align: center;\">Il y a des moments,<\/h4>\n<h4 style=\"text-align: center;\">moments de Nuit Obscure,<\/h4>\n<h4 style=\"text-align: center;\">mac\u00e9ration putride, nigredo alchimique,<\/h4>\n<h4 style=\"text-align: center;\">quand l&rsquo;\u00e2me rampe aveugle<\/h4>\n<h4 style=\"text-align: center;\">aux portes du blasph\u00e8me.<\/h4>\n<h4 style=\"text-align: center;\">Il y a des moments,<\/h4>\n<h4 style=\"text-align: center;\">o\u00f9 dans la porcherie que devient une vie,<\/h4>\n<h4 style=\"text-align: center;\">tel Job sur le fumier demandant \u00e0 son Dieu<\/h4>\n<h4 style=\"text-align: center;\">le pourquoi du comment<\/h4>\n<h4 style=\"text-align: center;\">on assiste impuissant \u00e0 la distillation<\/h4>\n<h4 style=\"text-align: center;\">de ce corps tant aim\u00e9, de cette main si blanche,<\/h4>\n<h4 style=\"text-align: center;\">o\u00f9 s&rsquo;inscrivent chaque jour les taches de la mort.<\/h4>\n<h4 style=\"text-align: center;\">Il y a des moments,<\/h4>\n<h4 style=\"text-align: center;\">o\u00f9 l&rsquo;attelage s&#8217;emballe avide de lumi\u00e8re<\/h4>\n<h4 style=\"text-align: center;\">o\u00f9 l&rsquo;on voudrait monter par de si hautes marches<\/h4>\n<h4 style=\"text-align: center;\">que l&rsquo;on perdrait enfin la m\u00e9moire de la terre.<\/h4>\n<h4 style=\"text-align: center;\">Amis,<\/h4>\n<h4 style=\"text-align: center;\">ce ne sont que moments,<\/h4>\n<h4 style=\"text-align: center;\">brindilles et feuilles mortes de l&rsquo;arbre de la Vie,<\/h4>\n<h4 style=\"text-align: center;\">lente m\u00e9tamorphose.<\/h4>\n<h4 style=\"text-align: center;\">La larve n&rsquo;est pas belle, mais elle porte en elle<\/h4>\n<h4 style=\"text-align: center;\">le somptueux papillon.<\/h4>\n<h2 style=\"text-align: left;\"><a id=\"marche\"><\/a>Alchimie premi\u00e8re marche<\/h2>\n<h4 style=\"text-align: justify;\">Apr\u00e8s avoir r\u00e9duit l&rsquo;AMOUR en cendres, j&rsquo;ai parcouru le monde, mers fleuves campagnes.<\/h4>\n<h4 style=\"text-align: justify;\">Pendant longtemps j&rsquo;ai \u00e9vit\u00e9 les villes d\u00e9sertes, trop d&rsquo;oiseaux sinistres rodaient.<\/h4>\n<h4 style=\"text-align: center;\">J&rsquo;ai mang\u00e9 de la mer<\/h4>\n<h4 style=\"text-align: center;\">Les algues au go\u00fbt amer<\/h4>\n<h4 style=\"text-align: center;\">Et mes dents ont criss\u00e9<\/h4>\n<h4 style=\"text-align: center;\">Sur les petits galets<\/h4>\n<h4>Au soleil j&rsquo;ai donn\u00e9 toute l&rsquo;eau.<\/h4>\n<h4>Mon corps craquel\u00e9 est devenu comme le rocher que jamais n&rsquo;atteint la mar\u00e9e.<\/h4>\n<h4>Il faut une temp\u00eate pour la pierre mourant de soif,&nbsp;mais depuis longtemps les vagues avaient renonc\u00e9 \u00e0 bouger.<\/h4>\n<h4 style=\"text-align: center;\">A travers la campagne<\/h4>\n<h4 style=\"text-align: center;\">J&rsquo;ai bien longtemps march\u00e9<\/h4>\n<h4 style=\"text-align: center;\">Et mes pieds ont saign\u00e9<\/h4>\n<h4 style=\"text-align: center;\">Sur le sol dess\u00e9ch\u00e9.<\/h4>\n<h4>J&rsquo;ai vu des plantes innom\u00e9es bras tendus, calices de chairs br\u00fbl\u00e9es.<\/h4>\n<h4>J&rsquo;ai vu des mousses grises effrit\u00e9es dans ma main.<\/h4>\n<h4>J&rsquo;ai m\u00eame vu de trompeux arbres verts sans ombre, mais je n&rsquo;ai vu personne, jamais.<\/h4>\n<p>&nbsp;<\/p>\n<p>&nbsp;<\/p>\n<h2><a id=\"mort\"><\/a>Alchimie de la mort<\/h2>\n<p>&nbsp;<\/p>\n<h4>Je suis la locataire d&rsquo;un vaisseau de distillation o\u00f9 se dissolvent les chairs et o\u00f9 l&rsquo;\u00e2me grandit.<\/h4>\n<h4 style=\"text-align: center;\">Poisson qui respire dans l&rsquo;air,<\/h4>\n<h4 style=\"text-align: center;\">j&rsquo;ai oubli\u00e9 l&rsquo;oc\u00e9an d&rsquo;o\u00f9 je viens.<\/h4>\n<h4 style=\"text-align: center;\">Boomerang d\u00e9pos\u00e9 sur le sable,<\/h4>\n<h4 style=\"text-align: center;\">j&rsquo;aspire \u00e0 la vague<\/h4>\n<h4 style=\"text-align: center;\">qui rentre dans la mer.<\/h4>\n<h4>J&rsquo;attends, la vie est si belle, je la boirai jusqu&rsquo;\u00e0 la derni\u00e8re goutte&nbsp;et quand le r\u00eave lucide de la mort m&#8217;emportera,&nbsp;l\u00e0 o\u00f9 il voudra,<\/h4>\n<h4 style=\"text-align: center;\">j&rsquo;esp\u00e8re,<\/h4>\n<h4>toute baign\u00e9e de l&rsquo;\u00e9nergie de l&rsquo;Esprit,<\/h4>\n<h4>\u00e9couter la musique des sph\u00e8res.<\/h4>\n<h4 style=\"text-align: center;\">Et quand le temps sera venu je reviendrai encore,<\/h4>\n<h4 style=\"text-align: center;\">bien plus forte,<\/h4>\n<h4 style=\"text-align: center;\">enivr\u00e9e de la Lumi\u00e8re de la Nature<\/h4>\n<h4 style=\"text-align: center;\">vibrante d&rsquo;amour divin<\/h4>\n<h2>Po\u00e9sies d&rsquo;Ariane Callot<\/h2>\n<p><strong>Po\u00e9sies alchimiques<\/strong><\/p>\n<ul>\n<li><a href=\"https:\/\/www.cgjung.net\/espace\/ariaga-poesie\/alchimie-oeuvre-noir\/\">Alchimie, \u0153uvre au noir<\/a><\/li>\n<li><a href=\"https:\/\/www.cgjung.net\/espace\/ariaga-poesie\/alchimie-matiere-premiere\/\">Alchimie, mati\u00e8re premi\u00e8re<\/a><\/li>\n<li><a href=\"https:\/\/www.cgjung.net\/espace\/ariaga-poesie\/alchimique-conjonction\/\">Alchimique conjonction<\/a><\/li>\n<li><a href=\"https:\/\/www.cgjung.net\/espace\/ariaga-poesie\/alchimie-ici-maintenant\/\">Alchimie de l&rsquo;ici et maintenant<\/a><\/li>\n<li><a href=\"https:\/\/www.cgjung.net\/espace\/ariaga-poesie\/alchimie-de-la-mort\/\">Alchimie de la mort<\/a><\/li>\n<li><a href=\"https:\/\/www.cgjung.net\/espace\/ariaga-poesie\/alchimie-de-nature\/\">Alchimie de la nature<\/a><\/li>\n<li><a href=\"https:\/\/www.cgjung.net\/espace\/ariaga-poesie\/alchimie-divine\/\">Alchimie divine<\/a><\/li>\n<li><a href=\"https:\/\/www.cgjung.net\/espace\/ariaga-poesie\/amours-alchimiques\/\">Amours alchimiques<\/a><\/li>\n<li><a href=\"https:\/\/www.cgjung.net\/espace\/ariaga-poesie\/travail-alchimique\/\">Travail alchimique<\/a><\/li>\n<li><a href=\"https:\/\/www.cgjung.net\/espace\/ariaga-poesie\/echo-a-c-g-jung\/\">En \u00e9cho \u00e0 C.G. Jung<\/a><\/li>\n<li><a href=\"https:\/\/www.cgjung.net\/espace\/ariaga-poesie\/regards\/\">Regards<\/a><\/li>\n<li><a href=\"https:\/\/www.cgjung.net\/espace\/ariaga-poesie\/reves-visions-alchimiques\/\">R\u00eaves et visions alchimiques<\/a><\/li>\n<li><a href=\"https:\/\/www.cgjung.net\/espace\/ariaga-poesie\/microcosme\/\">Microcosme<\/a><\/li>\n<li><a href=\"https:\/\/www.cgjung.net\/espace\/ariaga-poesie\/profondeurs\/\">Dans les profondeurs<\/a><\/li>\n<li><a href=\"https:\/\/www.cgjung.net\/espace\/ariaga-poesie\/musiques\/\">Musiques<\/a><\/li>\n<\/ul>\n<p><strong>M\u00e9moires de l&rsquo;Oc\u00e9an<\/strong><\/p>\n<ul>\n<li><a href=\"https:\/\/www.cgjung.net\/espace\/ariaga-poesie\/memoires-ocean\/#plainte\">Plainte des \u00e2mes perdues<\/a><\/li>\n<li><a href=\"https:\/\/www.cgjung.net\/espace\/ariaga-poesie\/memoires-ocean\/#bateaux\">Bateaux oubli\u00e9s<\/a><\/li>\n<li><a href=\"https:\/\/www.cgjung.net\/espace\/ariaga-poesie\/memoires-ocean\/#racines\">Racines marines<\/a><\/li>\n<\/ul>\n<p><strong>Article de pr\u00e9sentation des po\u00e9sies<\/strong><\/p>\n<ul>\n<li><a href=\"https:\/\/www.cgjung.net\/espace\/accueil\/alchimie-poetique\/\">Jung, Rimbaud, vers l\u2019alchimie po\u00e9tique<\/a><\/li>\n<\/ul>\n\n","protected":false},"excerpt":{"rendered":"<p>&nbsp; Sur cette page Prison dor\u00e9e | M\u00e9tamorphoses | Alchimie premi\u00e8re marche | Alchimie de la mort &nbsp; Prison dor\u00e9e Il y a des jours o\u00f9 le noir remonte du fond des abysses o\u00f9 meurent les mots. &nbsp;Il y a des jours o\u00f9 les lourds barreaux qu&rsquo;on avait coul\u00e9 tout autour de soi dans l&rsquo;or [&hellip;]<\/p>\n","protected":false},"author":1,"featured_media":0,"parent":142,"menu_order":25,"comment_status":"closed","ping_status":"closed","template":"","meta":{"footnotes":""},"class_list":["post-2670","page","type-page","status-publish","hentry"],"_links":{"self":[{"href":"https:\/\/www.cgjung.net\/espace\/wp-json\/wp\/v2\/pages\/2670","targetHints":{"allow":["GET"]}}],"collection":[{"href":"https:\/\/www.cgjung.net\/espace\/wp-json\/wp\/v2\/pages"}],"about":[{"href":"https:\/\/www.cgjung.net\/espace\/wp-json\/wp\/v2\/types\/page"}],"author":[{"embeddable":true,"href":"https:\/\/www.cgjung.net\/espace\/wp-json\/wp\/v2\/users\/1"}],"replies":[{"embeddable":true,"href":"https:\/\/www.cgjung.net\/espace\/wp-json\/wp\/v2\/comments?post=2670"}],"version-history":[{"count":27,"href":"https:\/\/www.cgjung.net\/espace\/wp-json\/wp\/v2\/pages\/2670\/revisions"}],"predecessor-version":[{"id":25581,"href":"https:\/\/www.cgjung.net\/espace\/wp-json\/wp\/v2\/pages\/2670\/revisions\/25581"}],"up":[{"embeddable":true,"href":"https:\/\/www.cgjung.net\/espace\/wp-json\/wp\/v2\/pages\/142"}],"wp:attachment":[{"href":"https:\/\/www.cgjung.net\/espace\/wp-json\/wp\/v2\/media?parent=2670"}],"curies":[{"name":"wp","href":"https:\/\/api.w.org\/{rel}","templated":true}]}}