{"id":26654,"date":"2024-09-10T16:49:48","date_gmt":"2024-09-10T14:49:48","guid":{"rendered":"https:\/\/www.cgjung.net\/espace\/?page_id=26654"},"modified":"2025-09-01T07:09:43","modified_gmt":"2025-09-01T05:09:43","slug":"lettre-dinformation-septembre-2024","status":"publish","type":"page","link":"https:\/\/www.cgjung.net\/espace\/lettre-information\/lettre-dinformation-septembre-2024\/","title":{"rendered":"Lettre d&rsquo;information Septembre 2024"},"content":{"rendered":"<p><strong>C<\/strong><strong>ette lettre comprend :<\/strong> Visite du foyer d&rsquo;Emma et de Carl Gustav Jung | Sabina Spielrein fascine | Au c\u0153ur du Seigneur des Anneaux | Entretien avec Mark Saban | Po\u00e9sies | Agenda.<\/p>\n<p style=\"text-align: right;\"><a href=\"https:\/\/www.cgjung.net\/espace\/lettre-information\/\">Vous abonner ou vous d\u00e9sabonner<\/a><\/p>\n<p>Ch\u00e8re abonn\u00e9e, cher abonn\u00e9,<\/p>\n<p>Pour cette rentr\u00e9e, nous vous invitons \u00e0 d\u00e9couvrir nos nouveaut\u00e9s \u00e0 travers diff\u00e9rentes approches, accessibles en ligne ou par la lecture des ouvrages que nous pr\u00e9sentons. Vous aurez ainsi l&rsquo;occasion d&rsquo;explorer ces th\u00e8mes destin\u00e9s \u00e0 nourrir vos projets et r\u00e9flexions futures.<\/p>\n<p>Nous avons \u00e9galement mis \u00e0 jour la page <a href=\"https:\/\/www.cgjung.net\/espace\/qui-sommes-nous\/\">Qui sommes nous ?<\/a> ainsi que <a href=\"https:\/\/www.cgjung.net\/espace\/\">la page d&rsquo;accueil de la rubrique articles<\/a>.<\/p>\n<p>&nbsp;<\/p>\n<h1>Articles<\/h1>\n<h2><a href=\"https:\/\/www.cgjung.net\/espace\/accueil\/rachel-huber\/visite-musee-emma-carl-gustav-jung\/\"><img loading=\"lazy\" decoding=\"async\" class=\"size-full wp-image-26473 alignright\" src=\"https:\/\/www.cgjung.net\/espace\/wp-content\/uploads\/2024\/08\/musee-emma-carl-gustav-jung-v.jpg\" alt=\"\" width=\"90\" height=\"138\" \/>Visite du foyer d\u2019Emma et de Carl Gustav Jung<\/a><\/h2>\n<p>Une visite du domicile d\u2019Emma et Carl Gustav Jung laisse une impression marquante sur la plupart des visiteurs.<\/p>\n<p>En ao\u00fbt 2024, Rachel Huber et Bernard Hort ont partag\u00e9 leurs impressions, insistant sur l\u2019atmosph\u00e8re de recueillement de cette maison.<\/p>\n<p>&nbsp;<\/p>\n<h2><a href=\"https:\/\/www.cgjung.net\/espace\/accueil\/jprobert\/sabina-spielrein-fascine\/\"><img loading=\"lazy\" decoding=\"async\" class=\"size-full wp-image-26626 alignright\" src=\"https:\/\/www.cgjung.net\/espace\/wp-content\/uploads\/2024\/09\/sabina-spielrein-fascine-v.jpg\" alt=\"\" width=\"150\" height=\"117\" \/>Sabina Spielrein fascine !<\/a><\/h2>\n<p>Jean-Pierre Robert met en perspective les \u00e9l\u00e9ments connus de la biographie de Sabina Spielrein et propose l\u2019hypoth\u00e8se d\u2019un difficile changement de cap.<\/p>\n<p>Les forces de destructions, que Sabina Spielrein a si bien d\u00e9crites en 1912 et qu\u2019elle n\u2019a cess\u00e9 de combattre, auront malheureusement le dernier mot.<\/p>\n<p>&nbsp;<\/p>\n<h2><a href=\"https:\/\/www.cgjung.net\/espace\/accueil\/marilou-rettinghaus\/heros-ordinaire\/\"><img loading=\"lazy\" decoding=\"async\" class=\"alignright size-full wp-image-25807\" src=\"https:\/\/www.cgjung.net\/espace\/wp-content\/uploads\/2024\/07\/samwise-v.jpg\" alt=\"\" width=\"120\" height=\"79\" \/>Au c\u0153ur du Seigneur des Anneaux : Sam, ou l\u2019histoire d\u2019un h\u00e9ros ordinaire<\/a><\/h2>\n<p>Marilou Rettinghaus explore les liens entre le personnage de Samwise Gamgee et la psychologie jungienne, invitant \u00e0 une lecture plus profonde du \u00ab&nbsp;Seigneur des Anneaux&nbsp;\u00bb.<\/p>\n<p>Au-del\u00e0 de l\u2019aventure h\u00e9ro\u00efque, cette analyse propose une exploration de l\u2019\u00e2me humaine et du cheminement individuel vers la r\u00e9alisation du Soi.<\/p>\n<p>&nbsp;<\/p>\n<h1>Entretien<\/h1>\n<h2><a href=\"https:\/\/www.cgjung.net\/espace\/accueil\/peggy-vermeesch\/entretien-mark-saban\/\"><img loading=\"lazy\" decoding=\"async\" class=\"alignright size-full wp-image-25560\" src=\"https:\/\/www.cgjung.net\/espace\/wp-content\/uploads\/2024\/07\/two-souls-alas-mark-saban-v.jpg\" alt=\"\" width=\"90\" height=\"130\" \/>Entretien avec Mark Saban<\/a><\/h2>\n<p>Peggy Vermeesch interroge l\u2019auteur de Two Souls Alas [Deux \u00e2mes h\u00e9las]. Cet ouvrage traite des deux personnalit\u00e9s de Jung et de l\u2019\u00e9laboration de la psychologie analytique.<\/p>\n<p>Mark Saban d\u00e9taille les motivations qui l\u2019ont amen\u00e9 \u00e0 cette \u00e9tude riche en implications cliniques.<\/p>\n<p>&nbsp;<\/p>\n<h1>Po\u00e9sies<\/h1>\n<h2><a href=\"https:\/\/www.cgjung.net\/espace\/ariaga-poesie\/memoires-ocean\/\"><img loading=\"lazy\" decoding=\"async\" class=\"size-full wp-image-26153 alignright\" src=\"https:\/\/www.cgjung.net\/espace\/wp-content\/uploads\/2024\/07\/oursins-v.jpg\" alt=\"\" width=\"120\" height=\"90\" \/>M\u00e9moires de l\u2019Oc\u00e9an<\/a><\/h2>\n<p>Le voyage po\u00e9tique d\u2019Ariane Callot nous conduit, ici, vers ses racines bretonnes :&nbsp;<a href=\"https:\/\/www.cgjung.net\/espace\/ariaga-poesie\/memoires-ocean\/#plainte\">Plainte des \u00e2mes perdues,<\/a>&nbsp;<a href=\"https:\/\/www.cgjung.net\/espace\/ariaga-poesie\/memoires-ocean\/#bateaux\">Bateaux oubli\u00e9s,<\/a>&nbsp;<a href=\"https:\/\/www.cgjung.net\/espace\/ariaga-poesie\/memoires-ocean\/#racines\">Racines marines<\/a><\/p>\n<p>&nbsp;<\/p>\n<h2><a href=\"https:\/\/www.cgjung.net\/espace\/ressources\/peintures-poesies\/\"><img loading=\"lazy\" decoding=\"async\" class=\"size-full wp-image-26454 alignright\" src=\"https:\/\/www.cgjung.net\/espace\/wp-content\/uploads\/2024\/08\/bord-foret-v.jpg\" alt=\"\" width=\"90\" height=\"130\" \/>Au bord de la for\u00eat, j\u2019ai \u00e9cout\u00e9, et j\u2019ai r\u00eav\u00e9<\/a><\/h2>\n<p>Dans ce recueil, Claudine Chatelain, contributrice d\u2019Espace Francophone Jungien, nous invite \u00e0 explorer notre for\u00eat int\u00e9rieure \u00e0 travers des peintures et des po\u00e9sies, offrant un voyage intime vers la connaissance de soi et une communion avec l\u2019Univers.<\/p>\n<p>&nbsp;<\/p>\n<p>&nbsp;<\/p>\n<h1>Agenda jungien<\/h1>\n<h2><a href=\"https:\/\/cgjungfrance.com\/events\/colloque-interassociatif-2025-loeuvre-de-jung-presence-et-devenir\/\" target=\"_blank\" rel=\"noopener\"><img loading=\"lazy\" decoding=\"async\" class=\"size-full wp-image-25309 alignright\" src=\"https:\/\/www.cgjung.net\/espace\/wp-content\/uploads\/2024\/07\/colloque-2025.png\" alt=\"\" width=\"150\" height=\"94\" \/>Colloque 150\u00e8me anniversaire de la naissance de Jung<\/a><\/h2>\n<p>Ce colloque aura lieu \u00e0 Paris les samedi 25 et dimanche 26 janvier 2025. Il est organis\u00e9 par Fr\u00e9quence protestante, Sur les traces de Jung, la Soci\u00e9t\u00e9 fran\u00e7aise de psychologie analytique, les Cahiers jungiens de psychanalyse, le Groupe C. G. Jung et l\u2019association Marie-Louise von Franz &amp; Carl-Gustav Jung.<\/p>\n<p>&nbsp;<\/p>\n<h2><img loading=\"lazy\" decoding=\"async\" class=\"size-full wp-image-26690 alignright\" src=\"https:\/\/www.cgjung.net\/espace\/wp-content\/uploads\/2024\/09\/cg-jung-institut-lausanne.png\" alt=\"\" width=\"150\" height=\"50\" \/><a href=\"https:\/\/www.jungantenneromande.ch\/cours-publics\" target=\"_blank\" rel=\"noopener\">Institut CG Jung Lausanne<\/a><\/h2>\n<p>Cours publics, programme actualis\u00e9 2024-2025.<\/p>\n<p>&nbsp;<\/p>\n<h2><a href=\"https:\/\/www.vonfranzjung.fr\/madala_personnel_de_l_alchimie_par_elizabeth_leblanc\" target=\"_blank\" rel=\"noopener\"><img loading=\"lazy\" decoding=\"async\" class=\"size-full wp-image-23516 alignright\" src=\"https:\/\/www.cgjung.net\/espace\/wp-content\/uploads\/2024\/01\/cgjung-vonfranz.png\" alt=\"\" width=\"150\" height=\"40\" \/>Mandala personnel de l&rsquo;Alchimie<\/a><\/h2>\n<p class=\"home\">Session matin ou apr\u00e8s-midi anim\u00e9e par Elizabeth Leblanc, \u00e0 Paris le samedi 28 septembre 2024. Voir le programme et s&rsquo;inscrire.<\/p>\n<p>&nbsp;<\/p>\n<h2><a href=\"https:\/\/www.sstjs.ch\/\" target=\"_blank\" rel=\"noopener\"><img loading=\"lazy\" decoding=\"async\" class=\"size-full wp-image-26534 alignright\" src=\"https:\/\/www.cgjung.net\/espace\/wp-content\/uploads\/2024\/09\/sstjs.png\" alt=\"\" width=\"150\" height=\"113\" \/>Congr\u00e8s de Th\u00e9rapie par le Jeu de Sable<\/a><\/h2>\n<p class=\"home\">Organis\u00e9 par la Soci\u00e9t\u00e9 suisse pour la Th\u00e9rapie par le Jeu de Sable ce congr\u00e8s se tiendra du 24 et 29 septembre 2024 \u00e0 Beatenberg, en Suisse. Voir le programme et s&rsquo;inscrire.<\/p>\n<p>&nbsp;<\/p>\n<h2><a href=\"https:\/\/groupe-jung.fr\/evenement\/christine-fouchard-les-reves-leurs-dangers-leurs-utilites-leur-charme-regards-croises-scientifiques-et-jungiens\/\" target=\"_blank\" rel=\"noopener\"><img loading=\"lazy\" decoding=\"async\" class=\"size-full wp-image-23517 alignright\" src=\"https:\/\/www.cgjung.net\/espace\/wp-content\/uploads\/2024\/01\/groupe-jung.png\" alt=\"\" width=\"120\" height=\"68\" \/>Les r\u00eaves, leurs dangers, leurs utilit\u00e9s, leur charme<\/a><\/h2>\n<p class=\"home\">Visioconf\u00e9rence par Christine Fouchard le mercredi 9 octobre 2024 \u00e0 20h30.<\/p>\n<p>&nbsp;<\/p>\n<h2><img loading=\"lazy\" decoding=\"async\" class=\"alignright size-full wp-image-26691\" src=\"https:\/\/www.cgjung.net\/espace\/wp-content\/uploads\/2024\/09\/rencontres-provence.png\" alt=\"\" width=\"150\" height=\"79\" \/><a href=\"https:\/\/abonnementlenoir.wixsite.com\/rencontres-en-prov-1\" target=\"_blank\" rel=\"noopener\">Le Sacr\u00e9 en soi<\/a><\/h2>\n<p>Deuxi\u00e8me \u00e9dition des Rencontres de Provence \u00e0 Marseille les 10 et 11 janvier 2025.<\/p>\n<p>&nbsp;<\/p>\n<p>&nbsp;<\/p>\n<h1>Nous soutenir<\/h1>\n<p>Nous remercions nos g\u00e9n\u00e9reux donateurs qui nous permettent de faire vivre ce site. Vous pouvez participer \u00e0 ce financement <a href=\"https:\/\/www.helloasso.com\/associations\/espace-francophone-jungien\/formulaires\/1\" target=\"_blank\" rel=\"noopener\">\u00e0 partir de cette page d\u00e9di\u00e9e<\/a>.&nbsp;Toute participation, quel que soit son montant, est grandement appr\u00e9ci\u00e9e !<\/p>\n<p>&nbsp;<\/p>\n<h1>Souffrir et s&rsquo;ouvrir<\/h1>\n<p>Il y a 64 ans, au mois de septembre 1960, Carl Gustav Jung \u00e9tait heureux de voir que l&rsquo;un de ses correspondants, Sir Herbert Mead, comprenait son \u0153uvre et ce qu&rsquo;il vivait :<\/p>\n<blockquote>\n<p>\u00ab Je vois la souffrance de l&rsquo;humanit\u00e9 dans celle de l&rsquo;individu, et r\u00e9ciproquement. [&#8230;] Le grand probl\u00e8me de notre temps tient \u00e0 ce que nous ne comprenons pas ce qui se passe dans le monde. Nous sommes confront\u00e9s \u00e0 l&rsquo;obscurit\u00e9 de notre \u00e2me, \u00e0 l&rsquo;inconscient. Des impulsions pressantes en proviennent, obscures, impossibles \u00e0 reconna\u00eetre. Il \u00e9vide et met en pi\u00e8ces les formes de notre culture et ses r\u00e9alisations historiques majeures. Nous les avons perdues, ou bien elles se trouvent dans le futur.&nbsp;\u00bb<br \/>\n<a href=\"https:\/\/www.cgjung.net\/oeuvre\/correspondance_1958_1961.htm\">C.G. Jung Correspondance<\/a> 1958-1961, p. 198-199<\/p>\n<\/blockquote>\n<p>Dans un monde en perp\u00e9tuelle mutation, cette r\u00e9flexion r\u00e9sonne encore aujourd&rsquo;hui. Elle nous rappelle combien il est important de comprendre les forces inconscientes qui fa\u00e7onnent notre \u00e9poque et d&rsquo;ouvrir la voie \u00e0 de nouvelles perspectives pour l&rsquo;avenir.<\/p>\n<p style=\"text-align: right;\">L&rsquo;\u00e9quipe d&rsquo;Espace Francophone Jungien<\/p>\n<p><em><a id=\"abonnement\"><\/a>Nous vous encourageons \u00e0 partager cette lettre d\u2019information avec vos proches. Vous avez \u00e9galement la libert\u00e9 de vous d\u00e9sabonner et de vous r\u00e9abonner \u00e0 tout moment, selon votre convenance.<\/em><\/p>\n<p><a href=\"https:\/\/www.cgjung.net\/espace\/lettre-information\/\">Historique des lettres d&rsquo;information<\/a><\/p>\n<p><a href=\"https:\/\/eepurl.com\/dtGE4X\" target=\"_blank\" rel=\"noopener\">Acc\u00e8s au formulaire pour vous abonner<\/a><\/p>\n<p><a href=\"https:\/\/cgjung.us18.list-manage.com\/unsubscribe?u=d3a4a24a2d98c83ada4736a3f&amp;id=3d1120f532\" target=\"_blank\" rel=\"noopener\">Acc\u00e8s au formulaire pour vous d\u00e9sabonner<\/a><\/p>\n\n","protected":false},"excerpt":{"rendered":"<p>Cette lettre comprend : Visite du foyer d&rsquo;Emma et de Carl Gustav Jung | Sabina Spielrein fascine | Au c\u0153ur du Seigneur des Anneaux | Entretien avec Mark Saban | Po\u00e9sies | Agenda. Vous abonner ou vous d\u00e9sabonner Ch\u00e8re abonn\u00e9e, cher abonn\u00e9, Pour cette rentr\u00e9e, nous vous invitons \u00e0 d\u00e9couvrir nos nouveaut\u00e9s \u00e0 travers diff\u00e9rentes [&hellip;]<\/p>\n","protected":false},"author":1,"featured_media":0,"parent":23487,"menu_order":23,"comment_status":"closed","ping_status":"closed","template":"","meta":{"footnotes":""},"class_list":["post-26654","page","type-page","status-publish","hentry"],"_links":{"self":[{"href":"https:\/\/www.cgjung.net\/espace\/wp-json\/wp\/v2\/pages\/26654","targetHints":{"allow":["GET"]}}],"collection":[{"href":"https:\/\/www.cgjung.net\/espace\/wp-json\/wp\/v2\/pages"}],"about":[{"href":"https:\/\/www.cgjung.net\/espace\/wp-json\/wp\/v2\/types\/page"}],"author":[{"embeddable":true,"href":"https:\/\/www.cgjung.net\/espace\/wp-json\/wp\/v2\/users\/1"}],"replies":[{"embeddable":true,"href":"https:\/\/www.cgjung.net\/espace\/wp-json\/wp\/v2\/comments?post=26654"}],"version-history":[{"count":23,"href":"https:\/\/www.cgjung.net\/espace\/wp-json\/wp\/v2\/pages\/26654\/revisions"}],"predecessor-version":[{"id":26733,"href":"https:\/\/www.cgjung.net\/espace\/wp-json\/wp\/v2\/pages\/26654\/revisions\/26733"}],"up":[{"embeddable":true,"href":"https:\/\/www.cgjung.net\/espace\/wp-json\/wp\/v2\/pages\/23487"}],"wp:attachment":[{"href":"https:\/\/www.cgjung.net\/espace\/wp-json\/wp\/v2\/media?parent=26654"}],"curies":[{"name":"wp","href":"https:\/\/api.w.org\/{rel}","templated":true}]}}