{"id":26455,"date":"2024-08-30T03:23:44","date_gmt":"2024-08-30T01:23:44","guid":{"rendered":"https:\/\/www.cgjung.net\/espace\/?page_id=26455"},"modified":"2026-03-18T06:02:53","modified_gmt":"2026-03-18T05:02:53","slug":"peintures-poesies","status":"publish","type":"page","link":"https:\/\/www.cgjung.net\/espace\/ressources\/peintures-poesies\/","title":{"rendered":"Au bord de la for\u00eat, j&rsquo;ai \u00e9cout\u00e9, et j&rsquo;ai r\u00eav\u00e9"},"content":{"rendered":"<p><strong>Dans ce recueil, Claudine Chatelain, contributrice d&rsquo;Espace Francophone Jungien, nous invite \u00e0 explorer notre for\u00eat int\u00e9rieure \u00e0 travers des peintures et des po\u00e9sies, offrant un voyage intime vers la connaissance de soi et une communion avec l&rsquo;Univers.<\/strong><\/p>\n<p><img loading=\"lazy\" decoding=\"async\" class=\"aligncenter size-full wp-image-26453\" src=\"https:\/\/www.cgjung.net\/espace\/wp-content\/uploads\/2024\/08\/bord-foret.jpg\" alt=\"\" width=\"280\" height=\"397\" \/><\/p>\n<p style=\"text-align: center;\"><a href=\"https:\/\/librairie.bod.fr\/au-bord-de-la-foret-jai-ecoute-et-jai-reve-claudine-chatelain-9782322593330\" target=\"_blank\" rel=\"noopener\">\u00c9ditions BoD<\/a><\/p>\n<p>&nbsp;<\/p>\n<p style=\"text-align: center;\">LA FOR\u00caT ENCHANT\u00c9E<\/p>\n<p style=\"text-align: center;\">Or\u00e9e de la For\u00eat<\/p>\n<p style=\"text-align: center;\">La gardienne des lieux<\/p>\n<p style=\"text-align: center;\">Son visage est s\u00e9v\u00e8re<\/p>\n<p style=\"text-align: center;\">Son maintien est aust\u00e8re<\/p>\n<p style=\"text-align: center;\">Mais sa jupe en appr\u00eat<\/p>\n<p style=\"text-align: center;\">Appelle les Cieux<\/p>\n<p style=\"text-align: center;\">Par ses plis de Lumi\u00e8re<\/p>\n<p style=\"text-align: center;\">Le monde bouge<\/p>\n<p style=\"text-align: center;\">Et elle porte un pr\u00e9sent<\/p>\n<p style=\"text-align: center;\">Avec un ruban rouge<\/p>\n<p style=\"text-align: center;\">Comme la Vie et son sang<\/p>\n<p>&nbsp;<\/p>\n<p style=\"text-align: center;\">\u00d4 passant,<\/p>\n<p style=\"text-align: center;\">Si elle t&rsquo;autorise \u00e0 p\u00e9n\u00e9trer,<\/p>\n<p style=\"text-align: center;\">Dans le c\u0153ur de cette for\u00eat,<\/p>\n<p style=\"text-align: center;\">Dans ce temple int\u00e9rieur,<\/p>\n<p style=\"text-align: center;\">Aux colonnes puissantes<\/p>\n<p style=\"text-align: center;\">Aspirant vers le ciel<\/p>\n<p style=\"text-align: center;\">Aux arbres majestueux<\/p>\n<p style=\"text-align: center;\">Abritant des myst\u00e8res<\/p>\n<p style=\"text-align: center;\"><span style=\"color: #808080;\">[Extrait de la premi\u00e8re po\u00e9sie en regard de la couverture du livre.]<\/span><\/p>\n<p>&nbsp;<\/p>\n<p><em>\u00c9diteur : BoD &#8211; 2026 &#8211; 54 pages &#8211; ISBN 9782322618798 &#8211; 15 x 21 x 0,6 cm<\/em><\/p>\n<p><img loading=\"lazy\" decoding=\"async\" class=\"alignright size-full wp-image-22487\" src=\"https:\/\/www.cgjung.net\/espace\/wp-content\/uploads\/2023\/09\/claudine-chatelain.jpg\" alt=\"\" width=\"120\" height=\"166\" \/><a href=\"https:\/\/www.cgjung.net\/contact.htm\"><strong>Adresser un message \u00e0 Claudine Chatelain<\/strong><\/a><\/p>\n<h2>Claudine Chatelain<\/h2>\n<p>C&rsquo;est en 1989, \u00e0 l&rsquo;\u00e2ge de 33 ans, que Claudine Chatelain a une r\u00e9v\u00e9lation : elle d\u00e9couvre Jung \u00e0 travers l\u2019interpr\u00e9tation des r\u00eaves. C\u2019est avec bonheur qu\u2019elle ouvre la porte de son inconscient.&nbsp;Elle est analyste jungienne et auteure.&nbsp;<\/p>\n<p><strong>Articles<\/strong><\/p>\n<ul>\n<li><a href=\"https:\/\/www.cgjung.net\/espace\/accueil\/claudine-chatelain\/ariane\/\">Ariane, la sororit\u00e9 et la couronne bor\u00e9ale<\/a><\/li>\n<li><a href=\"https:\/\/www.cgjung.net\/espace\/accueil\/claudine-chatelain\/animus-dionysiaque\/\">L&rsquo;animus dionysiaque<\/a><\/li>\n<li><a href=\"https:\/\/www.cgjung.net\/espace\/accueil\/claudine-chatelain\/lilith\/\">Lilith, d\u00e9mone ou initi\u00e9e ?<\/a><\/li>\n<\/ul>\n<p><strong>Ouvrages<\/strong><\/p>\n<p>&nbsp;<\/p>\n<ul>\n<li><a href=\"https:\/\/www.cgjung.net\/espace\/ressources\/au-bord-de-l-ocean\/\">Au bord de l&rsquo;Oc\u00e9an j&rsquo;ai dessin\u00e9 et j&rsquo;ai r\u00eav\u00e9<\/a> (roman)<\/li>\n<li><a href=\"https:\/\/www.cgjung.net\/espace\/ressources\/peintures-poesies\/\">Au bord de la for\u00eat, j&rsquo;ai \u00e9cout\u00e9, et j&rsquo;ai r\u00eav\u00e9<\/a> (recueil de peintures et po\u00e9sies)<\/li>\n<\/ul>\n\n","protected":false},"excerpt":{"rendered":"<p>Dans ce recueil, Claudine Chatelain, contributrice d&rsquo;Espace Francophone Jungien, nous invite \u00e0 explorer notre for\u00eat int\u00e9rieure \u00e0 travers des peintures et des po\u00e9sies, offrant un voyage intime vers la connaissance de soi et une communion avec l&rsquo;Univers. \u00c9ditions BoD &nbsp; LA FOR\u00caT ENCHANT\u00c9E Or\u00e9e de la For\u00eat La gardienne des lieux Son visage est s\u00e9v\u00e8re [&hellip;]<\/p>\n","protected":false},"author":14,"featured_media":0,"parent":9713,"menu_order":0,"comment_status":"closed","ping_status":"closed","template":"","meta":{"footnotes":""},"class_list":["post-26455","page","type-page","status-publish","hentry"],"_links":{"self":[{"href":"https:\/\/www.cgjung.net\/espace\/wp-json\/wp\/v2\/pages\/26455","targetHints":{"allow":["GET"]}}],"collection":[{"href":"https:\/\/www.cgjung.net\/espace\/wp-json\/wp\/v2\/pages"}],"about":[{"href":"https:\/\/www.cgjung.net\/espace\/wp-json\/wp\/v2\/types\/page"}],"author":[{"embeddable":true,"href":"https:\/\/www.cgjung.net\/espace\/wp-json\/wp\/v2\/users\/14"}],"replies":[{"embeddable":true,"href":"https:\/\/www.cgjung.net\/espace\/wp-json\/wp\/v2\/comments?post=26455"}],"version-history":[{"count":8,"href":"https:\/\/www.cgjung.net\/espace\/wp-json\/wp\/v2\/pages\/26455\/revisions"}],"predecessor-version":[{"id":34004,"href":"https:\/\/www.cgjung.net\/espace\/wp-json\/wp\/v2\/pages\/26455\/revisions\/34004"}],"up":[{"embeddable":true,"href":"https:\/\/www.cgjung.net\/espace\/wp-json\/wp\/v2\/pages\/9713"}],"wp:attachment":[{"href":"https:\/\/www.cgjung.net\/espace\/wp-json\/wp\/v2\/media?parent=26455"}],"curies":[{"name":"wp","href":"https:\/\/api.w.org\/{rel}","templated":true}]}}