{"id":26019,"date":"2024-07-23T07:05:50","date_gmt":"2024-07-23T05:05:50","guid":{"rendered":"https:\/\/www.cgjung.net\/espace\/?page_id=26019"},"modified":"2025-01-08T15:07:12","modified_gmt":"2025-01-08T14:07:12","slug":"deux-ames-helas","status":"publish","type":"page","link":"https:\/\/www.cgjung.net\/espace\/ressources\/deux-ames-helas\/","title":{"rendered":"Two Souls Alas [Deux \u00e2mes h\u00e9las] de Mark Saban"},"content":{"rendered":"<p><strong>Dans son autobiographie, Ma vie, C.G. Jung raconte qu\u2019enfant, il a v\u00e9cu l\u2019exp\u00e9rience de poss\u00e9der deux personnalit\u00e9s.<\/strong><\/p>\n<p><strong><em>Two Souls Alas<\/em> [Deux \u00e2mes h\u00e9las], sous titr\u00e9 <em>Les deux personnalit\u00e9s de Jung et l&rsquo;\u00e9laboration de la psychologie analytique,<\/em> est le premier livre \u00e0 sugg\u00e9rer que l\u2019exp\u00e9rience de Jung li\u00e9 \u00e0 la dynamique difficile entre ses deux personnalit\u00e9s \u00e9claire les principes fondamentaux derri\u00e8re le d\u00e9veloppement de son mod\u00e8le psychologique et renforce la th\u00e9orie et la pratique de la psychologie analytique dans son ensemble. <\/strong>[Ce livre n\u2019est pas traduit en fran\u00e7ais.]\n<p style=\"text-align: center;\"><img loading=\"lazy\" decoding=\"async\" class=\"aligncenter size-full wp-image-25559\" src=\"https:\/\/www.cgjung.net\/espace\/wp-content\/uploads\/2024\/07\/two-souls-alas-mark-saban.jpg\" alt=\"\" width=\"280\" height=\"405\" srcset=\"https:\/\/www.cgjung.net\/espace\/wp-content\/uploads\/2024\/07\/two-souls-alas-mark-saban.jpg 280w, https:\/\/www.cgjung.net\/espace\/wp-content\/uploads\/2024\/07\/two-souls-alas-mark-saban-207x300.jpg 207w\" sizes=\"auto, (max-width: 280px) 100vw, 280px\" \/><\/p>\n<p style=\"text-align: right;\"><a href=\"https:\/\/www.cgjung.net\/espace\/jps\/books-resources\/two-souls-alas\/\">Version anglaise de cette pr\u00e9sentation<\/a><\/p>\n<p style=\"text-align: left;\">En lien avec la pr\u00e9sentation de cet ouvrage lire <a href=\"https:\/\/www.cgjung.net\/espace\/accueil\/peggy-vermeesch\/entretien-mark-saban\/\">l&rsquo;entretien avec Mark Saban<\/a> centr\u00e9 sur cet ouvrage.<\/p>\n<p>Mark Saban sugg\u00e8re que ce que Jung a tir\u00e9 de son exp\u00e9rience de division int\u00e9rieure est le principe selon lequel la sant\u00e9 psychologique d\u00e9pend de l&rsquo;\u00e9vitement de l&rsquo;unilat\u00e9ralisme \u2013 un pr\u00e9cepte qui sous-tend la notion fondamentale d&rsquo;individuation chez Jung. En pratique, ce processus n\u00e9cessite, encore et encore, que toute position, approche ou croyance unilat\u00e9rale soit mise en tension avec une position \u00ab\u00a0oppos\u00e9e\u00a0\u00bb conflictuelle, afin qu&rsquo;une troisi\u00e8me position puisse \u00eatre atteinte, transcendant les deux positions initiales.<\/p>\n<p>Dans la deuxi\u00e8me partie du livre, Saban reprend ce principe et l\u2019utilise pour effectuer une critique interne de la psychologie analytique telle qu&rsquo;elle est consign\u00e9e dans les \u0152uvres Compl\u00e8tes de Jung. Il sugg\u00e8re que, dans certains domaines, l&rsquo;unilat\u00e9ralisme personnel de Jung \u2013 en particulier sa tendance persistante \u00e0 privil\u00e9gier la dimension int\u00e9rieure du travail psychologique tout en minimisant ou en ignorant la dimension ext\u00e9rieure \u2013 a affaibli sa capacit\u00e9 \u00e0 suivre pleinement la \u00ab\u00a0logique\u00a0\u00bb des deux personnalit\u00e9s. Saban soutient qu&rsquo;en cons\u00e9quence, la psychologie analytique n&rsquo;a pas r\u00e9ussi \u00e0 trouver une position \u00e0 partir de laquelle elle puisse s&rsquo;engager de mani\u00e8re cr\u00e9ative avec les questions politiques, sociales et historiques.<\/p>\n<p>Ce livre ouvre une nouvelle voie pour la psychologie post-jungienne et indique des fa\u00e7ons dont, en suivant la logique des deux personnalit\u00e9s, l&rsquo;unilat\u00e9ralisme qui a longtemps assombri la psychologie jungienne peut commencer \u00e0 \u00eatre corrig\u00e9.<\/p>\n<p>&nbsp;<\/p>\n<h2>Extrait de l&rsquo;introduction<\/h2>\n<blockquote>\n<div>J&rsquo;utilise ce que je comprends \u00eatre le mod\u00e8le d&rsquo;individuation de&nbsp;Jung pour fournir une critique interne de la version particuli\u00e8re&nbsp;de la psychologie jungienne qui nous est parvenue et qui reste&nbsp;fondamentale pour les organisations de formation jungiennes \u00e0&nbsp;travers le monde. En effet, j&rsquo;utilise Jung pour critiquer Jung.<\/div>\n<p><strong>Dans le premier chapitre<\/strong>, je r\u00e9alise une enqu\u00eate initiale sur l&rsquo;exp\u00e9rience des deux personnalit\u00e9s de Jung et la mets en tension avec sa notion de mythe personnel.<\/p>\n<p>Apr\u00e8s avoir ainsi pos\u00e9 le cadre, <strong>dans le deuxi\u00e8me chapitre<\/strong>, j&rsquo;examine&nbsp;les mani\u00e8res dont Jung a entrepris de d\u00e9velopper un mod\u00e8le de la&nbsp;psych\u00e9 permettant de comprendre correctement la dynamique des&nbsp;deux personnalit\u00e9s.<\/p>\n<p><strong>Le troisi\u00e8me chapitre<\/strong> examine la tentative de Jung de traiter une rencontre avec la personnalit\u00e9 num\u00e9ro 2 \u00e0 travers sa relation cruciale avec Freud, pourquoi cette relation a \u00e9chou\u00e9, et ce que cet \u00e9chec a \u00e0 voir avec ses exp\u00e9riences pr\u00e9coces.<\/p>\n<p><strong>Dans le quatri\u00e8me chapitre<\/strong>, les relations de Jung avec une s\u00e9rie de&nbsp;femmes importantes sont \u00e9tudi\u00e9es en d\u00e9tail, en accordant une&nbsp;attention particuli\u00e8re \u00e0 la mani\u00e8re dont Jung avait tendance \u00e0&nbsp;internaliser des aspects de ses relations ext\u00e9rieures pour les&nbsp;approprier dans le cadre de son d\u00e9veloppement int\u00e9rieur.<\/p>\n<p><strong>Dans le cinqui\u00e8me chapitre<\/strong>, je me concentre sur l\u2019accent mis par&nbsp;Jung sur la dimension int\u00e9rieure et la n\u00e9gligence de la dimension&nbsp;ext\u00e9rieure, un th\u00e8me que je d\u00e9veloppe <strong>dans le sixi\u00e8me chapitre<\/strong>, o\u00f9&nbsp;j\u2019examine certaines des mani\u00e8res dont l\u2019approche unilat\u00e9rale de Jung&nbsp;se manifeste dans le travail clinique et l\u2019analyse politique.<\/p>\n<p style=\"text-align: left;\"><em> Editeur: Chiron Publications \u2013 2019 \u2013 266 pages \u2013 ISBN 9781630517489 \u2013 229 x 152 x 15 mm <\/em><\/p>\n<\/blockquote>\n<h2>&nbsp;<\/h2>\n<p><img loading=\"lazy\" decoding=\"async\" class=\" wp-image-25559 alignright\" src=\"https:\/\/www.cgjung.net\/espace\/wp-content\/uploads\/2024\/07\/mark-saban.jpg\" alt=\"\" width=\"120\" height=\"145\" \/><\/p>\n<h2>Mark Saban, PhD<\/h2>\n<p>Mark Saban s&rsquo;est form\u00e9 aupr\u00e8s du Groupe Ind\u00e9pendant de Psychologues Analytiques&nbsp;(IGAP) avec lequel il est analyste senior, travaillant \u00e0 Londres et \u00e0 Oxford. Il est \u00e9galement directeur du Master en \u00c9tudes Jungiennes et Post-Jungiennes au D\u00e9partement d&rsquo;\u00c9tudes Psychosociales et Psychanalytiques de l&rsquo;Universit\u00e9 d&rsquo;Essex.<\/p>\n<p><strong>Publications<\/strong>: Mark Saban a co-\u00e9dit\u00e9 (avec Emilija Kiehl et Andrew Samuels)&nbsp;<em>Analysis and Activism &#8211; Social and Political Contributions of Jungian Psychology <\/em>(Routledge 2016) et a \u00e9crit <em>Two Souls Alas: Jung\u2019s Two Personalities and the Making of Analytical Psychology<\/em> (Chiron 2019), qui a remport\u00e9 le Prix du Meilleur Livre 2019 de l&rsquo;Association Internationale des \u00c9tudes Jungiennes (IAJS).<\/p>\n<p><strong>Pour en savoir plus<\/strong><\/p>\n<p><a href=\"https:\/\/www.cgjung.net\/espace\/accueil\/peggy-vermeesch\/entretien-mark-saban\/\">Entretien Peggy Vermeesch avec Mark Saban<\/a> centr\u00e9 sur l&rsquo;ouvrage <a href=\"https:\/\/www.cgjung.net\/espace\/ressources\/deux-ames-helas\/\">Two Souls Alas [Deux \u00e2mes h\u00e9las]<\/a>.<\/p>\n\n","protected":false},"excerpt":{"rendered":"<p>Dans son autobiographie, Ma vie, C.G. Jung raconte qu\u2019enfant, il a v\u00e9cu l\u2019exp\u00e9rience de poss\u00e9der deux personnalit\u00e9s. Two Souls Alas [Deux \u00e2mes h\u00e9las], sous titr\u00e9 Les deux personnalit\u00e9s de Jung et l&rsquo;\u00e9laboration de la psychologie analytique, est le premier livre \u00e0 sugg\u00e9rer que l\u2019exp\u00e9rience de Jung li\u00e9 \u00e0 la dynamique difficile entre ses deux personnalit\u00e9s [&hellip;]<\/p>\n","protected":false},"author":9,"featured_media":0,"parent":9713,"menu_order":8,"comment_status":"closed","ping_status":"closed","template":"","meta":{"footnotes":""},"class_list":["post-26019","page","type-page","status-publish","hentry"],"_links":{"self":[{"href":"https:\/\/www.cgjung.net\/espace\/wp-json\/wp\/v2\/pages\/26019","targetHints":{"allow":["GET"]}}],"collection":[{"href":"https:\/\/www.cgjung.net\/espace\/wp-json\/wp\/v2\/pages"}],"about":[{"href":"https:\/\/www.cgjung.net\/espace\/wp-json\/wp\/v2\/types\/page"}],"author":[{"embeddable":true,"href":"https:\/\/www.cgjung.net\/espace\/wp-json\/wp\/v2\/users\/9"}],"replies":[{"embeddable":true,"href":"https:\/\/www.cgjung.net\/espace\/wp-json\/wp\/v2\/comments?post=26019"}],"version-history":[{"count":18,"href":"https:\/\/www.cgjung.net\/espace\/wp-json\/wp\/v2\/pages\/26019\/revisions"}],"predecessor-version":[{"id":28035,"href":"https:\/\/www.cgjung.net\/espace\/wp-json\/wp\/v2\/pages\/26019\/revisions\/28035"}],"up":[{"embeddable":true,"href":"https:\/\/www.cgjung.net\/espace\/wp-json\/wp\/v2\/pages\/9713"}],"wp:attachment":[{"href":"https:\/\/www.cgjung.net\/espace\/wp-json\/wp\/v2\/media?parent=26019"}],"curies":[{"name":"wp","href":"https:\/\/api.w.org\/{rel}","templated":true}]}}