{"id":25636,"date":"2024-07-14T06:32:41","date_gmt":"2024-07-14T04:32:41","guid":{"rendered":"https:\/\/www.cgjung.net\/espace\/?page_id=25636"},"modified":"2024-07-15T10:52:16","modified_gmt":"2024-07-15T08:52:16","slug":"symboles-archetypes","status":"publish","type":"page","link":"https:\/\/www.cgjung.net\/espace\/bernard-long-homeopathie\/symboles-archetypes\/","title":{"rendered":"Symboles et arch\u00e9types en hom\u00e9opathie"},"content":{"rendered":"<p><strong>Le livre de Bernard Long, <em>Symboles et arch\u00e9types en hom\u00e9opathie<\/em>, reprend un certain nombre d&rsquo;articles publi\u00e9s sur ce site et les compl\u00e8te. Cet ouvrage, r\u00e9dig\u00e9 par un m\u00e9decin hom\u00e9opathe exp\u00e9riment\u00e9 en psychologie jungienne, constitue une ressource pr\u00e9cieuse.<\/strong><\/p>\n<p>Le <a href=\"#repertoire\">R\u00e9pertoire hom\u00e9opathique des maladies aigu\u00ebs<\/a> compl\u00e8te utilement cet ouvrage.<\/p>\n<p><img loading=\"lazy\" decoding=\"async\" class=\"aligncenter size-full wp-image-25633\" src=\"https:\/\/www.cgjung.net\/espace\/wp-content\/uploads\/2024\/07\/symboles-et-archetypes.jpg\" alt=\"\" width=\"280\" height=\"398\" srcset=\"https:\/\/www.cgjung.net\/espace\/wp-content\/uploads\/2024\/07\/symboles-et-archetypes.jpg 280w, https:\/\/www.cgjung.net\/espace\/wp-content\/uploads\/2024\/07\/symboles-et-archetypes-211x300.jpg 211w\" sizes=\"auto, (max-width: 280px) 100vw, 280px\" \/><\/p>\n<p style=\"text-align: center;\"><a href=\"https:\/\/librairie.bod.fr\/symboles-et-archetypes-bernard-long-9782322503162\" target=\"_blank\" rel=\"noopener\">\u00c9ditions Books On Demand<\/a><\/p>\n<p>Ce livre d\u00e9crit environ 80 rem\u00e8des hom\u00e9opathiques, \u00e0 travers leurs sympt\u00f4mes de pathog\u00e9n\u00e9sie, de cas r\u00e9pertori\u00e9s dans la litt\u00e9rature hom\u00e9opathique, \u00e0 la lumi\u00e8re de la psychologie de Jung.<\/p>\n<p>A la fin de l&rsquo;ouvrage on trouve un expos\u00e9 plus th\u00e9orique qui expose la vision que l&rsquo;on peut tirer de la mati\u00e8re m\u00e9dicale en suivant des notions jungiennes.<\/p>\n<h3>Pr\u00e9face de Dominique Maistre<\/h3>\n<p>Cet ouvrage pr\u00e9sente une interpr\u00e9tation originale de la dynamique \u00e0 l&rsquo;oeuvre dans la th\u00e9rapeutique hom\u00e9opathique. Non pas qu&rsquo;il d\u00e9termine le mode d&rsquo;action du rem\u00e8de hom\u00e9opathique, mais plut\u00f4t qu&rsquo;il inclut ce mode d&rsquo;action dans une pens\u00e9e \u00e0 la fois jungienne et alchimique d&rsquo;une part et une pens\u00e9e que je qualifierais de <em>nagarjunienne<\/em> par la prise en compte de l&rsquo;interd\u00e9pendance universelle, source de la notion de vacuit\u00e9.<\/p>\n<p>En effet, Bernard Long a \u00e9tudi\u00e9 \u00e0 la fois l&rsquo;oeuvre de C.G. Jung, il s&rsquo;est int\u00e9ress\u00e9 aux \u00e9crits alchimiques et \u00e0 la philosophie bouddhiste de la vacuit\u00e9. Il exerce par ailleurs l&rsquo;hom\u00e9opathie hahnemannienne depuis de nombreuses ann\u00e9es.<\/p>\n<p>On pourrait consid\u00e9rer cet ouvrage comme une synth\u00e8se de ces diff\u00e9rents chemins d&rsquo;approche du r\u00e9el au service de l&rsquo;art hom\u00e9opathique. Si l&rsquo;hom\u00e9opathie fait partie des m\u00e9decines empiriques, il n&rsquo;en reste pas moins qu&rsquo;elle prend en compte la dimension individuelle du vivant immerg\u00e9 dans l&rsquo;interd\u00e9pendance universelle des causes et conditions multiples et infinies dont l&rsquo;actuelle physique quantique tente d&rsquo;explorer les arcanes.<\/p>\n<p>Nous trouvons ici, un ouvrage de synth\u00e8se d&rsquo;un auteur en qu\u00eate d&rsquo;un r\u00e9el qui, pour \u00eatre inaccessible, n&rsquo;en reste pas moins approchable et dans lequel s&rsquo;inscrit \u00e0 coup s\u00fbr la dynamique hom\u00e9opathique qui cherche \u00e0 rassembler les causes et conditions autant que faire se peut tant elles sont infinies.<\/p>\n<p>Un ouvrage qui ouvre des perspectives pour ceux qui voudraient ne pas se contenter des dogmes.<\/p>\n<h3>Table des mati\u00e8res<\/h3>\n<p>Avant-propos | Remerciements | Avertissement | G\u00e9n\u00e9ralit\u00e9s<\/p>\n<p><strong>Mati\u00e8re m\u00e9dicale<\/strong><\/p>\n<p>Chapitre 1 Le chaos<br \/>\nChapitre 2 La symbiose<br \/>\nChapitre 3 La s\u00e9paration<br \/>\nChapitre 4 La structuration<br \/>\nChapitre 5 Persona et ombre<br \/>\nChapitre 6 Animus et anima<br \/>\nChapitre 7 Le roi et la reine<br \/>\nChapitre 8 Conjonction &#8211; dans le<br \/>\nChapitre 9 Construire &#8211; l&rsquo;inflation (construire &#8211; amasser &#8211; dominer | s\u00e9duire &#8211; plaire | faire partie &#8211; empathie)<br \/>\nChapitre 10 La justice &#8211; la loi<br \/>\nChapitre 11 La r\u00e9volte<br \/>\nChapitre 12 La confrontation &#8211; le combat (peur &#8211; r\u00e9sistance &#8211; protection | se battre)<br \/>\nChapitre 13 La mort &#8211; <em>nigredo<\/em><br \/>\nChapitre 14 L&rsquo;\u00e9veil \u00e0 l&rsquo;inconscient<br \/>\nChapitre 15 La purification et l&rsquo;int\u00e9gration. L&rsquo;individuation &#8211; sagesse et compassion<\/p>\n<p><strong>R\u00e9flexions sur l&rsquo;hom\u00e9opathie<\/strong><\/p>\n<p>La maladie<br \/>\nCausalit\u00e9 et synchronicit\u00e9<br \/>\nSignes et symboles<br \/>\nLe r\u00eave en pratique hom\u00e9opathique<br \/>\nHom\u00e9opathie et mandala<br \/>\nSimitimum, globalit\u00e9, interd\u00e9pendance et vacuit\u00e9<\/p>\n<p>Glossaire de d\u00e9finitions<\/p>\n<p>Index et bibliographie g\u00e9n\u00e9rale<\/p>\n<p>&nbsp;<\/p>\n<p><i>\u00c9diteur : Books On Demand\u2013 2024 \u2013 364pages \u2013 ISBN 978232250316 \u2013 19 x 27 x 2.3 cm<\/i><\/p>\n<p>&nbsp;<\/p>\n<h2><a id=\"repertoire\"><\/a>R\u00e9pertoire hom\u00e9opathique des maladies aigu\u00ebs<\/h2>\n<p>Cet ouvrage est un r\u00e9pertoire hom\u00e9opathique des maladies aigues, il compl\u00e8te utilement le livre ci-dessus.<\/p>\n<p><img loading=\"lazy\" decoding=\"async\" class=\"aligncenter size-full wp-image-25632\" src=\"https:\/\/www.cgjung.net\/espace\/wp-content\/uploads\/2024\/07\/repertoire-homeopathique-des-maladies-aigues.jpg\" alt=\"\" width=\"280\" height=\"398\" srcset=\"https:\/\/www.cgjung.net\/espace\/wp-content\/uploads\/2024\/07\/repertoire-homeopathique-des-maladies-aigues.jpg 280w, https:\/\/www.cgjung.net\/espace\/wp-content\/uploads\/2024\/07\/repertoire-homeopathique-des-maladies-aigues-211x300.jpg 211w\" sizes=\"auto, (max-width: 280px) 100vw, 280px\" \/><\/p>\n<p style=\"text-align: center;\"><a href=\"https:\/\/librairie.bod.fr\/repertoire-homeopathique-des-maladies-aigues-bernard-long-9782322505135\" target=\"_blank\" rel=\"noopener\">\u00c9ditions Books On Demand<\/a><\/p>\n<p>Ce livre r\u00e9pond essentiellement aux besoins des soignants ou des malades confront\u00e9s \u00e0 une affection aigu\u00eb. Il ignore donc d\u00e9lib\u00e9r\u00e9ment les maladies chroniques qui n\u00e9cessitent, pour leur traitement, une \u00e9lude extr\u00eamement d\u00e9licate et exhaustive du cas, tout \u00e0 fait incompatible avec le caract\u00e8re restreint et limit\u00e9 de ce livre.<\/p>\n<p>Il s&rsquo;adresse aux hom\u00e9opathes confirm\u00e9s qui veulent v\u00e9rifier un d\u00e9tail, aux hom\u00e9opathes plus h\u00e9sitants qui d\u00e9sirent \u00eatre pr\u00e9cis dans la prescription sans utiliser trop d&rsquo;ouvrages lors d&rsquo;une consultation ou d&rsquo;une visite, et \u00e9ventuellement \u00e0 quelques familles qui sont \u00e9loign\u00e9es de leur m\u00e9decin ou qui ne peuvent s&rsquo;adresser \u00e0 lui dans l&rsquo;imm\u00e9diat, ainsi qu&rsquo;\u00e0 tous ceux que l&rsquo;hom\u00e9opathie int\u00e9resse.<\/p>\n<p>Il n&rsquo;est pas fait pour encourager l&rsquo;autom\u00e9dication (qui n&rsquo;est pas souhaitable), mais pour att\u00e9nuer l&rsquo;incertitude d&rsquo;une prescription parfois d\u00e9licate. Ce r\u00e9pertoire n&rsquo;est pas l\u00e0 pour se substituer au m\u00e9decin, il est fait pour aider celui qui cherche le m\u00e9dicament du moment apr\u00e8s avoir pris toutes les pr\u00e9cautions, pour \u00e9liminer le risque de vouloir traiter une affection qui n\u00e9cessiterait un traitement chirurgical ou une th\u00e9rapeutique chimique urgente.<\/p>\n<p><em>Le livre comprend : une pr\u00e9sentation d\u00e9taill\u00e9e de l&rsquo;hom\u00e9opathie, un dictionnaire de pathologies, une mati\u00e8re m\u00e9dicale de 250 rem\u00e8des, un r\u00e9pertoire, un index d\u00e9taill\u00e9 de toutes les notions et de tous les sympt\u00f4mes du r\u00e9pertoire.<\/em><\/p>\n<p>&nbsp;<\/p>\n<p><i>\u00c9diteur : Books On Demand\u2013 2024 \u2013 810pages \u2013 ISBN 9782322505135 \u2013 14,8 x 21 x 5 cm<\/i><\/p>\n<p>&nbsp;<\/p>\n<p style=\"text-align: justify;\"><em><strong>Important<\/strong> : il est possible que l&rsquo;un des rem\u00e8des d\u00e9crits sur ce site vous convienne, mais on ne peut l&rsquo;affirmer sans un interrogatoire et un examen s\u00e9rieux effectu\u00e9s par un m\u00e9decin hom\u00e9opathe. Le site est fait pour faire conna\u00eetre l&rsquo;hom\u00e9opathie, en aucun cas il ne peut se substituer \u00e0 un th\u00e9rapeute. Le docteur Bernard Long n&rsquo;assure plus de consultations.<\/em><\/p>\n<p><a href=\"https:\/\/www.cgjung.net\/contact.htm\"><strong>Adresser un message \u00e0 Bernard Long<\/strong><\/a>&nbsp;<span style=\"color: #ff0000;\">(Il ne doit pas concerner une consultation \u00e0 caract\u00e8re m\u00e9dical).<\/span><\/p>\n<h2>Bernard Long<\/h2>\n<p><a href=\"https:\/\/www.cgjung.net\/espace\/bernard-long-homeopathie\/\">Pr\u00e9sentation du docteur Bernard Long<\/a><\/p>\n<h2>Ouvrages<\/h2>\n<ul>\n<li><a href=\"https:\/\/www.cgjung.net\/espace\/bernard-long-homeopathie\/symboles-archetypes\/\">Symboles et arch\u00e9types en hom\u00e9opathie<\/a>, reprend un certain nombre d\u2019articles publi\u00e9s sur ce site et les compl\u00e8te.<\/li>\n<li><a href=\"https:\/\/www.cgjung.net\/espace\/bernard-long-homeopathie\/symboles-archetypes\/#repertoire\">Le R\u00e9pertoire hom\u00e9opathique des maladies aigu\u00ebs<\/a> compl\u00e8te utilement cet ouvrage.<\/li>\n<li><a href=\"https:\/\/www.cgjung.net\/espace\/bernard-long-homeopathie\/enfant-mere-homeopathie\/\">L&rsquo;enfant, la m\u00e8re et l&rsquo;hom\u00e9opathie<\/a><\/li>\n<\/ul>\n<h2>Articles de Bernard Long<\/h2>\n<div class=\"menu-bernard-long-container\">\n<ul id=\"menu-bernard-long\" class=\"menu\">\n<li id=\"menu-item-2211\" class=\"menu-item menu-item-type-post_type menu-item-object-page current-page-ancestor menu-item-2211\"><a href=\"https:\/\/www.cgjung.net\/espace\/bernard-long-homeopathie\/lexique-de-lhomeopathie\/\">Lexique de l\u2019hom\u00e9opathie<\/a><\/li>\n<li id=\"menu-item-3010\" class=\"menu-item menu-item-type-post_type menu-item-object-page menu-item-3010\"><a href=\"https:\/\/www.cgjung.net\/espace\/bernard-long-homeopathie\/homeopathie-et-synchronicite\/\">Hom\u00e9opathie et synchronicit\u00e9<\/a><\/li>\n<li id=\"menu-item-2212\" class=\"menu-item menu-item-type-post_type menu-item-object-page menu-item-2212\"><a href=\"https:\/\/www.cgjung.net\/espace\/bernard-long-homeopathie\/le-reve-en-pratique-homeopathique\/\">R\u00eave en hom\u00e9opathie<\/a><\/li>\n<li id=\"menu-item-2213\" class=\"menu-item menu-item-type-post_type menu-item-object-page menu-item-2213\"><a href=\"https:\/\/www.cgjung.net\/espace\/bernard-long-homeopathie\/homeopathie-mandala\/\">Hom\u00e9opathie et mandala<\/a><\/li>\n<li id=\"menu-item-2214\" class=\"menu-item menu-item-type-post_type menu-item-object-page menu-item-2214\"><a href=\"https:\/\/www.cgjung.net\/espace\/bernard-long-homeopathie\/le-mercure\/\">Le Mercure<\/a><\/li>\n<li id=\"menu-item-2215\" class=\"menu-item menu-item-type-post_type menu-item-object-page menu-item-2215\"><a href=\"https:\/\/www.cgjung.net\/espace\/bernard-long-homeopathie\/coquille-philosophique\/\">Calcarea carbonica<\/a><\/li>\n<li id=\"menu-item-2216\" class=\"menu-item menu-item-type-post_type menu-item-object-page menu-item-2216\"><a href=\"https:\/\/www.cgjung.net\/espace\/bernard-long-homeopathie\/pulsatilla\/\">Pulsatilla<\/a><\/li>\n<li id=\"menu-item-2217\" class=\"menu-item menu-item-type-post_type menu-item-object-page menu-item-2217\"><a href=\"https:\/\/www.cgjung.net\/espace\/bernard-long-homeopathie\/jung-et-lhomeopathie\/\">Jung et l\u2019hom\u00e9opathie<\/a><\/li>\n<li id=\"menu-item-2218\" class=\"menu-item menu-item-type-post_type menu-item-object-page menu-item-2218\"><a href=\"https:\/\/www.cgjung.net\/espace\/bernard-long-homeopathie\/aconit\/\">Aconit<\/a><\/li>\n<li id=\"menu-item-2257\" class=\"menu-item menu-item-type-post_type menu-item-object-page menu-item-has-children menu-item-2257\"><a href=\"https:\/\/www.cgjung.net\/espace\/bernard-long-homeopathie\/arsenic\/\">Arsenic : aspects philosophique et psychologique<\/a><\/li>\n<li id=\"menu-item-2219\" class=\"menu-item menu-item-type-post_type menu-item-object-page menu-item-2219\"><a href=\"https:\/\/www.cgjung.net\/espace\/bernard-long-homeopathie\/arsenic\/vie-maladie-mortelle\/\">Arsenic : la vie est une maladie mortelle<\/a><\/li>\n<li id=\"menu-item-2220\" class=\"menu-item menu-item-type-post_type menu-item-object-page menu-item-has-children menu-item-2220\"><a href=\"https:\/\/www.cgjung.net\/espace\/bernard-long-homeopathie\/plante-belladona-belladone\/\">Belladona, la belle qui a du chien<\/a><\/li>\n<li id=\"menu-item-2446\" class=\"menu-item menu-item-type-post_type menu-item-object-page menu-item-2446\"><a href=\"https:\/\/www.cgjung.net\/espace\/bernard-long-homeopathie\/plante-belladona-belladone\/plante-homeopathique-belladona-belladone\/\">Belladona, un combat pour la vie<\/a><\/li>\n<li id=\"menu-item-3433\" class=\"menu-item menu-item-type-post_type menu-item-object-page menu-item-3433\"><a href=\"https:\/\/www.cgjung.net\/espace\/bernard-long-homeopathie\/information-compensatoire\/\">Hom\u00e9opathie : information compensatoire ?<\/a><\/li>\n<li id=\"menu-item-4301\" class=\"menu-item menu-item-type-post_type menu-item-object-page menu-item-4301\"><a href=\"https:\/\/www.cgjung.net\/espace\/bernard-long-homeopathie\/alumine-matiere-alchimie-symbolique\/\">D\u2019alumine \u00e0 alumina : mati\u00e8re, alchimie, symbolique<\/a><\/li>\n<li id=\"menu-item-5163\" class=\"menu-item menu-item-type-post_type menu-item-object-page menu-item-5163\"><a href=\"https:\/\/www.cgjung.net\/espace\/bernard-long-homeopathie\/symbolisme-du-sel\/\">Symbolisme du sel et hom\u00e9opathie<\/a><\/li>\n<li id=\"menu-item-5686\" class=\"menu-item menu-item-type-post_type menu-item-object-page menu-item-5686\"><a href=\"https:\/\/www.cgjung.net\/espace\/bernard-long-homeopathie\/ambre-gris\/\">L\u2019ambre gris, ambra grisea<\/a><\/li>\n<li id=\"menu-item-6253\" class=\"menu-item menu-item-type-post_type menu-item-object-page menu-item-6253\"><a href=\"https:\/\/www.cgjung.net\/espace\/bernard-long-homeopathie\/de-soleil-dor-aurum-metallicum\/\">De soleil et d\u2019or : aurum m\u00e9tallicum<\/a><\/li>\n<li id=\"menu-item-6699\" class=\"menu-item menu-item-type-post_type menu-item-object-page menu-item-6699\"><a href=\"https:\/\/www.cgjung.net\/espace\/bernard-long-homeopathie\/argent-argentum\/\">Lune d\u2019argent : argentum<\/a><\/li>\n<li id=\"menu-item-7142\" class=\"menu-item menu-item-type-post_type menu-item-object-page menu-item-7142\"><a href=\"https:\/\/www.cgjung.net\/espace\/bernard-long-homeopathie\/le-charbon-de-bois-carbo-vegetabilis\/\">Le charbon de bois : carbo vegetabilis<\/a><\/li>\n<li id=\"menu-item-7203\" class=\"menu-item menu-item-type-post_type menu-item-object-page menu-item-7203\"><a href=\"https:\/\/www.cgjung.net\/espace\/bernard-long-homeopathie\/cuivre-et-remede\/\">Cuivre et rem\u00e8de \u2013 Cuprum metallicum<\/a><\/li>\n<li id=\"menu-item-7266\" class=\"menu-item menu-item-type-post_type menu-item-object-page menu-item-7266\"><a href=\"https:\/\/www.cgjung.net\/espace\/bernard-long-homeopathie\/symptomes-symboles\/\">Sympt\u00f4mes et Symboles en hom\u00e9opathie<\/a><\/li>\n<li id=\"menu-item-7975\" class=\"menu-item menu-item-type-post_type menu-item-object-page menu-item-7975\"><a href=\"https:\/\/www.cgjung.net\/espace\/bernard-long-homeopathie\/soufre-sulfur\/\">Le soufre, sulfur<\/a><\/li>\n<li id=\"menu-item-8444\" class=\"menu-item menu-item-type-post_type menu-item-object-page menu-item-8444\"><a href=\"https:\/\/www.cgjung.net\/espace\/bernard-long-homeopathie\/serpent-lachesis-mutus\/\">Le serpent : Lachesis mutus<\/a><\/li>\n<li id=\"menu-item-8857\" class=\"menu-item menu-item-type-post_type menu-item-object-page menu-item-8857\"><a href=\"https:\/\/www.cgjung.net\/espace\/bernard-long-homeopathie\/la-belle-et-le-crapaud\/\">La belle et le crapaud<\/a><\/li>\n<li id=\"menu-item-9847\" class=\"menu-item menu-item-type- menu-item-object- menu-item-9847\"><a href=\"https:\/\/www.cgjung.net\/espace\/bernard-long-homeopathie\/lycopodium\/\">Au loup ! Le rem\u00e8de hom\u00e9opathique lycopodium clavatum<\/a><\/li>\n<li><a href=\"https:\/\/www.cgjung.net\/espace\/bernard-long-homeopathie\/le-plomb-plumbum-metallicum\/\">Le plomb, plumbum m\u00e9tallicum hom\u00e9opathique<\/a><\/li>\n<li><a href=\"https:\/\/www.cgjung.net\/espace\/bernard-long-homeopathie\/camomille-remede\/\">La camomille : le rem\u00e8de hom\u00e9opathique chamomilla<\/a><\/li>\n<li><a href=\"https:\/\/www.cgjung.net\/espace\/bernard-long-homeopathie\/bore-borax\/\">Le bore, borax, rem\u00e8de hom\u00e9opathique<\/a><\/li>\n<li><a href=\"https:\/\/www.cgjung.net\/espace\/bernard-long-homeopathie\/rhus-toxicodendron\/\">Rhus toxicodendron, le rem\u00e8de et le sujet<\/a><\/li>\n<li><a href=\"https:\/\/www.cgjung.net\/espace\/bernard-long-homeopathie\/bryonia-alba-le-remede-du-confine\/\">Bryonia alba le rem\u00e8de du confin\u00e9<\/a><\/li>\n<li><a href=\"https:\/\/www.cgjung.net\/espace\/bernard-long-homeopathie\/staphysagria-remede-pouilleux\/\">Staphysagria le rem\u00e8de du pouilleux<\/a><\/li>\n<li><a href=\"https:\/\/www.cgjung.net\/espace\/bernard-long-homeopathie\/veratrum-album-remede-vantard\/\">Veratrum album, rem\u00e8de pr\u00e9tentieux et vantard<\/a><\/li>\n<li><a href=\"https:\/\/www.cgjung.net\/espace\/bernard-long-homeopathie\/hepar-sulfur-calcareum-un-pyromane-frileux\/\">Hepar Sulfur Calcareum, un pyromane frileux<\/a><\/li>\n<li><a href=\"https:\/\/www.cgjung.net\/espace\/bernard-long-homeopathie\/sepia-sang-encre\/\">Le sujet sepia se fait un sang d\u2019encre<\/a><\/li>\n<li><a href=\"https:\/\/www.cgjung.net\/espace\/bernard-long-homeopathie\/zincum-metallicum\/\">Zincum metallicum&nbsp;un sujet galvanis\u00e9<\/a><\/li>\n<li><a href=\"https:\/\/www.cgjung.net\/espace\/bernard-long-homeopathie\/natrum-carbonicum-lessive-alchimique\/\">Natrum carbonicum : la grande lessive alchimique<\/a><\/li>\n<li><a href=\"https:\/\/www.cgjung.net\/espace\/bernard-long-homeopathie\/silicea\/\">Silicea sent le sol se d\u00e9rober sous ses pieds<\/a><\/li>\n<li><a href=\"https:\/\/www.cgjung.net\/espace\/bernard-long-homeopathie\/hyoscyamus-niger\/\">La jusquiame noire, hyoscyamus niger, au pays des sorci\u00e8res<\/a><\/li>\n<li><a href=\"https:\/\/www.cgjung.net\/espace\/bernard-long-homeopathie\/ammonium-muriaticum\/\">Ammonium muriaticum et l&rsquo;histoire du Petit Poucet<\/a><\/li>\n<li><a href=\"https:\/\/www.cgjung.net\/espace\/bernard-long-homeopathie\/capsicum-annuum\/\">La nostalgie du pays de Capsicum annuum<\/a><\/li>\n<li><a href=\"https:\/\/www.cgjung.net\/espace\/bernard-long-homeopathie\/kalium-carbonicum\/\">Kalium carbonicum, purification et destruction<\/a><\/li>\n<li><a href=\"https:\/\/www.cgjung.net\/espace\/bernard-long-homeopathie\/causticum-caustique\/\">Causticum : un \u00eatre caustique et empathique<\/a><\/li>\n<li><a href=\"https:\/\/www.cgjung.net\/espace\/bernard-long-homeopathie\/thuya-occidentalis\/\">Thuya occidentalis et le mythe d\u2019osiris<\/a><\/li>\n<li><a href=\"https:\/\/www.cgjung.net\/espace\/bernard-long-homeopathie\/anacardium-orientale-ange-ou-demon\/\">Anacardium orientale, ange ou d\u00e9mon ?<\/a><\/li>\n<li><a href=\"https:\/\/www.cgjung.net\/espace\/bernard-long-homeopathie\/china-officinalis\/\">China officinalis, Hahnemann et les d\u00e9buts de l\u2019hom\u00e9opathie<\/a><\/li>\n<li><a href=\"https:\/\/www.cgjung.net\/espace\/bernard-long-homeopathie\/ignatia-amara-est-fou-damour\/\">Ignatia amara est fou d\u2019amour<\/a><\/li>\n<li><a href=\"https:\/\/www.cgjung.net\/espace\/bernard-long-homeopathie\/nux-vomica\/\">Nux vomica, le juste milieu entre l\u2019abus et la rigueur<\/a><\/li>\n<li><a href=\"https:\/\/www.cgjung.net\/espace\/bernard-long-homeopathie\/ombre-lumiere\/\">Datura Stramonium, ombre, lumi\u00e8re, symbiose et magie<\/a><\/li>\n<li><a href=\"https:\/\/www.cgjung.net\/espace\/bernard-long-homeopathie\/alchimie-homeopathie\/\">Le cinabre : alchimie et hom\u00e9opathie<\/a><\/li>\n<li><a href=\"https:\/\/www.cgjung.net\/espace\/bernard-long-homeopathie\/cicuta-virosa\/\">Cicuta virosa, une ombellif\u00e8re infantile<\/a><\/li>\n<li><a href=\"https:\/\/www.cgjung.net\/espace\/bernard-long-homeopathie\/tuberculinum\/\">Tuberculinum, un rem\u00e8de pneumatique<\/a><\/li>\n<li><a href=\"https:\/\/www.cgjung.net\/espace\/bernard-long-homeopathie\/camphora\/\">Camphora &#8211; La solitude de ces espaces infinis me glace !<\/a><\/li>\n<li id=\"menu-item-3149\" class=\"menu-item menu-item-type-post_type menu-item-object-page menu-item-3149\"><a href=\"https:\/\/www.cgjung.net\/espace\/bernard-long-homeopathie\/poesies-de-bernard-long\/\">Po\u00e9sies de Bernard Long<\/a><\/li>\n<\/ul>\n<\/div>\n\n","protected":false},"excerpt":{"rendered":"<p>Le livre de Bernard Long, Symboles et arch\u00e9types en hom\u00e9opathie, reprend un certain nombre d&rsquo;articles publi\u00e9s sur ce site et les compl\u00e8te. Cet ouvrage, r\u00e9dig\u00e9 par un m\u00e9decin hom\u00e9opathe exp\u00e9riment\u00e9 en psychologie jungienne, constitue une ressource pr\u00e9cieuse. Le R\u00e9pertoire hom\u00e9opathique des maladies aigu\u00ebs compl\u00e8te utilement cet ouvrage. \u00c9ditions Books On Demand Ce livre d\u00e9crit environ [&hellip;]<\/p>\n","protected":false},"author":1,"featured_media":0,"parent":61,"menu_order":0,"comment_status":"closed","ping_status":"closed","template":"","meta":{"footnotes":""},"class_list":["post-25636","page","type-page","status-publish","hentry"],"_links":{"self":[{"href":"https:\/\/www.cgjung.net\/espace\/wp-json\/wp\/v2\/pages\/25636","targetHints":{"allow":["GET"]}}],"collection":[{"href":"https:\/\/www.cgjung.net\/espace\/wp-json\/wp\/v2\/pages"}],"about":[{"href":"https:\/\/www.cgjung.net\/espace\/wp-json\/wp\/v2\/types\/page"}],"author":[{"embeddable":true,"href":"https:\/\/www.cgjung.net\/espace\/wp-json\/wp\/v2\/users\/1"}],"replies":[{"embeddable":true,"href":"https:\/\/www.cgjung.net\/espace\/wp-json\/wp\/v2\/comments?post=25636"}],"version-history":[{"count":9,"href":"https:\/\/www.cgjung.net\/espace\/wp-json\/wp\/v2\/pages\/25636\/revisions"}],"predecessor-version":[{"id":25734,"href":"https:\/\/www.cgjung.net\/espace\/wp-json\/wp\/v2\/pages\/25636\/revisions\/25734"}],"up":[{"embeddable":true,"href":"https:\/\/www.cgjung.net\/espace\/wp-json\/wp\/v2\/pages\/61"}],"wp:attachment":[{"href":"https:\/\/www.cgjung.net\/espace\/wp-json\/wp\/v2\/media?parent=25636"}],"curies":[{"name":"wp","href":"https:\/\/api.w.org\/{rel}","templated":true}]}}