{"id":25590,"date":"2024-07-19T08:53:22","date_gmt":"2024-07-19T06:53:22","guid":{"rendered":"https:\/\/www.cgjung.net\/espace\/?page_id=25590"},"modified":"2025-09-01T07:08:29","modified_gmt":"2025-09-01T05:08:29","slug":"2024-07","status":"publish","type":"page","link":"https:\/\/www.cgjung.net\/espace\/lettre-information\/2024-07\/","title":{"rendered":"Lettre d&rsquo;information Juillet 2024"},"content":{"rendered":"<p><strong>Cette lettre comprend :<\/strong> Anima et animus au XXIe si\u00e8cle | La participation mystique | D\u00e9fi Humain IA | Parano\u00efa | La voie des r\u00eaves | Symboles et arch\u00e9types en hom\u00e9opathie | Puer Aeternus | Entr\u00e9e en mati\u00e8re | Cahier Jungien | Revue de psychologie analytique | Folie lucide | Colloque 150e anniversaire naissance de Jung.<\/p>\n<p style=\"text-align: right;\"><a href=\"https:\/\/www.cgjung.net\/espace\/lettre-information\/\">Vous abonner ou vous d\u00e9sabonner<\/a><\/p>\n<p>Ch\u00e8re abonn\u00e9e, cher abonn\u00e9,<\/p>\n<p>Nous avions pr\u00e9vu de vous envoyer cette lettre d&rsquo;information en septembre. Toutefois, la richesse et la densit\u00e9 de l\u2019actualit\u00e9 nous incitent \u00e0 publier plus fr\u00e9quemment. Ainsi, nous souhaitons d\u00e8s \u00e0 pr\u00e9sent vous informer des derni\u00e8res mises \u00e0 jour.<\/p>\n<h1>Articles et entretien<\/h1>\n<h2><a href=\"https:\/\/www.cgjung.net\/espace\/ressources\/bernard-hort\/\"><img loading=\"lazy\" decoding=\"async\" class=\"size-full wp-image-25185 alignright\" src=\"https:\/\/www.cgjung.net\/espace\/wp-content\/uploads\/2024\/06\/anima-animus-bernard-hort-v.png\" alt=\"\" width=\"90\" height=\"142\" \/>Anima et animus au XXIe si\u00e8cle<\/a><\/h2>\n<p>Bernard Hort, dans cet entretien men\u00e9 par Rachel Huber, souligne l\u2019importance de l\u2019\u0153uvre de Jung et sa pertinence dans une soci\u00e9t\u00e9 en crise.<\/p>\n<p>Il met en avant la n\u00e9cessaire interdisciplinarit\u00e9 et propose des solutions pour une int\u00e9gration psychologique \u00e9quilibr\u00e9e.<\/p>\n<p>&nbsp;<\/p>\n<h2><a href=\"https:\/\/www.cgjung.net\/espace\/accueil\/claire-droin\/participation-mystique\/\"><img loading=\"lazy\" decoding=\"async\" class=\"size-full wp-image-25034 alignright\" src=\"https:\/\/www.cgjung.net\/espace\/wp-content\/uploads\/2024\/06\/participation-mystique-v.jpg\" alt=\"\" width=\"120\" height=\"120\" \/>La participation mystique selon C.G. Jung et M-L. von Franz<\/a><\/h2>\n<p>Claire Droin revisite notre relation au monde et \u00e0 la nature \u00e0 partir des \u00e9crits de C.G. Jung et M-L. von Franz.<\/p>\n<p>Elle souligne combien l\u2019identification inconsciente aux \u00e9l\u00e9ments qui nous entourent n\u00e9cessite un travail en profondeur qui, peu \u00e0 peu, \u00e9largit notre conscience et participe \u00e0 la transformation de nos soci\u00e9t\u00e9s.<\/p>\n<p>&nbsp;<\/p>\n<h2><a href=\"https:\/\/www.cgjung.net\/espace\/accueil\/jprobert\/humain-ia\/\"><img loading=\"lazy\" decoding=\"async\" class=\"alignright wp-image-24959\" src=\"https:\/\/www.cgjung.net\/espace\/wp-content\/uploads\/2024\/05\/humain-ia.jpg\" alt=\"\" width=\"150\" height=\"86\" srcset=\"https:\/\/www.cgjung.net\/espace\/wp-content\/uploads\/2024\/05\/humain-ia.jpg 600w, https:\/\/www.cgjung.net\/espace\/wp-content\/uploads\/2024\/05\/humain-ia-300x172.jpg 300w\" sizes=\"auto, (max-width: 150px) 100vw, 150px\" \/>Le d\u00e9fi de l&rsquo;Humain face \u00e0 l&rsquo;intelligence artificielle<\/a><\/h2>\n<p>Dans cet article, Jean-Pierre Robert pr\u00e9sente les avanc\u00e9es de l\u2019intelligence artificielle (IA) qui font la une des m\u00e9dias.<\/p>\n<p>Elles offrent des perspectives prometteuses mais repr\u00e9sentent \u00e9galement de r\u00e9elles menaces.<\/p>\n<h1>Ouvrages<\/h1>\n<h2><a href=\"https:\/\/www.cgjung.net\/espace\/ressources\/paranoia\/\"><img loading=\"lazy\" decoding=\"async\" class=\"size-full wp-image-25076 alignright\" src=\"https:\/\/www.cgjung.net\/espace\/wp-content\/uploads\/2024\/06\/Paranoia-folie-histoire-v.jpg\" alt=\"\" width=\"90\" height=\"129\" \/>Parano\u00efa. La folie qui fait l\u2019Histoire \u2013 Luigi Zoja<\/a><\/h2>\n<p>Le parano\u00efaque est souvent convaincant. Charismatique, m\u00eame. La folie qui l\u2019habite ne se manifeste pas au premier coup d\u2019\u0153il. Incapable de regarder en lui, il part de la certitude in\u00e9branlable que le mal vient toujours des autres.<\/p>\n<p>Un m\u00e9canisme insens\u00e9 mais qui ne perd jamais l\u2019apparence de la raison.<\/p>\n<p>&nbsp;<\/p>\n<h2><a href=\"https:\/\/www.cgjung.net\/mlvf\/oeuvre\/la_voie_des_reves.htm#poche\"><img loading=\"lazy\" decoding=\"async\" class=\"alignright size-full\" src=\"https:\/\/www.cgjung.net\/mlvf\/images\/la_voie_des_reves_poche_v.jpg\" width=\"90\" height=\"148\" \/>La voie des r\u00eaves<\/a><\/h2>\n<p>La voie des r\u00eaves de Marie-Louise von Franz est \u00e9dit\u00e9 au format poche.<\/p>\n<p>Ce livre, accessible \u00e0 tous, propose une multitude d\u2019interpr\u00e9tations de r\u00eaves \u00e0 partir de nombreux exemples.<\/p>\n<p>Texte de pr\u00e9sentation par Jean-Fran\u00e7ois Alizon.<\/p>\n<p>&nbsp;<\/p>\n<h2><a href=\"https:\/\/www.cgjung.net\/espace\/bernard-long-homeopathie\/symboles-archetypes\/\"><img loading=\"lazy\" decoding=\"async\" class=\"size-full wp-image-25634 alignright\" src=\"https:\/\/www.cgjung.net\/espace\/wp-content\/uploads\/2024\/07\/symboles-et-archetypes-v.jpg\" alt=\"\" width=\"90\" height=\"128\" \/>Symboles et arch\u00e9types en hom\u00e9opathie<\/a><\/h2>\n<p>Le livre du docteur Bernard Long, Symboles et arch\u00e9types en hom\u00e9opathie, reprend un certain nombre d\u2019articles publi\u00e9s sur ce site et les compl\u00e8te. Cet ouvrage constitue une ressource pr\u00e9cieuse.<\/p>\n<p>&nbsp;<\/p>\n<h2><a href=\"https:\/\/www.cgjung.net\/mlvf\/oeuvre\/puer-aeternus.htm\"><img loading=\"lazy\" decoding=\"async\" class=\"alignright size-full\" src=\"https:\/\/www.cgjung.net\/mlvf\/images\/puer-aeternus-v.png\" width=\"90\" height=\"141\" \/>Puer Aeternus<\/a><\/h2>\n<p>Marie-Louise von Franz a longuement observ\u00e9 les personnes qualifi\u00e9es de \u00ab\u00a0puer aeternus\u00a0\u00bb, l&rsquo;expression de l&rsquo;arch\u00e9type du dieu de la jeunesse \u00e9ternelle. Ces individus refusent de s&rsquo;engager pleinement dans la vie, rejettent le pr\u00e9sent et se r\u00e9v\u00e8lent incapables de transformer leurs imaginations en actions concr\u00e8tes.<\/p>\n<p>&nbsp;<\/p>\n<h2><a href=\"https:\/\/www.cgjung.net\/espace\/ressources\/yves-buisson\/\"><img loading=\"lazy\" decoding=\"async\" class=\"alignright size-full wp-image-25796\" src=\"https:\/\/www.cgjung.net\/espace\/wp-content\/uploads\/2024\/07\/entree-en-matiere-yves-buisson-v.jpg\" alt=\"\" width=\"90\" height=\"132\" \/>Entr\u00e9e en mati\u00e8re<\/a><\/h2>\n<p>Yves Buisson, praticien jungien au long parcours de vie, souligne la n\u00e9cessit\u00e9 de reconna\u00eetre et d\u2019assumer les paradoxes de l\u2019existence humaine pour atteindre une conscience plus profonde et une v\u00e9ritable libert\u00e9 individuelle.<\/p>\n<p>&nbsp;<\/p>\n<h2><a href=\"https:\/\/www.cgjung.net\/espace\/ressources\/cahiers-jungiens-de-psychanalyse-no-159-2024\/\"><img loading=\"lazy\" decoding=\"async\" class=\"alignright size-full wp-image-25706\" src=\"https:\/\/www.cgjung.net\/espace\/wp-content\/uploads\/2024\/07\/cahiers-jungiens-de-psychanalyse-no-159-v.jpg\" alt=\"\" width=\"90\" height=\"133\" \/>Cahiers Jungiens de Psychanalyse no 159<\/a><\/h2>\n<p>Comment \u00eatre jungien aujourd\u2019hui \u00e0 travers le monde ?<br \/>\nCe questionnement central est enrichi par des r\u00e9flexions sur les d\u00e9veloppements actuels de la th\u00e9orie, le r\u00f4le des pratiques cliniques dans notre rapport \u00e0 une culture en perp\u00e9tuelle \u00e9volution, et les enjeux \u00e9thiques auxquels nous sommes confront\u00e9s.<\/p>\n<p>&nbsp;<\/p>\n<h2><a href=\"https:\/\/www.cgjung.net\/espace\/ressources\/revue-de-psychologie-analytique-no-12\/\"><img loading=\"lazy\" decoding=\"async\" class=\"alignright size-full wp-image-25720\" src=\"https:\/\/www.cgjung.net\/espace\/wp-content\/uploads\/2024\/07\/rpa-12-v.png\" alt=\"\" width=\"90\" height=\"133\" \/>Revue de Psychologie Analytique no 12<\/a><\/h2>\n<p>La psychologie analytique face \u00e0 un monde en changement : crises, destructions, reconstructions, morts et renaissances. Comment naviguer \u00e0 travers incertitudes et questionnements ?<\/p>\n<p>&nbsp;<\/p>\n<h1>Coup de c\u0153ur<\/h1>\n<h2><a href=\"https:\/\/www.cgjung.net\/espace\/accueil\/breves-efj\/paranoia-folie-lucide\/\"><img loading=\"lazy\" decoding=\"async\" class=\"size-full wp-image-25201 alignright\" src=\"https:\/\/www.cgjung.net\/espace\/wp-content\/uploads\/2024\/06\/paranoia-v.jpg\" alt=\"\" width=\"130\" height=\"130\" \/>Parano\u00efa ou la folie lucide<\/a><\/h2>\n<p>Claire Droin nous pr\u00e9sente dans ce coup de c\u0153ur l&rsquo;ouvrage de Luigi Zoja, Parano\u00efa, La folie qui fait l\u2019Histoire (ci-dessus), qui offre une analyse multidimensionnelle de la parano\u00efa. Zoja \u00e9claire l\u2019histoire \u00e0 la lumi\u00e8re de la psychologie.<\/p>\n<p>C\u2019est une lecture incontournable pour comprendre les dangers de cette \u00abfolie lucide\u00bb et ses implications sur notre monde contemporain.<\/p>\n<p>&nbsp;<\/p>\n<h1>Agenda jungien<\/h1>\n<h2><a href=\"https:\/\/cgjungfrance.com\/events\/colloque-interassociatif-2025-loeuvre-de-jung-presence-et-devenir\/\" target=\"_blank\" rel=\"noopener\"><img loading=\"lazy\" decoding=\"async\" class=\"size-full wp-image-25309 alignright\" src=\"https:\/\/www.cgjung.net\/espace\/wp-content\/uploads\/2024\/07\/colloque-2025.png\" alt=\"\" width=\"150\" height=\"94\" \/>Colloque 150\u00e8me anniversaire de la naissance de Jung<\/a><\/h2>\n<p>Ce colloque aura lieu \u00e0 Paris les samedi 25 et dimanche 26 janvier 2025. Il est organis\u00e9 par Fr\u00e9quence protestante, Sur les traces de Jung, la Soci\u00e9t\u00e9 fran\u00e7aise de psychologie analytique, les Cahiers jungiens de psychanalyse, le Groupe C. G. Jung et l\u2019association Marie-Louise von Franz &amp; Carl-Gustav Jung.<\/p>\n<p>&nbsp;<\/p>\n<h1>Nous soutenir<\/h1>\n<p>Nous remercions nos g\u00e9n\u00e9reux donateurs qui nous permettent de faire vivre ce site. Vous pouvez participer \u00e0 ce financement <a href=\"https:\/\/www.helloasso.com\/associations\/espace-francophone-jungien\/formulaires\/1\" target=\"_blank\" rel=\"noopener\">\u00e0 partir de cette page d\u00e9di\u00e9e<\/a>.&nbsp;Toute participation, quel que soit son montant, est grandement appr\u00e9ci\u00e9e !<\/p>\n<p>&nbsp;<\/p>\n<h1>Se recentrer et se ressourcer<\/h1>\n<p>L&rsquo;actualit\u00e9 nous pousse \u00e0 r\u00e9fl\u00e9chir sur la parano\u00efa qui affecte de nombreuses personnes. Luigi Zoja, analyste jungien italien, expert en la mati\u00e8re, nous offre de multiples cl\u00e9s pour comprendre le monde et nos mani\u00e8res de fonctionner.<\/p>\n<blockquote>\n<p>\u00ab Si la parano\u00efa consiste \u00e0 tenter, inconsciemment, de soigner un \u00e9quilibre psychique d\u00e9ficient en projetant ses responsabilit\u00e9s sur un adversaire, tout en lui niant la moindre qualit\u00e9 humaine, un processus similaire se joue entre les peuples : les rapports entre nations fond\u00e9s sur un sentiment de sup\u00e9riorit\u00e9 demandent toujours une dose de folie et de deshumanisation des autres. \u00bb <a href=\"https:\/\/www.cgjung.net\/espace\/ressources\/paranoia\/\">Parano\u00efa<\/a> p 480<\/p>\n<\/blockquote>\n<p>L&rsquo;\u00e9t\u00e9 est une p\u00e9riode&nbsp; id\u00e9ale pour se recentrer et se ressourcer. Nous vous souhaitons un tr\u00e8s bel \u00e9t\u00e9 !<\/p>\n<p style=\"text-align: right;\">L&rsquo;\u00e9quipe d&rsquo;Espace Francophone Jungien<\/p>\n<p><em><a id=\"abonnement\"><\/a>Nous vous encourageons \u00e0 partager cette lettre d\u2019information avec vos proches. Vous avez \u00e9galement la libert\u00e9 de vous d\u00e9sabonner et de vous r\u00e9abonner \u00e0 tout moment, selon votre convenance.<\/em><\/p>\n<p><a href=\"https:\/\/www.cgjung.net\/espace\/lettre-information\/\">Historique des lettres d&rsquo;information<\/a><\/p>\n<p><a href=\"https:\/\/eepurl.com\/dtGE4X\" target=\"_blank\" rel=\"noopener\">Acc\u00e8s au formulaire pour vous abonner<\/a><\/p>\n<p><a href=\"https:\/\/cgjung.us18.list-manage.com\/unsubscribe?u=d3a4a24a2d98c83ada4736a3f&amp;id=3d1120f532\" target=\"_blank\" rel=\"noopener\">Acc\u00e8s au formulaire pour vous d\u00e9sabonner<\/a><\/p>\n\n","protected":false},"excerpt":{"rendered":"<p>Cette lettre comprend : Anima et animus au XXIe si\u00e8cle | La participation mystique | D\u00e9fi Humain IA | Parano\u00efa | La voie des r\u00eaves | Symboles et arch\u00e9types en hom\u00e9opathie | Puer Aeternus | Entr\u00e9e en mati\u00e8re | Cahier Jungien | Revue de psychologie analytique | Folie lucide | Colloque 150e anniversaire naissance de [&hellip;]<\/p>\n","protected":false},"author":1,"featured_media":0,"parent":23487,"menu_order":17,"comment_status":"closed","ping_status":"closed","template":"","meta":{"footnotes":""},"class_list":["post-25590","page","type-page","status-publish","hentry"],"_links":{"self":[{"href":"https:\/\/www.cgjung.net\/espace\/wp-json\/wp\/v2\/pages\/25590","targetHints":{"allow":["GET"]}}],"collection":[{"href":"https:\/\/www.cgjung.net\/espace\/wp-json\/wp\/v2\/pages"}],"about":[{"href":"https:\/\/www.cgjung.net\/espace\/wp-json\/wp\/v2\/types\/page"}],"author":[{"embeddable":true,"href":"https:\/\/www.cgjung.net\/espace\/wp-json\/wp\/v2\/users\/1"}],"replies":[{"embeddable":true,"href":"https:\/\/www.cgjung.net\/espace\/wp-json\/wp\/v2\/comments?post=25590"}],"version-history":[{"count":21,"href":"https:\/\/www.cgjung.net\/espace\/wp-json\/wp\/v2\/pages\/25590\/revisions"}],"predecessor-version":[{"id":25961,"href":"https:\/\/www.cgjung.net\/espace\/wp-json\/wp\/v2\/pages\/25590\/revisions\/25961"}],"up":[{"embeddable":true,"href":"https:\/\/www.cgjung.net\/espace\/wp-json\/wp\/v2\/pages\/23487"}],"wp:attachment":[{"href":"https:\/\/www.cgjung.net\/espace\/wp-json\/wp\/v2\/media?parent=25590"}],"curies":[{"name":"wp","href":"https:\/\/api.w.org\/{rel}","templated":true}]}}