{"id":25106,"date":"2024-06-15T08:25:34","date_gmt":"2024-06-15T06:25:34","guid":{"rendered":"https:\/\/www.cgjung.net\/espace\/?page_id=25106"},"modified":"2025-09-01T07:08:03","modified_gmt":"2025-09-01T05:08:03","slug":"2024-06","status":"publish","type":"page","link":"https:\/\/www.cgjung.net\/espace\/lettre-information\/2024-06\/","title":{"rendered":"Lettre d&rsquo;information Juin 2024"},"content":{"rendered":"<p><strong>Cette lettre comprend :<\/strong> D\u00e9c\u00e8s de Chantal Armouet | La tension du transfert | Jung et ses d\u00e9tracteurs | La participation mystique | Cosmos et Zodiaque | Entretien avec Bertrand Eveno | Entretien avec Isabelle Lifran | Correspondance Jung\/White | L&rsquo;homme et ses symboles | Les voix du r\u00eave.<\/p>\n<p style=\"text-align: right;\"><a href=\"https:\/\/www.cgjung.net\/espace\/lettre-information\/\">Vous abonner ou vous d\u00e9sabonner<\/a><\/p>\n<p>Ch\u00e8re abonn\u00e9e, cher abonn\u00e9,<\/p>\n<p><img loading=\"lazy\" decoding=\"async\" class=\"size-full wp-image-12938 alignright\" src=\"https:\/\/www.cgjung.net\/espace\/wp-content\/uploads\/2020\/05\/chantal-armouet.jpg\" alt=\"\" width=\"150\" height=\"153\" \/>C&rsquo;est avec une profonde tristesse que nous vous annon\u00e7ons le d\u00e9c\u00e8s de Chantal Armouet, survenu \u00e0 l&rsquo;\u00e2ge de 64 ans, le 20 avril 2024, apr\u00e8s une courte maladie.<\/p>\n<p>Chantal laisse dans le deuil ses amis, sa famille et tous ceux dont la vie a \u00e9t\u00e9 touch\u00e9e par sa pr\u00e9sence. Son souvenir restera grav\u00e9 dans nos m\u00e9moires et dans nos c\u0153urs. Nous n\u2019oublierons pas son enthousiasme, sa joie de vivre et sa force int\u00e9rieure.<\/p>\n<p>Secr\u00e9taire de l&rsquo;association Espace Francophone Jungien, elle a anim\u00e9 de nombreux s\u00e9minaires \u00e0 nos c\u00f4t\u00e9s et a largement contribu\u00e9 au d\u00e9veloppement du site internet ainsi qu&rsquo;\u00e0 la diffusion de la pens\u00e9e jungienne.<\/p>\n<p>Voir la page <a href=\"https:\/\/www.cgjung.net\/espace\/qui-sommes-nous\/chantal-armouet\/\">En souvenir de Chantal Armouet.<\/a><\/p>\n<p>La vie continue et nous vous proposons de d\u00e9couvrir ci-dessous les derniers articles, entretiens, publications, etc.<\/p>\n<h2>&nbsp;<\/h2>\n<h1>Articles<\/h1>\n<h2><a href=\"https:\/\/www.cgjung.net\/espace\/accueil\/peggy-vermeesch\/parfaite-compagne\/\"><img loading=\"lazy\" decoding=\"async\" class=\"size-full wp-image-24456 alignright\" src=\"https:\/\/www.cgjung.net\/espace\/wp-content\/uploads\/2024\/04\/ST-TNG_The_Perfect_Mate-v.jpg\" alt=\"\" width=\"150\" height=\"113\" \/>Tenir la tension du transfert \u00e9rotique<\/a><\/h2>\n<p>La capacit\u00e9 d&rsquo;un patient \u00e0 gu\u00e9rir et \u00e0 se transformer repose souvent sur la possibilit\u00e9 de (re)vivre l&rsquo;exp\u00e9rience d&rsquo;un premier amour parental sain. Peggy Vermeesch examine \u00e0 travers le mythe de Star Trek comment un th\u00e9rapeute peut soutenir ce processus.<\/p>\n<h2><a href=\"https:\/\/www.cgjung.net\/espace\/accueil\/ariane-callot\/reponse-job-jung-et-ses-detracteurs\/\"><img loading=\"lazy\" decoding=\"async\" class=\"size-full wp-image-24484 alignright\" src=\"https:\/\/www.cgjung.net\/espace\/wp-content\/uploads\/2024\/04\/non-a-reponse-a-job-v.jpg\" alt=\"\" width=\"150\" height=\"107\" \/>R\u00e9ponse \u00e0 Job : Jung et ses d\u00e9tracteurs<\/a><\/h2>\n<p>Ariane Callot examine minutieusement la correspondance de Jung durant la p\u00e9riode cruciale de 1950-1954, marqu\u00e9e par la publication d\u2019\u0153uvres majeures ou en gestation. Son analyse offre une perspective in\u00e9dite sur cette correspondance.&nbsp;<\/p>\n<p>&nbsp;<\/p>\n<h2><a href=\"https:\/\/www.cgjung.net\/espace\/accueil\/claire-droin\/participation-mystique\/\"><img loading=\"lazy\" decoding=\"async\" class=\"size-full wp-image-25034 alignright\" src=\"https:\/\/www.cgjung.net\/espace\/wp-content\/uploads\/2024\/06\/participation-mystique-v.jpg\" alt=\"\" width=\"120\" height=\"120\" \/>La participation mystique selon C.G. Jung et M-L. von Franz<\/a><\/h2>\n<p>Claire Droin revisite notre relation au monde et \u00e0 la nature \u00e0 partir des \u00e9crits de C.G. Jung et M-L. von Franz.<\/p>\n<p>Elle souligne combien l\u2019identification inconsciente aux \u00e9l\u00e9ments qui nous entourent n\u00e9cessite un travail en profondeur qui, peu \u00e0 peu, \u00e9largit notre conscience et participe \u00e0 la transformation de nos soci\u00e9t\u00e9s.<\/p>\n<p>&nbsp;<\/p>\n<h2><a href=\"https:\/\/www.cgjung.net\/espace\/accueil\/alain-negre\/cosmos-et-zodiaque\/\"><img loading=\"lazy\" decoding=\"async\" class=\"size-full wp-image-24725 alignright\" src=\"https:\/\/www.cgjung.net\/espace\/wp-content\/uploads\/2024\/05\/zodiaque-occidental-v.png\" alt=\"\" width=\"150\" height=\"88\" \/>Cosmos et Zodiaque<\/a><\/h2>\n<p>L\u2019\u00e9tude d\u2019Alain N\u00e8gre examine la th\u00e8se selon laquelle l\u2019histoire de l\u2019univers, telle que d\u00e9crite par la cosmologie physique contemporaine, refl\u00e8te la structure symbolique du zodiaque.<\/p>\n<p>S\u2019appuyant sur la psychologie de C.G. Jung, il interpr\u00e8te les signes du zodiaque comme des figures arch\u00e9typiques ou des symboles. Avec une introduction d&rsquo;Ariane Callot.<\/p>\n<p>&nbsp;<\/p>\n<h1>Entretiens<\/h1>\n<h2><a href=\"https:\/\/www.cgjung.net\/espace\/accueil\/claire-droin\/entretien-bertrand-eveno\/\"><img loading=\"lazy\" decoding=\"async\" class=\"size-full wp-image-24852 alignright\" src=\"https:\/\/www.cgjung.net\/espace\/wp-content\/uploads\/2024\/05\/compagnie-livre-rouge-v.png\" alt=\"\" width=\"150\" height=\"84\" \/>Entretien avec Bertrand Eveno<\/a><\/h2>\n<p>Au soleil, dans le jardin de sa maison, une ancienne imprimerie du XVIII\u00e8me si\u00e8cle au pied d\u2019une \u00e9glise, Bertrand Eveno a accept\u00e9 de r\u00e9pondre \u00e0 quelques questions concernant la Compagnie du Livre Rouge, sa cr\u00e9ation, sa ligne \u00e9ditoriale, son histoire et ses projets.<\/p>\n<p>&nbsp;<\/p>\n<h2><a href=\"https:\/\/www.cgjung.net\/espace\/ressources\/jeu-sable-esprit-enfance\/\"><img loading=\"lazy\" decoding=\"async\" class=\"size-full wp-image-24308 alignright\" src=\"https:\/\/www.cgjung.net\/espace\/wp-content\/uploads\/2024\/04\/jeu-sable-esprit-enfance-v.png\" alt=\"\" width=\"90\" height=\"143\" \/>Du jeu de sable \u00e0 l\u2019esprit d\u2019enfance<\/a><\/h2>\n<p>L\u2019entretien avec Isabelle Lifran t\u00e9moigne de multiples parcours d\u2019enfants qui, gr\u00e2ce \u00e0 la technique du jeu de sable, ont trouv\u00e9 leur chemin et ont \u00e9t\u00e9 transform\u00e9s.<\/p>\n<p>Il \u00e9voque \u00e9galement le parcours de George Sand, explorant son enfance et sa vie cr\u00e9ative en tant qu\u2019\u00e9crivaine.<\/p>\n<h1>Ouvrages<\/h1>\n<h2><a href=\"https:\/\/www.cgjung.net\/espace\/ressources\/correspondance-jung-white\/\"><img loading=\"lazy\" decoding=\"async\" class=\"size-full wp-image-24886 alignright\" src=\"https:\/\/www.cgjung.net\/espace\/wp-content\/uploads\/2024\/05\/correspondance-cg-jung-v-white-v.png\" alt=\"\" width=\"90\" height=\"136\" \/>Correspondance C.G. Jung \u2013 P\u00e8re Victor White<\/a><\/h2>\n<p>Pr\u00e9sentation de la correspondance entre C.G. Jung et le p\u00e8re Victor White par Nathalie Pilard, traductrice de l\u2019ouvrage et sp\u00e9cialiste des religions.<\/p>\n<p>Ce livre est \u00e9dit\u00e9 chez Georg.<\/p>\n<p>&nbsp;<\/p>\n<h2><a href=\"https:\/\/www.cgjung.net\/oeuvre\/homme_symboles.htm\"><img loading=\"lazy\" decoding=\"async\" class=\"size-full alignright\" src=\"https:\/\/www.cgjung.net\/oeuvre\/images\/homme-et-ses-symboles-v2.png\" width=\"90\" height=\"129\" \/>L&rsquo;homme et ses symboles<\/a><\/h2>\n<p>Cinq auteurs ont contribu\u00e9 \u00e0 la r\u00e9alisation de cet ouvrage, parmi lesquels figure C.G. Jung. Ce livre a \u00e9t\u00e9 publi\u00e9 par Marie-Louise von Franz, suivant les directives de Jung, peu de temps apr\u00e8s sa mort.<\/p>\n<p>Il a \u00e9t\u00e9 r\u00e9\u00e9dit\u00e9 chez Robert Laffont.<\/p>\n<p>&nbsp;<\/p>\n<h1>Br\u00e8ves et coups de c\u0153ur<\/h1>\n<h2><a href=\"https:\/\/www.cgjung.net\/espace\/accueil\/breves-efj\/les-voix-du-reve\/\"><img loading=\"lazy\" decoding=\"async\" class=\"size-full wp-image-24212 alignright\" src=\"https:\/\/www.cgjung.net\/espace\/wp-content\/uploads\/2024\/04\/les-voies-du-reve-2-v.jpg\" alt=\"\" width=\"90\" height=\"117\" \/>Les voix du r\u00eave<\/a><\/h2>\n<p>Ariane Callot d\u00e9crit comment le r\u00eave est un pont entre l\u2019inconscient et le conscient. Sur ce pont des messages circulent. Ils se manifestent parfois par des voix.&nbsp;<\/p>\n<p>&nbsp;<\/p>\n<h1>Agenda jungien<\/h1>\n<p>Ce mois de juin marque la fin des activit\u00e9s jungiennes pour l&rsquo;ensemble des associations, nous vous donnons donc&nbsp;rendez-vous \u00e0 la rentr\u00e9e, en septembre prochain.<\/p>\n<p>&nbsp;<\/p>\n<h1>Nous soutenir<\/h1>\n<p>Nous remercions nos g\u00e9n\u00e9reux donateurs qui nous permettent de faire vivre ce site. Vous pouvez participer \u00e0 ce financement <a href=\"https:\/\/www.helloasso.com\/associations\/espace-francophone-jungien\/formulaires\/1\" target=\"_blank\" rel=\"noopener\">\u00e0 partir de cette page d\u00e9di\u00e9e<\/a>.&nbsp;Toute participation, quel que soit son montant, est grandement appr\u00e9ci\u00e9e !<\/p>\n<p>&nbsp;<\/p>\n<h1>Encouragements<\/h1>\n<p>Nous vous remercions pour votre soutien et votre fid\u00e9lit\u00e9. Notre t\u00e2che est immense et nous partageons les encouragements exprim\u00e9s en 1961 par Jung, quelques jours avant sa mort :&nbsp;<\/p>\n<blockquote>\n<p>\u00ab\u00a0Notre connaissance actuelle de l&rsquo;inconscient montre qu&rsquo;il est un ph\u00e9nom\u00e8ne naturel et que, comme la Nature elle-m\u00eame, il est au moins <em>neutre<\/em>. Il contient tous les aspects de la nature humaine, la lumi\u00e8re et l&rsquo;ombre, la beaut\u00e9 et la laideur, le bien et le mal, la profondeur et la sottise.<\/p>\n<p>L&rsquo;\u00e9tude du symbolisme individuel aussi bien que du symbolisme collectif est une \u00e9norme t\u00e2che, et on ne l&rsquo;a encore pleinement domin\u00e9e. Mais l&rsquo;on a enfin commenc\u00e9. Les premiers r\u00e9sultats sont encourageants, et ils semblent annoncer une r\u00e9ponse &#8211; attendue jusqu&rsquo;ici &#8211; \u00e0 bien des probl\u00e8mes qui se posent \u00e0 l&rsquo;humanit\u00e9 d&rsquo;aujourd&rsquo;hui.\u00a0\u00bb<br \/>\n<a href=\"https:\/\/www.cgjung.net\/oeuvre\/homme_symboles.htm\">L&rsquo;homme et ses symboles<\/a>, p. 102-103.<\/p>\n<\/blockquote>\n<p>Nous vous souhaitons un bel \u00e9t\u00e9 !<\/p>\n<p style=\"text-align: right;\">L&rsquo;\u00e9quipe d&rsquo;Espace Francophone Jungien<\/p>\n<p><em><a id=\"abonnement\"><\/a>Nous vous encourageons \u00e0 partager cette lettre d\u2019information avec vos proches. Vous avez \u00e9galement la libert\u00e9 de vous d\u00e9sabonner et de vous r\u00e9abonner \u00e0 tout moment, selon votre convenance.<\/em><\/p>\n<p><a href=\"https:\/\/www.cgjung.net\/espace\/lettre-information\/\">Historique des lettres d&rsquo;information<\/a><\/p>\n<p><a href=\"https:\/\/eepurl.com\/dtGE4X\" target=\"_blank\" rel=\"noopener\">Acc\u00e8s au formulaire pour vous abonner<\/a><\/p>\n<p><a href=\"https:\/\/cgjung.us18.list-manage.com\/unsubscribe?u=d3a4a24a2d98c83ada4736a3f&amp;id=3d1120f532\" target=\"_blank\" rel=\"noopener\">Acc\u00e8s au formulaire pour vous d\u00e9sabonner<\/a><\/p>\n\n","protected":false},"excerpt":{"rendered":"<p>Cette lettre comprend : D\u00e9c\u00e8s de Chantal Armouet | La tension du transfert | Jung et ses d\u00e9tracteurs | La participation mystique | Cosmos et Zodiaque | Entretien avec Bertrand Eveno | Entretien avec Isabelle Lifran | Correspondance Jung\/White | L&rsquo;homme et ses symboles | Les voix du r\u00eave. Vous abonner ou vous d\u00e9sabonner Ch\u00e8re [&hellip;]<\/p>\n","protected":false},"author":1,"featured_media":0,"parent":23487,"menu_order":11,"comment_status":"closed","ping_status":"closed","template":"","meta":{"footnotes":""},"class_list":["post-25106","page","type-page","status-publish","hentry"],"_links":{"self":[{"href":"https:\/\/www.cgjung.net\/espace\/wp-json\/wp\/v2\/pages\/25106","targetHints":{"allow":["GET"]}}],"collection":[{"href":"https:\/\/www.cgjung.net\/espace\/wp-json\/wp\/v2\/pages"}],"about":[{"href":"https:\/\/www.cgjung.net\/espace\/wp-json\/wp\/v2\/types\/page"}],"author":[{"embeddable":true,"href":"https:\/\/www.cgjung.net\/espace\/wp-json\/wp\/v2\/users\/1"}],"replies":[{"embeddable":true,"href":"https:\/\/www.cgjung.net\/espace\/wp-json\/wp\/v2\/comments?post=25106"}],"version-history":[{"count":17,"href":"https:\/\/www.cgjung.net\/espace\/wp-json\/wp\/v2\/pages\/25106\/revisions"}],"predecessor-version":[{"id":26358,"href":"https:\/\/www.cgjung.net\/espace\/wp-json\/wp\/v2\/pages\/25106\/revisions\/26358"}],"up":[{"embeddable":true,"href":"https:\/\/www.cgjung.net\/espace\/wp-json\/wp\/v2\/pages\/23487"}],"wp:attachment":[{"href":"https:\/\/www.cgjung.net\/espace\/wp-json\/wp\/v2\/media?parent=25106"}],"curies":[{"name":"wp","href":"https:\/\/api.w.org\/{rel}","templated":true}]}}