{"id":25072,"date":"2024-06-20T10:24:01","date_gmt":"2024-06-20T08:24:01","guid":{"rendered":"https:\/\/www.cgjung.net\/espace\/?page_id=25072"},"modified":"2024-11-12T07:25:22","modified_gmt":"2024-11-12T06:25:22","slug":"paranoia","status":"publish","type":"page","link":"https:\/\/www.cgjung.net\/espace\/ressources\/paranoia\/","title":{"rendered":"Parano\u00efa. La folie qui fait l&rsquo;Histoire &#8211; Luigi Zoja"},"content":{"rendered":"<p><strong>Le parano\u00efaque est souvent convaincant. Charismatique, m\u00eame. La folie qui l\u2019habite ne se manifeste pas au premier coup d\u2019\u0153il. Incapable de regarder en lui, il part de la certitude in\u00e9branlable que le mal vient toujours des autres. Un m\u00e9canisme insens\u00e9 mais qui ne perd jamais l\u2019apparence de la raison.<\/strong><\/p>\n<p style=\"text-align: right;\"><a href=\"https:\/\/www.cgjung.net\/espace\/jps\/books-resources\/paranoia-madness-history\/\">Pr\u00e9sentation du livre en version anglaise<\/a><\/p>\n<p><img loading=\"lazy\" decoding=\"async\" class=\"alignnone size-full wp-image-25075 aligncenter\" src=\"https:\/\/www.cgjung.net\/espace\/wp-content\/uploads\/2024\/06\/Paranoia-folie-histoire.jpg\" alt=\"\" width=\"280\" height=\"401\" \/><\/p>\n<p align=\"center\"><a href=\"https:\/\/www.amazon.fr\/exec\/obidos\/ASIN\/2251448152\/carlgustavjungen\" target=\"_blank\" rel=\"noopener\"><img loading=\"lazy\" decoding=\"async\" class=\"aligncenter\" src=\"https:\/\/www.cgjung.net\/images\/achat-2.gif\" alt=\"\" width=\"300\" height=\"25\" \/><\/a><\/p>\n<p style=\"text-align: left;\" align=\"center\"><em>Ce livre existe <a href=\"#poche\">au format de poche<\/a>. En lien avec la pr\u00e9sentation de cet ouvrage lire le coup de c\u0153ur <a href=\"https:\/\/www.cgjung.net\/espace\/accueil\/breves-efj\/paranoia-folie-lucide\/\">Parano\u00efa ou la folie lucide.<\/a><\/em><\/p>\n<p style=\"text-align: left;\" align=\"center\">Une \u00ab folie lucide \u00bb d\u00e9pourvue de toute dimension morale, qui repr\u00e9sente un danger pour la soci\u00e9t\u00e9.<\/p>\n<p style=\"text-align: left;\" align=\"center\">Car la parano\u00efa atteint une intensit\u00e9 explosive d\u00e8s qu\u2019elle sort de la pathologie individuelle pour contaminer la masse. Elle peut alors marquer l\u2019histoire de son empreinte, du massacre des Indiens d\u2019Am\u00e9rique \u00e0 la Grande Guerre en passant par les pogroms, les totalitarismes monstrueux du XXe si\u00e8cle et les guerres pr\u00e9ventives des d\u00e9mocraties de notre temps.<\/p>\n<p style=\"text-align: left;\" align=\"center\">Il manquait une \u00e9tude globale sur ce mal collectif, \u00e0 cheval entre psychiatrie et histoire. Pour la premi\u00e8re fois, le psychanalyste <strong>Luigi Zoja<\/strong> explore la dynamique, la perversit\u00e9, l\u2019absurdit\u00e9 mais aussi la puissance de cette contamination psychique \u00e0 grande \u00e9chelle. De quoi nous faire regarder d\u2019un autre \u0153il des \u00e9v\u00e9nements que nous pensions conna\u00eetre. Des horreurs d\u00e9finitivement r\u00e9volues ? Rien n\u2019est moins s\u00fbr. La lumi\u00e8re de la conscience n\u2019est jamais totale, ni d\u00e9finitive. La parano\u00efa peut encore affirmer \u00e0 bon droit : \u00ab L\u2019histoire, c\u2019est moi. \u00bb [Pr\u00e9sentation de l&rsquo;\u00e9diteur]\n<h2 style=\"text-align: left;\" align=\"center\">Table des mati\u00e8res<\/h2>\n<p>Pr\u00e9face \u00e0 l\u2019\u00e9dition fran\u00e7aise<br \/>\nIntroduction. La folie d\u2019Ajax<\/p>\n<p><strong>1 &#8211; Qu&rsquo;est-ce que la parano\u00efa ?<\/strong><br \/>\nLa parano\u00efa individuelle (clinique)<br \/>\nLa parano\u00efa collective (historico-culturelle)<\/p>\n<p><strong>2 &#8211; Les d\u00e9buts. Mythe et histoire<\/strong><br \/>\nL\u2019envie de Ca\u00efn<br \/>\nL\u2019ennemi dans <em>l\u2019\u00c9n\u00e9ide<\/em><br \/>\nD\u00e9veloppement des liens entre parano\u00efa et politique<br \/>\nLe d\u00e9lire de Christophe Colomb<br \/>\nUne voix qui crie dans le d\u00e9sert. Le fr\u00e8re Antonio Montesinos<br \/>\nLa croix et l\u2019int\u00e9r\u00eat<br \/>\nLe droit parano\u00efaque<\/p>\n<p><strong>3 &#8211; Le nationalisme europ\u00e9en. De la renaissance culturelle \u00e0 la parano\u00efa<\/strong><br \/>\nSurveiller et se m\u00e9fier<br \/>\nFiert\u00e9 et m\u00e9fiance des nations<br \/>\nLes fantasmes aux racines du droit national<br \/>\nLa race imaginaire<br \/>\nLa place des Juifs<br \/>\n\u00ab L\u2019affaire \u00bb<\/p>\n<p><strong>4 &#8211; Les pers\u00e9cuteurs na\u00effs<\/strong><br \/>\nLa particularit\u00e9 de l\u2019Am\u00e9rique<br \/>\nLa L\u00e9gende noire<br \/>\nLe continent vide<br \/>\n\u00ab American exceptionalism \u00bb<br \/>\n<em>Moby Dick<\/em><br \/>\nPrincipes fondateurs et puret\u00e9<br \/>\nLa s\u00e9paration des continents et la destin\u00e9e manifeste<br \/>\nGuerre de conqu\u00eate<br \/>\nEspagne et catholicisme<br \/>\nLa \u00ab guerre des journaux \u00bb<br \/>\nLes \u00c9tats-Unis d\u00e9barquent en Asie<br \/>\nLe fardeau du Blanc<\/p>\n<p><strong>5 &#8211; L&rsquo;Europe dans les t\u00e9n\u00e8bres<\/strong><br \/>\nGrande est la Guerre<br \/>\nL\u2019ennui et l\u2019attente<br \/>\nLa fl\u00e8che de Pandare et le premier mort<br \/>\nLa suspicion grandit<br \/>\nMobilisations pr\u00e9ventives<br \/>\nDes horaires fatidiques ?<br \/>\nLa politique de Cr\u00e9on<br \/>\nDes sentiments incontr\u00f4lables<br \/>\nQuand d\u2019autres voix crient dans le d\u00e9sert<br \/>\nLe r\u00f4le de la communication de masse<br \/>\nSoup\u00e7ons, exag\u00e9rations, rumeurs<br \/>\nLe martyre de la Belgique<br \/>\nLa parano\u00efa italienne<br \/>\nUne atrocit\u00e9 et une ampleur in\u00e9dites<br \/>\nLe silence apr\u00e8s les canons<\/p>\n<p><strong>6 Freud, Keynes et le pr\u00e9sident na\u00eff<\/strong><br \/>\nUn messie am\u00e9ricain<br \/>\nUn dogme en quatorze points<br \/>\nLes trait\u00e9s de paix<br \/>\nQuand Wilson se trompe lui-m\u00eame<br \/>\nLe climat parano\u00efaque des pourparlers<br \/>\nL\u2019offense<br \/>\nL\u2019arrogance<br \/>\nLes germes de la nouvelle parano\u00efa<\/p>\n<p><strong>7 &#8211; Siegfrid<\/strong><br \/>\nUne explication en forme d\u2019illumination<br \/>\nLa l\u00e9gitimation d\u2019un \u00ab droit \u00bb nationaliste parano\u00efaque<br \/>\nLa disparition de la coexistence multinationale<br \/>\nUn coup de poignard dans le dos<br \/>\nEn attendant le retour des t\u00e9n\u00e8bres<\/p>\n<p><strong>8 &#8211; Le socle de granit et l&rsquo;heure de l&rsquo;idiotie<\/strong><br \/>\nLes r\u00e9v\u00e9lations d\u2019Hitler<br \/>\nLe r\u00f4le de Vienne<br \/>\n<em>Mein Kampf<\/em><br \/>\nL\u2019apparition du Juif<br \/>\nAutres raisonnements \u00ab logiques \u00bb de <em>Mein Kampf<\/em><br \/>\nDu th\u00e9oricien au chef d\u2019\u00c9tat<br \/>\nL\u2019impatience triomphe<br \/>\nLes choix de mort<br \/>\nDes obstacles faire table rase<br \/>\n\u00ab Qui parle encore du massacre des Arm\u00e9niens, aujourd\u2019hui ? \u00bb<br \/>\nFinalement, la guerre<br \/>\nLa toute-puissance d\u00e9finitive<br \/>\nDes calculs absurdes<br \/>\nL\u2019enterrement volontaire<br \/>\nLe besoin de l\u2019ennemi<br \/>\nLe d\u00e9lire jusqu\u2019au bout<br \/>\nLa \u00ab guerre totale \u00bb<br \/>\nLa r\u00e9v\u00e9lation ultime et l\u2019ab\u00eeme<br \/>\nL\u2019ombre de N\u00e9ron<\/p>\n<p><strong>9 &#8211; L&rsquo;homme d&rsquo;acier<\/strong><br \/>\nStaline : un nom significatif \u00e0 plus d\u2019un titre<br \/>\nCaract\u00e8re<br \/>\nUne m\u00e9fiance radicale<br \/>\nAllusion et cr\u00e9ation d\u2019une r\u00e9alit\u00e9 autonome<br \/>\nL\u2019h\u00e9ritage de L\u00e9nine<br \/>\nLe Goulag<br \/>\nIakov et Nadia<br \/>\nLe diagnostic de parano\u00efa<br \/>\nQuelques habitudes quotidiennes<br \/>\nRessemblances et diff\u00e9rences avec Hitler<br \/>\n\u00ab L\u2019inversion des causes \u00bb, ou l\u2019esprit du leader comme origine de la soci\u00e9t\u00e9<br \/>\nLes massacres : les \u00ab koulaks \u00bb<br \/>\nLes massacres : la famine en Ukraine et ailleurs<br \/>\nLes massacres : la Terreur et les proc\u00e8s-spectacle<br \/>\nLe discours du vingti\u00e8me anniversaire<br \/>\nLes \u00ab d\u00e9nationalisations \u00bb et l\u2019id\u00e9ologie sous-jacente<br \/>\nL\u2019impr\u00e9paration \u00e0 la guerre<br \/>\nLa contre-attaque et la conclusion du conflit<br \/>\nLa suspicion frappe les Juifs<br \/>\nMort du tyran<br \/>\nParadoxes du totalitarisme parano\u00efaque<br \/>\nDerni\u00e8res questions<\/p>\n<p><strong>10 &#8211; Du feu qui alimente le feu<\/strong><br \/>\nCrimes de guerres et double morale des Alli\u00e9s<br \/>\nParano\u00efa collective et formes de gouvernement<br \/>\nUne guerre a\u00e9rienne en forme de guerre totale<br \/>\nLes premi\u00e8res bombes de la Seconde Guerre mondiale<br \/>\nLes trois phases des bombardements alli\u00e9s<br \/>\nL\u2019infirmation des pr\u00e9visions de Douhet<br \/>\nLes bombardements sur l\u2019Allemagne<br \/>\nLes bombardements sur l\u2019Italie<\/p>\n<p><strong>11 &#8211; Toujours plus \u00e0 l&rsquo;ouest<\/strong><br \/>\nUne guerre contre une race inf\u00e9rieure<br \/>\nUne guerre (totale) avec une alt\u00e9rit\u00e9<br \/>\nLe mauvais calcul de l\u2019attaque pr\u00e9ventive<br \/>\nUn isolement impossible<br \/>\nLa peur de l\u2019encerclement<br \/>\nUne strat\u00e9gie fond\u00e9e sur l\u2019empressement<br \/>\nLa m\u00e9fiance et l\u2019occasion manqu\u00e9e<br \/>\nVers la bombe atomique<br \/>\nUne exaltation contagieuse<br \/>\nDes choix de plus en plus limit\u00e9s<br \/>\nHiroshima<br \/>\nLe journal de Michihiko Hachiya<br \/>\nLe reflux des projections et la rencontre avec l\u2019ennemi<br \/>\nEncore de l\u2019exaltation<br \/>\nNagasaki<br \/>\nRationalisations<br \/>\nLe secret<br \/>\nDes justifications a <em>posteriori<\/em><br \/>\nLe proc\u00e8s de Tokyo<br \/>\nLe r\u00e9veil d\u2019Ajax<br \/>\nLes adieux du docteur Hachiya<\/p>\n<p><strong>12 &#8211; Un projet pour le XXIe si\u00e8cle<\/strong><br \/>\nParano\u00efa et nouveau si\u00e8cle<br \/>\nLa guerre froide<br \/>\nLa disparition de l\u2019ennemi sovi\u00e9tique<br \/>\nL\u2019apparition de l\u2019ennemi islamiste<br \/>\nQuand la parano\u00efa prend la forme d\u2019un document gouvernemental<br \/>\nUne guerre n\u00e9e de la suspicion<br \/>\nDiffusion de messages parano\u00efaques et responsabilit\u00e9<br \/>\nLa puissance contagieuse de la parano\u00efa<br \/>\nLes \u00e9chos dans la vie quotidienne<\/p>\n<p><strong>13 &#8211; R\u00e9flexions non conclusives<\/strong><br \/>\nComprendre le mal<br \/>\nEncore de la parano\u00efa et de la psychopathie<br \/>\nIndividu, masse et leader<br \/>\nTrois g\u00e9n\u00e9rations de m\u00e9dias de masse<br \/>\n\u00ab Obey Giant \u00bb<br \/>\nDictateurs<br \/>\nRendre les m\u00e9dailles<br \/>\n80 % ?<br \/>\nLe renoncement \u00e0 la morale chez les intellectuels et le peuple<br \/>\nPourquoi la modernit\u00e9 offre de nouveaux espaces \u00e0 la parano\u00efa<br \/>\nLe rapport aux \u00ab -ismes \u00bb<br \/>\nLa rente parano\u00efaque<br \/>\nLes groupes clandestins r\u00e9volutionnaires<br \/>\nLa continuit\u00e9 entre agressions limit\u00e9es et g\u00e9nocides<br \/>\nAcceptation des responsabilit\u00e9s et n\u00e9gationnisme<br \/>\nQui a gagn\u00e9 ?<br \/>\nD\u00e9sarmement et historiographie<br \/>\nPo\u00e8mes et hymnes<br \/>\nMonuments<br \/>\nDes contradictions ouvertes<br \/>\nQuelques exemples de parano\u00efa quotidienne<br \/>\nL\u2019indiff\u00e9rence et l\u2019Europe<\/p>\n<p><strong>Conclusion<\/strong>. Le murmure de Iago<\/p>\n<p>Remerciements &amp; Bibliographie<\/p>\n<p><em>\u00c9diteur : Les Belles Lettres \u2013 2018 \u2013 540 pages \u2013 ISBN 9782251448152 \u2013 15,1 x 21,2 x 4,2 cm<\/em><\/p>\n<p><i>Traduit de l&rsquo;italien par Marc Lesage.<\/i><\/p>\n<h2><a id=\"poche\"><\/a>Ce livre existe aussi au format poche :<\/h2>\n<p><img loading=\"lazy\" decoding=\"async\" class=\"alignnone size-full wp-image-25077 aligncenter\" src=\"https:\/\/www.cgjung.net\/espace\/wp-content\/uploads\/2024\/06\/Paranoia-poche.jpg\" alt=\"\" width=\"280\" height=\"420\" \/><\/p>\n<p style=\"text-align: center;\"><a href=\"https:\/\/www.amazon.fr\/exec\/obidos\/ASIN\/B07R557N47\/carlgustavjungen\" target=\"_blank\" rel=\"noopener\"><img loading=\"lazy\" decoding=\"async\" class=\"aligncenter\" src=\"https:\/\/www.cgjung.net\/images\/achat-2.gif\" alt=\"\" width=\"300\" height=\"25\" \/><\/a><\/p>\n<p style=\"text-align: left;\"><em>\u00c9diteur : Tallandier \u2013 2019 \u2013 764 pages \u2013 ISBN 9791021037885 \u2013 12 x 18 x 3,2 cm<\/em><\/p>\n<h2><img loading=\"lazy\" decoding=\"async\" class=\"size-full alignright\" src=\"https:\/\/www.cgjung.net\/publications\/images\/luigi-zoja.jpg\" width=\"100\" height=\"122\" \/>Luigi Zoja<\/h2>\n<p>Psychanalyste jungien, sociologue, il vit et travaille \u00e0 Milan; il a notamment \u00e9t\u00e9 pr\u00e9sident de l&rsquo;Association internationale de psychologie analytique (IAAP). Dans ses nombreux ouvrages, il analyse les travers collectifs des soci\u00e9t\u00e9s contemporaines, en les mettant en perspective dans la longue dur\u00e9e culturelle.<\/p>\n<h3>En savoir plus<\/h3>\n<ul>\n<li>Ouvrages de Luigi Zoja pr\u00e9sent\u00e9s sur ce site :\n<ul>\n<li><a href=\"https:\/\/www.cgjung.net\/publications\/le-pere.htm\">Le P\u00e8re<\/a><\/li>\n<li><a href=\"https:\/\/www.cgjung.net\/espace\/ressources\/declin-desir\/\">Le d\u00e9clin du d\u00e9sir<\/a><\/li>\n<li><a href=\"https:\/\/www.cgjung.net\/espace\/ressources\/paranoia\/\">Parano\u00efa. La folie qui fait l\u2019Histoire<\/a><\/li>\n<\/ul>\n<\/li>\n<li>Lire le coup de c\u0153ur de Claire Droin <a href=\"https:\/\/www.cgjung.net\/espace\/accueil\/breves-efj\/paranoia-folie-lucide\/\">Parano\u00efa ou la folie lucide<\/a><\/li>\n<li>Lire l&rsquo;entretien de Claire Droin <a href=\"https:\/\/www.cgjung.net\/espace\/accueil\/claire-droin\/entretien-luigi-zoja\/\">avec Luigi Zoja<\/a><\/li>\n<\/ul>\n<p>&nbsp;<\/p>\n\n","protected":false},"excerpt":{"rendered":"<p>Le parano\u00efaque est souvent convaincant. Charismatique, m\u00eame. La folie qui l\u2019habite ne se manifeste pas au premier coup d\u2019\u0153il. Incapable de regarder en lui, il part de la certitude in\u00e9branlable que le mal vient toujours des autres. Un m\u00e9canisme insens\u00e9 mais qui ne perd jamais l\u2019apparence de la raison. Pr\u00e9sentation du livre en version anglaise [&hellip;]<\/p>\n","protected":false},"author":17,"featured_media":0,"parent":9713,"menu_order":13,"comment_status":"closed","ping_status":"closed","template":"","meta":{"footnotes":""},"class_list":["post-25072","page","type-page","status-publish","hentry"],"_links":{"self":[{"href":"https:\/\/www.cgjung.net\/espace\/wp-json\/wp\/v2\/pages\/25072","targetHints":{"allow":["GET"]}}],"collection":[{"href":"https:\/\/www.cgjung.net\/espace\/wp-json\/wp\/v2\/pages"}],"about":[{"href":"https:\/\/www.cgjung.net\/espace\/wp-json\/wp\/v2\/types\/page"}],"author":[{"embeddable":true,"href":"https:\/\/www.cgjung.net\/espace\/wp-json\/wp\/v2\/users\/17"}],"replies":[{"embeddable":true,"href":"https:\/\/www.cgjung.net\/espace\/wp-json\/wp\/v2\/comments?post=25072"}],"version-history":[{"count":19,"href":"https:\/\/www.cgjung.net\/espace\/wp-json\/wp\/v2\/pages\/25072\/revisions"}],"predecessor-version":[{"id":27221,"href":"https:\/\/www.cgjung.net\/espace\/wp-json\/wp\/v2\/pages\/25072\/revisions\/27221"}],"up":[{"embeddable":true,"href":"https:\/\/www.cgjung.net\/espace\/wp-json\/wp\/v2\/pages\/9713"}],"wp:attachment":[{"href":"https:\/\/www.cgjung.net\/espace\/wp-json\/wp\/v2\/media?parent=25072"}],"curies":[{"name":"wp","href":"https:\/\/api.w.org\/{rel}","templated":true}]}}