{"id":24509,"date":"2025-02-15T16:33:29","date_gmt":"2025-02-15T15:33:29","guid":{"rendered":"https:\/\/www.cgjung.net\/espace\/?page_id=24509"},"modified":"2025-02-17T07:21:05","modified_gmt":"2025-02-17T06:21:05","slug":"citations-jung","status":"publish","type":"page","link":"https:\/\/www.cgjung.net\/espace\/accueil\/ariane-callot\/citations-jung\/","title":{"rendered":"Sur l&rsquo;utilisation des citations de Carl Gustav Jung"},"content":{"rendered":"<p><strong>Jung a-t-il vraiment dit ce qu\u2019on lui attribue ? D\u00e9tach\u00e9es de leur contexte, simplifi\u00e9es ou m\u00eame fabriqu\u00e9es, certaines citations d\u00e9forment sa pens\u00e9e. Cet article explore ces d\u00e9rives et l&rsquo;importance de rester fid\u00e8le aux sources. <span style=\"color: #999999;\">Ariane Callot<\/span><\/strong><\/p>\n<p><a id=\"image\"><\/a><img loading=\"lazy\" decoding=\"async\" class=\"size-full wp-image-28601 aligncenter\" src=\"https:\/\/www.cgjung.net\/espace\/wp-content\/uploads\/2025\/02\/citation-correspondance-cg-jung-page-97.png\" alt=\"\" width=\"602\" height=\"214\" srcset=\"https:\/\/www.cgjung.net\/espace\/wp-content\/uploads\/2025\/02\/citation-correspondance-cg-jung-page-97.png 602w, https:\/\/www.cgjung.net\/espace\/wp-content\/uploads\/2025\/02\/citation-correspondance-cg-jung-page-97-300x107.png 300w\" sizes=\"auto, (max-width: 602px) 100vw, 602px\" \/><\/p>\n<h2>Le d\u00e9coupage des citations d&rsquo;auteurs<\/h2>\n<p>Beaucoup de citations d&rsquo;auteurs sont utilis\u00e9es hors de leur contexte. La plupart du temps elles ne comportent aucune r\u00e9f\u00e9rence au livre et \u00e0 la page.<\/p>\n<p>Jung, dont l\u2019\u0153uvre est abondante et parle de multiples sujets, n&rsquo;\u00e9chappe pas \u00e0 ce que l&rsquo;on pourrait consid\u00e9rer comme un pillage intellectuel. Pire ces \u00ab\u00a0emprunts\u00a0\u00bb peuvent donner une fausse id\u00e9e de la pens\u00e9e de l&rsquo;auteur.<\/p>\n<p>Des extraits, souvent brefs, attribuent \u00e0 Jung des mots destin\u00e9s \u00e0 l\u00e9gitimer une soi-disant spiritualit\u00e9, des id\u00e9es politiques et philosophiques, du coaching et m\u00eame la vente de produits.<\/p>\n<h2>Le danger de sortir les mots de Jung de leur contexte<\/h2>\n<p>Une citation sortie de son contexte peut \u00eatre utilis\u00e9e d&rsquo;une mani\u00e8re nocive pour son auteur. Voici deux exemples&nbsp; extraits de la <a href=\"https:\/\/www.cgjung.net\/oeuvre\/correspondance_1906_1940.htm\">Correspondance tome I<\/a> :<\/p>\n<blockquote>\n<p>\u00ab\u00a0Si j&rsquo;avais par exemple le choix entre l&rsquo;\u00c9glise grecque orthodoxe et l&rsquo;islam, je pr\u00e9f\u00e9rerais l&rsquo;islam.\u00a0\u00bb p.&nbsp;176<\/p>\n<\/blockquote>\n<p>Et voil\u00e0 Jung consid\u00e9r\u00e9 comme un islamiste pr\u00eat \u00e0 cautionner des id\u00e9es tr\u00e8s \u00e9loign\u00e9es des siennes !<\/p>\n<p>A la page 182, on peut lire :<\/p>\n<blockquote>\n<p>\u00ab\u00a0G\u00f6ring est un homme tr\u00e8s aimable et tr\u00e8s raisonnable ce qui place notre collaboration sous les meilleurs auspices.\u00a0\u00bb<\/p>\n<\/blockquote>\n<p>Cette simple phrase, malignement extraite d&rsquo;une lettre dat\u00e9e de 1933, a \u00e9t\u00e9 cit\u00e9e pour faire de Jung un ami de longue date du Mar\u00e9chal Hermann G\u00f6ring, un grand criminel de guerre Nazi. Il s&rsquo;agissait en fait du professeur Matthias G\u00f6ring, psychiatre, pr\u00e9sident de l&rsquo;association allemande de psychoth\u00e9rapie. Certainement pas un ange, et Jung eut des diff\u00e9rents avec lui, mais ce n&rsquo;\u00e9tait pas le monstre nazi que fut son homonyme.<\/p>\n<h2>Faire du Jung ?<\/h2>\n<p>Pour celui qui veut, sans se fatiguer \u00e0 lire des textes parfois un peu ardu, afficher une certaine connaissance de Jung, il suffit d&rsquo;aller sur internet. On y trouve des sites des plus s\u00e9rieux aux plus douteux qui proposent des citations de l&rsquo;auteur.<\/p>\n<p>Encore plus interpellant, d<span style=\"color: #000000;\">\u00e8s aujourd\u2019hui, des outils d\u2019intelligence artificielle sont utilis\u00e9s pour g\u00e9n\u00e9rer de nouveaux textes attribu\u00e9s \u00e0 Jung.<\/span><\/p>\n<h2>La bonne utilisation des citations de Jung<\/h2>\n<p>Ne soyons pas pessimistes, de nombreux \u00ab\u00a0chercheurs\u00a0\u00bb utilisent ses textes, avec respect, pour en extraire des citations qui sont un reflet exact de sa pens\u00e9e.<\/p>\n<p>Il est alors int\u00e9ressant de voir comme il peut dans certains cas, en particulier dans la<em> Correspondance,<\/em> donner en quelques mots une d\u00e9finition percutante et juste d&rsquo;un de ses concepts et dans d&rsquo;autres cas, par exemple dans <em>Le<\/em> <em>Livre Rouge,<\/em> parler du m\u00eame concept longuement et presque po\u00e9tiquement.<\/p>\n<h2>Deux citations de Jung sur le symbole<\/h2>\n<p>Autour de la d\u00e9finition de ce qu&rsquo;est un symbole, voici deux citations de Jung. Dans l&rsquo;une il concentre remarquablement sa pens\u00e9e, dans l&rsquo;autre on voit transpara\u00eetre sa veine po\u00e9tique :<\/p>\n<p><strong>Br\u00e8ve d\u00e9finition<\/strong><\/p>\n<blockquote>\n<p>\u00ab\u00a0Un symbole est pour moi l&rsquo;<em>expression sensible d&rsquo;une exp\u00e9rience int\u00e9rieure intens\u00e9ment v\u00e9cue.\u00a0\u00bb<br \/>\nCorrespondance<\/em>, tome I, p.&nbsp;97 (1929)<br \/>\n[voir dans son contexte, <a href=\"#image\">image ci-dessus<\/a>]\n<p><strong>Longue d\u00e9finition<\/strong><\/p>\n<\/blockquote>\n<blockquote>\n<p>\u00ab\u00a0Le symbole est cette parole qui sort par la bouche, qu&rsquo;on ne prononce pas, mais qui remonte des profondeurs du Soi comme une parole de force et de d\u00e9tresse et qui se pose sur la langue inopin\u00e9ment. Il s&rsquo;agit d&rsquo;une parole \u00e9tonnante et qui semble peut-\u00eatre d\u00e9raisonnable, mais on l&rsquo;identifie comme le symbole au fait qu&rsquo;elle est \u00e9trang\u00e8re \u00e0 l&rsquo;esprit conscient.<\/p>\n<p>Lorsqu&rsquo;on accepte le symbole, c&rsquo;est comme si on ouvrait une porte qui m\u00e8ne dans une nouvelle pi\u00e8ce dont on ignorait auparavant l&rsquo;existence. Mais si l&rsquo;on n&rsquo;accepte pas le symbole, c&rsquo;est comme si l&rsquo;on passait devant cette porte sans y pr\u00eater attention; et parce que celle-ci \u00e9tait l&rsquo;unique porte menant aux appartements int\u00e9rieurs, on doit retourner sur la route et continuer \u00e0 cheminer dans le monde ext\u00e9rieur.<\/p>\n<p>Mais l&rsquo;\u00e2me endure alors les pires souffrances, car la libert\u00e9 ext\u00e9rieure ne lui sert \u00e0 rien. La d\u00e9livrance est une longue route qui m\u00e8ne \u00e0 travers de nombreuses portes. Les portes sont les symboles. Chaque nouvelle porte est d&rsquo;abord invisible, et m\u00eame, c&rsquo;est comme si elle devait d&rsquo;abord \u00eatre cr\u00e9e, car \u00e0 chaque fois elle n&rsquo;est l\u00e0 que quand on a d\u00e9terr\u00e9 la racine magique, le symbole.\u00a0\u00bb<br \/>\n<a href=\"https:\/\/www.cgjung.net\/livrerouge\/index.htm\">Le Livre Rouge,<\/a> p. 432<\/p>\n<\/blockquote>\n<h2>Le probl\u00e8me des traductions<\/h2>\n<p>Dans son ouvrage <a href=\"https:\/\/www.cgjung.net\/espace\/ressources\/c-g-jung-en-france\/\">C.G. Jung en France<\/a>, Florent Serina a mis en lumi\u00e8re le probl\u00e8me des traductions de l\u2019\u0153uvre de Jung en fran\u00e7ais. Il suffit de comparer la premi\u00e8re version d\u2019<a href=\"https:\/\/www.cgjung.net\/oeuvre\/mythe_moderne.htm\">Un mythe moderne<\/a> et celle de <a href=\"https:\/\/www.cgjung.net\/oeuvre\/reponse_a_job.htm\">R\u00e9ponse \u00e0 Job<\/a>, traduites par Roland Cahen, avec les versions r\u00e9cemment retraduites respectivement par V\u00e9ronique Liard et par Monique et Michel Bacchetta pour s\u2019en convaincre.<\/p>\n<h2>D\u00e9tournement de l&rsquo;intelligence artificielle<\/h2>\n<p>Bien avant l\u2019\u00e8re de l\u2019intelligence artificielle, de fausses citations circulaient d\u00e9j\u00e0. La pens\u00e9e de Jung, aussi complexe que la psych\u00e9 elle-m\u00eame, est souvent sujette \u00e0 des simplifications excessives.<\/p>\n<p>Prenons comme exemple la citation suivante&nbsp;:<\/p>\n<blockquote>\n<p>\u00ab\u00a0Un symbole est pour moi l&rsquo;<em>expression sensible d&rsquo;une exp\u00e9rience int\u00e9rieure intens\u00e9ment v\u00e9cue.\u00a0\u00bb<\/em><\/p>\n<\/blockquote>\n<p>Voici quelques variantes possibles g\u00e9n\u00e9r\u00e9es par une IA&nbsp;:<\/p>\n<blockquote>\n<p>\u00ab\u00a0Une exp\u00e9rience int\u00e9rieure intens\u00e9ment v\u00e9cue se traduit par un symbole.\u00a0\u00bb<\/p>\n<p>\u00ab\u00a0Un symbole est une manifestation tangible d\u2019une exp\u00e9rience int\u00e9rieure transcendante.\u00a0\u00bb<\/p>\n<p>\u00ab\u00a0Chacun voit dans un symbole l\u2019\u00e9cho sensible d\u2019une exp\u00e9rience int\u00e9rieure marquante.\u00a0\u00bb<\/p>\n<\/blockquote>\n<h2>En conclusion<\/h2>\n<p>Plus que jamais, restons vigilants et privil\u00e9gions des sources fiables. N\u2019h\u00e9sitons pas \u00e0 demander les r\u00e9f\u00e9rences d\u2019une citation et \u00e0 en v\u00e9rifier le contexte. Cela est particuli\u00e8rement essentiel dans le domaine de la psychologie, qu\u2019elle soit jungienne ou non.<\/p>\n<p style=\"text-align: right;\">F\u00e9vrier 2025<\/p>\n<p><a href=\"https:\/\/www.cgjung.net\/contact.htm\"><strong>Adresser un message \u00e0 Ariane Callot<\/strong><\/a><\/p>\n<p>&nbsp;<\/p>\n<h2>Articles Ariane Callot<\/h2>\n<ul>\n<li><a href=\"https:\/\/www.cgjung.net\/espace\/accueil\/ariane-callot\/pouvoir-jugement\/\">Les affam\u00e9s de pouvoir ont-ils un jugement unilat\u00e9ral ?<\/a><\/li>\n<li><a href=\"https:\/\/www.cgjung.net\/espace\/accueil\/ariane-callot\/vieil-homme-enfant\/\">Jung : le vieil homme et l\u2019enfant<\/a><\/li>\n<li><a href=\"https:\/\/www.cgjung.net\/espace\/accueil\/ariane-callot\/individuation-individualisme\/\">Individuation et individualisme<\/a><\/li>\n<li><a href=\"https:\/\/www.cgjung.net\/espace\/accueil\/ariane-callot\/jung-et-la-geomancie\/\">C.G. Jung et la g\u00e9omancie<\/a><\/li>\n<li><a href=\"https:\/\/www.cgjung.net\/espace\/accueil\/ariane-callot\/citations-jung\/\">Sur l\u2019utilisation des citations de Carl Gustav Jung<\/a><\/li>\n<li><a href=\"https:\/\/www.cgjung.net\/espace\/accueil\/ariane-callot\/representations-theatrales-serie-reves\/\">Prologues aux repr\u00e9sentations th\u00e9\u00e2trales d\u2019une s\u00e9rie de r\u00eaves<\/a><\/li>\n<li><a href=\"https:\/\/www.cgjung.net\/espace\/accueil\/ariane-callot\/psyche-champ-de-bataille\/\">Quand la psych\u00e9 est un champ de bataille<\/a><\/li>\n<li><a href=\"https:\/\/www.cgjung.net\/espace\/accueil\/ariane-callot\/horloge-du-monde\/\">C.G. Jung et l\u2019Horloge du Monde<\/a><\/li>\n<li><a href=\"https:\/\/www.cgjung.net\/espace\/accueil\/ariane-callot\/frank-herbert-jung\/\">Carl Gustav Jung et l\u2019\u0153uvre de Frank Herbert<\/a><\/li>\n<li><a href=\"https:\/\/www.cgjung.net\/espace\/accueil\/pauli-jung-femme-inconnue\/\">Wolfgang Pauli, Carl Gustav Jung et la femme inconnue<\/a><\/li>\n<li><a href=\"https:\/\/www.cgjung.net\/espace\/accueil\/trois-oeuvres-essentielles\/\">L\u2019inspiration alchimique de Jung dans trois \u0153uvres essentielles<\/a><\/li>\n<li><a href=\"https:\/\/www.cgjung.net\/espace\/accueil\/ariane-callot\/psychologie-alchimie\/\">Comment aborder le livre de C.G. Jung Psychologie et Alchimie ?<\/a><\/li>\n<li><a href=\"https:\/\/www.cgjung.net\/espace\/accueil\/ariane-callot\/arbre-philosophique\/\">Carl Gustav Jung et l\u2019arbre philosophique<\/a><\/li>\n<li><a href=\"https:\/\/www.cgjung.net\/espace\/accueil\/ariane-callot\/reponse-job-jung-et-ses-detracteurs\/\">R\u00e9ponse \u00e0 Job : Jung et ses d\u00e9tracteurs<\/a><\/li>\n<li><a href=\"https:\/\/www.cgjung.net\/espace\/accueil\/ariane-callot\/termes-alchimiques\/\">Les termes alchimiques \u00e9clair\u00e9s par Dom Pernety et C.G. Jung<\/a><\/li>\n<li><a href=\"https:\/\/www.cgjung.net\/espace\/accueil\/les-dedoublements-du-thesard\/\">Les d\u00e9doublements du th\u00e9sard<\/a><\/li>\n<li><a href=\"https:\/\/www.cgjung.net\/espace\/accueil\/ariane-callot\/rencontres-bernard-kaempf\/\">Rencontres autour de Jung avec Bernard Kaempf<\/a><\/li>\n<li><a href=\"https:\/\/www.cgjung.net\/espace\/accueil\/alchimie-poetique\/\">Jung, Rimbaud, vers l\u2019alchimie po\u00e9tique<\/a><\/li>\n<li><a href=\"https:\/\/www.cgjung.net\/espace\/accueil\/jung-nerval-aurelia\/\">Carl Gustav Jung, G\u00e9rard de Nerval et Aur\u00e9lia<\/a><\/li>\n<li><a href=\"https:\/\/www.cgjung.net\/espace\/accueil\/jung-nietzsche-dieu-ne-peut-pas-mourir\/\">Jung \/ Nietzsche&nbsp;: Dieu ne peut pas mourir<\/a><\/li>\n<li><a href=\"https:\/\/www.cgjung.net\/espace\/accueil\/jung-nietzsche-maladie\/\">Jung \/ Nietzsche&nbsp;: le c\u00f4t\u00e9 positif\/n\u00e9gatif de la maladie<\/a><\/li>\n<li><a href=\"https:\/\/www.cgjung.net\/espace\/accueil\/jung-nietzsche\/\">Jung \/ Nietzsche, rendez-vous et \u00e9vitement<\/a><\/li>\n<\/ul>\n<p><em>Articles co-\u00e9crits avec Jean-Pierre Robert :<\/em><\/p>\n<ul>\n<li><a href=\"https:\/\/www.cgjung.net\/espace\/accueil\/psychologie-carl-gustav-jung\/\">La psychologie de Carl Gustav Jung expliqu\u00e9e clairement<\/a><\/li>\n<li><a href=\"https:\/\/www.cgjung.net\/espace\/accueil\/carl-gustav-jung-junichiro-tanizaki\/\">Carl Gustav Jung et Junichir\u00f4 Tanizaki font l\u2019\u00e9loge de l\u2019ombre<\/a><\/li>\n<\/ul>\n<p><em>Trois rubriques compl\u00e8tent cette liste d&rsquo;articles :<\/em><\/p>\n<p><a href=\"https:\/\/www.cgjung.net\/espace\/cg-jung\/\">Recherches sur Jung<\/a>&nbsp;|&nbsp;<a href=\"https:\/\/www.cgjung.net\/espace\/ariaga-ecrits-jung\/\">\u00c9crits sur Jung<\/a> | <a href=\"https:\/\/www.cgjung.net\/espace\/ariaga-poesie\/\">Po\u00e9sie Ariaga<\/a><\/p>\n\n","protected":false},"excerpt":{"rendered":"<p>Jung a-t-il vraiment dit ce qu\u2019on lui attribue ? D\u00e9tach\u00e9es de leur contexte, simplifi\u00e9es ou m\u00eame fabriqu\u00e9es, certaines citations d\u00e9forment sa pens\u00e9e. Cet article explore ces d\u00e9rives et l&rsquo;importance de rester fid\u00e8le aux sources. Ariane Callot Le d\u00e9coupage des citations d&rsquo;auteurs Beaucoup de citations d&rsquo;auteurs sont utilis\u00e9es hors de leur contexte. La plupart du temps [&hellip;]<\/p>\n","protected":false},"author":3,"featured_media":0,"parent":18078,"menu_order":0,"comment_status":"closed","ping_status":"closed","template":"","meta":{"footnotes":""},"class_list":["post-24509","page","type-page","status-publish","hentry"],"_links":{"self":[{"href":"https:\/\/www.cgjung.net\/espace\/wp-json\/wp\/v2\/pages\/24509","targetHints":{"allow":["GET"]}}],"collection":[{"href":"https:\/\/www.cgjung.net\/espace\/wp-json\/wp\/v2\/pages"}],"about":[{"href":"https:\/\/www.cgjung.net\/espace\/wp-json\/wp\/v2\/types\/page"}],"author":[{"embeddable":true,"href":"https:\/\/www.cgjung.net\/espace\/wp-json\/wp\/v2\/users\/3"}],"replies":[{"embeddable":true,"href":"https:\/\/www.cgjung.net\/espace\/wp-json\/wp\/v2\/comments?post=24509"}],"version-history":[{"count":58,"href":"https:\/\/www.cgjung.net\/espace\/wp-json\/wp\/v2\/pages\/24509\/revisions"}],"predecessor-version":[{"id":28630,"href":"https:\/\/www.cgjung.net\/espace\/wp-json\/wp\/v2\/pages\/24509\/revisions\/28630"}],"up":[{"embeddable":true,"href":"https:\/\/www.cgjung.net\/espace\/wp-json\/wp\/v2\/pages\/18078"}],"wp:attachment":[{"href":"https:\/\/www.cgjung.net\/espace\/wp-json\/wp\/v2\/media?parent=24509"}],"curies":[{"name":"wp","href":"https:\/\/api.w.org\/{rel}","templated":true}]}}