{"id":23998,"date":"2024-03-31T10:37:42","date_gmt":"2024-03-31T08:37:42","guid":{"rendered":"https:\/\/www.cgjung.net\/espace\/?page_id=23998"},"modified":"2025-09-01T07:09:05","modified_gmt":"2025-09-01T05:09:05","slug":"2024-03","status":"publish","type":"page","link":"https:\/\/www.cgjung.net\/espace\/lettre-information\/2024-03\/","title":{"rendered":"Lettre d&rsquo;information Mars 2024"},"content":{"rendered":"<p><strong>Cette lettre comprend :<\/strong> Imagination active | R\u00e9seaux sociaux | Dune deuxi\u00e8me partie |&nbsp; Interactions entre le f\u00e9minin et le masculin | Datura Stramonium | Le jeu de sable | Voyages initiatiques | Le f\u00e9minin \u00e0 l\u2019\u0153uvre dans la psych\u00e9 | Processus d&rsquo;individuation | Agenda jungien.<\/p>\n<p style=\"text-align: right;\"><a href=\"https:\/\/www.cgjung.net\/espace\/lettre-information\/\">Vous abonner ou vous d\u00e9sabonner<\/a><\/p>\n<p>Ch\u00e8re abonn\u00e9e, cher abonn\u00e9,<\/p>\n<p>Dans cette \u00e9dition de notre lettre d&rsquo;information, nous explorons diverses facettes de la psychologie jungienne. De la transformation personnelle, \u00e9voluant de la symbiose \u00e0 l&rsquo;individuation et enrichie par des approches vari\u00e9es telles que l&rsquo;hom\u00e9opathie, les r\u00e9cits h\u00e9ro\u00efques, les voyages et la musique, jusqu&rsquo;\u00e0 la plong\u00e9e dans l&rsquo;univers du f\u00e9minin \u00e0 travers la symbolique de Lilith et le r\u00f4le du f\u00e9minin dans la psych\u00e9.<\/p>\n<p>Nous red\u00e9couvrons \u00e9galement des outils essentiels pour se rapprocher des mat\u00e9riaux inconscients, comme l&rsquo;imagination active et le jeu de sable, et offrons une lecture jungienne sur des aspects contemporains de notre soci\u00e9t\u00e9, allant des r\u00e9seaux sociaux \u00e0 la science-fiction.<\/p>\n<h1>Articles<\/h1>\n<h2><a href=\"https:\/\/www.cgjung.net\/espace\/accueil\/claire-droin\/recommandations-imagination-active\/\"><img loading=\"lazy\" decoding=\"async\" class=\"size-full wp-image-23277 alignright\" src=\"https:\/\/www.cgjung.net\/espace\/wp-content\/uploads\/2023\/12\/imagination-active-2-v.jpg\" alt=\"\" width=\"120\" height=\"120\" \/><\/a><a href=\"https:\/\/www.cgjung.net\/espace\/accueil\/claire-droin\/recommandations-imagination-active\/\">Recommandations autour de la pratique de l\u2019Imagination Active<\/a><\/h2>\n<p>L\u2019Imagination Active se r\u00e9v\u00e8le \u00eatre un outil puissant et profond\u00e9ment personnel pour explorer les m\u00e9andres de l\u2019inconscient. Cependant, son utilisation requiert quelques recommandations pour naviguer s\u00fbrement dans ce territoire complexe et parfois sombre du psychisme. <span style=\"color: #666699;\">Claire Droin<\/span><\/p>\n<p>&nbsp;<\/p>\n<h2><a href=\"https:\/\/www.cgjung.net\/espace\/accueil\/rachel-huber\/reseaux-sociaux\/\"><img loading=\"lazy\" decoding=\"async\" class=\"size-full wp-image-23897 alignright\" src=\"https:\/\/www.cgjung.net\/espace\/wp-content\/uploads\/2024\/02\/jeunes-tristes-v.jpg\" alt=\"\" width=\"100\" height=\"129\" \/>C.G. Jung, les r\u00e9seaux sociaux et le malaise des jeunes : un regard jungien<\/a><\/h2>\n<p>Manifestations actuelles de l&rsquo;inconscient collectif, les r\u00e9seaux sociaux peuvent \u00eatre regard\u00e9s comme des espaces o\u00f9 les individus projettent leurs d\u00e9sirs, leurs inqui\u00e9tudes et leurs fantasmes.&nbsp;Quelles cons\u00e9quences sur la psych\u00e9 individuelle des jeunes ? <span style=\"color: #808080;\">Rachel Huber<\/span><\/p>\n<p>&nbsp;<\/p>\n<h2><a href=\"https:\/\/www.cgjung.net\/espace\/accueil\/ariane-callot\/frank-herbert-jung\/\"><img loading=\"lazy\" decoding=\"async\" class=\"alignright size-full wp-image-18088\" src=\"https:\/\/www.cgjung.net\/espace\/wp-content\/uploads\/2021\/11\/dune-v.jpg\" alt=\"\" width=\"150\" height=\"86\" \/><\/a><a href=\"https:\/\/www.cgjung.net\/espace\/accueil\/ariane-callot\/frank-herbert-jung\/\">Carl Gustav Jung et l\u2019\u0153uvre de Frank Herbert<\/a><\/h2>\n<p>Au moment de la sortie du film <em>Dune deuxi\u00e8me partie,<\/em> l&rsquo;article <em>C.G. Jung a-t-il inspir\u00e9 Frank Herbert<\/em>, rejoint l&rsquo;actualit\u00e9. Dune et l\u2019\u00e9toile et le fouet, deux \u0153uvres de ce grand auteur de science-fiction, nous donnent des indices. <span style=\"color: #808080;\">Ariane Callot&nbsp;<\/span><\/p>\n<p>&nbsp;<\/p>\n<h2><a href=\"https:\/\/www.cgjung.net\/espace\/accueil\/claudine-chatelain\/lilith\/\"><img loading=\"lazy\" decoding=\"async\" class=\"size-full wp-image-23532 alignright\" src=\"https:\/\/www.cgjung.net\/espace\/wp-content\/uploads\/2024\/01\/lilith-v.jpg\" alt=\"\" width=\"120\" height=\"120\" \/>Lilith, d\u00e9mone ou initi\u00e9e ?<\/a><\/h2>\n<p>C.G. Jung a soulign\u00e9 l\u2019importance des interactions entre le f\u00e9minin et le masculin.&nbsp;Les attributs de la d\u00e9esse Lilith, bien ancr\u00e9s dans nos existences, se r\u00e9v\u00e8lent \u00e0 travers l\u2019analyse d\u2019un r\u00eave, nous d\u00e9voilant ainsi sa v\u00e9ritable fonction au sein de notre psych\u00e9. <span style=\"color: #999999;\">Claudine Chatelain<\/span><\/p>\n<p>&nbsp;<\/p>\n<h2><a href=\"https:\/\/www.cgjung.net\/espace\/bernard-long-homeopathie\/ombre-lumiere\/\"><img loading=\"lazy\" decoding=\"async\" class=\"size-full wp-image-23412 alignright\" src=\"https:\/\/www.cgjung.net\/espace\/wp-content\/uploads\/2024\/01\/datura-stramonium-v.jpg\" alt=\"\" width=\"150\" height=\"104\" \/>Ombre, lumi\u00e8re, symbiose et magie<\/a><\/h2>\n<p>Datura Stramonium est caract\u00e9ris\u00e9 par un amour intense et une peur profonde. Ce stade symbiotique r\u00e9v\u00e8le une crainte de l&rsquo;obscurit\u00e9, de la solitude et de la s\u00e9paration o\u00f9 les nuits sont mena\u00e7antes et peupl\u00e9es de monstres. Dans ce contexte, m\u00eame la lumi\u00e8re n&rsquo;est pas toujours rassurante. <span style=\"color: #808080;\">Bernard Long<\/span><\/p>\n<p>&nbsp;<\/p>\n<h1>Ouvrages<\/h1>\n<h2><a href=\"https:\/\/www.cgjung.net\/espace\/ressources\/jeu-de-sable-dora-kalff\/\"><img loading=\"lazy\" decoding=\"async\" class=\"size-full wp-image-23658 alignright\" src=\"https:\/\/www.cgjung.net\/espace\/wp-content\/uploads\/2024\/02\/jeu-de-sable-v.jpg\" alt=\"\" width=\"150\" height=\"113\" \/>Le jeu de sable<\/a><\/h2>\n<p>La m\u00e9thode du jeu de sable, mise au point par Dora M. Kalff \u00e0 la demande de C.G. Jung, est reconnue pour son efficacit\u00e9 dans le traitement de divers troubles psychiques et psychosomatiques chez l\u2019adulte et l\u2019enfant.<\/p>\n<p><em>Les \u00e9ditions Baghera proposent cette nouvelle traduction, pr\u00e9sent\u00e9e ci-dessous par Mireille Rosselet-Capt, qui a particip\u00e9 \u00e0 ce projet.<\/em><\/p>\n<p>&nbsp;<\/p>\n<h2><a href=\"https:\/\/www.cgjung.net\/espace\/ressources\/voyages-initiatiques\/\"><img loading=\"lazy\" decoding=\"async\" class=\"size-full wp-image-23381 alignright\" src=\"https:\/\/www.cgjung.net\/espace\/wp-content\/uploads\/2024\/01\/voyages-initiatiques-v.jpg\" alt=\"\" width=\"90\" height=\"141\" \/>Voyages initiatiques<\/a><\/h2>\n<p>Marie-Claire Dolghin-Loyer nous convie \u00e0 une aventure initiatique, nous guidant \u00e0 travers divers r\u00e9cits de h\u00e9ros qui, in\u00e9vitablement, affrontent des \u00e9preuves afin d\u2019atteindre l\u2019accomplissement personnel sur le chemin de l\u2019individuation.<\/p>\n<p><em>Entretien r\u00e9alis\u00e9 avec Marie-Claire Dolghin-Loyer, propos recueillis par Claire Droin.<\/em><\/p>\n<p>&nbsp;<\/p>\n<h2>Br\u00e8ves et coups de c\u0153ur<\/h2>\n<h2><a href=\"https:\/\/www.cgjung.net\/espace\/accueil\/breves-efj\/feminin-psyche\/\"><img loading=\"lazy\" decoding=\"async\" class=\"size-full wp-image-23852 alignright\" src=\"https:\/\/www.cgjung.net\/espace\/wp-content\/uploads\/2024\/02\/feminin-psyche-v.png\" alt=\"\" width=\"90\" height=\"123\" \/>Le f\u00e9minin \u00e0 l\u2019\u0153uvre dans la psych\u00e9<\/a><\/h2>\n<p>Mariette Mignet explore le ph\u00e9nom\u00e8ne de transfert, la relation amoureuse, la confrontation conscient\/inconscient, comme autant de lieux o\u00f9 cette procr\u00e9ation peut \u00e9merger, o\u00f9 le f\u00e9minin est \u00e0 l\u2019\u0153uvre dans la psych\u00e9. <span style=\"color: #808080;\">Claire Droin<\/span><\/p>\n<p><em>Mariette Mignet est l&rsquo;une des participantes au colloque de la SFPA sur le th\u00e8me \u00ab\u00a0<a href=\"https:\/\/www.cgjung.net\/espace\/ressources\/feminin-psyche\/\">Jung et l&rsquo;oeuvre du f\u00e9minin dans la psych\u00e9\u00a0\u00bb<\/a>.<\/em><\/p>\n<p>&nbsp;<\/p>\n<h2><a href=\"https:\/\/www.cgjung.net\/espace\/accueil\/breves-efj\/processus-individuation\/\"><img loading=\"lazy\" decoding=\"async\" class=\"size-full wp-image-24038 alignright\" src=\"https:\/\/www.cgjung.net\/espace\/wp-content\/uploads\/2024\/03\/cahiers-jungiens-de-psychanalyse-no-158-v.jpg\" alt=\"\" width=\"90\" height=\"128\" \/>Un processus d\u2019individuation \u00e0 \u00e9couter et \u00e0 voir<\/a><\/h2>\n<p>Jean-Fran\u00e7ois Alizon tisse un lien magistral entre les th\u00e8mes chers \u00e0 Richard Wagner et les concepts intemporels de Carl Gustav Jung, \u00e9clairant ainsi les \u00e9tapes de la transformation int\u00e9rieure. <span style=\"color: #808080;\">Rachel Huber<\/span><\/p>\n<p><em>Cet article s\u2019appuie sur la lecture de l\u2019article \u00ab\u00a0Parsifal, ou le chemin vers le Soi\u00a0\u00bb de Jean-Fran\u00e7ois Alizon publi\u00e9 dans <a href=\"https:\/\/www.cgjung.net\/espace\/ressources\/cahiers-jungiens-de-psychanalyse-no-158-2023\/\">le Cahier Jungien de Psychanalyse no 158<\/a>.<\/em><\/p>\n<p>&nbsp;<\/p>\n<h1>Agenda jungien<\/h1>\n<p>Nous vous invitons \u00e0 d\u00e9couvrir les actualit\u00e9s jungiennes \u00e0 travers une s\u00e9lection de sites avec lesquels nous entretenons des relations. \u00c0 titre d&rsquo;exemple :<\/p>\n<ul>\n<li>Ev\u00e9nements en ligne <a href=\"https:\/\/groupe-jung.fr\/\" target=\"_blank\" rel=\"noopener\">sur le site du Groupe d&rsquo;Etudes C.G. Jung<\/a> :\n<ul>\n<li>Les mythes du temps des lumi\u00e8res : le mythe du vampire par Brigit Soubrouillard.&nbsp;<\/li>\n<li>L&rsquo;\u00e2me dans la pens\u00e9e de C.G. Jung par V\u00e9ronique Liard.&nbsp;<\/li>\n<li>D\u00e9couvrir Jung &#8211; La personnalit\u00e9 Mana par Sophie Braun.<\/li>\n<\/ul>\n<\/li>\n<li>Conf\u00e9rences organis\u00e9es par <a href=\"https:\/\/www.vonfranzjung.fr\/saison-2024\" target=\"_blank\" rel=\"noopener\">l&rsquo;association Marie-Louise von Franz &amp; Carl Gustav Jung<\/a> :\n<ul>\n<li>Alchimie et Vie symbolique &amp; Du Livre Rouge \u00e0 l&rsquo;Alchimie, par Marie-Laure Colonna &amp; Bertrand de la Vaissi\u00e8re.<\/li>\n<li>Au c\u0153ur du Rouge par Sophie Seale.<\/li>\n<\/ul>\n<\/li>\n<li>Rencontre des Analystes Jungiens Francophones : \u00catre analyste, \u00e0 la crois\u00e9e des vuln\u00e9rabilit\u00e9s organis\u00e9e par <a href=\"https:\/\/cgjungfrance.com\/events\/deuxieme-rencontre-des-analystes-jungiens-francophones-etre-analyste-a-la-croisee-des-vulnerabilites\/\" target=\"_blank\" rel=\"noopener\">la Soci\u00e9t\u00e9 Fran\u00e7aise de Psychologie Analytique<\/a> (r\u00e9serv\u00e9e aux membres francophones de l&rsquo;AIPA).<\/li>\n<\/ul>\n<p>&nbsp;<\/p>\n<h1>Nous soutenir<\/h1>\n<p>Le site Espace Francophone Jungien implique de nombreux frais de fonctionnement. Nous vous invitons donc, <a href=\"https:\/\/www.helloasso.com\/associations\/espace-francophone-jungien\/formulaires\/1\" target=\"_blank\" rel=\"noopener\">\u00e0 partir de cette page d\u00e9di\u00e9e<\/a>, \u00e0 contribuer \u00e0 son financement. Toute participation, quel que soit son montant, est grandement appr\u00e9ci\u00e9e !<\/p>\n<p>&nbsp;<\/p>\n<h1>En conclusion<\/h1>\n<p>Nous vous remercions chaleureusement pour votre soutien et votre fid\u00e9lit\u00e9. Nous esp\u00e9rons que cette lettre d\u2019information, v\u00e9ritable voyage au c\u0153ur de l\u2019immensit\u00e9 de la pens\u00e9e jungienne, contribuera \u00e0 tisser des liens et des connexions enrichissantes, tout en \u00e9largissant le champs de la conscience. Comme l\u2019\u00e9crivait Carl Gustav Jung :<\/p>\n<blockquote>\n<p>Il est infiniment probable que nous sommes encore fort \u00e9loign\u00e9s du sommet d\u2019une conscience absolue ; il en r\u00e9sulte par cons\u00e9quent que chacun est vraisemblablement capable d\u2019un degr\u00e9 de conscience plus \u00e9lev\u00e9 ; c\u2019est pourquoi on est en droit de supposer que les processus inconscients rameutent partout et toujours des contenus, pour les mener vers le conscient, qui, s\u2019ils y \u00e9taient accueillis et reconnus, \u00e9largiraient consid\u00e9rablement son p\u00e9rim\u00e8tre et son horizon. Dans cette perspective, le conscient apparait comme un domaine d\u2019exp\u00e9rience d\u2019une extension ind\u00e9termin\u00e9e et impr\u00e9cisable.<br \/>\nC.G. Jung, <a href=\"https:\/\/www.cgjung.net\/oeuvre\/dialectique.htm\">Dialectique du Moi et de l&rsquo;inconscient<\/a>, p136<\/p>\n<\/blockquote>\n<p>Que P\u00e2ques vous apporte joie, bonheur, paix et s\u00e9r\u00e9nit\u00e9. Joyeuses f\u00eates !<\/p>\n<p style=\"text-align: right;\">L&rsquo;\u00e9quipe d&rsquo;Espace Francophone Jungien<\/p>\n<p><em><a id=\"abonnement\"><\/a>Nous vous encourageons \u00e0 partager cette lettre d\u2019information avec vos proches. Vous avez \u00e9galement la libert\u00e9 de vous d\u00e9sabonner et de vous r\u00e9abonner \u00e0 tout moment, selon votre convenance.<\/em><\/p>\n<p><a href=\"https:\/\/www.cgjung.net\/espace\/lettre-information\/\">Historique des lettres d&rsquo;information<\/a><\/p>\n<p><a href=\"https:\/\/eepurl.com\/dtGE4X\" target=\"_blank\" rel=\"noopener\">Acc\u00e8s au formulaire pour vous abonner<\/a><\/p>\n<p><a href=\"https:\/\/cgjung.us18.list-manage.com\/unsubscribe?u=d3a4a24a2d98c83ada4736a3f&amp;id=3d1120f532\" target=\"_blank\" rel=\"noopener\">Acc\u00e8s au formulaire pour vous d\u00e9sabonner<\/a><\/p>\n\n","protected":false},"excerpt":{"rendered":"<p>Cette lettre comprend : Imagination active | R\u00e9seaux sociaux | Dune deuxi\u00e8me partie |&nbsp; Interactions entre le f\u00e9minin et le masculin | Datura Stramonium | Le jeu de sable | Voyages initiatiques | Le f\u00e9minin \u00e0 l\u2019\u0153uvre dans la psych\u00e9 | Processus d&rsquo;individuation | Agenda jungien. Vous abonner ou vous d\u00e9sabonner Ch\u00e8re abonn\u00e9e, cher abonn\u00e9, [&hellip;]<\/p>\n","protected":false},"author":17,"featured_media":0,"parent":23487,"menu_order":7,"comment_status":"closed","ping_status":"closed","template":"","meta":{"footnotes":""},"class_list":["post-23998","page","type-page","status-publish","hentry"],"_links":{"self":[{"href":"https:\/\/www.cgjung.net\/espace\/wp-json\/wp\/v2\/pages\/23998","targetHints":{"allow":["GET"]}}],"collection":[{"href":"https:\/\/www.cgjung.net\/espace\/wp-json\/wp\/v2\/pages"}],"about":[{"href":"https:\/\/www.cgjung.net\/espace\/wp-json\/wp\/v2\/types\/page"}],"author":[{"embeddable":true,"href":"https:\/\/www.cgjung.net\/espace\/wp-json\/wp\/v2\/users\/17"}],"replies":[{"embeddable":true,"href":"https:\/\/www.cgjung.net\/espace\/wp-json\/wp\/v2\/comments?post=23998"}],"version-history":[{"count":33,"href":"https:\/\/www.cgjung.net\/espace\/wp-json\/wp\/v2\/pages\/23998\/revisions"}],"predecessor-version":[{"id":30954,"href":"https:\/\/www.cgjung.net\/espace\/wp-json\/wp\/v2\/pages\/23998\/revisions\/30954"}],"up":[{"embeddable":true,"href":"https:\/\/www.cgjung.net\/espace\/wp-json\/wp\/v2\/pages\/23487"}],"wp:attachment":[{"href":"https:\/\/www.cgjung.net\/espace\/wp-json\/wp\/v2\/media?parent=23998"}],"curies":[{"name":"wp","href":"https:\/\/api.w.org\/{rel}","templated":true}]}}