{"id":23878,"date":"2024-03-04T15:09:43","date_gmt":"2024-03-04T14:09:43","guid":{"rendered":"https:\/\/www.cgjung.net\/espace\/?page_id=23878"},"modified":"2024-03-24T07:21:43","modified_gmt":"2024-03-24T06:21:43","slug":"processus-individuation","status":"publish","type":"page","link":"https:\/\/www.cgjung.net\/espace\/accueil\/breves-efj\/processus-individuation\/","title":{"rendered":"Un processus d\u2019individuation \u00e0 \u00e9couter et \u00e0 voir"},"content":{"rendered":"<p><strong>Jean-Fran\u00e7ois Alizon tisse un lien magistral entre les th\u00e8mes chers \u00e0 Richard Wagner et les concepts intemporels de Carl Gustav Jung, \u00e9clairant ainsi les \u00e9tapes de la transformation int\u00e9rieure.<\/strong><\/p>\n<p><img loading=\"lazy\" decoding=\"async\" class=\"aligncenter size-full wp-image-23901\" src=\"https:\/\/www.cgjung.net\/espace\/wp-content\/uploads\/2024\/02\/lance-graal.jpg\" alt=\"\" width=\"600\" height=\"80\" \/><\/p>\n<p><em><a href=\"https:\/\/www.cgjung.net\/espace\/ressources\/cahiers-jungiens-de-psychanalyse-no-158-2023\/\"><img loading=\"lazy\" decoding=\"async\" class=\"size-full wp-image-24038 alignright\" src=\"https:\/\/www.cgjung.net\/espace\/wp-content\/uploads\/2024\/03\/cahiers-jungiens-de-psychanalyse-no-158-v.jpg\" alt=\"\" width=\"90\" height=\"128\" \/><\/a>Ce \u00ab coup de c\u0153ur \u00bb s\u2019appuie sur l\u2019article Parsifal ou le chemin vers le Soi, publi\u00e9 dans le <a href=\"https:\/\/www.cgjung.net\/espace\/ressources\/cahiers-jungiens-de-psychanalyse-no-158-2023\/\">Cahier jungien de psychanalyse no 158<\/a>.<\/em><em><br \/>\n<\/em><\/p>\n<p>En choisissant des th\u00e8mes chers \u00e0 son c\u0153ur, la musique et la spiritualit\u00e9, <a href=\"https:\/\/www.cgjung.net\/espace\/ressources\/jung-et-le-christianisme\/\" target=\"_blank\" rel=\"noopener\">Jean-Fran\u00e7ois Alizon<\/a>, d\u00e9voile avec finesse et subtilit\u00e9, l\u2019ex\u00e9g\u00e8se d\u2019une \u0153uvre artistique, o\u00f9 Parsifal devient le t\u00e9moignage vivant du voyage int\u00e9rieur de Wagner vers la fin de sa vie.<\/p>\n<p>Alizon relie les images fortes surgissant de cette \u00ab f\u00eate sacr\u00e9e sur sc\u00e8ne \u00bb aux apports et concepts jungiens majeurs. L&rsquo;op\u00e9ra Parsifal s\u2019y r\u00e9v\u00e8le \u00eatre une exploration \u00e9pique et profond\u00e9ment symbolique du voyage initiatique de Parsifal vers la r\u00e9alisation du Soi, impr\u00e9gn\u00e9e de th\u00e8mes alchimiques, religieux et psychologiques.<\/p>\n<p>L\u2019imagination active est mise en avant en tant que processus cr\u00e9atif, l&rsquo;\u0153uvre alchimique marque la qu\u00eate, la transformation personnelle et la recherche de la v\u00e9rit\u00e9 ultime. Les arch\u00e9types incarn\u00e9s soutiennent le cheminement du h\u00e9ros vers une r\u00e9demption possible, ouvrant ainsi l\u2019acc\u00e8s au Soi.<\/p>\n<h2>Une exploration des luttes int\u00e9rieures de Richard Wagner<\/h2>\n<p>Wagner, fortement identifi\u00e9 \u00e0 l&rsquo;arch\u00e9type du \u00ab\u00a0Puer Aeternus\u00a0\u00bb, t\u00e9moigne d&rsquo;un g\u00e9nie artistique qui a donn\u00e9 naissance \u00e0 des r\u00e9alisations monumentales. Inspir\u00e9 par ses recherches religieuses et le mythe du Graal, il utilise les arch\u00e9types et les symboles des l\u00e9gendes de la mati\u00e8re de Bretagne pour cr\u00e9er un univers artistique unique, refl\u00e9tant son propre processus d&rsquo;individuation et d&rsquo;expression de l&rsquo;inconscient collectif \u00e0 travers Parsifal.<\/p>\n<p>Partant des m\u00e9andres de son v\u00e9cu, scrut\u00e9s \u00e0 travers le prisme des concepts jungiens, Alizon r\u00e9v\u00e8le comment l&rsquo;absence paternelle pr\u00e9pare un terrain fertile pour l&rsquo;\u00e9closion de troubles psychologiques chez Wagner. Ces tourments r\u00e9sonnent en lui comme autant de cordes sensibles, d\u00e9clenchant une \u00ab sensibilit\u00e9 psychotique \u00bb qui l&rsquo;immerge dans un monde o\u00f9 les \u00ab&nbsp;complexes autonomes&nbsp;\u00bb prennent vie pour devenir les protagonistes inoubliables de son op\u00e9ra.<\/p>\n<h2>Le processus d&rsquo;individuation et la transformation psychologique<\/h2>\n<p>Dans cette fascinante exploration, Alizon nous convie \u00e0 un p\u00e9riple initiatique aux c\u00f4t\u00e9s de Parsifal, dans sa qu\u00eate de r\u00e9alisation du Soi, symbolis\u00e9e par la conjonction entre la lance et le Graal.<\/p>\n<p>Il d\u00e9voile subtilement les diff\u00e9rentes \u00e9tapes du cheminement personnel de Wagner, miroir des p\u00e9rip\u00e9ties travers\u00e9es par ses h\u00e9ros tout au long des trois actes. De l&rsquo;affrontement entre les ch\u00e2teaux, reflet de la lutte int\u00e9rieure entre lumi\u00e8re et ombre chez Wagner, jusqu&rsquo;\u00e0 la symbolique lance sacr\u00e9e, clef essentielle de cette \u00e9pop\u00e9e.<\/p>\n<p>Parsifal, figure innocente et pure, incarne la synth\u00e8se harmonieuse entre conscient et inconscient, tandis que la hi\u00e9rophanie de la C\u00e8ne souligne l&rsquo;imp\u00e9rative connexion avec le numineux pour apaiser les blessures profondes de l&rsquo;\u00e2me.<\/p>\n<p>Dans le sillage de ces \u00e9preuves, tel que Jean-Fran\u00e7ois Alizon le d\u00e9crit dans son analyse, Parsifal \u00e9merge comme le symbole vivant de la simplicit\u00e9 authentique, capable de discerner et d&rsquo;apaiser la souffrance d&rsquo;autrui, tel un rayon de lumi\u00e8re jaillissant des t\u00e9n\u00e8bres.<\/p>\n<h2>Symbolisme religieux et alchimique<\/h2>\n<p>Alizon met en lumi\u00e8re comment les embl\u00e8mes sacr\u00e9s, la lance et le Graal, deviennent respectivement les principes masculin et f\u00e9minin de l&rsquo;univers. Symboles vibrants des \u00e9nergies oppos\u00e9es qui animent l\u2019inconscient collectif, ils \u0153uvrent en tant que forces puissantes qui s&rsquo;affrontent dans les profondeurs de l\u2019\u00e2me des protagonistes.<\/p>\n<p><a href=\"https:\/\/www.cgjung.net\/espace\/ariaga-ecrits-jung\/alchimie\/\" target=\"_blank\" rel=\"noopener\">Jung consid\u00e9rait les symboles alchimiques<\/a> comme des repr\u00e9sentations cod\u00e9es des processus de transformation de l&rsquo;\u00e2me. Ainsi, comme le souligne Jean-Fran\u00e7ois Alizon, la qu\u00eate du Graal dans Parsifal peut \u00eatre interpr\u00e9t\u00e9e comme une m\u00e9taphore de la recherche de la totalit\u00e9 psychique et de la r\u00e9conciliation des polarit\u00e9s internes,<strong> anticipant les concepts fondamentaux de la th\u00e9orie jungienne<\/strong>.<\/p>\n<p>Dans cet op\u00e9ra sacr\u00e9, Jean-Fran\u00e7ois Alizon illumine les phases de la transformation int\u00e9rieure, <a href=\"https:\/\/www.cgjung.net\/espace\/ariaga-ecrits-jung\/alchimie\/origine-couleurs\/\" target=\"_blank\" rel=\"noopener\">chaque nuance peignant un tableau vibrant du cheminement alchimique.<\/a><\/p>\n<ul>\n<li>Dans le noir profond de la Nigredo, les conflits int\u00e9rieurs se r\u00e9v\u00e8lent : une p\u00e9riode tumultueuse de dissolution et de d\u00e9sint\u00e9gration incarn\u00e9e par la souffrance d&rsquo;Amfortas.<\/li>\n<li>Dans la lumi\u00e8re \u00e9clatante de l&rsquo;Albedo, la purification et la clart\u00e9 \u00e9mergent, les personnages s&rsquo;engageant sur le chemin de la s\u00e9paration des \u00e9l\u00e9ments, tandis que le Graal irradie de sa lumi\u00e8re bienveillante.<\/li>\n<li>La Citrinitas, jaune \u00e9clatant, brille de l&rsquo;illumination, \u00e9veillant une conscience plus profonde, comme lorsque Parsifal saisit la lance sacr\u00e9e, r\u00e9sistant aux tentations s\u00e9duisantes.<\/li>\n<li>Enfin, dans le vert vibrant de la Viriditas, la r\u00e9g\u00e9n\u00e9ration s&rsquo;\u00e9panouit, les personnages se reconnectant \u00e0 la vie avec une extase bouleversante devant la nature, symbolisant ainsi une croissance, une gu\u00e9rison et un renouveau ultimes.<\/li>\n<\/ul>\n<p><strong>Avec une gr\u00e2ce infinie Jean-Fran\u00e7ois Alizon d\u00e9voile comment le c\u00e9l\u00e8bre compositeur transcende les limites de l&rsquo;op\u00e9ra traditionnel pour cr\u00e9er un monde artistique d&rsquo;une profondeur inou\u00efe, miroir \u00e9blouissant de son propre voyage psychologique et spirituel. Un article \u00e0 d\u00e9couvrir absolument !<\/strong><\/p>\n<p style=\"text-align: right;\">Mars 2024<\/p>\n<p><a href=\"https:\/\/www.cgjung.net\/contact.htm\"><strong>Adresser un message \u00e0 Rachel Huber<\/strong><\/a><\/p>\n<p>&nbsp;<\/p>\n<h2>Rachel Huber<\/h2>\n<p><img loading=\"lazy\" decoding=\"async\" class=\"alignright size-full wp-image-22852\" src=\"https:\/\/www.cgjung.net\/espace\/wp-content\/uploads\/2023\/11\/rachel-huber.jpg\" alt=\"\" width=\"120\" height=\"176\" \/>Rachel Huber est praticienne en psychoth\u00e9rapies, sophrologue, enseignante, formatrice et assure des supervisions. Son cabinet se trouve dans le Sud-Est de la France.<\/p>\n<p>Tr\u00e8s attach\u00e9e \u00e0 la psychologie jungienne, s&rsquo;appuyant sur des textes fondateurs, elle d\u00e9montre comment celle-ci apporte un \u00e9clairage autour des questionnements li\u00e9s \u00e0 nos modes de vie actuels.<\/p>\n<p>Elle est professionnelle agr\u00e9e de la <a href=\"https:\/\/www.ff2p.fr\/recherche-praticien\/?search-psycho=Rachel%20HUBER&amp;search-psycho-type=praticien&amp;search-location=Cap-d%27Ail%20%20%2806320%29&amp;search-location-disabled&amp;search-location-country&amp;search-location-zipcode=06320&amp;search-location-city=Cap-d%27Ail&amp;search-location-department&amp;search-practitioner=Rachel%2CHUBER\" target=\"_blank\" rel=\"noopener\">F\u00e9d\u00e9ration Fran\u00e7aise de Psychoth\u00e9rapie et Psychanalyse<\/a> (FF2P).<\/p>\n<p>Elle fait partie de l&rsquo;\u00e9quipe \u00e9ditoriale du site Espace Francophone Jungien.<\/p>\n<p>Pour en savoir plus, voir son site internet <a href=\"http:\/\/cabinet-sophro-psy.com\/\" target=\"_blank\" rel=\"noopener\">Cabinet Sophro-Psy<\/a><\/p>\n<p><strong>S\u00e9minaires<\/strong><\/p>\n<p>Elle coanime <a href=\"https:\/\/www.cgjung.net\/espace\/seminaires\/\">des s\u00e9minaires de formation<\/a> avec d&rsquo;autres membres d\u2019Espace Francophone Jungien.<\/p>\n<p><strong>Articles<\/strong><\/p>\n<ul>\n<li><a href=\"https:\/\/www.cgjung.net\/espace\/accueil\/rachel-huber\/chronos-kairos-et-aion\/\">Chronos, Kairos et A\u00efon : temporalit\u00e9s psychiques<\/a><\/li>\n<li><a href=\"https:\/\/www.cgjung.net\/espace\/accueil\/rachel-huber\/symbolisme-semiotique-iconologie-symbologie\/\">O\u00f9 se situe la psychologie analytique parmi le symbolisme, la s\u00e9miotique, l\u2019iconologie et la symbologie ?<\/a><\/li>\n<li><a href=\"https:\/\/www.cgjung.net\/espace\/accueil\/rachel-huber\/noel-le-soi\/\">No\u00ebl, l\u2019ombre et le f\u00e9minin r\u00e9conciliateur : fils conducteurs vers le Soi<\/a><\/li>\n<li><a href=\"https:\/\/www.cgjung.net\/espace\/accueil\/rachel-huber\/visite-musee-emma-carl-gustav-jung\/\">Visite du foyer d\u2019Emma et de Carl Gustav Jung<\/a><\/li>\n<li><a href=\"https:\/\/www.cgjung.net\/espace\/accueil\/breves-efj\/processus-individuation\/\">Un processus d\u2019individuation \u00e0 \u00e9couter et \u00e0 voir<\/a><\/li>\n<li><a href=\"https:\/\/www.cgjung.net\/espace\/accueil\/rachel-huber\/reseaux-sociaux\/\">C.G. Jung, les r\u00e9seaux sociaux et le malaise des jeunes : un regard jungien<\/a><\/li>\n<li><a href=\"https:\/\/www.cgjung.net\/espace\/accueil\/rachel-huber\/feminin-masculin\/\">Qu\u2019est-ce que le f\u00e9minin, qu\u2019est-ce que le masculin ?<\/a> Cet article s&rsquo;appuie en partie sur les entretiens audio diffus\u00e9s sur France Culture dans la s\u00e9rie d&rsquo;\u00e9missions <a href=\"https:\/\/www.cgjung.net\/espace\/ressources\/jung-totalite-homme-futur\/\">Carl Gustav Jung ou la totalit\u00e9 de l\u2019homme futur<\/a>.<\/li>\n<\/ul>\n<p><strong>Entretiens<\/strong><\/p>\n<ul>\n<li><a href=\"https:\/\/www.cgjung.net\/espace\/ressources\/bernard-hort\/\">Animus et anima au XXIe si\u00e8cle<\/a> (entretien avec Bernard Hort)<\/li>\n<li><a href=\"https:\/\/www.cgjung.net\/espace\/accueil\/rachel-huber\/alizon-opicino\/\">Opicino de Canistris<\/a> (entretien avec Jean-Fran\u00e7ois Alizon)<\/li>\n<li><a href=\"https:\/\/www.cgjung.net\/espace\/accueil\/rachel-huber\/marie-laure-colonna\/\">Discussion avec Marie-Laure Colonna<\/a><\/li>\n<li><a href=\"https:\/\/www.cgjung.net\/espace\/accueil\/rachel-huber\/discussion-avec-bertrand-de-la-vaissiere\/\">Discussion avec Bertrand de la Vaissi\u00e8re<\/a><\/li>\n<\/ul>\n\n","protected":false},"excerpt":{"rendered":"<p>Jean-Fran\u00e7ois Alizon tisse un lien magistral entre les th\u00e8mes chers \u00e0 Richard Wagner et les concepts intemporels de Carl Gustav Jung, \u00e9clairant ainsi les \u00e9tapes de la transformation int\u00e9rieure. Ce \u00ab coup de c\u0153ur \u00bb s\u2019appuie sur l\u2019article Parsifal ou le chemin vers le Soi, publi\u00e9 dans le Cahier jungien de psychanalyse no 158. En [&hellip;]<\/p>\n","protected":false},"author":16,"featured_media":0,"parent":21160,"menu_order":0,"comment_status":"closed","ping_status":"closed","template":"","meta":{"footnotes":""},"class_list":["post-23878","page","type-page","status-publish","hentry"],"_links":{"self":[{"href":"https:\/\/www.cgjung.net\/espace\/wp-json\/wp\/v2\/pages\/23878","targetHints":{"allow":["GET"]}}],"collection":[{"href":"https:\/\/www.cgjung.net\/espace\/wp-json\/wp\/v2\/pages"}],"about":[{"href":"https:\/\/www.cgjung.net\/espace\/wp-json\/wp\/v2\/types\/page"}],"author":[{"embeddable":true,"href":"https:\/\/www.cgjung.net\/espace\/wp-json\/wp\/v2\/users\/16"}],"replies":[{"embeddable":true,"href":"https:\/\/www.cgjung.net\/espace\/wp-json\/wp\/v2\/comments?post=23878"}],"version-history":[{"count":16,"href":"https:\/\/www.cgjung.net\/espace\/wp-json\/wp\/v2\/pages\/23878\/revisions"}],"predecessor-version":[{"id":24057,"href":"https:\/\/www.cgjung.net\/espace\/wp-json\/wp\/v2\/pages\/23878\/revisions\/24057"}],"up":[{"embeddable":true,"href":"https:\/\/www.cgjung.net\/espace\/wp-json\/wp\/v2\/pages\/21160"}],"wp:attachment":[{"href":"https:\/\/www.cgjung.net\/espace\/wp-json\/wp\/v2\/media?parent=23878"}],"curies":[{"name":"wp","href":"https:\/\/api.w.org\/{rel}","templated":true}]}}