{"id":23821,"date":"2024-05-22T14:24:23","date_gmt":"2024-05-22T12:24:23","guid":{"rendered":"https:\/\/www.cgjung.net\/espace\/?page_id=23821"},"modified":"2025-12-08T19:20:06","modified_gmt":"2025-12-08T18:20:06","slug":"entretien-bertrand-eveno","status":"publish","type":"page","link":"https:\/\/www.cgjung.net\/espace\/accueil\/claire-droin\/entretien-bertrand-eveno\/","title":{"rendered":"Entretien avec Bertrand Eveno"},"content":{"rendered":"<p><strong>Au soleil, dans le jardin de sa maison, une ancienne imprimerie du XVIII\u00e8me si\u00e8cle au pied d\u2019une \u00e9glise, Bertrand Eveno a accept\u00e9 de r\u00e9pondre \u00e0 quelques questions concernant la Compagnie du Livre Rouge, sa cr\u00e9ation, sa ligne \u00e9ditoriale, son histoire et ses projets.<\/strong><\/p>\n<p><img loading=\"lazy\" decoding=\"async\" class=\"aligncenter size-full wp-image-24525\" src=\"https:\/\/www.cgjung.net\/espace\/wp-content\/uploads\/2024\/04\/compagnie-livre-rouge.png\" alt=\"\" width=\"853\" height=\"478\" srcset=\"https:\/\/www.cgjung.net\/espace\/wp-content\/uploads\/2024\/04\/compagnie-livre-rouge.png 853w, https:\/\/www.cgjung.net\/espace\/wp-content\/uploads\/2024\/04\/compagnie-livre-rouge-300x168.png 300w, https:\/\/www.cgjung.net\/espace\/wp-content\/uploads\/2024\/04\/compagnie-livre-rouge-768x430.png 768w\" sizes=\"auto, (max-width: 853px) 100vw, 853px\" \/><\/p>\n<p><strong>Claire Droin : Qu\u2019est ce qui, pour vous, a motiv\u00e9 la publication du Livre Rouge de C. G. Jung en fran\u00e7ais et la cr\u00e9ation des \u00e9ditions La Compagnie du Livre Rouge ?<\/strong><\/p>\n<p>Bertrand Eveno : Tout commence en 2009, lors de la publication du Livre Rouge en anglais et en allemand. Par le hasard de la vie, j\u2019\u00e9tais pr\u00e9sent au lancement \u00e0 Zurich et j\u2019ai \u00e9t\u00e9 captiv\u00e9 par cette \u00e9dition audacieuse : un fac-simil\u00e9 int\u00e9gral des pages calligraphi\u00e9es et ornement\u00e9es du Livre Rouge, reproduisant le manuscrit original de Jung, un volume de tr\u00e8s grande taille, in folio, c\u2019est-\u00e0-dire un gros \u00ab\u00a0pav\u00e9\u00a0\u00bb m\u00e9di\u00e9val d\u2019apparence.<\/p>\n<p>Devant cet objet \u00e9ditorial in\u00e9dit, je me suis imm\u00e9diatement convaincu de la n\u00e9cessit\u00e9 de partager cette publication avec le march\u00e9 francophone, peu familier avec Jung. C\u2019\u00e9tait l\u00e0 la motivation premi\u00e8re. Cependant, malgr\u00e9 l&rsquo;int\u00e9r\u00eat ind\u00e9niable de l&rsquo;\u0153uvre, les grands \u00e9diteurs fran\u00e7ais ont rejet\u00e9 ce projet. Il \u00e9tait impensable pour moi que ce livre soit \u00e9dit\u00e9 presque partout dans le monde, et pas en France. J\u2019ai donc pris la d\u00e9cision en avril 2010 d\u2019acqu\u00e9rir les droits, d&rsquo;investir dans la traduction et la fabrication de cet ouvrage, sur mes fonds propres.<\/p>\n<p>Il fallait faire une traduction de l\u2019allemand pour le texte de Jung et une traduction de l\u2019anglais pour l\u2019appareil critique et pour l\u2019introduction de Sonu Shamdasani. J\u2019ai donc r\u00e9uni une \u00e9quipe qui s\u2019est partag\u00e9 le travail et a produit le texte en fran\u00e7ais \u00e0 la fin de l\u2019ann\u00e9e 2010. A ce moment-l\u00e0, nous avons pu retravailler \u00e0 la publication, faire la mise en page, travailler sur les notes, j\u2019ai moi-m\u00eame pass\u00e9 beaucoup de temps \u00e0 cela.<\/p>\n<p>Concernant le choix du nom de la maison d&rsquo;\u00e9dition, j\u2019ai eu l&rsquo;intuition qu&rsquo;il fallait renommer la petite soci\u00e9t\u00e9 de conseil que j&rsquo;avais pr\u00e9c\u00e9demment cr\u00e9\u00e9e, en y int\u00e9grant \u00ab\u00a0Le Livre Rouge\u00a0\u00bb. \u00ab\u00a0La Compagnie du Livre Rouge\u00a0\u00bb m\u2019a paru bien parce que cela signifiait qu\u2019on \u00e9tait en compagnie de Jung et de cet ouvrage exceptionnel.<\/p>\n<p>A l\u2019hiver 2010-2011, le vrai Livre Rouge a \u00e9t\u00e9 expos\u00e9 avec toute une s\u00e9rie de documents autour de Jung au mus\u00e9e Rietberg, un mus\u00e9e d\u2019art asiatique \u00e0 Zurich. J\u2019ai alors eu la conviction qu\u2019il fallait aussi pr\u00e9senter cela \u00e0 Paris. Apr\u00e8s avoir contact\u00e9 quelques connaissances dans le milieu de la culture, j\u2019ai cherch\u00e9 un mus\u00e9e pour cette exposition. J\u2019ai eu la chance <a href=\"https:\/\/www.cgjung.net\/livrerouge\/exposition-livre-rouge-cg-jung-musee-guimet-paris.htm\">que le mus\u00e9e Guimet se montre int\u00e9ress\u00e9<\/a>. Ils ont eu l\u2019id\u00e9e de faire un parall\u00e8le entre Jung et un Dala\u00ef Lama du XVII\u00e8me si\u00e8cle dont les visions avaient \u00e9t\u00e9 peintes sur papier bleu, des choses magnifiques.<\/p>\n<p>Nous avons donc eu le privil\u00e8ge de pr\u00e9senter \u00e0 Paris pendant 2 mois toute l\u2019exposition de Zurich, notamment le vrai Livre Rouge, le manuscrit, les feuilles sur parchemin, les dessins originaux, c\u2019\u00e9tait vraiment passionnant ! Et c\u2019est comme cela que l\u2019on a lanc\u00e9 <a href=\"https:\/\/www.cgjung.net\/livrerouge\/index.htm\">le Livre Rouge<\/a> en version fran\u00e7aise qui s\u2019est vendu \u00e0 partir de l\u2019automne 2011.<\/p>\n<p><strong>Pouvez-vous nous parler de votre d\u00e9marche pour sa publication, des difficult\u00e9s rencontr\u00e9es et de son importance dans le domaine de l&rsquo;\u00e9dition ?<\/strong><\/p>\n<p>Il n\u2019y a pas vraiment eu de difficult\u00e9 puisque l\u2019\u00e9diteur am\u00e9ricain Norton avait choisi de contr\u00f4ler toute l\u2019\u00e9dition, de ma\u00eetriser l\u2019impression \u00e0 V\u00e9rone, en Italie. Nous devions simplement lui fournir les textes, conform\u00e9ment \u00e0 la maquette \u00e9tablie, ce qui a simplifi\u00e9 grandement les choses.<\/p>\n<p>En revanche, fixer le prix de vente et convaincre les commerciaux et les libraires \u00e9tait un vrai d\u00e9fi. Car quand ils ont vu arriver \u00ab la b\u00eate \u00bb, \u00ab le monstre \u00bb, ils ont \u00e9t\u00e9 un peu surpris ! Ce n\u2019est pas un livre qui rentre facilement dans les rayonnages&nbsp;! Mais j\u2019avais trouv\u00e9 comme partenaire Les Ar\u00e8nes\/L\u2019Iconoclaste, qui avait une force de vente, un syst\u00e8me promotionnel et un r\u00e9seau de relation avec les libraires, ce qui nous a permis de mener \u00e0 bien le lancement du livre.<\/p>\n<p>Bien que la presse fran\u00e7aise ait peu relay\u00e9 l&rsquo;information, quelques m\u00e9dias tels que Le Figaro et Psychologie Magazine <a href=\"https:\/\/www.cgjung.net\/livrerouge\/presse.htm\">y ont consacr\u00e9 plusieurs pages<\/a>. La presse francophone suisse et la presse francophone belge ont \u00e9galement fait une tr\u00e8s belle promotion. Ce gros dossier de presse a impressionn\u00e9 les libraires et le Livre Rouge a pu \u00eatre vendu. Voil\u00e0 toute l\u2019histoire \u00e9ditoriale de ce joli petit projet ! [rires]\n<p><strong>Quels sont les crit\u00e8res de s\u00e9lection des ouvrages que vous publiez ? Y a-t-il une ligne \u00e9ditoriale sp\u00e9cifique que vous suivez ?<\/strong><\/p>\n<p>Apr\u00e8s le lancement r\u00e9ussi du Livre Rouge, j&rsquo;ai d\u00e9cid\u00e9 de r\u00e9investir les b\u00e9n\u00e9fices dans de nouveaux projets \u00e9ditoriaux. Tout en \u00e9vitant de concurrencer les \u00e9diteurs jungiens fran\u00e7ais d\u00e9j\u00e0 \u00e9tablis, j&rsquo;ai orient\u00e9 ma ligne \u00e9ditoriale autour de deux axes principaux :<\/p>\n<ul>\n<li>Editer des textes in\u00e9dits de Jung : d\u00e8s que j\u2019ai l\u2019opportunit\u00e9 de mettre la main sur des in\u00e9dits de Jung, je consid\u00e8re que c\u2019est absolument essentiel de les publier.<\/li>\n<li>Editer des suiveurs de Jung qui sont m\u00e9connus en France. Et le premier a \u00e9t\u00e9 Erich Neumann car il n\u2019avait rien publi\u00e9 en fran\u00e7ais.<\/li>\n<\/ul>\n<p><strong>Quels sont les auteurs, ouvrages majeurs, ou th\u00e8mes privil\u00e9gi\u00e9s que vous avez publi\u00e9s et qui sont en lien avec les id\u00e9es et les concepts d\u00e9velopp\u00e9s par Carl Gustav Jung ?<\/strong><\/p>\n<p>Erich Neumann, justement, parce que c\u2019est quelqu\u2019un de tr\u00e8s int\u00e9ressant : allemand, juif berlinois, ayant fait des \u00e9tudes de philosophie, m\u00e9decin lui-m\u00eame, il a assez vite \u00e9t\u00e9 un disciple de Jung. Il a fui l\u2019Allemagne \u00e0 cause du nazisme et s\u2019est install\u00e9 \u00e0 Tel Aviv en Isra\u00ebl, en Palestine \u00e0 l\u2019\u00e9poque. Il y a fond\u00e9 l\u2019Ecole Jungienne en Terre d\u2019Isra\u00ebl. Il y a tellement de personnes qui croient que Jung a des rapports difficiles avec le juda\u00efsme. Neumann est la d\u00e9monstration du contraire. Ce n&rsquo;est pas un auteur au style facile, mais avec la collaboration de V\u00e9ronique Liard qui avait particip\u00e9 \u00e0 la traduction du Livre Rouge et a traduit tous ses livres, j\u2019ai d\u00e9cid\u00e9 d\u2019\u00e9diter Erich Neumann :<\/p>\n<ul>\n<li><a href=\"https:\/\/www.cgjung.net\/publications\/origines-et-histoire-de-la-conscience.htm\">Origines et histoire de la conscience <\/a><\/li>\n<li><a href=\"https:\/\/www.cgjung.net\/publications\/jacob-esau-erich-neumann.htm\">Jacob et Esa\u00fc, L&rsquo;arch\u00e9type des fr\u00e8res ennemis un symbole du juda\u00efsme<\/a><\/li>\n<li><a href=\"https:\/\/www.cgjung.net\/espace\/ressources\/la-peur-du-feminin\/\">La peur du f\u00e9minin, et autres essais sur la psychologie f\u00e9minine&nbsp;<\/a><\/li>\n<\/ul>\n<p>Et puis il y a cet in\u00e9dit de Jung : <a href=\"https:\/\/www.cgjung.net\/oeuvre\/correspondance-jung-neumann.htm\">Correspondance, Zurich-Tel Aviv (1933-1959) &#8211; C.G. Jung &#8211; Erich Neumann. <\/a>Cette correspondance est vraiment importante, parce que toutes les questions de relation entre Jung et le juda\u00efsme sont abord\u00e9es et sont trait\u00e9es. Neumann avait envie de pousser Jung dans ses retranchements sur la question de son rapport avec le juda\u00efsme. Je suis tr\u00e8s content d\u2019avoir publi\u00e9 cette correspondance.<\/p>\n<p>J\u2019ai aussi publi\u00e9 la biographie de <a href=\"https:\/\/www.cgjung.net\/espace\/ressources\/jung-elie-humbert\/\">C.G. Jung<\/a> par Elie Humbert qui avait rencontr\u00e9 Jung a Zurich avant sa mort. Je trouve qu\u2019il parle tr\u00e8s bien de Jung, et cet ouvrage a, pour cette raison, un grand int\u00e9r\u00eat. De plus, Elie Humbert \u00e9tait pr\u00eatre, il fait l\u2019interface entre le christianisme et Jung, de m\u00eame que Neumann fait l\u2019interface avec le juda\u00efsme. Si on trouvait des choses in\u00e9dites d\u2019Elie Humbert dans des archives, je serais pr\u00eat \u00e0 les publier.<\/p>\n<p>Dans les in\u00e9dits de Jung, j\u2019ai eu la chance de publier<a href=\"https:\/\/www.cgjung.net\/oeuvre\/visions\/index.htm\"> L&rsquo;analyse des visions, Le s\u00e9minaire de 1930-1934.<\/a> Cet \u00e9norme pav\u00e9 de 1500 pages est tout le travail que Jung a fait autour des visions d\u2019une jeune am\u00e9ricaine. Et ce texte est formidable parce qu\u2019il est d\u2019une grande richesse. C\u2019est une grande \u00e9tag\u00e8re, o\u00f9 on trouve tout Jung ! Tr\u00e8s vivant, tr\u00e8s clair, tr\u00e8s primesautier, tr\u00e8s mobile, avec beaucoup d\u2019humour ! Des d\u00e9bats int\u00e9rieurs entre lui et le christianisme, entre lui et la philosophie, entre lui et Freud etc. C\u2019est un texte absolument formidable comme \u00ab&nbsp;une corne d\u2019abondance \u00bb. Je l\u2019ai \u00e9dit\u00e9 et il a \u00e9t\u00e9 tr\u00e8s bien re\u00e7u, il est d\u2019ailleurs \u00e9puis\u00e9. Je pense le r\u00e9imprimer car il est vraiment demand\u00e9 et encore beaucoup de gens aimeraient l\u2019avoir.<\/p>\n<p>D\u2019autre part, j\u2019ai aussi \u00e9t\u00e9 s\u00e9duit par un auteur, psychanalyste jungien italien, sociologue et \u00e9conomiste, qui lui est vivant : Luigi Zoja. Donc j\u2019ai commenc\u00e9 par <a href=\"https:\/\/www.cgjung.net\/publications\/le-pere.htm\">Le P\u00e8re<\/a>. Et je m&rsquo;appr\u00eate \u00e0 publier un autre tome de Zoja: \u00ab\u00a0<a href=\"https:\/\/www.cgjung.net\/espace\/ressources\/declin-desir\/\">Le d\u00e9clin du d\u00e9sir. Pourquoi le monde renonce au sexe<\/a>\u00ab\u00a0. Il s\u2019agit de r\u00e9flexions sur la libido occidentale, \u00e0 la fois chez les hommes et chez les femmes.<\/p>\n<p>J\u2019ai eu aussi d\u2019autre id\u00e9es qui me sont venues :<\/p>\n<p>Pierre Faure a \u00e9crit un bouquin magnifique sur <a href=\"https:\/\/www.cgjung.net\/espace\/ressources\/yi-jing-pierre-faure-entretien\/\">Le Yi Jing. Le Classique des Mutations.<\/a> Je l\u2019ai \u00e9dit\u00e9. Il y a maintenant trois Yi King sur le march\u00e9, le jaune, le rouge et le bleu. Moi, j\u2019ai permis qu&rsquo;il y ait le bleu ! [rires]\n<p>Et puis Christine Maillard, qui a particip\u00e9 \u00e0 la traduction du Livre Rouge, avait fait sa th\u00e8se de doctorat sur les Sept Sermons aux Morts. Elle avait envie de la republier. Cela me paraissait tr\u00e8s int\u00e9ressant mais suite \u00e0 la publication du Livre Rouge, le public en savait beaucoup plus sur ce texte. A ma demande, elle a retravaill\u00e9 son \u00e9crit. Elle a refait son plan, a repris des morceaux de sa th\u00e8se et les a compl\u00e9t\u00e9s. Cela a fait un livre qu\u2019on a appel\u00e9 <a href=\"https:\/\/www.cgjung.net\/publications\/au-coeur-du-livre-rouge.htm\">Au c\u0153ur du Livre rouge, les Sept Sermons aux morts.<\/a><\/p>\n<p><strong>Comment voyez-vous l&rsquo;impact de la pens\u00e9e jungienne dans le paysage intellectuel contemporain ?<\/strong><\/p>\n<p>Il y a, \u00e0 mon avis, deux paysages intellectuels : le fran\u00e7ais et le reste du monde.<\/p>\n<p>Dans la plupart des pays, Jung est estim\u00e9 comme un penseur important non seulement pour la psychanalyse, le travail sur l\u2019inconscient, la psych\u00e9 humaine, mais \u00e9galement pour la compr\u00e9hension du monde contemporain. Jung a une capacit\u00e9 \u00e0 nous aider \u00e0 traiter les probl\u00e8mes contemporains, \u00e0 y r\u00e9fl\u00e9chir, car il a laiss\u00e9 suffisamment de traces intellectuelles vives et f\u00e9condes. Cette vitalit\u00e9 de la pens\u00e9e de Jung est admise dans la plupart des pays.<\/p>\n<p>Paradoxalement, en France, Jung est m\u00e9connu. Pourquoi ?<\/p>\n<p>Il y a d\u2019une part, la fin des jungiens de grande envergure qu\u2019\u00e9taient par exemple Gaston Bachelard, et ses successeurs, je pense notamment \u00e0 Gilbert Durand, Antoine Faivre etc. Ces gens l\u00e0 qui \u00e9taient plut\u00f4t c\u00f4t\u00e9 philosophie sont maintenant partis.<\/p>\n<p>Et d\u2019autre part, c\u00f4t\u00e9 enseignement dans les facult\u00e9s de m\u00e9decine, de psychologie et de philosophie, on a compl\u00e8tement d\u00e9sert\u00e9 Jung. Alors que Jung \u00e9tait enseign\u00e9 dans les ann\u00e9es 20-30-40 et apr\u00e8s-guerre, cela a disparu sous l\u2019influence violemment n\u00e9gative d\u2019un certain nombre de cercles freudiens qui ont r\u00e9solu d\u2019\u00e9carter Jung des positions universitaires. La bataille universitaire a \u00e9t\u00e9 perdue par les jungiens, c\u2019est un peu dommage, mais c\u2019est comme \u00e7a ! Alors il faut remonter le courant et essayer de faire en sorte que les gens redeviennent un peu plus \u00e9quilibr\u00e9s dans leur appr\u00e9ciation de ce qu\u2019est Jung dans l\u2019histoire de la psychanalyse et de la pens\u00e9e.<\/p>\n<p><strong>Pouvez-vous nous parler des d\u00e9fis sp\u00e9cifiques que vous rencontrez en tant qu&rsquo;\u00e9diteur de textes sp\u00e9cialis\u00e9s dans un domaine aussi complexe et profond que la psychologie jungienne&nbsp;?<\/strong><\/p>\n<p>Il y a une difficult\u00e9 \u00e0 comprendre la pens\u00e9e de Jung dans toute sa complexit\u00e9. Si on la vulgarise, si on la pr\u00e9sente de mani\u00e8re sch\u00e9matique, on peut rencontrer le personnage mais on ne va pas tr\u00e8s loin. Par contre si on veut aller dans la profondeur de sa pens\u00e9e, on tombe sur une difficult\u00e9 sp\u00e9cifique car Jung n\u2019a pas cherch\u00e9 \u00e0 \u00eatre clair. Il a m\u00eame parfois cherch\u00e9 \u00e0 \u00eatre volontairement confus ! [rires]\n<p>On trouve plusieurs strates dans les \u0153uvres de Jung. Il y a tout d\u2019abord les livres qui ont \u00e9t\u00e9 publi\u00e9s de son vivant, certains sont assez compliqu\u00e9s et abscons. Mais, par ailleurs, il y a une autre couche : la correspondance, et une troisi\u00e8me : les s\u00e9minaires. L\u00e0, Jung est tellement spontan\u00e9 qu\u2019on saisit mieux ce qu\u2019il veut dire et ce qu\u2019il en est. Lorsqu&rsquo;on veut essayer de bien comprendre Jung, il est n\u00e9cessaire d&rsquo;y passer du temps. Il faut lire des textes, admettre ses contradictions, ses variations. C\u2019est un esprit mercuriel, c\u2019est du vif argent, \u00e7a bouge. Parfois, ses concepts \u00e9voluent, et il le fait expr\u00e8s ! Il est mobile, il est divers, il accepte la contradiction.<\/p>\n<p>Or pour pr\u00e9senter une pens\u00e9e contradictoire, on se heurte \u00e0 une difficult\u00e9 de l\u2019esprit fran\u00e7ais. L\u2019esprit fran\u00e7ais est \u00e0 l\u2019aise avec les syst\u00e8mes, il adore la pens\u00e9e hypoth\u00e9tico-d\u00e9ductive. Mais d\u00e8s que la pens\u00e9e est fluide, mouvante, bergsonienne (ce sont les bergsoniens qui comprennent le mieux les jungiens), on rencontre une difficult\u00e9. Il faut en quelque sorte r\u00e9pudier l\u2019esprit fran\u00e7ais, dans son sch\u00e9matisme, pour entrer dans Jung. Une fois qu\u2019on le fait, on a des plaisirs et on d\u00e9couvre des tr\u00e9sors intellectuels.<\/p>\n<p><strong>En cette ann\u00e9e 2024, de nouveaux ouvrages sont-ils en pr\u00e9paration ?<\/strong><\/p>\n<p>Nous avons d\u00e9j\u00e0 mentionn\u00e9 l\u2019ouvrage de Luigi Zoja que je vais publier \u00e0 l\u2019automne 2024, \u00ab <a href=\"https:\/\/www.cgjung.net\/espace\/ressources\/declin-desir\/\">Le d\u00e9clin du d\u00e9sir. Pourquoi le monde renonce au sexe<\/a> \u00bb.<\/p>\n<p>Et puis j\u2019ai en projet, avec Christine Maillard et V\u00e9ronique Liard pour la traduction, de publier les textes de Carl Gustav Jung sur Sigmund Freud. Il y a toute une s\u00e9rie de textes de Jung, du jeune Jung, du Jung de la maturit\u00e9, apr\u00e8s la rupture avec Freud et jusqu&rsquo;\u00e0 l\u2019\u00e9loge fun\u00e8bre de Freud, qui n\u2019ont jamais \u00e9t\u00e9 publi\u00e9s en fran\u00e7ais. Ils sont, \u00e0 mon avis, vraiment int\u00e9ressants pour avoir un volume entier sur ce que Jung a laiss\u00e9 comme traces et comme jugements sur Freud. Ce sera publi\u00e9 prochainement.<\/p>\n<p>On est aussi en train de travailler sur la suite du s\u00e9minaire des visions (1930-1934), c\u2019est le s\u00e9minaire sur le Zarathoustra de Nietzche (1934-1939). C\u2019est aussi un livre de 1500 pages qui est dans le m\u00eame esprit que le s\u00e9minaire des visions. Cela sera ma grande production, mon grand projet des ann\u00e9es \u00e0 venir. Il aura, je crois, la m\u00eame qualit\u00e9 et le m\u00eame int\u00e9r\u00eat que le pr\u00e9c\u00e9dent.<\/p>\n<p>Si jamais je pouvais, j\u2019irais peut-\u00eatre encore plus loin, en \u00e9ditant la traduction du texte sur Saint Ignace de Loyola qui va para\u00eetre en anglais. On verra bien si je peux faire cela en plus. On ne peut pas tout faire dans la vie. D\u2019autres le feront peut-\u00eatre apr\u00e8s\u2026<\/p>\n<p style=\"text-align: right;\"><em>Propos recueillis <a href=\"https:\/\/www.cgjung.net\/espace\/accueil\/claire-droin\/\">par Claire Droin<\/a> \u2013 Mai 2024<\/em><\/p>\n<p><strong>Ouvrages \u00e9dit\u00e9s par La Compagnie du Livre Rouge et pr\u00e9sent\u00e9s sur Espace Francophone Jungien :<\/strong><\/p>\n<ul>\n<li><a href=\"https:\/\/www.cgjung.net\/livrerouge\/index.htm\">Le livre Rouge : Liber Novus &#8211; Carl Gustav Jung<\/a>, version illustr\u00e9e, \u00e9dit\u00e9 par la Compagnie du Livre Rouge et L&rsquo;Iconoclaste en 2011<\/li>\n<li><a href=\"https:\/\/www.cgjung.net\/livrerouge\/index.htm\">Le livre Rouge : Liber Novus &#8211; Carl Gustav Jung<\/a>, version texte, \u00e9dit\u00e9 par la Compagnie du Livre Rouge et L&rsquo;Iconoclaste en 2012<\/li>\n<li><a href=\"https:\/\/www.cgjung.net\/publications\/origines-et-histoire-de-la-conscience.htm\">Origines et histoire de la conscience &#8211; Eric Neumann<\/a>, \u00e9dit\u00e9 par les \u00e9ditions Imago et la Compagnie du Livre Rouge en 2015<\/li>\n<li><a href=\"https:\/\/www.cgjung.net\/publications\/le-pere.htm\">Le P\u00e8re &#8211; Luigi Zoja<\/a>, \u00e9dit\u00e9 par la Compagnie du Livre Rouge et Les Belles Lettres en 2015<\/li>\n<li><a href=\"https:\/\/www.cgjung.net\/publications\/jacob-esau-erich-neumann.htm\">Jacob et Esa\u00fc, L&rsquo;arch\u00e9type des fr\u00e8res ennemis un symbole du juda\u00efsme &#8211; Erich Neumann,<\/a> \u00e9dit\u00e9 par les \u00e9ditions Imago et la Compagnie du Livre Rouge en 2016<\/li>\n<li><a href=\"https:\/\/www.cgjung.net\/publications\/au-coeur-du-livre-rouge.htm\">Au c\u0153ur du Livre rouge, les Sept Sermons aux morts &#8211; Christine Maillard<\/a>, \u00e9dit\u00e9 par les \u00e9ditions Imago et la Compagnie du Livre Rouge en 2017<\/li>\n<li><a href=\"https:\/\/www.cgjung.net\/oeuvre\/correspondance-jung-neumann.htm\">Correspondance, Zurich-Tel Aviv (1933-1959) &#8211; C.G. Jung &#8211; Erich Neumann,<\/a> \u00e9dit\u00e9 par les \u00e9ditions Imago et la Compagnie du Livre Rouge en 2018<\/li>\n<li><a class=\"gs-title\" dir=\"ltr\" href=\"https:\/\/www.cgjung.net\/oeuvre\/visions\/index.htm\" target=\"_blank\" rel=\"noopener\" data-cturl=\"https:\/\/www.google.com\/url?client=internal-element-cse&amp;cx=015375402067338239700:uwobcolwfrw&amp;q=https:\/\/www.cgjung.net\/oeuvre\/visions\/index.htm&amp;sa=U&amp;ved=2ahUKEwjm1oem1b6EAxUyQ6QEHQQVBIw4ChAWegQIAhAB&amp;usg=AOvVaw0IJ5x9hFSnT00IX-dzvb5q\" data-ctorig=\"https:\/\/www.cgjung.net\/oeuvre\/visions\/index.htm\">L&rsquo;analyse des visions, Le s\u00e9minaire de 1930-1934 &#8211; C.G. Jung<\/a>, \u00e9dit\u00e9 par les \u00e9ditions Imago et la Compagnie du Livre Rouge en 2018<\/li>\n<li><a href=\"https:\/\/www.cgjung.net\/espace\/ressources\/yi-jing-pierre-faure-entretien\/\">Le Yi Jing, Le Classique des Mutations &#8211; Pierre Faure<\/a>, \u00e9dit\u00e9 par la Compagnie du Livre Rouge et Les Belles Lettres en 2021<\/li>\n<li><a class=\"gs-title\" dir=\"ltr\" href=\"https:\/\/www.cgjung.net\/espace\/ressources\/la-peur-du-feminin\/\" target=\"_blank\" rel=\"noopener\" data-cturl=\"https:\/\/www.google.com\/url?client=internal-element-cse&amp;cx=015375402067338239700:uwobcolwfrw&amp;q=https:\/\/www.cgjung.net\/espace\/ressources\/la-peur-du-feminin\/&amp;sa=U&amp;ved=2ahUKEwjLn5Hs076EAxXVUKQEHdDCAQcQFnoECAIQAQ&amp;usg=AOvVaw3dTfBscDI7c-JjUv9bJUSf\" data-ctorig=\"https:\/\/www.cgjung.net\/espace\/ressources\/la-peur-du-feminin\/\">La peur du f\u00e9minin, et autres essais sur la psychologie f\u00e9minine &#8211; Erich Neumann<\/a>, \u00e9dit\u00e9 par les \u00e9ditions Imago et la Compagnie du Livre Rouge en 2022<\/li>\n<li><a href=\"https:\/\/www.cgjung.net\/espace\/ressources\/jung-elie-humbert\/\">C.G. Jung &#8211; \u00c9lie G. Humbert<\/a>, \u00e9dit\u00e9 par les \u00e9ditions Imago et la Compagnie du Livre Rouge en 2022<\/li>\n<li><a href=\"https:\/\/www.cgjung.net\/espace\/ressources\/declin-desir\/\">Le d\u00e9clin du d\u00e9sir, Pourquoi le monde renonce au sexe<\/a>, \u00e9dit\u00e9 par les \u00e9ditions Imago et la Compagnie du Livre Rouge en 2024<\/li>\n<li><a href=\"https:\/\/www.cgjung.net\/espace\/ressources\/ecrits-freud-psychanalyse\/\">Les \u00e9crits sur Freud et la psychanalyse &#8211; C.G. Jung<\/a>, \u00e9dit\u00e9 par les \u00e9ditions Imago et la Compagnie du Livre Rouge en 2025<\/li>\n<\/ul>\n","protected":false},"excerpt":{"rendered":"<p>Au soleil, dans le jardin de sa maison, une ancienne imprimerie du XVIII\u00e8me si\u00e8cle au pied d\u2019une \u00e9glise, Bertrand Eveno a accept\u00e9 de r\u00e9pondre \u00e0 quelques questions concernant la Compagnie du Livre Rouge, sa cr\u00e9ation, sa ligne \u00e9ditoriale, son histoire et ses projets. Claire Droin : Qu\u2019est ce qui, pour vous, a motiv\u00e9 la publication [&hellip;]<\/p>\n","protected":false},"author":17,"featured_media":0,"parent":23103,"menu_order":0,"comment_status":"closed","ping_status":"closed","template":"","meta":{"footnotes":""},"class_list":["post-23821","page","type-page","status-publish","hentry"],"_links":{"self":[{"href":"https:\/\/www.cgjung.net\/espace\/wp-json\/wp\/v2\/pages\/23821","targetHints":{"allow":["GET"]}}],"collection":[{"href":"https:\/\/www.cgjung.net\/espace\/wp-json\/wp\/v2\/pages"}],"about":[{"href":"https:\/\/www.cgjung.net\/espace\/wp-json\/wp\/v2\/types\/page"}],"author":[{"embeddable":true,"href":"https:\/\/www.cgjung.net\/espace\/wp-json\/wp\/v2\/users\/17"}],"replies":[{"embeddable":true,"href":"https:\/\/www.cgjung.net\/espace\/wp-json\/wp\/v2\/comments?post=23821"}],"version-history":[{"count":39,"href":"https:\/\/www.cgjung.net\/espace\/wp-json\/wp\/v2\/pages\/23821\/revisions"}],"predecessor-version":[{"id":32282,"href":"https:\/\/www.cgjung.net\/espace\/wp-json\/wp\/v2\/pages\/23821\/revisions\/32282"}],"up":[{"embeddable":true,"href":"https:\/\/www.cgjung.net\/espace\/wp-json\/wp\/v2\/pages\/23103"}],"wp:attachment":[{"href":"https:\/\/www.cgjung.net\/espace\/wp-json\/wp\/v2\/media?parent=23821"}],"curies":[{"name":"wp","href":"https:\/\/api.w.org\/{rel}","templated":true}]}}