{"id":23747,"date":"2024-02-15T06:04:33","date_gmt":"2024-02-15T05:04:33","guid":{"rendered":"https:\/\/www.cgjung.net\/espace\/?page_id=23747"},"modified":"2024-02-15T06:04:33","modified_gmt":"2024-02-15T05:04:33","slug":"profondeurs","status":"publish","type":"page","link":"https:\/\/www.cgjung.net\/espace\/ariaga-poesie\/profondeurs\/","title":{"rendered":"Dans les profondeurs"},"content":{"rendered":"<h2 style=\"text-align: center;\">La le\u00e7on de l&rsquo;Ami<\/h2>\n<h4 style=\"text-align: center;\">Creuse, c&rsquo;est ce qu&rsquo;a dit l&rsquo;Ami,<\/h4>\n<h4 style=\"text-align: center;\">creuse en toi-m\u00eame<\/h4>\n<h4 style=\"text-align: center;\">et laisse-toi br\u00fbler par l\u2019\u00e9lixir de feu.<\/h4>\n<h4 style=\"text-align: center;\">Creuse, n&rsquo;ait pas peur de l&rsquo;ombre et de la cendre<\/h4>\n<h4 style=\"text-align: center;\">car elles seront pour toi v\u00eatements de lumi\u00e8re.<\/h4>\n<h4 style=\"text-align: center;\">Creuse, pour que le corps et l&rsquo;\u00e2me se r\u00e9jouissent et s&rsquo;unissent.<\/h4>\n<h2>&nbsp;<\/h2>\n<h2 style=\"text-align: center;\">Le vase du myst\u00e8re<\/h2>\n<h4 style=\"text-align: center;\">Fr\u00f4ler les ab\u00eemes,<\/h4>\n<h4 style=\"text-align: center;\">soulever le couvercle du poids de l&rsquo;ombre,<\/h4>\n<h4 style=\"text-align: center;\">aller dans la profondeur brute o\u00f9 s&rsquo;agitent d&rsquo;improbables assemblages,<\/h4>\n<h4 style=\"text-align: center;\">ouvrir le vase herm\u00e9tique du myst\u00e8re,<\/h4>\n<h4 style=\"text-align: center;\">d\u00e9gager la gangue qui emprisonne la Pierre,<\/h4>\n<h4 style=\"text-align: center;\">et peut-\u00eatre se trouver face \u00e0 soi-m\u00eame.<\/h4>\n<h4>&nbsp;<\/h4>\n<h2 style=\"text-align: center;\">Exploration<\/h2>\n<h4 style=\"text-align: center;\">Au dehors<\/h4>\n<h4 style=\"text-align: center;\">elle n&rsquo;a pas explor\u00e9 assez loin.<\/h4>\n<h4 style=\"text-align: center;\">En dedans<\/h4>\n<h4 style=\"text-align: center;\">elle n&rsquo;a pas creus\u00e9 assez profond.<\/h4>\n<h4 style=\"text-align: center;\">Ses mains carbonis\u00e9es<\/h4>\n<h4 style=\"text-align: center;\">par l\u2019\u0153uvre de l&rsquo;amour<\/h4>\n<h4 style=\"text-align: center;\">ne savent plus chercher<\/h4>\n<h4 style=\"text-align: center;\">la pulpe de la vie.<\/h4>\n<h4 style=\"text-align: center;\">Il faut recommencer les envols et les ch\u00fbtes<\/h4>\n<h4 style=\"text-align: center;\">passer du noir au blanc<\/h4>\n<h4 style=\"text-align: center;\">et de la boue \u00e0 l&rsquo;or.<\/h4>\n<h4 style=\"text-align: center;\">Il faut cuire et recuire le pain de la nature<\/h4>\n<h4 style=\"text-align: center;\">et ne jamais laisser<\/h4>\n<h4 style=\"text-align: center;\">s&rsquo;\u00e9teindre l&rsquo;athanor.<\/h4>\n<h2>Po\u00e9sies d&rsquo;Ariane Callot<\/h2>\n<p><strong>Po\u00e9sies alchimiques<\/strong><\/p>\n<ul>\n<li><a href=\"https:\/\/www.cgjung.net\/espace\/ariaga-poesie\/alchimie-oeuvre-noir\/\">Alchimie, \u0153uvre au noir<\/a><\/li>\n<li><a href=\"https:\/\/www.cgjung.net\/espace\/ariaga-poesie\/alchimie-matiere-premiere\/\">Alchimie, mati\u00e8re premi\u00e8re<\/a><\/li>\n<li><a href=\"https:\/\/www.cgjung.net\/espace\/ariaga-poesie\/alchimique-conjonction\/\">Alchimique conjonction<\/a><\/li>\n<li><a href=\"https:\/\/www.cgjung.net\/espace\/ariaga-poesie\/alchimie-ici-maintenant\/\">Alchimie de l&rsquo;ici et maintenant<\/a><\/li>\n<li><a href=\"https:\/\/www.cgjung.net\/espace\/ariaga-poesie\/alchimie-de-la-mort\/\">Alchimie de la mort<\/a><\/li>\n<li><a href=\"https:\/\/www.cgjung.net\/espace\/ariaga-poesie\/alchimie-de-nature\/\">Alchimie de la nature<\/a><\/li>\n<li><a href=\"https:\/\/www.cgjung.net\/espace\/ariaga-poesie\/alchimie-divine\/\">Alchimie divine<\/a><\/li>\n<li><a href=\"https:\/\/www.cgjung.net\/espace\/ariaga-poesie\/amours-alchimiques\/\">Amours alchimiques<\/a><\/li>\n<li><a href=\"https:\/\/www.cgjung.net\/espace\/ariaga-poesie\/travail-alchimique\/\">Travail alchimique<\/a><\/li>\n<li><a href=\"https:\/\/www.cgjung.net\/espace\/ariaga-poesie\/echo-a-c-g-jung\/\">En \u00e9cho \u00e0 C.G. Jung<\/a><\/li>\n<li><a href=\"https:\/\/www.cgjung.net\/espace\/ariaga-poesie\/regards\/\">Regards<\/a><\/li>\n<li><a href=\"https:\/\/www.cgjung.net\/espace\/ariaga-poesie\/reves-visions-alchimiques\/\">R\u00eaves et visions alchimiques<\/a><\/li>\n<li><a href=\"https:\/\/www.cgjung.net\/espace\/ariaga-poesie\/microcosme\/\">Microcosme<\/a><\/li>\n<li><a href=\"https:\/\/www.cgjung.net\/espace\/ariaga-poesie\/profondeurs\/\">Dans les profondeurs<\/a><\/li>\n<li><a href=\"https:\/\/www.cgjung.net\/espace\/ariaga-poesie\/musiques\/\">Musiques<\/a><\/li>\n<\/ul>\n<p><strong>M\u00e9moires de l&rsquo;Oc\u00e9an<\/strong><\/p>\n<ul>\n<li><a href=\"https:\/\/www.cgjung.net\/espace\/ariaga-poesie\/memoires-ocean\/#plainte\">Plainte des \u00e2mes perdues<\/a><\/li>\n<li><a href=\"https:\/\/www.cgjung.net\/espace\/ariaga-poesie\/memoires-ocean\/#bateaux\">Bateaux oubli\u00e9s<\/a><\/li>\n<li><a href=\"https:\/\/www.cgjung.net\/espace\/ariaga-poesie\/memoires-ocean\/#racines\">Racines marines<\/a><\/li>\n<\/ul>\n<p><strong>Article de pr\u00e9sentation des po\u00e9sies<\/strong><\/p>\n<ul>\n<li><a href=\"https:\/\/www.cgjung.net\/espace\/accueil\/alchimie-poetique\/\">Jung, Rimbaud, vers l\u2019alchimie po\u00e9tique<\/a><\/li>\n<\/ul>\n\n","protected":false},"excerpt":{"rendered":"<p>La le\u00e7on de l&rsquo;Ami Creuse, c&rsquo;est ce qu&rsquo;a dit l&rsquo;Ami, creuse en toi-m\u00eame et laisse-toi br\u00fbler par l\u2019\u00e9lixir de feu. Creuse, n&rsquo;ait pas peur de l&rsquo;ombre et de la cendre car elles seront pour toi v\u00eatements de lumi\u00e8re. Creuse, pour que le corps et l&rsquo;\u00e2me se r\u00e9jouissent et s&rsquo;unissent. &nbsp; Le vase du myst\u00e8re Fr\u00f4ler [&hellip;]<\/p>\n","protected":false},"author":1,"featured_media":0,"parent":142,"menu_order":25,"comment_status":"closed","ping_status":"closed","template":"","meta":{"footnotes":""},"class_list":["post-23747","page","type-page","status-publish","hentry"],"_links":{"self":[{"href":"https:\/\/www.cgjung.net\/espace\/wp-json\/wp\/v2\/pages\/23747","targetHints":{"allow":["GET"]}}],"collection":[{"href":"https:\/\/www.cgjung.net\/espace\/wp-json\/wp\/v2\/pages"}],"about":[{"href":"https:\/\/www.cgjung.net\/espace\/wp-json\/wp\/v2\/types\/page"}],"author":[{"embeddable":true,"href":"https:\/\/www.cgjung.net\/espace\/wp-json\/wp\/v2\/users\/1"}],"replies":[{"embeddable":true,"href":"https:\/\/www.cgjung.net\/espace\/wp-json\/wp\/v2\/comments?post=23747"}],"version-history":[{"count":1,"href":"https:\/\/www.cgjung.net\/espace\/wp-json\/wp\/v2\/pages\/23747\/revisions"}],"predecessor-version":[{"id":23748,"href":"https:\/\/www.cgjung.net\/espace\/wp-json\/wp\/v2\/pages\/23747\/revisions\/23748"}],"up":[{"embeddable":true,"href":"https:\/\/www.cgjung.net\/espace\/wp-json\/wp\/v2\/pages\/142"}],"wp:attachment":[{"href":"https:\/\/www.cgjung.net\/espace\/wp-json\/wp\/v2\/media?parent=23747"}],"curies":[{"name":"wp","href":"https:\/\/api.w.org\/{rel}","templated":true}]}}