{"id":23719,"date":"2024-02-22T16:13:02","date_gmt":"2024-02-22T15:13:02","guid":{"rendered":"https:\/\/www.cgjung.net\/espace\/?page_id=23719"},"modified":"2024-03-05T03:50:53","modified_gmt":"2024-03-05T02:50:53","slug":"feminin-psyche","status":"publish","type":"page","link":"https:\/\/www.cgjung.net\/espace\/ressources\/feminin-psyche\/","title":{"rendered":"Actes du colloque Jung et l&rsquo;\u0153uvre du f\u00e9minin dans la psych\u00e9"},"content":{"rendered":"<p><strong>Le 19 novembre 2022 s&rsquo;est tenu le 1er colloque international de la SFPA \u00e0 Paris, regroupant des conf\u00e9renciers br\u00e9siliens, fran\u00e7ais et v\u00e9n\u00e9zu\u00e9liens. Il avait pour th\u00e8me \u00ab\u00a0Jung et l&rsquo;\u0153uvre du f\u00e9minin dans la psych\u00e9\u00a0\u00bb.&nbsp;<\/strong><\/p>\n<p><img loading=\"lazy\" decoding=\"async\" class=\"aligncenter size-full wp-image-23851\" src=\"https:\/\/www.cgjung.net\/espace\/wp-content\/uploads\/2024\/02\/feminin-psyche.png\" alt=\"\" width=\"280\" height=\"384\" srcset=\"https:\/\/www.cgjung.net\/espace\/wp-content\/uploads\/2024\/02\/feminin-psyche.png 280w, https:\/\/www.cgjung.net\/espace\/wp-content\/uploads\/2024\/02\/feminin-psyche-219x300.png 219w\" sizes=\"auto, (max-width: 280px) 100vw, 280px\" \/><\/p>\n<p style=\"text-align: center;\"><a href=\"https:\/\/cgjungfrance.com\/2023\/10\/publications-de-la-sfpa-n5\/\" target=\"_blank\" rel=\"noopener noreferrer\">Les commander aupr\u00e8s des Publications de la SFPA<\/a><\/p>\n<p style=\"text-align: center;\">Num\u00e9ro 5 \u2013 15,5 cm x 22 cm x 1,2 cm \u2013 192 pages&nbsp;<\/p>\n<h2>Table des mati\u00e8res<\/h2>\n<p>Editorial<\/p>\n<p>Pr\u00e9sentation des intervenants<\/p>\n<p>De la Fleur d&rsquo;Or au Lever de l&rsquo;Aurore<br \/>\n<em>Elisabeth Schnetzler<\/em><\/p>\n<p>De quelques emb\u00fbches \u00e0 la rencontre avec le f\u00e9minin : deux vignettes cliniques<br \/>\n<em>Christine Fouchard<\/em><\/p>\n<p><a id=\"mignet\"><\/a>Le d\u00e9fi du f\u00e9minin, avec Diotime malgr\u00e9 Socrate<br \/>\n<em>Mariette Mignet<br \/>\n<\/em>Suivi des \u00e9changes avec le public.<\/p>\n<p>Du f\u00e9minin \u00e0 la cr\u00e9ativit\u00e9<br \/>\n<em>Sylvie Rouquette<\/em><\/p>\n<p>Image de l&rsquo;anima dans l&rsquo;\u0153uvre de Fernando Pessoa<br \/>\n<i>Victor Palomo<br \/>\n<\/i>Suivi des \u00e9changes avec le public.<i><br \/>\n<\/i><\/p>\n<p>Transcendance de certains arch\u00e9types olympiens qui posent la question de la libert\u00e9 du f\u00e9minin : Art\u00e9mis et Pers\u00e9phone<br \/>\n<em>Magaly Vila-Lobos<\/em><\/p>\n<p>Le Travail de la Psych\u00e9 au F\u00e9minin<br \/>\n<em>Gustavo Barcellos<\/em><\/p>\n<p>Extraits du po\u00e8me \u00ab\u00a0Libre P\u00e9n\u00e9lope\u00a0\u00bb (extrait)<br \/>\n<em>Catherine Baptiste et Catherine Gras<\/em><\/p>\n<h2>Pr\u00e9sentation des intervenants<\/h2>\n<p><strong>Gustavo Barcellos<br \/>\n<\/strong>Gustavo Barcellos est \u00e9crivain et psychologue, psychanalyste et didacticien, membre de l&rsquo;Association Jungienne du Br\u00e9sil (AJB) et de l&rsquo;AIPA. Auteur de plusieurs livres (non traduits en fran\u00e7ais) et de nombreux articles publi\u00e9s dans des revues br\u00e9siliennes et internationales, il a donn\u00e9 de nombreuses conf\u00e9rences au Br\u00e9sil et \u00e0 l&rsquo;\u00e9tranger.<\/p>\n<p><strong>Christine Fouchard<br \/>\n<\/strong>Christine Fouchard est m\u00e9decin g\u00e9n\u00e9raliste de formation, psychanalyste jungienne, membre de l&rsquo;AIPA et de la SFPA. En charge du Gerpa pendant 10 ans, elle y a d\u00e9couvert le plaisir d&rsquo;enseigner avec un outil privil\u00e9gi\u00e9, les contes et les mythes.<\/p>\n<p><strong>Mariette Mignet<\/strong><br \/>\nMariette Mignet est psychanalyste, membre de la SFPA et de l\u2019IAAP de Zurich. Psychologue clinicienne, titulaire d\u2019un doctorat de psychologie et de recherche en psychanalyse, elle a \u00e9crit de nombreux articles, entre autres dans les Cahiers jungiens de psychanalyse et dans la Revue de psychologie analytique et un ouvrage intitul\u00e9 <a href=\"https:\/\/www.cgjung.net\/espace\/ressources\/feminin-probleme-devenir\/\">Le F\u00e9minin, probl\u00e8me ou devenir<\/a>. Elle enseigne \u00e0 l\u2019Institut C. G. Jung de Paris (SFPA) ainsi qu\u2019\u00e0 l\u2019Association de formation \u00e0 la psychologie analytique de Tunis (AFPAT).<\/p>\n<p><strong>Victor Palomo<br \/>\n<\/strong>Victor Palomo est psychiatre, psychanalyste jungien, membre la Soci\u00e9t\u00e9 Br\u00e9silienne de Psychologie Analytique (SBPA) et de l&rsquo;AIPA. Il est titulaire d&rsquo;un doctorat en litt\u00e9rature et est coordinateur de s\u00e9minaires \u00e0 l&rsquo;institut de formation de la SBPA. Il a publi\u00e9 un ouvrage <em>A saudade do lugar de origem<\/em>&nbsp;aux \u00e9ditions Escuta en 2014.<\/p>\n<p><strong>Sylvie Rouquette<br \/>\n<\/strong>Sylvie Rouquette est psychiatre de formation et p\u00e9dopsychiatre, membre honoraire de&nbsp; la SFPA et membre de l&rsquo;AIPA. Elle a travaill\u00e9 dans diff\u00e9rentes institutions, en CMP aupr\u00e8s d&rsquo;enfants et d&rsquo;adolescents et en h\u00f4pital de jour pour suivre des adultes en psychoth\u00e9rapie.<\/p>\n<p><strong>Elisabeth Schnetzler<br \/>\n<\/strong>Elizabeth Schnetzler est m\u00e9decin, form\u00e9e \u00e0 la psychiatrie, psychanalyste, membre de la SFPA et de l&rsquo;AIPA. Elle exerce \u00e0 Bernin, \u00e0 c\u00f4t\u00e9 de Grenoble. Elle s&rsquo;int\u00e9resse particuli\u00e8rement \u00e0 la confrontation de Jung avec les diff\u00e9rentes traditions orientales, et les mystiques, l&rsquo;articulation entre les processus de transformations dans les voies spirituelles, les exp\u00e9riences spontan\u00e9es et le processus d&rsquo;individuation de Jung, et leurs apports r\u00e9ciproques possibles.<\/p>\n<p><strong>Magaly Vila-Lobos<br \/>\n<\/strong>Magaly Vila-Lobos est m\u00e9decin psychiatre, psychanalyste membre de la Soci\u00e9t\u00e9 V\u00e9n\u00e9zu\u00e9lienne d&rsquo;Analystes Jungiens (SVAJ) et de l&rsquo;AIPA. Elle a enseign\u00e9 pendant 40 ans la mythologie grecque et la psychologie arch\u00e9typale. Elle est enseignante superviseuse pour les analystes jungiens en formation. Elle a publi\u00e9 plusieurs ouvrages sur la mythologie.<\/p>\n<p><a href=\"https:\/\/www.cgjung.net\/espace\/accueil\/breves-efj\/feminin-psyche\/\">Lire le coup de c\u0153ur de Claire Droin<\/a> en lien avec l&rsquo;intervention de Mariette Mignet.<\/p>\n<h2>Les publications de la SFPA<\/h2>\n<p><em>(Pr\u00e9sent\u00e9es sur le site EFJ)<\/em><\/p>\n<p><strong>Ouvrage<\/strong><\/p>\n<ul>\n<li><a href=\"https:\/\/www.cgjung.net\/espace\/ressources\/supervision\/\">Superviser et \u00eatre supervis\u00e9<\/a><\/li>\n<\/ul>\n<p><strong>Actes des colloques<\/strong><\/p>\n<ul>\n<li><a href=\"https:\/\/www.cgjung.net\/espace\/ressources\/jung-alchimie-temps\/\">1 &#8211; Jung et l\u2019alchimie du temps<\/a> (16 novembre 2019)<\/li>\n<li><a href=\"https:\/\/www.cgjung.net\/espace\/ressources\/dissidence-en-psychanalyse\/\">2 &#8211; Dissidence en psychanalyse<\/a> (3 octobre 2020)<\/li>\n<li><a href=\"https:\/\/www.cgjung.net\/espace\/ressources\/technologies-inconscient\/\">3 &#8211; Technologies et inconscient<\/a> (10 avril 2021)<\/li>\n<li><a href=\"https:\/\/www.cgjung.net\/espace\/ressources\/couleurs-alchimiques\/\">4 &#8211; Couleurs alchimiques \u2013 La vie en jaune<\/a> (9 octobre 2021)<\/li>\n<li><a href=\"https:\/\/www.cgjung.net\/espace\/ressources\/feminin-psyche\/\">5 &#8211; Jung et l\u2019\u0153uvre du f\u00e9minin dans la psych\u00e9<\/a> (19 novembre 2022)<\/li>\n<li><a href=\"https:\/\/www.cgjung.net\/espace\/ressources\/psychiatrie-psychanalyse\/\">6 &#8211; L&rsquo;approche jungienne \u00e0 la crois\u00e9e de la psychiatrie et de la psychanalyse<\/a> (9 avril 2022)<\/li>\n<li><a href=\"https:\/\/www.cgjung.net\/espace\/ressources\/sfpa-no7\/\">7 &#8211; Qu\u2019est ce que l\u2019on se raconte comme histoire ?<\/a>&nbsp; (13 mai 2023)<\/li>\n<li><a href=\"https:\/\/www.cgjung.net\/espace\/ressources\/couleurs-alchimiques-rouge\/\">8 &#8211; Couleurs alchimiques. La vie en rouge<\/a> (2 d\u00e9cembre 2023)<\/li>\n<li><a href=\"https:\/\/www.cgjung.net\/espace\/ressources\/yi-jing-individuation\/\">9 &#8211; Le Yi Jing et l&rsquo;individuation<\/a> (14 d\u00e9cembre 2024)<\/li>\n<li><a href=\"https:\/\/www.cgjung.net\/espace\/ressources\/desir-et-plaisir\/\">10 &#8211; D\u00e9sir et plaisir<\/a> (24 mai 2025)<\/li>\n<\/ul>\n\n","protected":false},"excerpt":{"rendered":"<p>Le 19 novembre 2022 s&rsquo;est tenu le 1er colloque international de la SFPA \u00e0 Paris, regroupant des conf\u00e9renciers br\u00e9siliens, fran\u00e7ais et v\u00e9n\u00e9zu\u00e9liens. Il avait pour th\u00e8me \u00ab\u00a0Jung et l&rsquo;\u0153uvre du f\u00e9minin dans la psych\u00e9\u00a0\u00bb.&nbsp; Les commander aupr\u00e8s des Publications de la SFPA Num\u00e9ro 5 \u2013 15,5 cm x 22 cm x 1,2 cm \u2013 192 [&hellip;]<\/p>\n","protected":false},"author":17,"featured_media":0,"parent":9713,"menu_order":17,"comment_status":"closed","ping_status":"closed","template":"","meta":{"footnotes":""},"class_list":["post-23719","page","type-page","status-publish","hentry"],"_links":{"self":[{"href":"https:\/\/www.cgjung.net\/espace\/wp-json\/wp\/v2\/pages\/23719","targetHints":{"allow":["GET"]}}],"collection":[{"href":"https:\/\/www.cgjung.net\/espace\/wp-json\/wp\/v2\/pages"}],"about":[{"href":"https:\/\/www.cgjung.net\/espace\/wp-json\/wp\/v2\/types\/page"}],"author":[{"embeddable":true,"href":"https:\/\/www.cgjung.net\/espace\/wp-json\/wp\/v2\/users\/17"}],"replies":[{"embeddable":true,"href":"https:\/\/www.cgjung.net\/espace\/wp-json\/wp\/v2\/comments?post=23719"}],"version-history":[{"count":14,"href":"https:\/\/www.cgjung.net\/espace\/wp-json\/wp\/v2\/pages\/23719\/revisions"}],"predecessor-version":[{"id":23926,"href":"https:\/\/www.cgjung.net\/espace\/wp-json\/wp\/v2\/pages\/23719\/revisions\/23926"}],"up":[{"embeddable":true,"href":"https:\/\/www.cgjung.net\/espace\/wp-json\/wp\/v2\/pages\/9713"}],"wp:attachment":[{"href":"https:\/\/www.cgjung.net\/espace\/wp-json\/wp\/v2\/media?parent=23719"}],"curies":[{"name":"wp","href":"https:\/\/api.w.org\/{rel}","templated":true}]}}