{"id":23119,"date":"2023-12-29T05:11:13","date_gmt":"2023-12-29T04:11:13","guid":{"rendered":"https:\/\/www.cgjung.net\/espace\/?page_id=23119"},"modified":"2024-06-19T15:54:24","modified_gmt":"2024-06-19T13:54:24","slug":"recommandations-imagination-active","status":"publish","type":"page","link":"https:\/\/www.cgjung.net\/espace\/accueil\/claire-droin\/recommandations-imagination-active\/","title":{"rendered":"Recommandations autour de la pratique de l&rsquo;Imagination Active"},"content":{"rendered":"<p><strong>L&rsquo;Imagination Active se r\u00e9v\u00e8le \u00eatre un outil puissant et profond\u00e9ment personnel pour explorer les m\u00e9andres de l&rsquo;inconscient. Cependant, son utilisation requiert quelques recommandations pour naviguer s\u00fbrement dans ce territoire complexe et parfois sombre du psychisme. <\/strong><\/p>\n<p>L&rsquo;exemple d&rsquo;une Imagination Active partag\u00e9 dans cet article&nbsp;illustrera les profondeurs auxquelles cette pratique peut mener.<\/p>\n<p><img loading=\"lazy\" decoding=\"async\" class=\"aligncenter wp-image-23276\" src=\"https:\/\/www.cgjung.net\/espace\/wp-content\/uploads\/2023\/12\/imagination-active-2.jpg\" alt=\"\" width=\"450\" height=\"450\" \/><\/p>\n<p style=\"text-align: center;\">Illustration g\u00e9n\u00e9r\u00e9e par l&rsquo;IA<\/p>\n<p>Cet article fait suite \u00e0 l&rsquo;article <a href=\"https:\/\/www.cgjung.net\/espace\/accueil\/claire-droin\/imagination-active-jung\/\">L\u2019Imagination Active selon Carl Gustav Jung<\/a>.<\/p>\n<h2>Dangers de l&rsquo;Imagination Active<\/h2>\n<p>Dans <a href=\"https:\/\/www.cgjung.net\/publications\/hannah.htm\">Rencontres avec l&rsquo;\u00e2me &#8211; L&rsquo;imagination active selon C.G. Jung<\/a>, Barbara Hannah relate :<\/p>\n<blockquote><p>\u00ab\u00a0Jung me dit un jour que l&rsquo;inconscient lui-m\u00eame n&rsquo;est pas dangereux. Il n&rsquo;y a qu&rsquo;un r\u00e9el danger, disait-il, il est tr\u00e8s s\u00e9rieux : la panique ! La peur qui s&#8217;empare de quelqu&rsquo;un lorsque quelque chose de tr\u00e8s inattendu lui fait face, ou quand il commence \u00e0 craindre de perdre pied dans le monde inconscient, peut \u00eatre tellement bouleversante qu&rsquo;il n&rsquo;est pas \u00e9tonnant de voir si peu de gens s&#8217;embarquer dans ce travail.\u00a0\u00bb<\/p><\/blockquote>\n<p>Entreprendre une Imagination Active n\u2019est donc pas sans risques, il faut \u00eatre solidement ancr\u00e9 int\u00e9rieurement et ext\u00e9rieurement avant de faire une telle tentative. Certaines pr\u00e9cautions et mises en garde apparaissent comme cruciales :<\/p>\n<ul>\n<li>Se confronter \u00e0 l\u2019imaginaire seulement<\/li>\n<li>Explorer dans l\u2019intimit\u00e9<\/li>\n<li>\u00catre lu et accompagn\u00e9<\/li>\n<\/ul>\n<h2>Imagination Active : se confronter \u00e0 l\u2019imaginaire seulement<\/h2>\n<p>Le but de l\u2019Imagination Active est d\u2019explorer des parties inconnues de soi-m\u00eame. Il est donc imp\u00e9ratif de faire face \u00e0 l&rsquo;imaginaire seulement, sans s&rsquo;engager avec des images de personnes r\u00e9elles, afin de pr\u00e9server l&rsquo;int\u00e9grit\u00e9 de l&rsquo;exp\u00e9rience en tant qu&rsquo;exploration personnelle.<\/p>\n<blockquote><p>\u00ab\u00a0On ne doit jamais prendre dans ses fantaisies les images de personnes vivantes. D\u00e8s qu\u2019il y a la moindre tentation de le faire, on doit s\u2019arr\u00eater et s\u2019interroger tr\u00e8s soigneusement sur ce qui nous motive dans cette entreprise.<\/p>\n<p>Il n\u2019est que trop vraisemblable qu\u2019on est en train de r\u00e9gresser vers une veille forme de pens\u00e9e magique et qu\u2019on cherche \u00e0 utiliser l\u2019inconscient \u00e0 des fins personnelles, au lieu de l\u2019aborder de la seule fa\u00e7on qui soit l\u00e9gitime : explorer l\u2019inconnu aussi scientifiquement que possible, dans le but de trouver sa propre totalit\u00e9.\u00a0\u00bb<br \/>\n<a href=\"https:\/\/www.cgjung.net\/publications\/hannah.htm\">Rencontres avec l&rsquo;\u00e2me &#8211; L&rsquo;imagination active selon C.G. Jung<\/a> Barbara Hannah p19<\/p><\/blockquote>\n<p>L\u2019Imagination Active est une rencontre avec soi-m\u00eame et uniquement soi.<\/p>\n<h2>Imagination Active : explorer dans l\u2019intimit\u00e9<\/h2>\n<p>L\u2019Imagination Active est une activit\u00e9 individuelle, solitaire, engageante et rigoureuse. C\u2019est lorsque nous sommes au calme, au travail avec nous-m\u00eame, que l\u2019\u00e9mergence d\u2019images de l\u2019inconscient est possible, que nous pouvons participer \u00e0 leur \u00e9volution naturelle et y faire face. C\u2019est un devoir que nous avons envers notre inconscient de lui laisser l\u2019occasion de s\u2019exprimer ainsi.<\/p>\n<p>Cette t\u00e2che s\u2019av\u00e8re \u00eatre \u00e0 la fois tr\u00e8s captivante et \u00e9puisante car l\u2019appel des figures issues de l\u2019arri\u00e8re-plan de la conscience se fait entendre tant que notre calme int\u00e9rieur n\u2019est pas revenu.<\/p>\n<h2>Imagination Active : \u00eatre lu et accompagn\u00e9<\/h2>\n<p>Bien que l\u2019Imagination Active se pratique seul, la pr\u00e9sence d&rsquo;un appui relationnel, qu&rsquo;il s&rsquo;agisse d&rsquo;un soutien th\u00e9rapeutique ou autre, est fortement conseill\u00e9e<span style=\"color: #000000;\">. Cette personne devrait cependant s&rsquo;abstenir de commenter l&rsquo;Imagination Active et intervenir aussi peu que possible si ce n&rsquo;est pour assurer que celle-ci est faite de mani\u00e8re correcte. <\/span><\/p>\n<p>Jung a lui-m\u00eame \u00e9t\u00e9 accompagn\u00e9 dans sa confrontation avec l&rsquo;inconscient par <a href=\"https:\/\/www.cgjung.net\/espace\/accueil\/peggy-vermeesch\/formes-structurelles-psyche-feminine-toni-wolff\/\">son amie Toni Wolff<\/a>. En effet, il est possible d\u2019\u00eatre en prise avec certains affects tr\u00e8s perturbants et le fait de pouvoir les partager donne du courage pour pers\u00e9v\u00e9rer dans cette t\u00e2che ardue qu\u2019est l\u2019exploration des images de la psych\u00e9.<\/p>\n<blockquote><p>\u00ab\u00a0Par-dessus tout, on ne devrait jamais l\u2019entreprendre sans une relation ferme avec quelqu\u2019un qui comprenne, ou au moins sympathise, car cela m\u00e8ne parfois dans des profondeurs tellement froides et inhumaines qu\u2019une compagnie humaine est absolument n\u00e9cessaire pour nous emp\u00eacher de devenir compl\u00e8tement glac\u00e9 et perdu.\u00a0\u00bb<br \/>\n<a href=\"https:\/\/www.cgjung.net\/publications\/hannah.htm\">Rencontres avec l&rsquo;\u00e2me &#8211; L&rsquo;imagination active selon C.G. Jung<\/a> Barbara Hannah p18<\/p><\/blockquote>\n<p>L\u2019Imagination Active reste cependant une exp\u00e9rience tr\u00e8s personnelle, elle n\u2019est pas destin\u00e9e \u00e0 \u00eatre publi\u00e9e. Le livre rouge, \u00e9dit\u00e9 des ann\u00e9es apr\u00e8s la disparition de Carl Gustav Jung, et les r\u00e9sistances \u00e0 sa divulgation en attestent.<\/p>\n<p>Cependant, lorsque la confrontation a lieu avec des manifestations des couches profondes de l\u2019inconscient, le d\u00e9passement de la tension int\u00e9rieure, et sa compr\u00e9hension, bien que subjective et dans l\u2019air du temps, peuvent \u00eatre profitables \u00e0 un plus grand nombre. Aussi, un exemple d\u2019imagination active r\u00e9cente (ann\u00e9e 2023) est partag\u00e9 ici.<\/p>\n<h2>Exemple d\u2019Imagination Active<\/h2>\n<p>La personne a \u00e9t\u00e9 confront\u00e9e \u00e0 l\u2019affect du m\u00e9pris. Le m\u00e9pris est l\u2019une des sept grandes \u00e9motions communes \u00e0 tous les habitants de la plan\u00e8te (joie, tristesse, col\u00e8re, peur, d\u00e9go\u00fbt, surprise et m\u00e9pris) et qui se traduisent par les m\u00eames expressions faciales quelque soit la culture. Souvent r\u00e9prim\u00e9, le m\u00e9pris a pourtant d\u00e9j\u00e0 \u00e9t\u00e9 \u00e9prouv\u00e9 par chacun d\u2019entre nous \u2026<\/p>\n<blockquote><p>La personne : M\u00e9pris, qui es-tu ?<\/p>\n<p>Le m\u00e9pris : Je suis un monstre. Je t&rsquo;entoure de mes bras, verts, purulents, mes habits sont lac\u00e9r\u00e9s et je te d\u00e9go\u00fbte, je t\u2019\u00e9c\u0153ure. Tu ne veux pas de moi mais je t&rsquo;enserre, j&rsquo;enfouis mes visc\u00e8res dans ton coccyx. Et je te pousse. Et je te r\u00e9pugne. Et tu as envie de vomir. Et tu as mal en bas du dos, tu as mal au c\u0153ur. Tu te sens \u00e9touff\u00e9e, \u00e9trangl\u00e9e. C&rsquo;est la peur, la peur de l&rsquo;autre, la peur de voir que tu pourrais \u00eatre comme lui, que tu ES comme lui ! C\u2019est terrible ! Tu ne veux pas t\u2019abaisser \u00e0 \u00e7a ! Ton rang et ta biens\u00e9ance, t&#8217;emp\u00eachent de me voir ! Et pourtant je suis l\u00e0 ! Je suis celui qui enfonce le pieu dans ton \u0153il. Je suis celui qui te br\u00fble vive. J&rsquo;adore \u00e7a ! Je jubile ! Je me d\u00e9lecte.<\/p>\n<p>La personne : [an\u00e9antie] Quel pervers tu fais\u2026<\/p>\n<p>Le m\u00e9pris : Je suis celui contre qui tu ne peux pas lutter. Je suis plus fort et je suis invisible \u00e0 la plupart des gens ! Quelle chance que tu m&rsquo;aies vu, que tu m&rsquo;aies trouv\u00e9 ! Je vais pouvoir me nourrir de toi\u2026je vais pouvoir t&rsquo;absorber, t\u2019an\u00e9antir\u2026<\/p>\n<p>La personne : Quel virus, quelle menace es-tu ?<\/p>\n<p>Le m\u00e9pris : Tu ne peux pas me d\u00e9crire [il rit]. Je fonds sur le monde et rien ne m&rsquo;arr\u00eate.<\/p>\n<p>La personne : Rien ne t&rsquo;arr\u00eate ? M\u00eame pas la col\u00e8re, la r\u00e9volte, la r\u00e9bellion ?<\/p>\n<p>Le m\u00e9pris : Si tu te rebelles, si tu te r\u00e9voltes, si tu te mets en col\u00e8re, tu ne vaux pas plus que moi. Tu me m\u00e9prises !<\/p>\n<p>La personne : Comment pourrait-il en \u00eatre autrement ? Comment pourrais-je t&rsquo;aimer ?<\/p>\n<p>Le m\u00e9pris : Ah je ne te demande pas de m&rsquo;aimer ! pas jusque-l\u00e0 ! Tu vois bien que si tu m&rsquo;aimais, tu te servirais peut-\u00eatre de moi, et ce serait trop bien pour toi !<\/p>\n<p>La personne : Que dois-je faire de toi alors ? Te regarder d\u00e9truire le monde ? [elle pleure]\n<p>Le m\u00e9pris : Oh arr\u00eate de faire ta victime ! Cela suffit ! Quand je te vois comme \u00e7a, j&rsquo;ai encore plus envie de te m\u00e9priser, d&rsquo;appuyer, de t&rsquo;enfoncer, de te cracher dessus, de te faire mal ! Arr\u00eate donc tes simagr\u00e9es !<\/p>\n<p>La personne : Tu es dur. Cela me serre la gorge ! Je ne sais que dire\u2026<\/p>\n<p>Le m\u00e9pris : Eh bien ne dis rien ! Ne dis rien tu n&rsquo;en vaux pas la peine !<\/p>\n<p>La personne : C&rsquo;est donc toi qui m&#8217;emp\u00eache de dire ! C\u2019est cette honte que tu as port\u00e9 sur moi, ce sont ces cha\u00eenes qui m&#8217;emp\u00eachent de m&rsquo;exprimer, de dire \u00e0 voix haute qui je suis, de me voir belle et de me respecter. Je t&rsquo;en veux ! Je te hais ! Et je pleure, \u00e7a m&rsquo;asphyxie. Tu prendrais un couteau pour \u00e9gorger, pour trancher les tissus de mon cou, cela serait pareil. Tu me fouetterais les reins, tu m\u2019empalerais, tu me planterais un tronc dans le bassin, cela serait pareil. La douleur d&rsquo;\u00eatre m\u00e9pris\u00e9e fait monter en moi la rage, la col\u00e8re !<\/p>\n<p>Le m\u00e9pris : Sors d&rsquo;ici tu n&rsquo;as rien \u00e0 faire l\u00e0 !<\/p>\n<p>La personne : [hors d\u2019elle] Comment \u00e7a je n&rsquo;ai rien \u00e0 faire l\u00e0 ? J&rsquo;ai toute ma place et tu me la laisseras que tu le veuilles ou non ! J&rsquo;ai autant le droit d&rsquo;exister que toi !<\/p>\n<p>Le m\u00e9pris [sarcastique] : Tu dis \u00e7a mais tu penses que tu as \u00ab plus \u00bb le droit d&rsquo;exister que moi !<\/p>\n<p>La personne : Laisse-moi ! Laisse-moi dig\u00e9rer ma peine.<\/p>\n<p>Le m\u00e9pris : Je m&rsquo;en vais, mais je reviendrai bient\u00f4t ! [le m\u00e9pris s\u2019en va]\n<p>La personne [pense \u00e0 voix haute, pour elle-m\u00eame, comme pour se rassurer] : C&rsquo;est un devoir de s&rsquo;estimer \u00e0 sa juste valeur d&rsquo;avoir confiance en soi de s&rsquo;aimer de se respecter sinon cela laisse la place au m\u00e9pris de l&rsquo;autre. Je m&rsquo;estime maintenant suffisamment pour ne plus avoir peur de toi m\u00e9pris\u2026<\/p>\n[Le m\u00e9pris arrive]\n<p>Le m\u00e9pris : En es-tu s\u00fbre ? Es-tu certaine de vraiment t&rsquo;aimer \u00e0 ta juste valeur ?<\/p>\n<p>La personne : [surprise] Tu as raison\u2026 S&rsquo;il m&rsquo;arrive encore de m\u00e9priser les gens, c&rsquo;est que je me pense meilleure. Il n&rsquo;y a peut-\u00eatre pas de notion de hauteur mais juste de qualit\u00e9 \u00e0 voir en \u00ab\u00a0valeur\u00a0\u00bb. L&rsquo;autre a des choses que je n&rsquo;ai pas et j&rsquo;ai des choses que l&rsquo;autre n&rsquo;a pas. L&rsquo;autre est ce que je ne suis pas et je suis ce que l&rsquo;autre n&rsquo;est pas. C&rsquo;est-\u00e0-dire que tu n&rsquo;es pas moi et que je ne suis pas toi. Je peux t&rsquo;\u00e9prouver, tu peux m&rsquo;\u00e9prouver, mais \u00e7a n\u2019ira pas plus loin.<\/p>\n[Un peu plus tard\u2026]\n<p>La personne : Qu&rsquo;est-ce qui s&rsquo;insinue dans mes veines ? Liquide visqueux vert, tel de la morve. Ah !Je te reconnais ! C\u2019est toi ! C&rsquo;est encore toi, le m\u00e9pris ! Je te sens\u2026 Tu as pris une autre forme, mais je sais que c&rsquo;est toi ! Ventre lourd, un go\u00fbt amer dans la bouche, une boule dans la gorge\u2026 Je sais que c&rsquo;est toi ! Cette fois, je te reconnais ! Avant, je ne t&rsquo;identifiais pas, maintenant je sais. Je ne peux rien faire contre toi je sais que \u00e7a passera\u2026&nbsp; Serai-je plus forte que toi ? Non je ne serai pas plus forte que toi, cela voudrait dire que je te m\u00e9prise&#8230; Je ne peux que te laisser m&rsquo;envahir et repartir si tu le veux bien. Tu ne dis plus rien ? Tu fais ton travail en silence, dans mon corps. Que puis-je contre toi ? Rien. Tu es l\u00e0, je te sens, je suis incapable de penser, tu envahis tout. Je ne peux qu&rsquo;essayer de te contenir sans \u00eatre s\u00fbre d&rsquo;y arriver. Parfois j&rsquo;ai l&rsquo;impression que tu te transformes en d\u00e9go\u00fbt. [Silence] Et maintenant en tristesse. Est-ce que, M\u00e9pris, tu n&rsquo;es qu&rsquo;une d\u00e9fense face au m\u00e9pris de l&rsquo;autre ? Non, tu es simplement une vague qui nous envahit TOUS. Quand tu commences ton \u0153uvre, rien ne semble pouvoir t&rsquo;arr\u00eater. La terre seule pourrait t&rsquo;absorber, l&rsquo;humus, l&rsquo;humilit\u00e9.<\/p>\n[Long silence. La personne est prise de frissons].<\/p><\/blockquote>\n<p>L&rsquo;\u00e9change intense et \u00e9motionnel entre la personne et le sentiment de m\u00e9pris met en lumi\u00e8re la complexit\u00e9 des \u00e9motions inconscientes et la confrontation personnelle \u00e0 ces aspects souvent n\u00e9glig\u00e9s de soi-m\u00eame. Cette exp\u00e9rience personnelle, bien que difficile, souligne la n\u00e9cessit\u00e9 d&rsquo;une introspection approfondie et de l&rsquo;acceptation de ces \u00e9motions parfois troublantes. C&rsquo;est en affrontant ces sentiments avec courage et en les comprenant qu&rsquo;ils perdent leur emprise, laissant place \u00e0 une meilleure compr\u00e9hension de soi-m\u00eame et \u00e0 une croissance int\u00e9rieure.<\/p>\n<p>Pour conclure, l&rsquo;Imagination Active reste un voyage int\u00e9rieur d\u00e9licat, mais lorsqu&rsquo;elle est abord\u00e9e avec prudence et respect, elle peut offrir des perspectives enrichissantes et un chemin vers une meilleure connaissance de soi-m\u00eame.<\/p>\n<p><em>Pour en savoir plus sur la pratique de l&rsquo;Imagination Active, je vous conseille la lecture de l&rsquo;article pr\u00e9c\u00e9dent <a href=\"https:\/\/www.cgjung.net\/espace\/accueil\/claire-droin\/imagination-active-jung\/\">L&rsquo;Imagination Active selon Carl Gustav Jung<\/a> et des ouvrages <a href=\"https:\/\/www.cgjung.net\/publications\/hannah.htm\">Rencontres avec l&rsquo;\u00e2me de Barbara Hannah<\/a> et <a href=\"https:\/\/www.cgjung.net\/publications\/imagination-active-imagination-musicale.htm\">Imagination active, imagination musicale<\/a> (collectif).<\/em><\/p>\n<p style=\"text-align: right;\">Janvier 2024<\/p>\n<p><strong><a href=\"https:\/\/www.cgjung.net\/contact.htm\">Adresser un message \u00e0 Claire Droin<\/a><\/strong><\/p>\n<p>&nbsp;<\/p>\n<h2>Claire Droin<\/h2>\n<p><img loading=\"lazy\" decoding=\"async\" class=\"size-full wp-image-23052 alignright\" src=\"https:\/\/www.cgjung.net\/espace\/wp-content\/uploads\/2023\/11\/claire-droin-2.jpg\" alt=\"\" width=\"120\" height=\"176\" \/><\/p>\n<p>Bas\u00e9e \u00e0 Villefranche-sur-Sa\u00f4ne, au nord de Lyon, Claire Droin exerce en tant que psychopraticienne et anime des ateliers visant \u00e0 explorer et approfondir la connaissance de soi.<\/p>\n<p>Claire s\u2019int\u00e9resse \u00e0 la pens\u00e9e de C.G. Jung et \u00e0 sa vision du monde psychique, trouvant dans ses ouvrages une source d&rsquo;inspiration et de compr\u00e9hension approfondie.<\/p>\n<p>A travers sa pratique et gr\u00e2ce \u00e0 sa contribution \u00e0 l\u2019Espace Francophone Jungien, en qualit\u00e9 de secr\u00e9taire, Claire a \u00e0 c\u0153ur d\u2019aider l\u2019\u00eatre humain \u00e0 mieux comprendre sa nature profonde.<\/p>\n<p>Pour en savoir plus, voir son site internet <a href=\"https:\/\/pbatitude.com\/index.php\/accueil\/claire-droin\/autoportrait-de-claire-droin\/\" target=\"_blank\" rel=\"noopener\">PBAtitude<\/a><\/p>\n<p><strong>S\u00e9minaires<\/strong><\/p>\n<p>Elle coanime <a href=\"https:\/\/www.cgjung.net\/espace\/seminaires\/\">des s\u00e9minaires de formation<\/a> avec d&rsquo;autres membres d\u2019Espace Francophone Jungien.<\/p>\n<p><strong>Articles<\/strong><\/p>\n<ul>\n<li><a href=\"https:\/\/www.cgjung.net\/espace\/accueil\/claire-droin\/etoile-symbole-collectif\/\">L&rsquo;\u00e9toile : exploration d&rsquo;un symbole collectif<\/a><\/li>\n<li><a href=\"https:\/\/www.cgjung.net\/espace\/accueil\/claire-droin\/main-maitre\/\">La main du ma\u00eetre<\/a><\/li>\n<li><a href=\"https:\/\/www.cgjung.net\/espace\/accueil\/claire-droin\/mains-orphee\/\">Les mains d&rsquo;Orph\u00e9e<\/a><\/li>\n<li><a href=\"https:\/\/www.cgjung.net\/espace\/accueil\/claire-droin\/evolution-psyche\/\">Du quatre au cinq : vers une nouvelle perception de la psych\u00e9<\/a><\/li>\n<li><a href=\"https:\/\/www.cgjung.net\/espace\/accueil\/claire-droin\/approche-archetype-cinq\/\">Approche de l\u2019arch\u00e9type du cinq<\/a><\/li>\n<li><a href=\"https:\/\/www.cgjung.net\/espace\/accueil\/claire-droin\/essai-mandala-quinaire\/\">Essai sur le mandala quinaire<\/a><\/li>\n<li><a href=\"https:\/\/www.cgjung.net\/espace\/accueil\/claire-droin\/unus-mundus\/\">Unus Mundus : l&rsquo;unit\u00e9 du monde selon C.G. Jung et W. Pauli<\/a><\/li>\n<li><a href=\"https:\/\/www.cgjung.net\/espace\/accueil\/claire-droin\/imagination-active-jung\/\">L\u2019Imagination Active selon Carl Gustav Jung<\/a><\/li>\n<li><a href=\"https:\/\/www.cgjung.net\/espace\/accueil\/claire-droin\/recommandations-imagination-active\/\">Recommandations autour de la pratique de l\u2019Imagination Active<\/a><\/li>\n<li><a href=\"https:\/\/www.cgjung.net\/espace\/accueil\/claire-droin\/participation-mystique\/\">La participation mystique selon C.G. Jung et ML. von Franz<\/a><\/li>\n<\/ul>\n<p><strong>Br\u00e8ves et coups de c\u0153ur<\/strong><\/p>\n<ul>\n<li><a href=\"https:\/\/www.cgjung.net\/espace\/accueil\/breves-efj\/feminin-psyche\/\">Le f\u00e9minin \u00e0 l\u2019\u0153uvre dans la psych\u00e9<\/a><\/li>\n<li><a href=\"https:\/\/www.cgjung.net\/espace\/accueil\/breves-efj\/paranoia-folie-lucide\/\">Parano\u00efa ou la folie lucide<\/a><\/li>\n<\/ul>\n<div class=\"su-accordion su-u-trim\"> <div class=\"su-spoiler su-spoiler-style-glass-green su-spoiler-icon-plus su-spoiler-closed\" data-scroll-offset=\"0\" data-anchor-in-url=\"no\"><div class=\"su-spoiler-title\" tabindex=\"0\" role=\"button\"><span class=\"su-spoiler-icon\"><\/span>Entretiens men\u00e9s par Claire Droin<\/div><div class=\"su-spoiler-content su-u-clearfix su-u-trim\">\n<ul>\n<li><a href=\"https:\/\/www.cgjung.net\/espace\/accueil\/claire-droin\/entretien-luigi-zoja\/\">Avec Luigi Zoja<\/a><\/li>\n<li><a href=\"https:\/\/www.cgjung.net\/espace\/ressources\/voyages-initiatiques\/\">Avec Marie-Claire Dolghin-Loyer<\/a><\/li>\n<li><a href=\"https:\/\/www.cgjung.net\/espace\/accueil\/claire-droin\/entretien-bertrand-eveno\/\">Avec Bertrand Eveno<\/a><\/li>\n<li><a href=\"https:\/\/www.cgjung.net\/espace\/accueil\/claire-droin\/entretien-veronique-liard\/\">Avec V\u00e9ronique Liard<\/a><\/li>\n<\/ul>\n<\/div><\/div>\n<\/div>\n\n","protected":false},"excerpt":{"rendered":"<p>L&rsquo;Imagination Active se r\u00e9v\u00e8le \u00eatre un outil puissant et profond\u00e9ment personnel pour explorer les m\u00e9andres de l&rsquo;inconscient. Cependant, son utilisation requiert quelques recommandations pour naviguer s\u00fbrement dans ce territoire complexe et parfois sombre du psychisme. L&rsquo;exemple d&rsquo;une Imagination Active partag\u00e9 dans cet article&nbsp;illustrera les profondeurs auxquelles cette pratique peut mener. Illustration g\u00e9n\u00e9r\u00e9e par l&rsquo;IA Cet [&hellip;]<\/p>\n","protected":false},"author":17,"featured_media":0,"parent":23103,"menu_order":0,"comment_status":"closed","ping_status":"closed","template":"","meta":{"footnotes":""},"class_list":["post-23119","page","type-page","status-publish","hentry"],"_links":{"self":[{"href":"https:\/\/www.cgjung.net\/espace\/wp-json\/wp\/v2\/pages\/23119","targetHints":{"allow":["GET"]}}],"collection":[{"href":"https:\/\/www.cgjung.net\/espace\/wp-json\/wp\/v2\/pages"}],"about":[{"href":"https:\/\/www.cgjung.net\/espace\/wp-json\/wp\/v2\/types\/page"}],"author":[{"embeddable":true,"href":"https:\/\/www.cgjung.net\/espace\/wp-json\/wp\/v2\/users\/17"}],"replies":[{"embeddable":true,"href":"https:\/\/www.cgjung.net\/espace\/wp-json\/wp\/v2\/comments?post=23119"}],"version-history":[{"count":27,"href":"https:\/\/www.cgjung.net\/espace\/wp-json\/wp\/v2\/pages\/23119\/revisions"}],"predecessor-version":[{"id":25161,"href":"https:\/\/www.cgjung.net\/espace\/wp-json\/wp\/v2\/pages\/23119\/revisions\/25161"}],"up":[{"embeddable":true,"href":"https:\/\/www.cgjung.net\/espace\/wp-json\/wp\/v2\/pages\/23103"}],"wp:attachment":[{"href":"https:\/\/www.cgjung.net\/espace\/wp-json\/wp\/v2\/media?parent=23119"}],"curies":[{"name":"wp","href":"https:\/\/api.w.org\/{rel}","templated":true}]}}