{"id":22919,"date":"2023-11-12T09:36:30","date_gmt":"2023-11-12T08:36:30","guid":{"rendered":"https:\/\/www.cgjung.net\/espace\/?page_id=22919"},"modified":"2024-03-26T07:01:07","modified_gmt":"2024-03-26T06:01:07","slug":"ego-ultime-divinite","status":"publish","type":"page","link":"https:\/\/www.cgjung.net\/espace\/ressources\/ego-ultime-divinite\/","title":{"rendered":"La divinisation du moi &#8211; Pierre Willequet"},"content":{"rendered":"<p><strong>Pierre Willequet d\u00e9voile dans ses r\u00e9flexions la complexit\u00e9 du Moi : tour \u00e0 tour vilipend\u00e9 comme source de nos crises et c\u00e9l\u00e9br\u00e9 comme berceau de notre cr\u00e9ativit\u00e9. Entre fl\u00e9au et g\u00e9nie, d\u00e9couvrez l&rsquo;ego sous ses multiples facettes.<\/strong><\/p>\n<p><img loading=\"lazy\" decoding=\"async\" class=\"aligncenter size-full wp-image-24080\" src=\"https:\/\/www.cgjung.net\/espace\/wp-content\/uploads\/2024\/03\/ego-la-divination-du-moi.jpg\" alt=\"\" width=\"280\" height=\"424\" srcset=\"https:\/\/www.cgjung.net\/espace\/wp-content\/uploads\/2024\/03\/ego-la-divination-du-moi.jpg 280w, https:\/\/www.cgjung.net\/espace\/wp-content\/uploads\/2024\/03\/ego-la-divination-du-moi-198x300.jpg 198w\" sizes=\"auto, (max-width: 280px) 100vw, 280px\" \/><\/p>\n<p><a href=\"https:\/\/www.amazon.fr\/exec\/obidos\/ASIN\/2336433745\/carlgustavjungen\" target=\"_blank\" rel=\"noopener\"><img loading=\"lazy\" decoding=\"async\" class=\"aligncenter\" src=\"https:\/\/www.cgjung.net\/images\/achat-2.gif\" alt=\"\" width=\"300\" height=\"25\" \/><\/a><\/p>\n<p><em>Voici quelques phrases extraites de l&rsquo;ouvrage.<\/em><\/p>\n<h2>Les&nbsp; limites de l&rsquo;ego<\/h2>\n<p>\u00ab\u00a0Ego est constamment confront\u00e9 \u00e0 ses propres limites, biologiques, sexuelles, affectives ou cognitives qui lui rappellent combien, en d\u00e9finitive, il est \u00ab peu de chose \u00bb, pouvant \u00eatre balay\u00e9 par l&rsquo;apparition d&rsquo;une pand\u00e9mie, d\u00e9vast\u00e9 par un deuil ou un abandon pour, enfin, se retrouver \u00e9ject\u00e9 du monde social \u2014 ou du monde tout court \u2014 par les ph\u00e9nom\u00e8nes du vieillissement et du tr\u00e9pas, in\u00e9luctables et connus de tous.\u00a0\u00bb p.91<\/p>\n<h2>L&rsquo;inflation<\/h2>\n<p>\u00ab\u00a0L&rsquo;inflation, comme le terme l&rsquo;indique, c&rsquo;est ce qui prend de la place. Beaucoup de place. Elle s&rsquo;\u00e9tale en toutes directions et semble n&rsquo;avoir qu&rsquo;un seul but : s&rsquo;amplifier, encore et encore, jusqu&rsquo;\u00e0 pouvoir se prouver, \u00e0 elle-m\u00eame, qu&rsquo;elle occupe l&rsquo;ensemble du paysage : \u00ab Voyez-vous, l&rsquo;inflation nous fait gonfler, on grossit comme un ballon, et on s&rsquo;envole dans les deux. \u00bb [<a href=\"https:\/\/www.cgjung.net\/oeuvre\/visions\/index.htm\">L&rsquo;analyse des visions<\/a> p.530]\n<p>Ainsi, dans telle ou telle configuration familiale (ou nationale&#8230;), il n&rsquo;est pas rare de rencontrer un individu qui, pr\u00e9cis\u00e9ment, s&#8217;empare de tout l&rsquo;espace psychique disponible pour s&rsquo;y vautrer et pr\u00f4ner, \u00e0 tort et \u00e0 travers, l&rsquo;absolutisme de ses points de vue et exigences.\u00a0\u00bb p.77<\/p>\n<h2>L&rsquo;\u00e2me<\/h2>\n<p>\u00ab\u00a0L&rsquo;\u00e2me n&rsquo;est ni rationnelle ni cognitive au sens restrictif du terme ni ne fonctionne selon des logiques de pure causalit\u00e9. N&rsquo;importe quel journal de r\u00eaves le prouve \u00e0 chaque page : le foisonnement des th\u00e9matiques, images, symboles qui le parcourent nous d\u00e9montrent, d&rsquo;un point de vue authentiquement scientifique, qu&rsquo;il s&rsquo;agit l\u00e0 d&rsquo;une r\u00e9alit\u00e9 absolument insaisissable, polymorphe, maniant \u00e0 l&rsquo;envi les contradictions les plus absolues, les paradoxes les plus impitoyables et les faux-fuyants de toute nature.\u00a0\u00bb p.254<\/p>\n<h2>La mort<\/h2>\n<p>\u00ab\u00a0La mort et ses repr\u00e9sentations rel\u00e8vent de la sph\u00e8re arch\u00e9typale dans la mesure o\u00f9 <em>primo<\/em>, le ph\u00e9nom\u00e8ne est universel \u2014 tout syst\u00e8me organique y \u00e9tant vou\u00e9, de la plus infime bact\u00e9rie \u00e0 la dur\u00e9e de vie minimale, jusqu&rsquo;aux arbres multimill\u00e9naires que l&rsquo;on peut contempler ici o\u00f9 l\u00e0, &#8211; et,&nbsp; s<em>ecundo<\/em>, s&rsquo;inscrit dans l&rsquo;infinit\u00e9 du temps.<\/p>\n<p>Aux premi\u00e8res lueurs de l&rsquo;apparition du vivant, du plus \u00e9l\u00e9mentaire des organismes, il \u00e9tait pr\u00e9sent et son action l\u00e9tale se trouvait d\u00e9j\u00e0 engag\u00e9e. De la m\u00eame mani\u00e8re, dans dix milliards d&rsquo;ann\u00e9es, la mort sera encore au rendez-vous, que cela plaise ou non \u00e0 nos fantasmes d&rsquo;infinie p\u00e9rennit\u00e9.\u00a0\u00bb p.96<\/p>\n<h2>La complexit\u00e9 de l&rsquo;\u00eatre<\/h2>\n<p>A propos des trois modalit\u00e9s de l&rsquo;\u00eatre : corps, \u00e2me et esprit l&rsquo;auteur indique :<\/p>\n<p>\u00ab\u00a0On se trouve face \u00e0 une entit\u00e9 incroyablement complexe, subtile, et dot\u00e9e de processus autor\u00e9gulateurs qui, constamment, en assurent le fonctionnement <em>correct<\/em>, c&rsquo;est-\u00e0-dire en ad\u00e9quation aux exigences du milieu et \u00e0 ses multiples sollicitations qui l&rsquo;obligent \u00e0 se r\u00e9ajuster, \u00e0 se r\u00e9\u00e9quilibrer face \u00e0 la somme inou\u00efe de stimuli externes <i>et <\/i>internes auxquels elle est soumise \u00e0 jet continu.<\/p>\n<p>L&rsquo;\u00eatre humain s&rsquo;apparente bien, ainsi, \u00e0 une formidable organisation multivalente et polymorphe, infiniment diff\u00e9renci\u00e9e, dont l&rsquo;ensemble des constituants a pour assignation de fonctionner et d&rsquo;interagir le plus harmonieusement possible, de mani\u00e8re qu&rsquo;elle puisse accompagner et mener \u00e0 bien les projets d\u00e9sirs et ambitions qui ne manquent jamais d&rsquo;advenir, ici ou l\u00e0.\u00a0\u00bb p.146<\/p>\n<h2>Une cartographie du psychisme ?<\/h2>\n<p>\u00ab\u00a0Lorsqu&rsquo;on s&rsquo;att\u00e8le \u00e0 d\u00e9crire un ph\u00e9nom\u00e8ne psychique, de quelque ordre qu&rsquo;il soit, on marche sur des \u0153ufs et, clairement, on continuera de le faire dans les si\u00e8cles \u00e0 venir. Une cartographie \u00ab parfaite \u00bb de notre activit\u00e9 psychique reste, elle aussi, une vue de l&rsquo;esprit, m\u00eame si, du point de vue scientifique, elle demeure forc\u00e9ment un but \u00e0 atteindre, un Graal derri\u00e8re lequel galopent nombre de chercheurs, un peu partout dans le monde.<\/p>\n<p>Si l&rsquo;on affirme quoi que ce soit concernant la psych\u00e9, mieux vaut l&rsquo;\u00e9noncer sous forme d&rsquo;hypoth\u00e8ses, voire de constats, sachant n\u00e9anmoins qu&rsquo;ils ne peuvent pr\u00e9tendre au statut de v\u00e9rit\u00e9 irr\u00e9futable, comme malheureusement ce fut le cas de nombreux concepts psychanalytiques qui devinrent, au sein de la communaut\u00e9 psy, une v\u00e9ritable dogmatique. Ce qui est dommage et, surtout, constitue un fourvoiement \u00e9pist\u00e9mologique.\u00a0\u00bb p.42<\/p>\n<h2>Pr\u00e9sentation de l&rsquo;\u00e9diteur<\/h2>\n<p>La p\u00e9riode est sombre : conflits et catastrophes d\u00e9ferlent dans les m\u00e9dias, d\u00e9bord\u00e9s par ce flot recouvrant le r\u00e9el d\u2019un voile inqui\u00e9tant.<\/p>\n<p>Le coupable id\u00e9al est n\u00e9anmoins trouv\u00e9 : l\u2019individualisme triomphant et son principal repr\u00e9sentant, le Moi (l\u2019ego), dont Pascal affirmait qu\u2019il \u00e9tait <em>ha\u00efssable<\/em>.<\/p>\n<p>Un tel verdict n\u2019est pas suffisant. En effet, comme c\u2019est le cas pour tout condamn\u00e9, il est utile d\u2019en avoir une claire compr\u00e9hension si l\u2019on veut en saisir les principaux ressorts. Car <em>on ne va pas se passer du Moi<\/em> ni, surtout, de ses prouesses lorsqu\u2019on veut envisager des solutions aux probl\u00e8mes \u00e9voqu\u00e9s.<\/p>\n<p>Alors que les syst\u00e8mes symboliques, religieux et politiques s\u2019effritent, il faut se pencher sur ce qui engendre ces obsessions r\u00e9currentes : s\u00e9curisation, identitarisme, refus de la mort, discours justificateurs.<\/p>\n<p>C\u2019est \u00e0 cela que s\u2019int\u00e9resse cet ouvrage, en analysant la formation et le d\u00e9veloppement du Moi, afin d\u2019en d\u00e9nicher le g\u00e9nie tout autant que les outrances.<\/p>\n<p><em>\u00c9diteur : Editions L&rsquo;Harmattan \u2013 2024 \u2013 262 pages \u2013 ISBN 9782336433745 \u2013 15,5 x 24 x 1,5 cm<\/em><\/p>\n<h2>Ego : the ultimate deity<\/h2>\n<p><em>Le livre ci-dessus a \u00e9t\u00e9 \u00e9dit\u00e9 en langue anglaise, le voici :<\/em><\/p>\n<p><img loading=\"lazy\" decoding=\"async\" class=\"aligncenter size-full wp-image-24078\" src=\"https:\/\/www.cgjung.net\/espace\/wp-content\/uploads\/2024\/03\/ego-the-ultimate-deity.jpg\" alt=\"\" width=\"280\" height=\"409\" srcset=\"https:\/\/www.cgjung.net\/espace\/wp-content\/uploads\/2024\/03\/ego-the-ultimate-deity.jpg 280w, https:\/\/www.cgjung.net\/espace\/wp-content\/uploads\/2024\/03\/ego-the-ultimate-deity-205x300.jpg 205w\" sizes=\"auto, (max-width: 280px) 100vw, 280px\" \/><\/p>\n<p><a href=\"https:\/\/www.amazon.fr\/exec\/obidos\/ASIN\/1958263133\/carlgustavjungen\" target=\"_blank\" rel=\"noopener\"><img loading=\"lazy\" decoding=\"async\" class=\"aligncenter\" src=\"https:\/\/www.cgjung.net\/images\/achat-2.gif\" alt=\"\" width=\"300\" height=\"25\" \/><\/a><em>\u00c9diteur : Analytical Psychology Press \u2013 2024 \u2013 328 pages \u2013 ISBN 9781958263136 \u2013 15,2 x 23 x 2 cm<\/em><\/p>\n<h2><img loading=\"lazy\" decoding=\"async\" class=\"alignright size-full wp-image-12071\" src=\"https:\/\/www.cgjung.net\/espace\/wp-content\/uploads\/2020\/04\/pierre-willequet.jpg\" alt=\"\" width=\"90\" height=\"125\" \/>Pierre Willequet<b><\/b><\/h2>\n<p>Docteur en Psychologie et dipl\u00f4m\u00e9 de l&rsquo;Institut C.G. Jung de Zurich, auteur de nombreux ouvrages, il exerce en France pr\u00e8s de Gen\u00e8ve. Il participe au programme de formation des analystes propos\u00e9 par L&rsquo;antenne romande de l&rsquo;Institut Jung de Zurich.<\/p>\n<p><b>Du m\u00eame auteur<br \/>\n<\/b><\/p>\n<ul>\n<li><a href=\"https:\/\/www.cgjung.net\/espace\/accueil\/entretien-pierre-willequet\/\">Entretien avec Pierre Willequet<\/a><\/li>\n<li><a href=\"https:\/\/www.cgjung.net\/espace\/ressources\/pas-de-therapie-sans-ame\/\">Pas de th\u00e9rapie sans \u00e2me<\/a><\/li>\n<li><a href=\"https:\/\/www.cgjung.net\/espace\/ressources\/ego-ultime-divinite\/\">La divinisation du moi<\/a><\/li>\n<li><a href=\"https:\/\/www.cgjung.net\/espace\/ressources\/effarante-vacuite\/\">Une effarante vacuit\u00e9<\/a><\/li>\n<li><a href=\"https:\/\/www.cgjung.net\/espace\/ressources\/delires-splendeurs-religieux\/\">D\u00e9lires et splendeurs du religieux<\/a><\/li>\n<li><a href=\"https:\/\/www.cgjung.net\/publications\/sexualite-homme-femme.htm\">Sexualit\u00e9 Homme-Femme &#8211; L&rsquo;\u00e9ternel malentendu<\/a><\/li>\n<li><a href=\"https:\/\/www.cgjung.net\/publications\/trahir-etre-trahi.htm\">Trahir, \u00eatre trahi<\/a><\/li>\n<li><a href=\"https:\/\/www.cgjung.net\/publications\/l-ego-face-au-divin-pierre-willequet.htm\">L&rsquo;ego face au divin<\/a><\/li>\n<li><a href=\"https:\/\/www.cgjung.net\/publications\/meres_et_filles.htm\">M\u00e8res et filles &#8211; Histoire d&rsquo;une emprise<\/a><\/li>\n<li><a href=\"https:\/\/www.cgjung.net\/publications\/le-reve-sa-creativite-ses-bizarreries.htm\">Le R\u00eave, sa cr\u00e9ativit\u00e9, ses bizarreries<\/a><\/li>\n<li><a href=\"https:\/\/www.cgjung.net\/publications\/roman-psychiatrique.htm\">Histoire d&rsquo;un qui s&rsquo;en alla<\/a>&nbsp;(roman)<\/li>\n<li><a href=\"https:\/\/www.cgjung.net\/espace\/ressources\/deluges-des-sens-pierre-willequet\/\">D\u00e9luges des sens<\/a> (roman)<\/li>\n<li><a href=\"https:\/\/www.cgjung.net\/publications\/jung-elan-createur.htm\">Jung et l&rsquo;\u00e9lan cr\u00e9ateur<\/a> (intervenant au colloque de Bruxelles)<\/li>\n<li><a href=\"https:\/\/www.cgjung.net\/espace\/ressources\/colloque-bruxelles-image\/\">L&rsquo;Image, entre nuisance, inanit\u00e9 et n\u00e9cessit\u00e9<\/a> (intervenant au colloque de Bruxelles)<\/li>\n<li><a href=\"https:\/\/www.cgjung.net\/espace\/ressources\/accueillir-parents-et-enfants\/\">Accueillir parents et enfants<\/a> (intervenant au Cerf-Volant)<\/li>\n<\/ul>\n\n","protected":false},"excerpt":{"rendered":"<p>Pierre Willequet d\u00e9voile dans ses r\u00e9flexions la complexit\u00e9 du Moi : tour \u00e0 tour vilipend\u00e9 comme source de nos crises et c\u00e9l\u00e9br\u00e9 comme berceau de notre cr\u00e9ativit\u00e9. Entre fl\u00e9au et g\u00e9nie, d\u00e9couvrez l&rsquo;ego sous ses multiples facettes. Voici quelques phrases extraites de l&rsquo;ouvrage. Les&nbsp; limites de l&rsquo;ego \u00ab\u00a0Ego est constamment confront\u00e9 \u00e0 ses propres limites, [&hellip;]<\/p>\n","protected":false},"author":1,"featured_media":0,"parent":9713,"menu_order":13,"comment_status":"closed","ping_status":"closed","template":"","meta":{"footnotes":""},"class_list":["post-22919","page","type-page","status-publish","hentry"],"_links":{"self":[{"href":"https:\/\/www.cgjung.net\/espace\/wp-json\/wp\/v2\/pages\/22919","targetHints":{"allow":["GET"]}}],"collection":[{"href":"https:\/\/www.cgjung.net\/espace\/wp-json\/wp\/v2\/pages"}],"about":[{"href":"https:\/\/www.cgjung.net\/espace\/wp-json\/wp\/v2\/types\/page"}],"author":[{"embeddable":true,"href":"https:\/\/www.cgjung.net\/espace\/wp-json\/wp\/v2\/users\/1"}],"replies":[{"embeddable":true,"href":"https:\/\/www.cgjung.net\/espace\/wp-json\/wp\/v2\/comments?post=22919"}],"version-history":[{"count":17,"href":"https:\/\/www.cgjung.net\/espace\/wp-json\/wp\/v2\/pages\/22919\/revisions"}],"predecessor-version":[{"id":24088,"href":"https:\/\/www.cgjung.net\/espace\/wp-json\/wp\/v2\/pages\/22919\/revisions\/24088"}],"up":[{"embeddable":true,"href":"https:\/\/www.cgjung.net\/espace\/wp-json\/wp\/v2\/pages\/9713"}],"wp:attachment":[{"href":"https:\/\/www.cgjung.net\/espace\/wp-json\/wp\/v2\/media?parent=22919"}],"curies":[{"name":"wp","href":"https:\/\/api.w.org\/{rel}","templated":true}]}}