{"id":21894,"date":"2023-06-30T06:40:42","date_gmt":"2023-06-30T04:40:42","guid":{"rendered":"https:\/\/www.cgjung.net\/espace\/?page_id=21894"},"modified":"2025-04-19T12:39:14","modified_gmt":"2025-04-19T10:39:14","slug":"cahiers-jungiens-de-psychanalyse-no-157-juin-2023","status":"publish","type":"page","link":"https:\/\/www.cgjung.net\/espace\/ressources\/cahiers-jungiens-de-psychanalyse-no-157-juin-2023\/","title":{"rendered":"Cahiers Jungiens de Psychanalyse no 157 \u2013 Juin 2023"},"content":{"rendered":"<p><strong>Sous le titre <em>Esprits de la nature<\/em>, ce num\u00e9ro des <em>Cahiers jungiens de psychanalyse<\/em> (Printemps-\u00c9t\u00e9 2023) poursuit les recherches du cahier pr\u00e9c\u00e9dent. Ce num\u00e9ro explore nos liens avec les plantes, les animaux, la Terre, mais \u00e9galement la relation aux mondes invisibles.<\/strong><\/p>\n<p><img loading=\"lazy\" decoding=\"async\" class=\"size-full wp-image-21898 aligncenter\" src=\"https:\/\/www.cgjung.net\/espace\/wp-content\/uploads\/2023\/06\/cahiers-jungiens-de-psychanalyse-no-157-juin-2023.jpg\" alt=\"\" width=\"280\" height=\"400\" \/><\/p>\n<p style=\"text-align: center;\"><a href=\"https:\/\/cahiers-jungiens.cairn.info\/\" target=\"_blank\" rel=\"noopener noreferrer\">Achat ou abonnement sur le site des Cahiers Jungiens de Psychanalyse<\/a><\/p>\n<p style=\"text-align: center;\">24,6 cm x 17 cm x 1,4 cm \u2013 172 pages<\/p>\n<h2>Contenu du num\u00e9ro <em>Esprits de la nature<\/em><\/h2>\n<p><strong>\u00c9ditorial<\/strong><br \/>\n<em>Laurence Druet, Reine-Marie Halbout, \u00c8ve Pilyser.<\/em><\/p>\n<p><strong>Le r\u00eave surgit comme un animal<br \/>\n<\/strong><em>Reine-Marie Halbout<\/em><strong><br \/>\n<\/strong><\/p>\n<blockquote>\n<p>Dans son enfance, Carl Gustav Jung a v\u00e9cu au contact de la nature. ette exp\u00e9rience a forg\u00e9 son rapport au monde et son respect pour les animaux. Tr\u00e8s jeune, il a pris conscience de la cruaut\u00e9 de certains traitements qui leur \u00e9taient inflig\u00e9s, notamment \u00e0 des fins d\u2019exp\u00e9riences scientifiques, ce qu\u2019il a d\u00e9nonc\u00e9 jusqu\u2019\u00e0 la fin de sa vie.<\/p>\n<p>Dans son travail clinique, comme dans ses analyses de r\u00eaves, les animaux sont essentiels. Pour Jung, leur pr\u00e9sence vivante nous ouvre l\u2019acc\u00e8s \u00e0 notre vie instinctuelle en m\u00eame temps qu\u2019\u00e0 celle de notre \u00e2me.<\/p>\n<p>Dans cet article, plusieurs&nbsp; r\u00e9cits cliniques se feront l\u2019\u00e9cho de cette r\u00e9animation.&nbsp; \u00c9cologiste des premiers temps, Marguerite Yourcenar s\u2019est inscrite dans la voie du respect de la nature et du monde animal. Comme cela a \u00e9t\u00e9 le cas pour Jung, sa vie et son oeuvre en t\u00e9moignent.<\/p>\n<\/blockquote>\n<p><strong>Vision alchimique de la nature et exploration des profondeurs<br \/>\n<\/strong><em>Fran\u00e7oise Bonardel<\/em><\/p>\n<blockquote>\n<p>\u00c9prouvant d\u00e8s son plus jeune \u00e2ge le besoin de vivre en accord \u00e9troit avec la nature, Carl Gustav Jung a plus tard trouv\u00e9 dans l\u2019alchimie la philosophie de la vie la plus proche de ce que l\u2019exploration de l\u2019inconscient lui avait appris quant \u00e0 un \u00ab art de voir \u00bb respectueux des ph\u00e9nom\u00e8nes naturels, physiques et psychiques.<\/p>\n<p>Plus proche en cela de l\u2019herm\u00e9tisme antique et de l\u2019alchimie m\u00e9di\u00e9vale que du naturalisme savant de son temps, Jung n\u2019a cess\u00e9 de scruter, avec une attention scrupuleuse et \u00e0 ce titre quasi \u00ab religieuse \u00bb, la psych\u00e9 de l\u2019homme moderne aux prises avec l\u2019inconscient.<\/p>\n<p>Souvent qualifi\u00e9 de \u00ab visionnaire \u00bb en raison du caract\u00e8re pr\u00e9monitoire de certaines de ses visions, Jung le fut plus encore pour avoir permis \u00e0 la psych\u00e9 de \u00ab voir selon la nature \u00bb, et de retrouver ainsi un dynamisme vital et spirituel qui constitue aussi une oeuvre de culture.<\/p>\n<\/blockquote>\n<p><strong>L\u2019accueil du nouveau-n\u00e9 : du monde des esprits \u00e0 celui des parents<br \/>\n<\/strong><em>\u00c8ve Pilyser<\/em><\/p>\n<blockquote>\n<p>Relevant des diff\u00e9rences marqu\u00e9es dans les modalit\u00e9s d\u2019accueil du nouveau-n\u00e9, entre les peuples occidentaux et ceux issus des soci\u00e9t\u00e9s traditionnelles, l\u2019auteure met en exergue l\u2019\u00e9ventail des am\u00e9nagements parentaux dans la gestion de l\u2019ambivalence et des m\u00e9canismes de projection \u00e0 l\u2019encontre du nourrisson.<\/p>\n<p>Face \u00e0 toute naissance, quand l\u2019Occident tend \u00e0 occulter la figure de l\u2019anc\u00eatre, celle-ci domine sous son potentiel vengeur dans le monde des esprits cher aux cultures indig\u00e8nes. \u00c9merge la question de la dette vitale \u2013 li\u00e9e au risque de l\u2019infanticide \u2013 articul\u00e9e \u00e0 celle de la responsabilit\u00e9 des parents \u00e0 s\u2019inscrire \u00e0 leur juste place au sein de la cha\u00eene transg\u00e9n\u00e9rationnelle. Condition n\u00e9cessaire \u00e0 l\u2019enfant, quelle que soit sa culture, pour qu\u2019il b\u00e9n\u00e9ficie d\u2019une transmission pleinement constructive et \u00e9volutive.<\/p>\n<\/blockquote>\n<p><strong>Les esprits de la nature<br \/>\n<\/strong><em>Christiane Fonseca<\/em><\/p>\n<blockquote>\n<p>Les esprits de la nature existent dans toutes les cultures, depuis les temps les plus recul\u00e9s. Ils font partie le plus souvent d\u2019un monde invisible, sacr\u00e9 dans certaines traditions, qu\u2019il s\u2019agisse du retour des morts dans l\u2019oeuvre de Jung, du souffle des \u00e9l\u00e9ments dans les conceptions alchimiques, du monde de la nature dans les cultures chamaniques, de la survivance des soci\u00e9t\u00e9s animistes ou de la magie des cr\u00e9atures f\u00e9eriques.<\/p>\n<\/blockquote>\n<p><strong>Pastorale sandienne : pour une \u00e9c(h)ologie au f\u00e9minin<br \/>\n<\/strong><em>Marie-Claire Vallois<\/em><\/p>\n<blockquote>\n<p>Reconnue de nos jours comme une des pionni\u00e8res du \u00ab r\u00e9alisme vert \u00bb en litt\u00e9rature, mais aussi une des premi\u00e8res \u00e0 donner vie au \u00ab r\u00e9alisme magique \u00bb \u00e9cologique dans <em>Contes d\u2019une grand-m\u00e8re<\/em>, George Sand ouvre la voie, par ailleurs, dans son oeuvre autobiographique, <em>Histoire de ma vie<\/em>, \u00e0 ce qui se trouve class\u00e9, de nos jours, sous le registre de l\u2019 \u00ab \u00e9copsychologie \u00bb.<\/p>\n<p>Dans ce livre, Sand remonte au r\u00e9cit archa\u00efque de sa relation \u00e0 la m\u00e8re, qui l\u2019initie \u00e0 l\u2019amour et la connaissance de la nature. Fille d\u2019un oiseleur parisien, celle-ci, comme une antique f\u00e9e\/sorci\u00e8re, lui donne la \u00ab cl\u00e9 magique \u00bb des myst\u00e8res de la terre-m\u00e8re que les \u00e9cologistes modernes ne craignent pas de nommer, par solidarit\u00e9, et en \u00e9cho aux&nbsp; discours des peuples autochtones, Ga\u00efa, la Grande m\u00e8re.<\/p>\n<\/blockquote>\n<p><strong>Les pieds nus<br \/>\n<\/strong><em>Laurence Druet<\/em><\/p>\n<p><strong>Na\u00eetre quelque part<br \/>\n<\/strong><em>V\u00e9ronique Bouhafs-Blanchard<\/em><\/p>\n<blockquote>\n<p>\u00c0 partir du parcours analytique d\u2019un nomade en errance, l\u2019auteure explore le champ de la spatialit\u00e9, guid\u00e9e par le couple divin Herm\u00e8s-Hestia. Les naissances et renaissances qui ponctuent cette travers\u00e9e se nourrissent de sensations en lien avec la nature, de v\u00e9cus d\u2019ancrage et de l\u2019\u00e9prouv\u00e9 d\u2019un lieu en commun avec l\u2019analyste : une connexion acausale qui relie les partenaires analytiques au vivant, source de tous les lieux.<\/p>\n<p>L\u2019exp\u00e9rience du paysage est approfondie dans ses dimensions individuelle et collective : au coeur de la tension entre un \u00ab ici \u00bb familier et l\u2019horizon lointain, elle est un passage vers la rencontre avec l\u2019autre et le monde. Participant \u00e0 la construction identitaire de l\u2019\u00eatre humain, r\u00e9v\u00e9lant sa continuit\u00e9 avec la nature, elle permet \u00e0 chacun d\u2019\u00e9prouver des moments d\u2019unit\u00e9 et de dialoguer avec l\u2019\u00e2me du monde, ce dont t\u00e9moignent les artistes.<\/p>\n<\/blockquote>\n<p><strong>D\u00e9faites et victoires de la relation de l\u2019\u00eatre humain avec la Nature \u00e0 la lumi\u00e8re de C. G. Jung<br \/>\n<\/strong><em>V\u00e9ronique Liard<\/em><\/p>\n<blockquote>\n<p>La nature est omnipr\u00e9sente dans l\u2019oeuvre de Jung. La premi\u00e8re partie de l\u2019article donne un aper\u00e7u du lien que l\u2019homme Jung a entretenu toute sa vie avec tous les domaines du vivant.<\/p>\n<p>Puis l\u2019interrogation porte sur le lien entre Nature et Civilisation. Avec l\u2019\u00e9volution de la science et l\u2019industrialisation, l\u2019homme civilis\u00e9 s\u2019est-il \u00e9loign\u00e9 de la Nature, dont les&nbsp; premiers hommes \u00e9taient encore proches, au point de pr\u00e9f\u00e9rer son confort \u00e0 la protection de l\u2019environnement ?<\/p>\n<p>Peut-on alors simplement parler d\u2019une victoire de l\u2019\u00eatre humain sur la Nature ? Dans la mesure o\u00f9, pour Jung, notre psych\u00e9 est une partie de la Nature, peut-on affirmer que l\u2019\u00eatre humain est ma\u00eetre de sa propre nature ? La m\u00e9connaissance persistante qu\u2019il a de lui-m\u00eame ne fait-elle pas \u00e9cho \u00e0 l\u2019ignorance des m\u00e9faits inflig\u00e9s depuis si longtemps \u00e0 la Nature ?<\/p>\n<\/blockquote>\n<p><strong>Penser l\u2019enfantement dans une perspective \u00e9mancipatrice ? Ph\u00e9nom\u00e9nologie et psychanalyse<br \/>\n<\/strong><em>Clarisse Picard<\/em><\/p>\n<blockquote>\n<p>Les pens\u00e9es f\u00e9ministes, malgr\u00e9 l\u2019importance de leurs travaux, ne sont pas venues \u00e0 bout du ph\u00e9nom\u00e8ne de la subordination des femmes dans les t\u00e2ches de soin et d\u2019\u00e9ducation des enfants, et dans l\u2019ensemble de la soci\u00e9t\u00e9.<\/p>\n<p>Dans le m\u00eame temps, nous assistons \u00e0 un processus progressif mais continu de rupture entre le corps et la subjectivit\u00e9 des femmes, et la conception, la grossesse et la naissance des enfants, en raison des d\u00e9veloppements des techniques reproductives. Consid\u00e9rant cette tension paradoxale, l\u2019autrice propose de revenir \u00e0 l\u2019endroit m\u00eame o\u00f9 s\u2019exercent cette subordination en m\u00eame temps que cette rupture annonc\u00e9e afin de consid\u00e9rer si les femmes m\u00e8res ne pourraient pas y trouver, \u00e0 la fois, des moyens de se r\u00e9approprier leurs enfantements et des leviers potentiels d\u2019\u00e9mancipation et de renaissance, sur le plan personnel comme soci\u00e9tal.<\/p>\n<p>\u00c0 cette fin, elle d\u00e9crit, du point de vue d\u2019une femme singuli\u00e8re, et dans une perspective \u00e9mancipatrice, l\u2019itin\u00e9raire ph\u00e9nom\u00e9nologique et psychanalytique de l\u2019enfantement par lequel cette femme devenant m\u00e8re na\u00eet \u00e0 soi m\u00eame en donnant naissance \u00e0 son enfant. En co-constituant le sens universel de l\u2019enfantement et son devenir m\u00e8re philosophe, cette femme singuli\u00e8re op\u00e8re un v\u00e9ritable changement de paradigme de nos repr\u00e9sentations de la m\u00e8re et de la structure m\u00e9taphysique des sexes.<\/p>\n<\/blockquote>\n<p><strong>La faune de nos r\u00eaves<br \/>\n<\/strong><em>Caroline Rosain-Montet<\/em><\/p>\n<blockquote>\n<p>Apr\u00e8s l\u2019\u00e9vocation des pr\u00e9occupations contemporaines autour de Ga\u00efa et de leurs divers enjeux soci\u00e9taux, politiques et psychiques, l\u2019auteure s\u2019attache \u00e0 montrer, \u00e0 travers de nombreuses vignettes cliniques, l\u2019importance et le r\u00f4le de l\u2019animal dans nos r\u00eaves.<\/p>\n<p>Se pr\u00e9sentant sous toutes sortes d\u2019esp\u00e8ces, parfois inattendues, il vient r\u00e9v\u00e9ler de fa\u00e7on tr\u00e8s sensorielle, des aspects n\u00e9glig\u00e9s de la personnalit\u00e9, des facettes de l\u2019anima\/animus, ou encore des chemins que l\u2019\u00e2me aimerait suivre et que le moi r\u00e9siste \u00e0 emprunter.<\/p>\n<\/blockquote>\n<p><strong>C. G. Jung animiste<br \/>\n<\/strong><em>Antoine Fratini<\/em><\/p>\n<blockquote>\n<p>Le nom de C. G. Jung est li\u00e9 aux champs d\u2019\u00e9tudes les plus disparates, comme la psychiatrie, la psychanalyse, la religion, la spiritualit\u00e9, l\u2019\u00e9sot\u00e9risme, l\u2019alchimie, l\u2019anthropologie, l\u2019orientalisme, la franc-ma\u00e7onnerie\u2026 mais certains pr\u00e9jug\u00e9s,<br \/>\nsurtout culturels, ont jusqu\u2019\u00e0 pr\u00e9sent emp\u00each\u00e9 d\u2019en voir le versant animiste pourtant \u00e9vident.<\/p>\n<p>L\u2019auteur propose d\u2019investiguer dans cette direction en d\u00e9veloppant les th\u00e8ses avanc\u00e9es dans son ouvrage sur ce sujet.<\/p>\n<\/blockquote>\n<p><strong>Bloc-notes<\/strong><br \/>\n<em>Delphine Renard<\/em><\/p>\n<p><strong>Revue des revues<\/strong><br \/>\n<em>Laurence Lacour<\/em><\/p>\n<p style=\"text-align: right;\"><em>Juillet 2023<\/em><\/p>\n<h2>A lire \u00e9galement<\/h2>\n<ul>\n<li><a href=\"https:\/\/www.cgjung.net\/espace\/accueil\/cahiers-jungiens-de-psychanalyse\/\">Entretien autour des Cahiers Jungiens de Psychanalyse avec Reine-Marie Halbout,<\/a>&nbsp;\u00e0 l&rsquo;occasion de la sortie du no 152, f\u00e9vrier 2021<\/li>\n<\/ul>\n<p>Pr\u00e9sentation des num\u00e9ros suivants des Cahiers Jungiens de Psychanalyse sur le site EFJ :<\/p>\n<ul>\n<li><a href=\"https:\/\/www.cgjung.net\/espace\/ressources\/cahiers-jungiens-de-psychanalyse-no-162\/\">D\u00e9sirer, consentir, vouloir,<\/a> no 162 &#8211; 2025<\/li>\n<li><a href=\"https:\/\/www.cgjung.net\/espace\/ressources\/cahier-jungien-de-psychanalyse-no-161\/\">Jung au pr\u00e9sent<\/a>, no 161 &#8211; 2025<\/li>\n<li><a href=\"https:\/\/www.cgjung.net\/espace\/ressources\/cahiers-jungiens-de-psychanalyse-no-160-2024\/\">Jung en France,<\/a> no 160 &#8211; 2024<\/li>\n<li><a href=\"https:\/\/www.cgjung.net\/espace\/ressources\/cahiers-jungiens-de-psychanalyse-no-159-2024\/\">Jung dans le monde<\/a>, no 159 &#8211; 2024<\/li>\n<li><a href=\"https:\/\/www.cgjung.net\/espace\/ressources\/cahiers-jungiens-de-psychanalyse-no-158-2023\/\">Br\u00fbler<\/a>, no 158 &#8211; 2023<\/li>\n<li><a href=\"https:\/\/www.cgjung.net\/espace\/ressources\/cahiers-jungiens-de-psychanalyse-no-157-juin-2023\/\">Esprits de la nature<\/a>, no 157 &#8211; 2023<\/li>\n<li><a href=\"https:\/\/www.cgjung.net\/espace\/ressources\/cahiers-jungiens-de-psychanalyse-no-156-decembre-2022\/\">Contagion\/Contamination<\/a>, no 156 &#8211; 2022<\/li>\n<li><a href=\"https:\/\/www.cgjung.net\/espace\/ressources\/cahiers-jungiens-de-psychanalyse-no-155-juin-2022\/\">Des fins<\/a>, no 155 &#8211; 2022<\/li>\n<li><a href=\"https:\/\/www.cgjung.net\/espace\/ressources\/cahiers-jungiens-de-psychanalyse-no-154-decembre-2021\/\">Au commencement<\/a>, no 154 &#8211; 2021<\/li>\n<li><a href=\"https:\/\/www.cgjung.net\/espace\/ressources\/cahiers-jungiens-de-psychanalyse-no-153-juin-2021\/\">Intimit\u00e9s<\/a>, no 153 -2021<\/li>\n<li><a href=\"https:\/\/www.cgjung.net\/espace\/accueil\/cahiers-jungiens-de-psychanalyse\/\">Nature(s), vivre la terre<\/a>, no 152 &#8211; 2020<\/li>\n<li><a href=\"https:\/\/www.cgjung.net\/espace\/ressources\/cahiers-jungiens-de-psychanalyse-no-151-juin-2020\/\">Souviens-toi de ton futur<\/a>, no 151 &#8211; 2020<\/li>\n<li><a href=\"https:\/\/www.cgjung.net\/espace\/ressources\/cahiers-jungiens-de-psychanalyse\/\">Images, repr\u00e9sentations et mondes virtuels<\/a>, no 150 &#8211; 2019<\/li>\n<\/ul>\n<p>Ouvrages :<\/p>\n<ul>\n<li><a href=\"https:\/\/www.cgjung.net\/publications\/nise_da_silveira_images_inconscient.htm\">Images de l&rsquo;inconscient de Nise Da Silveira<\/a><\/li>\n<li><a href=\"https:\/\/www.cgjung.net\/espace\/ressources\/dimension-aimer\/\">La dimension d\u2019aimer d&rsquo;\u00c9lie G. Humbert<\/a><\/li>\n<\/ul>\n\n","protected":false},"excerpt":{"rendered":"<p>Sous le titre Esprits de la nature, ce num\u00e9ro des Cahiers jungiens de psychanalyse (Printemps-\u00c9t\u00e9 2023) poursuit les recherches du cahier pr\u00e9c\u00e9dent. Ce num\u00e9ro explore nos liens avec les plantes, les animaux, la Terre, mais \u00e9galement la relation aux mondes invisibles. Achat ou abonnement sur le site des Cahiers Jungiens de Psychanalyse 24,6 cm x [&hellip;]<\/p>\n","protected":false},"author":1,"featured_media":0,"parent":9713,"menu_order":13,"comment_status":"closed","ping_status":"closed","template":"","meta":{"footnotes":""},"class_list":["post-21894","page","type-page","status-publish","hentry"],"_links":{"self":[{"href":"https:\/\/www.cgjung.net\/espace\/wp-json\/wp\/v2\/pages\/21894","targetHints":{"allow":["GET"]}}],"collection":[{"href":"https:\/\/www.cgjung.net\/espace\/wp-json\/wp\/v2\/pages"}],"about":[{"href":"https:\/\/www.cgjung.net\/espace\/wp-json\/wp\/v2\/types\/page"}],"author":[{"embeddable":true,"href":"https:\/\/www.cgjung.net\/espace\/wp-json\/wp\/v2\/users\/1"}],"replies":[{"embeddable":true,"href":"https:\/\/www.cgjung.net\/espace\/wp-json\/wp\/v2\/comments?post=21894"}],"version-history":[{"count":7,"href":"https:\/\/www.cgjung.net\/espace\/wp-json\/wp\/v2\/pages\/21894\/revisions"}],"predecessor-version":[{"id":29353,"href":"https:\/\/www.cgjung.net\/espace\/wp-json\/wp\/v2\/pages\/21894\/revisions\/29353"}],"up":[{"embeddable":true,"href":"https:\/\/www.cgjung.net\/espace\/wp-json\/wp\/v2\/pages\/9713"}],"wp:attachment":[{"href":"https:\/\/www.cgjung.net\/espace\/wp-json\/wp\/v2\/media?parent=21894"}],"curies":[{"name":"wp","href":"https:\/\/api.w.org\/{rel}","templated":true}]}}