{"id":21625,"date":"2023-05-21T11:57:30","date_gmt":"2023-05-21T09:57:30","guid":{"rendered":"https:\/\/www.cgjung.net\/espace\/?page_id=21625"},"modified":"2023-07-02T10:41:48","modified_gmt":"2023-07-02T08:41:48","slug":"construction-masculinite","status":"publish","type":"page","link":"https:\/\/www.cgjung.net\/espace\/ressources\/construction-masculinite\/","title":{"rendered":"La construction de la masculinit\u00e9"},"content":{"rendered":"<p><strong>L&rsquo;analyste jungien Murray Stein pr\u00e9sente une vision compl\u00e8te de la psych\u00e9 masculine et de la masculinit\u00e9. Il explore, de l&rsquo;enfance \u00e0 la vieillesse, les cinq \u00e9tapes de croissance psychique et spirituelle des hommes.<br \/>\n<\/strong><\/p>\n<p><img loading=\"lazy\" decoding=\"async\" class=\"size-full wp-image-21624 aligncenter\" src=\"https:\/\/www.cgjung.net\/espace\/wp-content\/uploads\/2023\/05\/masculinite.png\" alt=\"\" width=\"254\" height=\"400\" srcset=\"https:\/\/www.cgjung.net\/espace\/wp-content\/uploads\/2023\/05\/masculinite.png 254w, https:\/\/www.cgjung.net\/espace\/wp-content\/uploads\/2023\/05\/masculinite-191x300.png 191w\" sizes=\"auto, (max-width: 254px) 100vw, 254px\" \/><\/p>\n<p style=\"text-align: center;\"><a href=\"https:\/\/editions-martinpecheur.fr\/produit\/construction-masculinite\/\" target=\"_blank\" rel=\"noopener\">\u00c9ditions Le Martin-P\u00eacheur Domaine jungien<\/a><\/p>\n<p>L&rsquo;auteur aborde \u00e9galement l&rsquo;amiti\u00e9 entre hommes et expose une conception personnelle de la paternit\u00e9. Il explore les notions jungiennes li\u00e9es \u00e0 l&rsquo;individuation de mani\u00e8re approfondie.<\/p>\n<h2>Extraits de l&rsquo;ouvrage<\/h2>\n<p><strong>Probl\u00e8mes insolubles<\/strong><\/p>\n<p>\u00ab\u00a0Au sujet des probl\u00e8mes de transformation insolubles, \u00e9tant donn\u00e9 qu&rsquo;il est impossible de les surmonter, Jung conseillait de les d\u00e9passer. Pour ma part, je recommanderais cette strat\u00e9gie : apprenez \u00e0 aimer les probl\u00e8mes insolubles, tels que vous affranchir de votre m\u00e8re ou de votre p\u00e8re, car ces probl\u00e8mes en valent la peine et m\u00e9ritent la plus grande consid\u00e9ration de votre part. Vous allez les rencontrer en de multiples occasions au cours de votre vie, \u00e0 chaque fois avec un peu plus de conscience, une perception plus profonde des implications et des dynamiques, d\u00e9nouant chaque fois un peu plus les limitations que ces complexes ont cr\u00e9\u00e9es.<\/p>\n<p>Le but de la transformation que je propose, \u00e0 savoir le <em>telos<\/em> du d\u00e9veloppement int\u00e9rieur de l&rsquo;homme, est de s&rsquo;affranchir de ces derni\u00e8res autant que possible, authentiquement, afin de lib\u00e9rer l&rsquo;enti\u00e8re panoplie des potentiels qui se trouvent dans le soi. Sur le chemin de cet affranchissement, les pi\u00e8ges, les s\u00e9ductions et les illusions de libert\u00e9 sont presque infinis.\u00a0\u00bb (p. 14)<\/p>\n<p><strong>Stades de la vie d&rsquo;un homme<\/strong><\/p>\n<p><img loading=\"lazy\" decoding=\"async\" class=\"size-full wp-image-21622 aligncenter\" src=\"https:\/\/www.cgjung.net\/espace\/wp-content\/uploads\/2023\/05\/masculinite-stades.png\" alt=\"\" width=\"600\" height=\"245\" srcset=\"https:\/\/www.cgjung.net\/espace\/wp-content\/uploads\/2023\/05\/masculinite-stades.png 600w, https:\/\/www.cgjung.net\/espace\/wp-content\/uploads\/2023\/05\/masculinite-stades-300x123.png 300w\" sizes=\"auto, (max-width: 600px) 100vw, 600px\" \/><\/p>\n<p>Le sch\u00e9ma ci-dessus (p. 15) sert d&rsquo;indicateur. L&rsquo;auteur montre comment les diff\u00e9rentes phases d&rsquo;\u00e9volution se succ\u00e8dent ainsi que le lien qui les relie \u00e0 des figures externes ou internes.<\/p>\n<p>Il insiste sur le fait que \u00ab\u00a0m\u00e8re et p\u00e8re existent \u00e0 la fois comme personnes r\u00e9elles, comme complexes et comme arch\u00e9types, chacun apportant ses influences psychiques et \u00e9motionnelles d\u00e8s les premi\u00e8res ann\u00e9es et tout au long de la vie.\u00a0\u00bb (p. 29)<\/p>\n<p>Murray Stein donne de nombreuses indications \u00e0 propos de l&rsquo;anima. \u00ab\u00a0L&rsquo;un des objectifs de l&rsquo;anima est de sortir un homme de son milieu familial pour le faire entrer dans un monde interpersonnel et culturel inconnu. Elle stimule sa \u00ab libido exogame \u00bb &#8211; l&rsquo;\u00e9ros non incestueux &#8211; afin qu&rsquo;il quitte ses parents et s&rsquo;aventure dans le monde ext\u00e9rieur. Le v\u00e9ritable appel de l&rsquo;anima se produit g\u00e9n\u00e9ralement au milieu de la vie, apr\u00e8s qu&rsquo;un homme s&rsquo;est \u00e9tabli dans le monde du p\u00e8re et a accompli tous les investissements n\u00e9cessaires dans sa vie en tant que membre de la soci\u00e9t\u00e9.\u00a0\u00bb (p. 43-44)<\/p>\n<p>\u00ab\u00a0Il faut souligner que l&rsquo;anima n&rsquo;est pas un d\u00e9riv\u00e9 du complexe maternel ou de l&rsquo;arch\u00e9type de la m\u00e8re. Elle est<em> sui generis<\/em>, une entit\u00e9 psychique \u00e0 part enti\u00e8re qui a son propre fondement ind\u00e9pendant dans le soi.&nbsp; [&#8230;] le r\u00f4le de l&rsquo;anima d&rsquo;un homme est de le s\u00e9parer de son p\u00e8re, comme elle le fait de sa m\u00e8re. Elle est une puissance d&rsquo;individuation et exige qu&rsquo;il devienne un homme libre et ind\u00e9pendant.\u00a0\u00bb (p. 49)<\/p>\n<p><strong>L&rsquo;inconscient ne sait pas ce que sont le moi et son monde<\/strong><\/p>\n<p>\u00ab\u00a0L&rsquo;anima est l&rsquo;inconscient qui a besoin d&rsquo;\u00eatre engag\u00e9 dans une relation humaine. Jung disait souvent que l&rsquo;inconscient ne sait pas ce que sont le moi et son monde, et qu&rsquo;il faut le lui apprendre. C&rsquo;est l&rsquo;un des r\u00f4les de l&rsquo;imagination active. Elle permet de dire \u00e0 l&rsquo;inconscient ce que sont les besoins et les exigences de la vie r\u00e9elle, parce que l&rsquo;anima ne le sait pas et doit en \u00eatre convaincue. \u00a0\u00bb (p. 52)<\/p>\n<p><strong>Le milieu de la vie<\/strong><\/p>\n<p>\u00ab\u00a0L&rsquo;anima est une figure s\u00e9duisante et ambigu\u00eb, \u00e0 la fois sauvage et destructrice, et en m\u00eame temps, r\u00e9g\u00e9n\u00e9ratrice et cr\u00e9ative. Lorsqu&rsquo;elle fait son apparition au milieu de la vie, elle provoque la destruction des structures \u00e9tablies et des identifications. Elle revendique sa propri\u00e9t\u00e9 sur un homme et l&rsquo;attire dans le feu de son \u00e9nergie transformatrice.\u00a0\u00bb (p. 45)<\/p>\n<p>\u00ab\u00a0Apr\u00e8s le passage du milieu de vie, l&rsquo;homme ne trouve pas de lieu de repos permanent ni de foyer confortable. En revanche, il se doit de faire quelque chose de plus, qui ne soit pas d&rsquo;abord pour lui-m\u00eame. Il s&rsquo;agit de rendre un service porteur d&rsquo;un sens qui va bien au-del\u00e0 de l&rsquo;\u00e9panouissement individuel. Cela signifie servir une divinit\u00e9, c&rsquo;est-\u00e0-dire devenir un auxiliaire du soi.\u00a0\u00bb (p. 70)<\/p>\n<h2>Entretien avec l&rsquo;auteur<\/h2>\n<p><a href=\"https:\/\/www.youtube.com\/watch?v=ZOioCVEu-RA\" target=\"_blank\" rel=\"noopener\"><img loading=\"lazy\" decoding=\"async\" class=\"size-full wp-image-21905 aligncenter\" src=\"https:\/\/www.cgjung.net\/espace\/wp-content\/uploads\/2023\/07\/murray-stein.jpg\" alt=\"\" width=\"769\" height=\"435\" srcset=\"https:\/\/www.cgjung.net\/espace\/wp-content\/uploads\/2023\/07\/murray-stein.jpg 769w, https:\/\/www.cgjung.net\/espace\/wp-content\/uploads\/2023\/07\/murray-stein-300x170.jpg 300w\" sizes=\"auto, (max-width: 769px) 100vw, 769px\" \/><\/a><\/p>\n<p><a href=\"https:\/\/www.youtube.com\/watch?v=ZOioCVEu-RA\" target=\"_blank\" rel=\"noopener\">Entretien de 13 minutes avec Murray Stein<\/a>, l&rsquo;auteur de cette \u00e9tude, r\u00e9alis\u00e9 par Viviane Thibaudier.<\/p>\n<h2>Pr\u00e9sentation de l&rsquo;\u00e9diteur<\/h2>\n<p>Alors que l\u2019\u00e9poque actuelle invite les hommes \u00e0 r\u00e9\u00e9valuer leurs positionnements, Murray Stein livre ici un panorama complet de la psych\u00e9 masculine et de la masculinit\u00e9.<\/p>\n<p>Pour commencer, il d\u00e9crit le processus de croissance psychique et spirituelle des hommes, dont il d\u00e9taille les cinq \u00e9tapes depuis l\u2019enfance jusqu\u2019au grand \u00e2ge. Puis, il poursuit par une r\u00e9flexion sur l\u2019amiti\u00e9 entre hommes. Enfin, il termine en exposant une conception tr\u00e8s personnelle de la paternit\u00e9, \u00e0 travers ce qu\u2019il appelle les quatre gestes fondamentaux de la paternit\u00e9.<\/p>\n<p>Ce livre aborde ainsi de nombreuses notions jungiennes autour de l\u2019individuation. Le tout est illustr\u00e9 par de multiples exemples destin\u00e9s \u00e0 aider les hommes de tous \u00e2ges \u00e0 s\u2019orienter dans leur vie, dans leur d\u00e9veloppement personnel et dans leur qu\u00eate de sens. Par les rep\u00e8res qu\u2019il propose, ce livre int\u00e9ressera \u00e9galement tous les th\u00e9rapeutes qui travaillent avec des hommes ou des couples.<\/p>\n<p>Bien que les temps aient chang\u00e9 depuis la premi\u00e8re pr\u00e9sentation de ces textes dans les ann\u00e9es quatre-vingt, ces questions sont toujours d\u2019actualit\u00e9, alors qu\u2019une certaine ambigu\u00eft\u00e9 persiste quant \u00e0 l\u2019identit\u00e9 masculine et les responsabilit\u00e9s des hommes envers eux-m\u00eames et envers les autres. Nul doute que ce livre saura \u00e9clairer le lecteur par les diff\u00e9rents enjeux de la vie psychique et relationnelle des hommes qu\u2019il met en lumi\u00e8re.<\/p>\n<h2>Sommaire<\/h2>\n<p>Avant-propos<\/p>\n<p><strong>Les cinq stades du d\u00e9veloppement psychique des hommes<\/strong><\/p>\n<p style=\"padding-left: 40px;\">Le premier cercle : la m\u00e8re &#8211; Les temps du gar\u00e7on<br \/>\nLe deuxi\u00e8me cercle : le p\u00e8re &#8211; Les temps du fils<br \/>\nLe troisi\u00e8me cercle : l&rsquo;anima &#8211; Les temps du h\u00e9ros<br \/>\nLe quatri\u00e8me cercle : le soi &#8211; Les temps de l&rsquo;homme m\u00fbr<br \/>\nLe cinqui\u00e8me cercle : Dieu &#8211; Les temps du Sage<\/p>\n<p><strong>L&rsquo;amiti\u00e9 entre hommes<\/strong><\/p>\n<p><strong>Les gestes de la paternit\u00e9<\/strong><\/p>\n<p style=\"padding-left: 40px;\">Le geste de choisir<br \/>\nLe geste d&rsquo;instaurer et faire respecter la loi<br \/>\nLe geste de cr\u00e9er&nbsp;<br \/>\nLes gestes de subvenir, prot\u00e9ger, relier, sacrifier<\/p>\n<p><strong>R\u00e9f\u00e9rence de l\u2019ouvrage<\/strong> :&nbsp;<a href=\"https:\/\/editions-martinpecheur.fr\/produit\/construction-masculinite\/\" target=\"_blank\" rel=\"noopener\">\u00c9ditions Le Martin-P\u00eacheur Domaine jungien<\/a> &#8211; Traduit de l&rsquo;anglais par Fabienne Neuquelman-Denis et Viviane Thibaudier &#8211; Parution janvier 2023 &#8211; ISBN 9791096164059 &#8211; 13,5 x 22 x 1,2 cm &#8211; 128 pages.<\/p>\n<h2>Murray Stein<\/h2>\n<p>Murray Stein est un psychanalyste jungien am\u00e9ricain. Il a \u00e9t\u00e9 pr\u00e9sident de l\u2019Association internationale de psychologie analytique (AIPA). Apr\u00e8s avoir \u00e9t\u00e9 didacticien de l\u2019Institut C. G. Jung de Chicago, il est en 2023 didacticien et superviseur \u00e0 l\u2019ISAP, institut de formation bas\u00e9 \u00e0 Z\u00fcrich. Il est l\u2019auteur de plusieurs ouvrages et articles dans lesquels il a d\u00e9velopp\u00e9 une pens\u00e9e personnelle post-jungienne.<\/p>\n","protected":false},"excerpt":{"rendered":"<p>L&rsquo;analyste jungien Murray Stein pr\u00e9sente une vision compl\u00e8te de la psych\u00e9 masculine et de la masculinit\u00e9. Il explore, de l&rsquo;enfance \u00e0 la vieillesse, les cinq \u00e9tapes de croissance psychique et spirituelle des hommes. \u00c9ditions Le Martin-P\u00eacheur Domaine jungien L&rsquo;auteur aborde \u00e9galement l&rsquo;amiti\u00e9 entre hommes et expose une conception personnelle de la paternit\u00e9. Il explore les [&hellip;]<\/p>\n","protected":false},"author":1,"featured_media":0,"parent":9713,"menu_order":13,"comment_status":"closed","ping_status":"closed","template":"","meta":{"footnotes":""},"class_list":["post-21625","page","type-page","status-publish","hentry"],"_links":{"self":[{"href":"https:\/\/www.cgjung.net\/espace\/wp-json\/wp\/v2\/pages\/21625","targetHints":{"allow":["GET"]}}],"collection":[{"href":"https:\/\/www.cgjung.net\/espace\/wp-json\/wp\/v2\/pages"}],"about":[{"href":"https:\/\/www.cgjung.net\/espace\/wp-json\/wp\/v2\/types\/page"}],"author":[{"embeddable":true,"href":"https:\/\/www.cgjung.net\/espace\/wp-json\/wp\/v2\/users\/1"}],"replies":[{"embeddable":true,"href":"https:\/\/www.cgjung.net\/espace\/wp-json\/wp\/v2\/comments?post=21625"}],"version-history":[{"count":15,"href":"https:\/\/www.cgjung.net\/espace\/wp-json\/wp\/v2\/pages\/21625\/revisions"}],"predecessor-version":[{"id":21907,"href":"https:\/\/www.cgjung.net\/espace\/wp-json\/wp\/v2\/pages\/21625\/revisions\/21907"}],"up":[{"embeddable":true,"href":"https:\/\/www.cgjung.net\/espace\/wp-json\/wp\/v2\/pages\/9713"}],"wp:attachment":[{"href":"https:\/\/www.cgjung.net\/espace\/wp-json\/wp\/v2\/media?parent=21625"}],"curies":[{"name":"wp","href":"https:\/\/api.w.org\/{rel}","templated":true}]}}