{"id":21558,"date":"2023-05-17T07:06:06","date_gmt":"2023-05-17T05:06:06","guid":{"rendered":"https:\/\/www.cgjung.net\/espace\/?page_id=21558"},"modified":"2023-05-17T07:06:06","modified_gmt":"2023-05-17T05:06:06","slug":"psychanalyse-symbolique","status":"publish","type":"page","link":"https:\/\/www.cgjung.net\/espace\/ressources\/psychanalyse-symbolique\/","title":{"rendered":"La psychanalyse symbolique de Jung"},"content":{"rendered":"<p style=\"text-align: justify;\"><strong>Pierre Trigano expose dans cet ouvrage la validit\u00e9 de la psychanalyse symbolique en partageant une collection de ses \u00e9crits portant sur l&rsquo;importance salvatrice du Soi, en r\u00e9sonance avec l&rsquo;exp\u00e9rience clinique.<\/strong><\/p>\n<p><img loading=\"lazy\" decoding=\"async\" class=\"size-full wp-image-21560 aligncenter\" src=\"https:\/\/www.cgjung.net\/espace\/wp-content\/uploads\/2023\/05\/la-psychanalyse-symbolique-de-jung.jpg\" alt=\"\" width=\"218\" height=\"400\" srcset=\"https:\/\/www.cgjung.net\/espace\/wp-content\/uploads\/2023\/05\/la-psychanalyse-symbolique-de-jung.jpg 218w, https:\/\/www.cgjung.net\/espace\/wp-content\/uploads\/2023\/05\/la-psychanalyse-symbolique-de-jung-164x300.jpg 164w\" sizes=\"auto, (max-width: 218px) 100vw, 218px\" \/><\/p>\n<p style=\"text-align: center;\"><a href=\"https:\/\/www.reel-editions.com\/livre.php?id=45\" target=\"_blank\" rel=\"noopener\">R\u00e9el \u00e9ditions<\/a> \u2013 12 x 22 x 1,1 cm \u2013 150 pages<\/p>\n<h2 style=\"text-align: justify;\">Qu&rsquo;est ce que la psychanalyse symbolique ?<\/h2>\n<p style=\"text-align: justify;\">L&rsquo;auteur indique que \u00ab\u00a0La psychanalyse symbolique prend au s\u00e9rieux la centralit\u00e9 positive du Soi d\u00e9couverte par Jung au c\u0153ur de la psych\u00e9. C&rsquo;est une psychanalyse dont le v\u00e9hicule essentiel est le r\u00eave et la dimension symbolique de l&rsquo;existence : psychanalyse dans le symbole et par le symbole.\u00a0\u00bb p. 10)<\/p>\n<p style=\"text-align: justify;\">A propos du r\u00f4le de l&rsquo;analyste Pierre Trigano pr\u00e9cise : \u00ab\u00a0l&rsquo;analyste accompagnant n&rsquo;est que le psychanalyste \u00ab symbolique \u00bb. Il a une fonction d&rsquo;interpr\u00e8te form\u00e9 pour \u00eatre le facilitateur de la relation au Soi. En fait, le v\u00e9ritable&nbsp; accompagnement vient de l&rsquo;int\u00e9rieur, du Soi, et du fait de sa dimension transcendante, il est d&rsquo;essence symbolique et spirituelle.<\/p>\n<p style=\"text-align: justify;\">Le praticien de cette voie est l\u00e0 pour se faire le r\u00e9v\u00e9lateur de cet accompagnement int\u00e9rieur \u00e9minemment th\u00e9rapeutique. L&rsquo;enjeu de la psychanalyse symbolique est de permettre \u00e0 l&rsquo;analysant d&rsquo;ouvrir progressivement en lui et en rapport avec tous les \u00e9v\u00e9nements de sa vie, une relation int\u00e9rieure personnelle et diff\u00e9renci\u00e9e avec le Soi, une relation v\u00e9cue exp\u00e9rimentalement qui puisse, apr\u00e8s la fin de son analyse, l&rsquo;accompagner ensuite tout au long de son existence.\u00a0\u00bb (p. 10-11)<\/p>\n<h2>L&rsquo;importance du r\u00eave<\/h2>\n<p style=\"text-align: justify;\">\u00ab\u00a0Jung insiste pour que l&rsquo;on reconnaisse le r\u00eave comme un mat\u00e9riau objectif, structur\u00e9 comme un tout coh\u00e9rent, dans lequel chaque d\u00e9tail, chaque symbole est essentiel.<\/p>\n<p style=\"text-align: justify;\">[&#8230;] L&rsquo;analyse d&rsquo;un r\u00eave demande une asc\u00e8se du moi, tant celui du r\u00eaveur que celui de l&rsquo;analyste, car il est tellement facile, h\u00e9las, de balancer n&rsquo;importe quoi sur un r\u00eave \u00e0 partir de la toute-puissance mentale du moi. L&rsquo;asc\u00e8se en question est encore plus essentielle pour le moi de l&rsquo;analyste, car celui-ci est toujours devant son patient en danger d&rsquo;inflation du fait qu&rsquo;il est aur\u00e9ol\u00e9 par celui-ci du pouvoir du sp\u00e9cialiste et mis \u00e0 la place du Soi. Il suffit qu&rsquo;il ait un peu de bagout pour faire gober au r\u00eaveur n&rsquo;importe quoi sur son r\u00eave qui ne tienne aucun compte du mat\u00e9riau objectif de celui-ci.<\/p>\n<p style=\"text-align: justify;\">Sur la base de cette asc\u00e8se, un chemin tr\u00e8s pertinent d&rsquo;initiation int\u00e9rieure se dessine ainsi, sous la direction du Soi, de r\u00eave travaill\u00e9 en r\u00eave travaill\u00e9, auquel le r\u00eaveur comme l&rsquo;analyste s&rsquo;abandonnent. C&rsquo;est un chemin de cr\u00e9ation continue de conscience qui impacte aussi bien l&rsquo;analyste que le r\u00eaveur. Les deux sont engag\u00e9s dans une alchimie subtile qui, pour se d\u00e9rouler, a besoin que l&rsquo;on se soumette au rythme non-violent d&rsquo;une lente infusion, je l&rsquo;ai dit, de r\u00eave travaill\u00e9 en r\u00eave travaill\u00e9.\u00a0\u00bb (p. 22)<\/p>\n<h2 style=\"text-align: justify;\">Le sourire du Soi<\/h2>\n<p style=\"text-align: justify;\">\u00ab\u00a0Une psychanalyse qui restitue avec fid\u00e9lit\u00e9 le sourire du Soi, la communaut\u00e9 int\u00e9rieure des visages. Qui red\u00e9couvre, gr\u00e2ce \u00e0 Jung, que, du c\u0153ur de&nbsp; l&rsquo;inconscient, rayonne l&rsquo;amour de l&rsquo;unique, et que se laisser accompagner par lui&nbsp; nous aide \u00e0 ressusciter de nos souffrances. C&rsquo;est cette voie que nous appelons \u00abpsychanalyse symbolique\u00bb.\u00a0\u00bb (p. 19)<\/p>\n<p style=\"text-align: justify;\">\u00ab\u00a0En recherchant sa r\u00e9alisation sous la forme individu\u00e9e du mandala vivant de la psych\u00e9, le Soi travaille en v\u00e9rit\u00e9 sans cesse, de l&rsquo;int\u00e9rieur des individus \u00e0 leur diff\u00e9renciation incessante, \u00e0 la refondation toujours en chantier du sens de leur vie, et ainsi \u00e0 la transformation de l&rsquo;humanit\u00e9 au travers de la succession des g\u00e9n\u00e9rations.\u00a0\u00bb (p. 41)<\/p>\n<h2 style=\"text-align: justify;\">La psychanalyse symbolique est une voie spirituelle<\/h2>\n<p style=\"text-align: justify;\">\u00ab\u00a0&#8230; int\u00e9grons que la psychanalyse symbolique qui op\u00e8re un retour \u00e0 Jung est une voie de psychanalyse spirituelle, mais elle n&rsquo;est pas pour autant spiritualiste et ne s&rsquo;affilie \u00e0 aucune religion ni \u00e0 aucune philosophie d\u00e9termin\u00e9es qui, par l\u00e0-m\u00eame, s&rsquo;opposeraient \u00e0 leur contraire. Elle est disponible sans a priori au grand \u0153uvre qui se vit de l&rsquo;int\u00e9rieur de l&rsquo;individu pour r\u00e9aliser sa vie en mandala vivant.\u00a0\u00bb (p. 47)<\/p>\n<p style=\"text-align: justify;\">\u00ab\u00a0On peut dire que le projet de notre naissance authentique est toujours devant nous tant que nous ne nous mettons pas en qu\u00eate de ces b\u00e9n\u00e9dictions cach\u00e9es au fond de nous comme le tr\u00e9sor de notre \u00e2me.\u00a0\u00bb (p. 108)<\/p>\n<p style=\"text-align: justify;\">\u00ab\u00a0La pens\u00e9e symbolique se d\u00e9prend ainsi du d\u00e9sir d&rsquo;appr\u00e9hender le symbole, de le poss\u00e9der comme un objet ; au contraire, elle l&rsquo;accueille v\u00e9ritablement comme un sujet vivant, un \u00e9tranger qui est porteur de significations diff\u00e9rentes et donc d&rsquo;\u00e9nergies nouvelles, pour celui qui lui accorde l&rsquo;hospitalit\u00e9 dans sa maison.\u00a0\u00bb (p. 116)<\/p>\n<h2>Table des mati\u00e8res<\/h2>\n<p>Avant-propos<\/p>\n<p>1 : L&rsquo;unique habite au c\u0153ur de la psych\u00e9 humaine<\/p>\n<p>2 : La sagesse naturelle des r\u00eaves<\/p>\n<p>3 : Le mandata vivant de la psych\u00e9 humaine<\/p>\n<p>4: Les chantiers de l&rsquo;inconscient collectif<\/p>\n<p>5 : Le r\u00e9el est synchronicit\u00e9<\/p>\n<p>6 : Le Yi King, un g\u00e9n\u00e9rateur de synchronicit\u00e9s<\/p>\n<p>7 : L&rsquo;arbre de la connaissance du bonheur et du malheur<\/p>\n<p>8 : La naissance comme sortie d&rsquo;Egypte<\/p>\n<p>9 : Invitation \u00e0 la Psychanalyse Symbolique<\/p>\n<p>Conclusion<\/p>\n<h2>Pierre Trigano<\/h2>\n<p><a href=\"https:\/\/www.cgjung.net\/publications\/psychanalyser-jung.htm#trigano\">Voir la pr\u00e9sentation de Pierre Trigano et des ouvrages pr\u00e9sent\u00e9s sur ce site<\/a>.<\/p>\n","protected":false},"excerpt":{"rendered":"<p>Pierre Trigano expose dans cet ouvrage la validit\u00e9 de la psychanalyse symbolique en partageant une collection de ses \u00e9crits portant sur l&rsquo;importance salvatrice du Soi, en r\u00e9sonance avec l&rsquo;exp\u00e9rience clinique. R\u00e9el \u00e9ditions \u2013 12 x 22 x 1,1 cm \u2013 150 pages Qu&rsquo;est ce que la psychanalyse symbolique ? L&rsquo;auteur indique que \u00ab\u00a0La psychanalyse symbolique [&hellip;]<\/p>\n","protected":false},"author":1,"featured_media":0,"parent":9713,"menu_order":13,"comment_status":"closed","ping_status":"closed","template":"","meta":{"footnotes":""},"class_list":["post-21558","page","type-page","status-publish","hentry"],"_links":{"self":[{"href":"https:\/\/www.cgjung.net\/espace\/wp-json\/wp\/v2\/pages\/21558","targetHints":{"allow":["GET"]}}],"collection":[{"href":"https:\/\/www.cgjung.net\/espace\/wp-json\/wp\/v2\/pages"}],"about":[{"href":"https:\/\/www.cgjung.net\/espace\/wp-json\/wp\/v2\/types\/page"}],"author":[{"embeddable":true,"href":"https:\/\/www.cgjung.net\/espace\/wp-json\/wp\/v2\/users\/1"}],"replies":[{"embeddable":true,"href":"https:\/\/www.cgjung.net\/espace\/wp-json\/wp\/v2\/comments?post=21558"}],"version-history":[{"count":11,"href":"https:\/\/www.cgjung.net\/espace\/wp-json\/wp\/v2\/pages\/21558\/revisions"}],"predecessor-version":[{"id":21593,"href":"https:\/\/www.cgjung.net\/espace\/wp-json\/wp\/v2\/pages\/21558\/revisions\/21593"}],"up":[{"embeddable":true,"href":"https:\/\/www.cgjung.net\/espace\/wp-json\/wp\/v2\/pages\/9713"}],"wp:attachment":[{"href":"https:\/\/www.cgjung.net\/espace\/wp-json\/wp\/v2\/media?parent=21558"}],"curies":[{"name":"wp","href":"https:\/\/api.w.org\/{rel}","templated":true}]}}