{"id":21540,"date":"2023-05-07T19:02:32","date_gmt":"2023-05-07T17:02:32","guid":{"rendered":"https:\/\/www.cgjung.net\/espace\/?page_id=21540"},"modified":"2023-05-10T11:27:46","modified_gmt":"2023-05-10T09:27:46","slug":"jprobert","status":"publish","type":"page","link":"https:\/\/www.cgjung.net\/espace\/accueil\/jprobert\/","title":{"rendered":"Jean-Pierre Robert"},"content":{"rendered":"<p><a href=\"https:\/\/www.cgjung.net\/contact.htm\"><strong>Adresser un message \u00e0 Jean-Pierre Robert<\/strong><\/a><\/p>\n<p>&nbsp;<\/p>\n<h2>Jean-Pierre Robert<\/h2>\n<p>Jean-Pierre Robert, fondateur du pr\u00e9sent site, assure la mise en ligne des contenus. Il est le r\u00e9dacteur de plusieurs articles, pr\u00e9sentation d\u2019ouvrages, entretiens et assure la mise en page du site.<\/p>\n<p>Il coanime <a href=\"https:\/\/www.cgjung.net\/espace\/seminaires\/\">des s\u00e9minaires de formation<\/a> avec des membres d&rsquo;Espace Francophone Jungien.<\/p>\n<p><em>Textes publi\u00e9s :<\/em><\/p>\n<ul>\n<li><a href=\"https:\/\/www.cgjung.net\/espace\/accueil\/jprobert\/qui-agit-dans-le-monde-numerique\/\">Qui agit dans le monde num\u00e9rique ?<\/a><\/li>\n<li><a href=\"https:\/\/www.cgjung.net\/espace\/accueil\/jprobert\/influence-des-contenus-numeriques\/\">Pourquoi les contenus num\u00e9riques nous influencent-ils autant ?<\/a><\/li>\n<li><a href=\"https:\/\/www.cgjung.net\/espace\/accueil\/jprobert\/technologie-devient-un-mythe\/\">Quand la technologie devient mythe<\/a><\/li>\n<li><a href=\"https:\/\/www.cgjung.net\/espace\/accueil\/jprobert\/ia-dans-nos-vies\/\">L\u2019intelligence artificielle dans nos vies<\/a> (visioconf\u00e9rence du 14\/01\/2026)<\/li>\n<li><a href=\"https:\/\/www.cgjung.net\/espace\/accueil\/jprobert\/150-ans\/\">150 ans apr\u00e8s la naissance de Jung<\/a><\/li>\n<li><a href=\"https:\/\/www.cgjung.net\/espace\/accueil\/jprobert\/contes-de-fees\/\">Que sont r\u00e9ellement les contes de f\u00e9es ?<\/a><\/li>\n<li><a href=\"https:\/\/www.cgjung.net\/espace\/accueil\/jprobert\/ombre-mal-technologie\/\">L&rsquo;ombre et le mal<\/a> (conf\u00e9rence du 26\/01\/2025)<\/li>\n<li><a href=\"https:\/\/www.cgjung.net\/espace\/accueil\/jprobert\/sabina-spielrein-fascine\/\">Sabina Spielrein fascine !<\/a><\/li>\n<li><a href=\"https:\/\/www.cgjung.net\/espace\/accueil\/jprobert\/intelligence-artificielle\/\">L&rsquo;intelligence artificielle et la psych\u00e9<\/a><\/li>\n<li><a href=\"https:\/\/www.cgjung.net\/espace\/accueil\/jprobert\/humain-ia\/\">Le d\u00e9fi de l&rsquo;Humain face \u00e0 l&rsquo;intelligence artificielle<\/a><\/li>\n<li><a href=\"https:\/\/www.cgjung.net\/espace\/accueil\/psychologie-carl-gustav-jung\/\">La psychologie de Carl Gustav Jung expliqu\u00e9e clairement<\/a><br \/>\navec Ariane Callot<\/li>\n<li><a href=\"https:\/\/www.cgjung.net\/espace\/accueil\/jung-projections\/\">C.G. Jung support id\u00e9al \u00e0 de multiples projections<\/a><\/li>\n<li><a href=\"https:\/\/www.cgjung.net\/espace\/accueil\/carl-gustav-jung-junichiro-tanizaki\/\">Carl Gustav Jung et Junichir\u00f4 Tanizaki font l\u2019\u00e9loge de l\u2019ombre<\/a><br \/>\navec Ariane Callot<\/li>\n<li><a href=\"https:\/\/www.cgjung.net\/espace\/accueil\/persona-reseaux-sociaux\/\">La persona et les r\u00e9seaux sociaux<\/a><\/li>\n<li><a href=\"https:\/\/www.cgjung.net\/espace\/accueil\/bienfaits-introversion\/\">Les bienfaits de l\u2019introversion<\/a><\/li>\n<\/ul>\n\n","protected":false},"excerpt":{"rendered":"","protected":false},"author":1,"featured_media":0,"parent":53,"menu_order":17,"comment_status":"closed","ping_status":"closed","template":"","meta":{"footnotes":""},"class_list":["post-21540","page","type-page","status-publish","hentry"],"_links":{"self":[{"href":"https:\/\/www.cgjung.net\/espace\/wp-json\/wp\/v2\/pages\/21540","targetHints":{"allow":["GET"]}}],"collection":[{"href":"https:\/\/www.cgjung.net\/espace\/wp-json\/wp\/v2\/pages"}],"about":[{"href":"https:\/\/www.cgjung.net\/espace\/wp-json\/wp\/v2\/types\/page"}],"author":[{"embeddable":true,"href":"https:\/\/www.cgjung.net\/espace\/wp-json\/wp\/v2\/users\/1"}],"replies":[{"embeddable":true,"href":"https:\/\/www.cgjung.net\/espace\/wp-json\/wp\/v2\/comments?post=21540"}],"version-history":[{"count":2,"href":"https:\/\/www.cgjung.net\/espace\/wp-json\/wp\/v2\/pages\/21540\/revisions"}],"predecessor-version":[{"id":21570,"href":"https:\/\/www.cgjung.net\/espace\/wp-json\/wp\/v2\/pages\/21540\/revisions\/21570"}],"up":[{"embeddable":true,"href":"https:\/\/www.cgjung.net\/espace\/wp-json\/wp\/v2\/pages\/53"}],"wp:attachment":[{"href":"https:\/\/www.cgjung.net\/espace\/wp-json\/wp\/v2\/media?parent=21540"}],"curies":[{"name":"wp","href":"https:\/\/api.w.org\/{rel}","templated":true}]}}