{"id":21539,"date":"2023-05-07T19:03:14","date_gmt":"2023-05-07T17:03:14","guid":{"rendered":"https:\/\/www.cgjung.net\/espace\/?page_id=21539"},"modified":"2025-01-29T14:57:05","modified_gmt":"2025-01-29T13:57:05","slug":"intelligence-artificielle","status":"publish","type":"page","link":"https:\/\/www.cgjung.net\/espace\/accueil\/jprobert\/intelligence-artificielle\/","title":{"rendered":"L&rsquo;intelligence artificielle et la psych\u00e9"},"content":{"rendered":"<p><strong>L\u2019intelligence artificielle (IA) s\u2019immisce lentement mais s\u00fbrement dans nos vies. En concurrence directe avec l\u2019intelligence dite naturelle, elle suscite de nombreuses interrogations. Comment sera-t-elle per\u00e7ue par notre psych\u00e9 et quels seront les impacts sur nos vies&nbsp;?<\/strong><\/p>\n<p><img loading=\"lazy\" decoding=\"async\" class=\"size-full wp-image-21523 aligncenter\" src=\"https:\/\/www.cgjung.net\/espace\/wp-content\/uploads\/2023\/05\/tour-image.jpg\" alt=\"\" width=\"420\" height=\"384\" srcset=\"https:\/\/www.cgjung.net\/espace\/wp-content\/uploads\/2023\/05\/tour-image.jpg 420w, https:\/\/www.cgjung.net\/espace\/wp-content\/uploads\/2023\/05\/tour-image-300x274.jpg 300w\" sizes=\"auto, (max-width: 420px) 100vw, 420px\" \/><\/p>\n<h2>L\u2019intelligence artificielle montre son vrai visage<\/h2>\n<p>Fin 2022, avec l\u2019arriv\u00e9e du prototype d\u2019agent conversationnel ChatGPT, un cap a \u00e9t\u00e9 franchi. L\u2019intelligence artificielle (IA) montre son vrai visage et donne une id\u00e9e des d\u00e9veloppements \u00e0 venir. Sous-jacente aux r\u00e9ponses fournies par les moteurs de recherche, rythmant nos \u00e9changes au sein des r\u00e9seaux sociaux et pr\u00e9sente dans un grand nombre d\u2019applications, l\u2019IA donne d\u00e8s aujourd\u2019hui un premier aper\u00e7u de l\u2019importance croissante qu\u2019elle prend dans nos vies.<\/p>\n<p>De nombreux acteurs et autorit\u00e9s publiques per\u00e7oivent les bouleversements que l\u2019utilisation de ces syst\u00e8mes va entra\u00eener et se mobilisent pour encadrer leur utilisation et l\u00e9gif\u00e9rer. L\u2019\u00e9volution de l\u2019IA &nbsp;est in\u00e9luctable et l\u2019humain, une fois de plus, devra s\u2019adapter et composer avec elle.<\/p>\n<p>Depuis longtemps, nous acceptons que des \u00ab machines \u00bb nous transportent \u00e0 grande vitesse et que de nombreux \u00e9quipements&nbsp;facilitent notre quotidien, et nous ne souhaitons pas revenir en arri\u00e8re. Aujourd\u2019hui, nous sommes confront\u00e9s \u00e0 d\u2019immenses r\u00e9seaux d\u2019ordinateurs capables de cr\u00e9er des images, des textes ou des vid\u00e9os. Ils imitent la r\u00e9alit\u00e9 et concurrencent directement les multiples t\u00e2ches r\u00e9alis\u00e9es par des humains. Ces t\u00e2ches sont chronophages et n\u00e9cessitent de longs apprentissages.&nbsp;Peu \u00e0 peu, le monde virtuel prend le dessus sur le monde r\u00e9el.<\/p>\n<h2>Le transhumanisme<\/h2>\n<p>Ces \u00e9volutions s\u2019inscrivent directement dans le courant connu sous le nom de transhumanisme qui est selon Wikipedia :<\/p>\n<blockquote>\n<p>\u00ab Un mouvement culturel et intellectuel international pr\u00f4nant l&rsquo;usage des sciences et des techniques afin d&rsquo;am\u00e9liorer la condition humaine notamment par l&rsquo;augmentation des capacit\u00e9s physiques et mentales des \u00eatres humains. \u00bb<\/p>\n<\/blockquote>\n<p>Nous y sommes&nbsp;! A ce stade il est pr\u00e9matur\u00e9 de mesurer les nombreux impacts et bouleversements que l\u2019IA va entra\u00eener. Cependant, il est important de garder les yeux ouverts face \u00e0 cette r\u00e9alit\u00e9 mena\u00e7ante o\u00f9 la cr\u00e9ature, qui a \u00e9chapp\u00e9 depuis longtemps \u00e0 son cr\u00e9ateur, bouleverse la cha\u00eene du vivant et risque fort de la mettre en p\u00e9ril.<\/p>\n<p>Les laboratoires de recherche, \u00e0 l\u2019origine de ces d\u00e9couvertes et de leurs applications, sont dirig\u00e9s par des personnes aux ego surdimensionn\u00e9s, largement inconscientes car soumises \u00e0 la toute-puissance des arch\u00e9types. Elles sont accompagn\u00e9es d\u2019une arm\u00e9e de chercheurs tout aussi inconscients, b\u00e9n\u00e9ficiant de sommes consid\u00e9rables pour mener \u00e0 bien leurs travaux.<\/p>\n<h2><strong>Les couches les plus profondes de la psych\u00e9 sont inaccessibles<\/strong><\/h2>\n<p>Les chercheurs essaient de copier la nature et en particulier le fonctionnement de la psych\u00e9. Ils se focalisent autour des processus les plus \u00e9vidents, visibles et proches de la conscience, qui sont l&rsquo;objet des neurosciences. Une grande majorit\u00e9 d&rsquo;entre eux ignorent que les couches les plus \u00e9loign\u00e9es, sous-jacentes \u00e0 la conscience, restent&nbsp; inaccessibles et continuent d\u2019agir dans l\u2019ombre de nos existences \u00e9ph\u00e9m\u00e8res.<\/p>\n<p>Comme toute d\u00e9couverte, l\u2019IA a des aspects positifs et n\u00e9gatifs. Ses promoteurs soulignent \u00e0 l\u2019envi les bienfaits pour l\u2019humanit\u00e9 de cette \u00e9volution. Cette tension entre deux mondes est perceptible, les oppos\u00e9s se renforcent, avec les risques inh\u00e9rents d\u2019explosions ou d\u2019implosions. Dans tous les domaines les tensions sont exacerb\u00e9es et la nature \u00ab se rebiffe \u00bb entrainant des cons\u00e9quences qui mettent en danger l\u2019humanit\u00e9.<\/p>\n<h2>Une \u00e9volution qui avance masqu\u00e9e<\/h2>\n<p>Cette rapide \u00e9volution avance masqu\u00e9e, sous couvert des meilleures intentions. Embusqu\u00e9e dans nos t\u00e9l\u00e9phones, nos assistants et de nombreux services automatis\u00e9s, elle est quasi invisible. M\u00eame si nous fuyons ce type d\u2019\u00e9quipement, elle nous poursuit par le biais des mat\u00e9riels qui nous entourent et qui nous \u00e9coutent, pr\u00eats \u00e0 intervenir \u00e0 la moindre sollicitation.<\/p>\n<p>Au Japon et dans d\u2019autres pays les robots sont progressivement introduits dans les maisons de retraite et sont devenus familiers de leurs r\u00e9sidents. Les actualit\u00e9s regorgent de situations o\u00f9 la personne s\u2019attache \u00e0 ces \u00e9quipements, les percevant comme des proches. Ces substituts sont capables d\u2019empathie, ne s\u2019\u00e9nervent jamais et sont toujours disponibles, contrairement aux humains. Ils peuvent \u00e9galement s\u2019av\u00e9rer t\u00eatus et intransigeants car ils sont programm\u00e9s pour nous servir ou nous asservir.<\/p>\n<h2>Plus personne ne contr\u00f4le la situation<\/h2>\n<p>Les nouveaux algorithmes dits \u00ab apprenants \u00bb sont largement autonomes et d\u00e9pendent de la base d\u2019apprentissage qui leur a \u00e9t\u00e9 fournie. Ils ne cessent d\u2019\u00e9voluer, de s\u2019auto-enseigner et d\u2019acqu\u00e9rir de nouvelles comp\u00e9tences, ce qui engendre des propri\u00e9t\u00e9s \u00e9mergentes. De l\u00e0 en d\u00e9coulent des productions hybrides o\u00f9 se m\u00e9langent le vrai et le faux.<\/p>\n<p>Les algorithmes sous-jacents \u00e0 ces programmes d\u2019IA interagissent entre eux. Leurs concepteurs, contraints d\u2019abandonner leur poste sous le coup de vagues de licenciements \u00e0 effet imm\u00e9diat, ou quittant volontairement leur emploi, abandonnent leur cr\u00e9ation. De fait, plus personne ne contr\u00f4le la situation.<\/p>\n<h2>Comment la psych\u00e9 r\u00e9agira-t-elle&nbsp;face \u00e0 l\u2019IA ?<\/h2>\n<p>Il est pr\u00e9matur\u00e9 de r\u00e9pondre \u00e0 cette question. Probablement que les impacts seront nombreux et transformeront durablement la relation de l\u2019humain \u00e0 son environnement.&nbsp; En r\u00e9ponse, c\u2019est la psych\u00e9 elle-m\u00eame qui au fil du temps, \u00e0 partir de nos r\u00eaves, nos imaginations, r\u00e9agira et se positionnera.<\/p>\n<p>Elle le fait depuis la nuit des temps et les jungiens peuvent en t\u00e9moigner. Il suffit d\u2019observer la capacit\u00e9 du psychisme \u00e0 produire du sens, \u00e0 nous fournir les \u00e9l\u00e9ments n\u00e9cessaires pour contrebalancer une situation devenue unilat\u00e9rale et\/ou scl\u00e9ros\u00e9e. Telle une boussole, la psych\u00e9 nous accompagne et propose d\u2019agrandir le champ de notre conscience.<\/p>\n<p>L\u00e0 o\u00f9 l\u2019IA nous am\u00e8ne des \u00e9l\u00e9ments ext\u00e9rieurs avec l\u2019imm\u00e9diatet\u00e9 qui la caract\u00e9rise, le psychisme puise dans nos ressources int\u00e9rieures multi-s\u00e9culaires et prend le temps pour alli\u00e9.<\/p>\n<p>Observer les trajets de vie des humains sur une longue p\u00e9riode, en particulier lorsqu\u2019ils sont \u00e0 l\u2019\u00e9coute de leur monde int\u00e9rieur, montre \u00e0 l\u2019\u00e9vidence qu\u2019aucune IA ne pourra rivaliser avec la puissance de la psych\u00e9 !<\/p>\n<p>Ne soyons pas pessimistes, bien utilis\u00e9e, l\u2019IA pourra nous \u00eatre utile dans de nombreux domaines.<\/p>\n<p><em>Note&nbsp;: l\u2019illustration ci-dessus a \u00e9t\u00e9 g\u00e9n\u00e9r\u00e9e par une IA. Elle repr\u00e9sente une tour au pied d&rsquo;une colline avec un lac au premier plan, \u00e0 partir des mots-cl\u00e9s fournis.<\/em><\/p>\n<p style=\"text-align: right;\">Mai 2023<\/p>\n<p style=\"text-align: left;\"><p><a href=\"https:\/\/www.cgjung.net\/contact.htm\"><strong>Adresser un message \u00e0 Jean-Pierre Robert<\/strong><\/a><\/p>\n<p>&nbsp;<\/p>\n<h2>Jean-Pierre Robert<\/h2>\n<p>Jean-Pierre Robert, fondateur du pr\u00e9sent site, assure la mise en ligne des contenus. Il est le r\u00e9dacteur de plusieurs articles, pr\u00e9sentation d\u2019ouvrages, entretiens et assure la mise en page du site.<\/p>\n<p>Il coanime <a href=\"https:\/\/www.cgjung.net\/espace\/seminaires\/\">des s\u00e9minaires de formation<\/a> avec des membres d&rsquo;Espace Francophone Jungien.<\/p>\n<p><em>Textes publi\u00e9s :<\/em><\/p>\n<ul>\n<li><a href=\"https:\/\/www.cgjung.net\/espace\/accueil\/jprobert\/qui-agit-dans-le-monde-numerique\/\">Qui agit dans le monde num\u00e9rique ?<\/a><\/li>\n<li><a href=\"https:\/\/www.cgjung.net\/espace\/accueil\/jprobert\/influence-des-contenus-numeriques\/\">Pourquoi les contenus num\u00e9riques nous influencent-ils autant ?<\/a><\/li>\n<li><a href=\"https:\/\/www.cgjung.net\/espace\/accueil\/jprobert\/technologie-devient-un-mythe\/\">Quand la technologie devient mythe<\/a><\/li>\n<li><a href=\"https:\/\/www.cgjung.net\/espace\/accueil\/jprobert\/ia-dans-nos-vies\/\">L\u2019intelligence artificielle dans nos vies<\/a> (visioconf\u00e9rence du 14\/01\/2026)<\/li>\n<li><a href=\"https:\/\/www.cgjung.net\/espace\/accueil\/jprobert\/150-ans\/\">150 ans apr\u00e8s la naissance de Jung<\/a><\/li>\n<li><a href=\"https:\/\/www.cgjung.net\/espace\/accueil\/jprobert\/contes-de-fees\/\">Que sont r\u00e9ellement les contes de f\u00e9es ?<\/a><\/li>\n<li><a href=\"https:\/\/www.cgjung.net\/espace\/accueil\/jprobert\/ombre-mal-technologie\/\">L&rsquo;ombre et le mal<\/a> (conf\u00e9rence du 26\/01\/2025)<\/li>\n<li><a href=\"https:\/\/www.cgjung.net\/espace\/accueil\/jprobert\/sabina-spielrein-fascine\/\">Sabina Spielrein fascine !<\/a><\/li>\n<li><a href=\"https:\/\/www.cgjung.net\/espace\/accueil\/jprobert\/intelligence-artificielle\/\">L&rsquo;intelligence artificielle et la psych\u00e9<\/a><\/li>\n<li><a href=\"https:\/\/www.cgjung.net\/espace\/accueil\/jprobert\/humain-ia\/\">Le d\u00e9fi de l&rsquo;Humain face \u00e0 l&rsquo;intelligence artificielle<\/a><\/li>\n<li><a href=\"https:\/\/www.cgjung.net\/espace\/accueil\/psychologie-carl-gustav-jung\/\">La psychologie de Carl Gustav Jung expliqu\u00e9e clairement<\/a><br \/>\navec Ariane Callot<\/li>\n<li><a href=\"https:\/\/www.cgjung.net\/espace\/accueil\/jung-projections\/\">C.G. Jung support id\u00e9al \u00e0 de multiples projections<\/a><\/li>\n<li><a href=\"https:\/\/www.cgjung.net\/espace\/accueil\/carl-gustav-jung-junichiro-tanizaki\/\">Carl Gustav Jung et Junichir\u00f4 Tanizaki font l\u2019\u00e9loge de l\u2019ombre<\/a><br \/>\navec Ariane Callot<\/li>\n<li><a href=\"https:\/\/www.cgjung.net\/espace\/accueil\/persona-reseaux-sociaux\/\">La persona et les r\u00e9seaux sociaux<\/a><\/li>\n<li><a href=\"https:\/\/www.cgjung.net\/espace\/accueil\/bienfaits-introversion\/\">Les bienfaits de l\u2019introversion<\/a><\/li>\n<\/ul>\n\n","protected":false},"excerpt":{"rendered":"<p>L\u2019intelligence artificielle (IA) s\u2019immisce lentement mais s\u00fbrement dans nos vies. En concurrence directe avec l\u2019intelligence dite naturelle, elle suscite de nombreuses interrogations. Comment sera-t-elle per\u00e7ue par notre psych\u00e9 et quels seront les impacts sur nos vies&nbsp;? L\u2019intelligence artificielle montre son vrai visage Fin 2022, avec l\u2019arriv\u00e9e du prototype d\u2019agent conversationnel ChatGPT, un cap a \u00e9t\u00e9 [&hellip;]<\/p>\n","protected":false},"author":1,"featured_media":0,"parent":21540,"menu_order":7,"comment_status":"closed","ping_status":"closed","template":"","meta":{"footnotes":""},"class_list":["post-21539","page","type-page","status-publish","hentry"],"_links":{"self":[{"href":"https:\/\/www.cgjung.net\/espace\/wp-json\/wp\/v2\/pages\/21539","targetHints":{"allow":["GET"]}}],"collection":[{"href":"https:\/\/www.cgjung.net\/espace\/wp-json\/wp\/v2\/pages"}],"about":[{"href":"https:\/\/www.cgjung.net\/espace\/wp-json\/wp\/v2\/types\/page"}],"author":[{"embeddable":true,"href":"https:\/\/www.cgjung.net\/espace\/wp-json\/wp\/v2\/users\/1"}],"replies":[{"embeddable":true,"href":"https:\/\/www.cgjung.net\/espace\/wp-json\/wp\/v2\/comments?post=21539"}],"version-history":[{"count":9,"href":"https:\/\/www.cgjung.net\/espace\/wp-json\/wp\/v2\/pages\/21539\/revisions"}],"predecessor-version":[{"id":28349,"href":"https:\/\/www.cgjung.net\/espace\/wp-json\/wp\/v2\/pages\/21539\/revisions\/28349"}],"up":[{"embeddable":true,"href":"https:\/\/www.cgjung.net\/espace\/wp-json\/wp\/v2\/pages\/21540"}],"wp:attachment":[{"href":"https:\/\/www.cgjung.net\/espace\/wp-json\/wp\/v2\/media?parent=21539"}],"curies":[{"name":"wp","href":"https:\/\/api.w.org\/{rel}","templated":true}]}}