{"id":21272,"date":"2023-03-31T17:29:49","date_gmt":"2023-03-31T15:29:49","guid":{"rendered":"https:\/\/www.cgjung.net\/espace\/?page_id=21272"},"modified":"2023-04-02T09:33:48","modified_gmt":"2023-04-02T07:33:48","slug":"un-enfant-voit-un-film","status":"publish","type":"page","link":"https:\/\/www.cgjung.net\/espace\/ressources\/un-enfant-voit-un-film\/","title":{"rendered":"Un enfant voit un film &#8211; Aim\u00e9 Agnel"},"content":{"rendered":"<p><strong><em style=\"font-weight: bold;\">Un enfant&nbsp;<\/em>n&rsquo;est pas un enfant anonyme mais l&rsquo;\u00e9tat d&rsquo;enfance, la condition d&rsquo;enfant d\u00e9sign\u00e9e comme sujet. \u00c0 partir de nombreux exemples de films, Aim\u00e9 Agnel, psychanalyste jungien et cin\u00e9phile averti, \u00e9voque avec justesse la perception des images par l&rsquo;enfant.<\/strong><\/p>\n<p><img loading=\"lazy\" decoding=\"async\" class=\"size-full wp-image-21270 aligncenter\" src=\"https:\/\/www.cgjung.net\/espace\/wp-content\/uploads\/2023\/03\/un-enfant-voit-un-film.png\" alt=\"\" width=\"442\" height=\"513\" data-wp-editing=\"1\" srcset=\"https:\/\/www.cgjung.net\/espace\/wp-content\/uploads\/2023\/03\/un-enfant-voit-un-film.png 442w, https:\/\/www.cgjung.net\/espace\/wp-content\/uploads\/2023\/03\/un-enfant-voit-un-film-258x300.png 258w\" sizes=\"auto, (max-width: 442px) 100vw, 442px\" \/><\/p>\n<p style=\"text-align: center;\">Les \u00e9ditions de l&rsquo;\u0153il<\/p>\n<p>Il ne s\u2019agit pas de r\u00e9cit de \u00ab souvenirs \u00bb de cin\u00e9ma, mais de l\u2019exp\u00e9rience vivante du film tel qu\u2019il est re\u00e7u par l\u2019enfant, dans un temps o\u00f9 le cin\u00e9ma est encore un art jeune, un art \u00ab surgissant \u00bb.<\/p>\n<p>Il ne s\u2019agit pas plus, dans ces textes, de \u00ab raconter \u00bb le film, mais de le d\u00e9crire tel que le d\u00e9couvre l\u2019enfant et ce qu\u2019il fait vivre en lui : les \u00e9motions, si profondes que l\u2019adulte revoyant le film les \u00e9prouve, \u00e9tonnamment identiques, aux m\u00eames moments.<\/p>\n<p>Car l\u2019adulte qui \u00e9crit ici ne surplombe pas l\u2019enfant.<\/p>\n<p><img loading=\"lazy\" decoding=\"async\" class=\"size-full wp-image-21271 aligncenter\" src=\"https:\/\/www.cgjung.net\/espace\/wp-content\/uploads\/2023\/03\/un-enfant-voit-un-film-2.png\" alt=\"\" width=\"375\" height=\"374\" srcset=\"https:\/\/www.cgjung.net\/espace\/wp-content\/uploads\/2023\/03\/un-enfant-voit-un-film-2.png 375w, https:\/\/www.cgjung.net\/espace\/wp-content\/uploads\/2023\/03\/un-enfant-voit-un-film-2-300x300.png 300w, https:\/\/www.cgjung.net\/espace\/wp-content\/uploads\/2023\/03\/un-enfant-voit-un-film-2-150x150.png 150w\" sizes=\"auto, (max-width: 375px) 100vw, 375px\" \/><\/p>\n<h2>Table des mati\u00e8res<\/h2>\n<p>Premi\u00e8res images<\/p>\n<p>Un cin\u00e9ma de quartier<\/p>\n<p style=\"padding-left: 40px;\">Le Chien des Basquerville<br \/>\nLe P\u00e8re tranquille<\/p>\n<p>Enfance<\/p>\n<p style=\"padding-left: 40px;\">Capitaines courageux<br \/>\nL&rsquo;Extravagant Mr. Ruggles<br \/>\nLes Disparus de Saint-Agil<br \/>\nLe Voleur de bicyclette<\/p>\n<p>Amour<\/p>\n<p style=\"padding-left: 40px;\">Goodbye, Mr. Chips<br \/>\nMorocco<br \/>\nSylvie et le fant\u00f4me<\/p>\n<p>Musique<\/p>\n<p style=\"padding-left: 40px;\">Les Verts P\u00e2turages<br \/>\nUn grand amour de Beethoven<\/p>\n<p>Aventure<\/p>\n<p style=\"padding-left: 40px;\">Les Aventures de Robin des Bois<br \/>\nLa Chevauch\u00e9e fantastique<br \/>\nLe Sergent York<br \/>\nLe Signe de Zorro<br \/>\nTarzan, l&rsquo;homme singe<\/p>\n<p>Un nouveau cin\u00e9ma<\/p>\n<p style=\"padding-left: 40px;\">Jour de f\u00eate<\/p>\n<p>Postface de&nbsp;Christiane Veschambre<\/p>\n<p>Index des noms, des films et des l\u00e9gendes<\/p>\n<p><strong>R\u00e9f\u00e9rence de l\u2019ouvrage<\/strong> : Les \u00e9ditions de l&rsquo;\u0153il \u2013 Parution novembre 2022 \u2013 ISBN 978-2-35137-333-0 \u2013 16,5 x 24 x 0,9 cm \u2013 96 pages.<\/p>\n<h2>Aim\u00e9 Agnel<\/h2>\n<p>Aim\u00e9 Agnel est psychanalyste jungien, ancien pr\u00e9sident de la Soci\u00e9t\u00e9 fran\u00e7aise de psychologie analytique.<\/p>\n<p>Ouvrages pr\u00e9sent\u00e9s sur ce site : <a href=\"https:\/\/www.cgjung.net\/publications\/le-moi-les-soi-les-reves.htm\">Le moi, le Soi, les r\u00eaves<\/a> et <a href=\"https:\/\/www.cgjung.net\/publications\/dictionnaire-jung.htm\">Dictionnaire Jung<\/a>.<\/p>\n","protected":false},"excerpt":{"rendered":"<p>Un enfant&nbsp;n&rsquo;est pas un enfant anonyme mais l&rsquo;\u00e9tat d&rsquo;enfance, la condition d&rsquo;enfant d\u00e9sign\u00e9e comme sujet. \u00c0 partir de nombreux exemples de films, Aim\u00e9 Agnel, psychanalyste jungien et cin\u00e9phile averti, \u00e9voque avec justesse la perception des images par l&rsquo;enfant. Les \u00e9ditions de l&rsquo;\u0153il Il ne s\u2019agit pas de r\u00e9cit de \u00ab souvenirs \u00bb de cin\u00e9ma, mais [&hellip;]<\/p>\n","protected":false},"author":1,"featured_media":0,"parent":9713,"menu_order":13,"comment_status":"closed","ping_status":"closed","template":"","meta":{"footnotes":""},"class_list":["post-21272","page","type-page","status-publish","hentry"],"_links":{"self":[{"href":"https:\/\/www.cgjung.net\/espace\/wp-json\/wp\/v2\/pages\/21272","targetHints":{"allow":["GET"]}}],"collection":[{"href":"https:\/\/www.cgjung.net\/espace\/wp-json\/wp\/v2\/pages"}],"about":[{"href":"https:\/\/www.cgjung.net\/espace\/wp-json\/wp\/v2\/types\/page"}],"author":[{"embeddable":true,"href":"https:\/\/www.cgjung.net\/espace\/wp-json\/wp\/v2\/users\/1"}],"replies":[{"embeddable":true,"href":"https:\/\/www.cgjung.net\/espace\/wp-json\/wp\/v2\/comments?post=21272"}],"version-history":[{"count":12,"href":"https:\/\/www.cgjung.net\/espace\/wp-json\/wp\/v2\/pages\/21272\/revisions"}],"predecessor-version":[{"id":21298,"href":"https:\/\/www.cgjung.net\/espace\/wp-json\/wp\/v2\/pages\/21272\/revisions\/21298"}],"up":[{"embeddable":true,"href":"https:\/\/www.cgjung.net\/espace\/wp-json\/wp\/v2\/pages\/9713"}],"wp:attachment":[{"href":"https:\/\/www.cgjung.net\/espace\/wp-json\/wp\/v2\/media?parent=21272"}],"curies":[{"name":"wp","href":"https:\/\/api.w.org\/{rel}","templated":true}]}}