{"id":21200,"date":"2023-06-01T11:06:11","date_gmt":"2023-06-01T09:06:11","guid":{"rendered":"https:\/\/www.cgjung.net\/espace\/?page_id=21200"},"modified":"2023-06-01T11:06:11","modified_gmt":"2023-06-01T09:06:11","slug":"violence-alchimie","status":"publish","type":"page","link":"https:\/\/www.cgjung.net\/espace\/accueil\/breves-efj\/violence-alchimie\/","title":{"rendered":"Jung et la symbolique de la violence en alchimie"},"content":{"rendered":"<p><strong>Que pensait Jung de la violence que l&rsquo;on trouve dans les textes des anciens alchimistes de la fin du Moyen \u00c2ge ?<br \/>\n<\/strong><\/p>\n<p><img loading=\"lazy\" decoding=\"async\" class=\"size-full wp-image-21660 aligncenter\" src=\"https:\/\/www.cgjung.net\/espace\/wp-content\/uploads\/2023\/05\/breve-4.jpg\" alt=\"\" width=\"600\" height=\"79\" \/><\/p>\n<h2>Les alchimistes et la passion du Christ<\/h2>\n<p style=\"text-align: justify;\">Les alchimistes du Moyen \u00c2ge, dont la symbolique a passionn\u00e9 Jung, se voulaient tr\u00e8s chr\u00e9tiens.<\/p>\n<p style=\"text-align: justify;\">Le Christ s&rsquo;\u00e9tant offert en sacrifice dans de grandes souffrances sa passion devait \u00eatre reproduite en vue de la transmutation de la mati\u00e8re et de l&rsquo;esprit. Jung le montre dans son \u00e9tude sur le c\u00f4t\u00e9 alchimique du sacrifice de la mess<span style=\"font-size: 12pt;\">e.<\/span><\/p>\n<p>L&rsquo;acte r\u00e9dempteur se r\u00e9p\u00e8te sans cesse y compris dans la mati\u00e8re qui subit des \u00ab\u00a0supplices\u00a0\u00bb.<\/p>\n<h2>Les grands tourments dans la litt\u00e9rature alchimique<\/h2>\n<p style=\"text-align: justify;\">Pour les alchimistes chr\u00e9tiens, la fronti\u00e8re entre mati\u00e8re et psych\u00e9 n&rsquo;\u00e9tait pas nette. Cela explique leur symbolique du supplice assez ambig\u00fce. Il pouvait s&rsquo;agir du supplice de m\u00e9taux \u00e0 am\u00e9liorer, de tourments inflig\u00e9s \u00e0 une substance qu&rsquo;ils appelaient la \u00ab\u00a0mati\u00e8re myst\u00e9rieuse\u00a0\u00bb ou de supplices que subissaient les op\u00e9rateurs eux-m\u00eames. D\u00e9membrements, \u00e9corchements, supplice du feu, des peines infernales \u00e9taient inflig\u00e9es.<\/p>\n<p style=\"text-align: justify;\">Tant que l&rsquo;on a pas atteint le dernier stade de l&rsquo;\u0152uvre les th\u00e8mes de la torture et de la mort, suivis par celui de la renaissance, sont omnipr\u00e9sents dans la litt\u00e9rature alchimique \u00ab\u00a0chr\u00e9tienne\u00a0\u00bb.<\/p>\n<h2>Les supplices dans les r\u00eaves et visions de Zozime<\/h2>\n<p style=\"text-align: justify;\">Jung remonte dans le temps en retranscrivant et commentant les horribles r\u00eaves et visions alchimiques de Zozime de Panopolis, un alchimiste et gnostique renomm\u00e9 du IIe si\u00e8cle.<\/p>\n<p style=\"text-align: justify;\">Voici un aper\u00e7u des tourments subis :<\/p>\n<blockquote>\n<p style=\"text-align: justify;\">\u00ab\u00a0Car quelqu&rsquo;un est venu de bon matin en toute h\u00e2te et il m&rsquo;a d\u00e9membr\u00e9 en suivant la composition de l&rsquo;harmonie. Et il a arrach\u00e9 la peau de ma t\u00eate \u00e0 l&rsquo;aide du glaive qu&rsquo;il tenait avec force, et il a joint ensemble mes os et ma chair et les a br\u00fbl\u00e9s au feu suivant l&rsquo;art, jusqu&rsquo;\u00e0 ce que j&rsquo;ai appris comment mon corps se transformait et comment je devenais esprit.\u00a0\u00bb <a href=\"https:\/\/www.cgjung.net\/oeuvre\/racines_conscience_poche.htm\">Les Racines de la conscience<\/a><em>,<\/em> p. 158<em><br \/>\n<\/em><\/p>\n<\/blockquote>\n<h2>Les terribles risques de la conjonction du masculin et du f\u00e9minin<\/h2>\n<p style=\"text-align: justify;\">Au moment de la conjonction des contraires, masculins et f\u00e9minins, on assiste souvent au meurtre du Roi, lequel va \u00eatre tu\u00e9 de multiples fa\u00e7ons plus ou moins horribles. Il est, entre autres, assomm\u00e9, empoisonn\u00e9 ou d\u00e9vor\u00e9 par un loup.<\/p>\n<p style=\"text-align: justify;\">Cette conjonction peut conduire \u00e0 une dissolution compl\u00e8te des \u00e9l\u00e9ments l&rsquo;un dans l&rsquo;autre. Jung illustre ce th\u00e8me de la dissolution par l&rsquo;histoire de Beya et de Gabricus. Ils \u00e9taient fr\u00e8re et s\u0153ur ce qui, pour la symbolique alchimique, repr\u00e9sente une conjonction tr\u00e8s favorable :<\/p>\n<blockquote>\n<p style=\"text-align: justify;\">\u00ab\u00a0Alors Beya monte sur Gabricus et elle l&rsquo;enferme dans son sein, au point que l&rsquo;on ne peut absolument rien voir de lui. Et elle embrassa Gabricus avec un si grand amour qu&rsquo;elle l&rsquo;absorba compl\u00e8tement dans sa propre nature et qu&rsquo;elle le divisa en parties indivisibles.\u00a0\u00bb <a href=\"https:\/\/www.cgjung.net\/oeuvre\/psychologie_alchimie.htm\">Psychologie et alchimie<\/a>, p. 461<\/p>\n<\/blockquote>\n<h2>Pourquoi tant de violence ?<\/h2>\n<p style=\"text-align: justify;\">Il y a une grande violence dans les textes alchimiques. On peut proposer comme explication le fait que les alchimistes eux-m\u00eames \u00e9taient tourment\u00e9s dans leur corps et leur esprit. Br\u00fblures, vapeurs nocives, insomnies, angoisse de l&rsquo;\u00e9chec, tel \u00e9tait leur lot et les \u00e9crits en sont le reflet.<\/p>\n<p style=\"text-align: right;\"><a href=\"https:\/\/www.cgjung.net\/espace\/accueil\/ariane-callot\/\">Ariane Callot<\/a>, juin 2023<\/p>\n<p><img loading=\"lazy\" decoding=\"async\" class=\"wp-image-98 size-medium aligncenter\" src=\"https:\/\/www.cgjung.net\/espace\/wp-content\/uploads\/2014\/08\/cul-de-lampe-1-300x112.png\" alt=\"\" width=\"300\" height=\"112\" srcset=\"https:\/\/www.cgjung.net\/espace\/wp-content\/uploads\/2014\/08\/cul-de-lampe-1-300x112.png 300w, https:\/\/www.cgjung.net\/espace\/wp-content\/uploads\/2014\/08\/cul-de-lampe-1.png 650w\" sizes=\"auto, (max-width: 300px) 100vw, 300px\" \/><\/p>\n<h2>Br\u00e8ves et coups de c\u0153ur<\/h2>\n<ul>\n<li><a href=\"https:\/\/www.cgjung.net\/espace\/accueil\/breves-efj\/paranoia-folie-lucide\/\">Parano\u00efa ou la folie lucide<\/a><\/li>\n<li><a href=\"https:\/\/www.cgjung.net\/espace\/accueil\/breves-efj\/les-voix-du-reve\/\">Les voix du r\u00eave<\/a><\/li>\n<li><a href=\"https:\/\/www.cgjung.net\/espace\/accueil\/breves-efj\/processus-individuation\/\">Un processus d\u2019individuation \u00e0 \u00e9couter et \u00e0 voir<\/a><\/li>\n<li><a href=\"https:\/\/www.cgjung.net\/espace\/accueil\/breves-efj\/feminin-psyche\/\">Le f\u00e9minin \u00e0 l\u2019\u0153uvre dans la psych\u00e9<\/a><\/li>\n<li><a href=\"https:\/\/www.cgjung.net\/espace\/accueil\/breves-efj\/tres-vieil-homme-en-nous\/\">C.G. Jung et le tr\u00e8s Vieil Homme en nous<\/a><\/li>\n<li><a href=\"https:\/\/www.cgjung.net\/espace\/accueil\/breves-efj\/violence-alchimie\/\">Jung et la symbolique de la violence en alchimie<\/a><\/li>\n<li><a href=\"https:\/\/www.cgjung.net\/espace\/accueil\/breves-efj\/jung-liberte-expression\/\">C.G. Jung et la libert\u00e9 d\u2019expression<\/a><\/li>\n<li><a href=\"https:\/\/www.cgjung.net\/espace\/accueil\/breves-efj\/jung-phobies\/\">Que pense Jung des phobies et de leur traitement ?<\/a><\/li>\n<li><a href=\"https:\/\/www.cgjung.net\/espace\/accueil\/breves-efj\/hallucinations-alchimistes\/\">Les hallucinations des alchimistes<\/a><\/li>\n<li><a href=\"https:\/\/www.cgjung.net\/espace\/accueil\/textes\/vie-et-mort-selon-jung\/\">La vie et la mort selon Carl Gustav Jung<\/a><\/li>\n<\/ul>\n\n","protected":false},"excerpt":{"rendered":"<p>Que pensait Jung de la violence que l&rsquo;on trouve dans les textes des anciens alchimistes de la fin du Moyen \u00c2ge ? Les alchimistes et la passion du Christ Les alchimistes du Moyen \u00c2ge, dont la symbolique a passionn\u00e9 Jung, se voulaient tr\u00e8s chr\u00e9tiens. Le Christ s&rsquo;\u00e9tant offert en sacrifice dans de grandes souffrances sa [&hellip;]<\/p>\n","protected":false},"author":1,"featured_media":0,"parent":21160,"menu_order":0,"comment_status":"closed","ping_status":"closed","template":"","meta":{"footnotes":""},"class_list":["post-21200","page","type-page","status-publish","hentry"],"_links":{"self":[{"href":"https:\/\/www.cgjung.net\/espace\/wp-json\/wp\/v2\/pages\/21200","targetHints":{"allow":["GET"]}}],"collection":[{"href":"https:\/\/www.cgjung.net\/espace\/wp-json\/wp\/v2\/pages"}],"about":[{"href":"https:\/\/www.cgjung.net\/espace\/wp-json\/wp\/v2\/types\/page"}],"author":[{"embeddable":true,"href":"https:\/\/www.cgjung.net\/espace\/wp-json\/wp\/v2\/users\/1"}],"replies":[{"embeddable":true,"href":"https:\/\/www.cgjung.net\/espace\/wp-json\/wp\/v2\/comments?post=21200"}],"version-history":[{"count":57,"href":"https:\/\/www.cgjung.net\/espace\/wp-json\/wp\/v2\/pages\/21200\/revisions"}],"predecessor-version":[{"id":21717,"href":"https:\/\/www.cgjung.net\/espace\/wp-json\/wp\/v2\/pages\/21200\/revisions\/21717"}],"up":[{"embeddable":true,"href":"https:\/\/www.cgjung.net\/espace\/wp-json\/wp\/v2\/pages\/21160"}],"wp:attachment":[{"href":"https:\/\/www.cgjung.net\/espace\/wp-json\/wp\/v2\/media?parent=21200"}],"curies":[{"name":"wp","href":"https:\/\/api.w.org\/{rel}","templated":true}]}}