{"id":21160,"date":"2023-03-15T17:19:14","date_gmt":"2023-03-15T16:19:14","guid":{"rendered":"https:\/\/www.cgjung.net\/espace\/?page_id=21160"},"modified":"2024-02-22T16:18:26","modified_gmt":"2024-02-22T15:18:26","slug":"breves-efj","status":"publish","type":"page","link":"https:\/\/www.cgjung.net\/espace\/accueil\/breves-efj\/","title":{"rendered":"Br\u00e8ves et coups de c\u0153ur EFJ"},"content":{"rendered":"<p><img loading=\"lazy\" decoding=\"async\" class=\"wp-image-98 size-medium aligncenter\" src=\"https:\/\/www.cgjung.net\/espace\/wp-content\/uploads\/2014\/08\/cul-de-lampe-1-300x112.png\" alt=\"\" width=\"300\" height=\"112\" srcset=\"https:\/\/www.cgjung.net\/espace\/wp-content\/uploads\/2014\/08\/cul-de-lampe-1-300x112.png 300w, https:\/\/www.cgjung.net\/espace\/wp-content\/uploads\/2014\/08\/cul-de-lampe-1.png 650w\" sizes=\"auto, (max-width: 300px) 100vw, 300px\" \/><\/p>\n<h2>Br\u00e8ves et coups de c\u0153ur<\/h2>\n<ul>\n<li><a href=\"https:\/\/www.cgjung.net\/espace\/accueil\/breves-efj\/paranoia-folie-lucide\/\">Parano\u00efa ou la folie lucide<\/a><\/li>\n<li><a href=\"https:\/\/www.cgjung.net\/espace\/accueil\/breves-efj\/les-voix-du-reve\/\">Les voix du r\u00eave<\/a><\/li>\n<li><a href=\"https:\/\/www.cgjung.net\/espace\/accueil\/breves-efj\/processus-individuation\/\">Un processus d\u2019individuation \u00e0 \u00e9couter et \u00e0 voir<\/a><\/li>\n<li><a href=\"https:\/\/www.cgjung.net\/espace\/accueil\/breves-efj\/feminin-psyche\/\">Le f\u00e9minin \u00e0 l\u2019\u0153uvre dans la psych\u00e9<\/a><\/li>\n<li><a href=\"https:\/\/www.cgjung.net\/espace\/accueil\/breves-efj\/tres-vieil-homme-en-nous\/\">C.G. Jung et le tr\u00e8s Vieil Homme en nous<\/a><\/li>\n<li><a href=\"https:\/\/www.cgjung.net\/espace\/accueil\/breves-efj\/violence-alchimie\/\">Jung et la symbolique de la violence en alchimie<\/a><\/li>\n<li><a href=\"https:\/\/www.cgjung.net\/espace\/accueil\/breves-efj\/jung-liberte-expression\/\">C.G. Jung et la libert\u00e9 d\u2019expression<\/a><\/li>\n<li><a href=\"https:\/\/www.cgjung.net\/espace\/accueil\/breves-efj\/jung-phobies\/\">Que pense Jung des phobies et de leur traitement ?<\/a><\/li>\n<li><a href=\"https:\/\/www.cgjung.net\/espace\/accueil\/breves-efj\/hallucinations-alchimistes\/\">Les hallucinations des alchimistes<\/a><\/li>\n<li><a href=\"https:\/\/www.cgjung.net\/espace\/accueil\/textes\/vie-et-mort-selon-jung\/\">La vie et la mort selon Carl Gustav Jung<\/a><\/li>\n<\/ul>\n\n","protected":false},"excerpt":{"rendered":"","protected":false},"author":1,"featured_media":0,"parent":53,"menu_order":17,"comment_status":"closed","ping_status":"closed","template":"","meta":{"footnotes":""},"class_list":["post-21160","page","type-page","status-publish","hentry"],"_links":{"self":[{"href":"https:\/\/www.cgjung.net\/espace\/wp-json\/wp\/v2\/pages\/21160","targetHints":{"allow":["GET"]}}],"collection":[{"href":"https:\/\/www.cgjung.net\/espace\/wp-json\/wp\/v2\/pages"}],"about":[{"href":"https:\/\/www.cgjung.net\/espace\/wp-json\/wp\/v2\/types\/page"}],"author":[{"embeddable":true,"href":"https:\/\/www.cgjung.net\/espace\/wp-json\/wp\/v2\/users\/1"}],"replies":[{"embeddable":true,"href":"https:\/\/www.cgjung.net\/espace\/wp-json\/wp\/v2\/comments?post=21160"}],"version-history":[{"count":2,"href":"https:\/\/www.cgjung.net\/espace\/wp-json\/wp\/v2\/pages\/21160\/revisions"}],"predecessor-version":[{"id":23858,"href":"https:\/\/www.cgjung.net\/espace\/wp-json\/wp\/v2\/pages\/21160\/revisions\/23858"}],"up":[{"embeddable":true,"href":"https:\/\/www.cgjung.net\/espace\/wp-json\/wp\/v2\/pages\/53"}],"wp:attachment":[{"href":"https:\/\/www.cgjung.net\/espace\/wp-json\/wp\/v2\/media?parent=21160"}],"curies":[{"name":"wp","href":"https:\/\/api.w.org\/{rel}","templated":true}]}}