{"id":21073,"date":"2023-03-08T08:30:17","date_gmt":"2023-03-08T07:30:17","guid":{"rendered":"https:\/\/www.cgjung.net\/espace\/?page_id=21073"},"modified":"2023-03-08T11:14:08","modified_gmt":"2023-03-08T10:14:08","slug":"supervision","status":"publish","type":"page","link":"https:\/\/www.cgjung.net\/espace\/ressources\/supervision\/","title":{"rendered":"Superviser et \u00eatre supervis\u00e9"},"content":{"rendered":"<p><strong>Sous-titr\u00e9 \u00ab\u00a0une pratique \u00e0 la recherche d&rsquo;une th\u00e9orie\u00a0\u00bb, ce livre publi\u00e9 par la Soci\u00e9t\u00e9 Fran\u00e7aise de Psychologie Analytique contribue \u00e0 la formation des praticiens jungiens et int\u00e9ressera \u00e9galement tout praticien, quelque soit son \u00e9cole.<\/strong><\/p>\n<p style=\"text-align: center;\"><img loading=\"lazy\" decoding=\"async\" class=\"size-full wp-image-21076 aligncenter\" src=\"https:\/\/www.cgjung.net\/espace\/wp-content\/uploads\/2023\/03\/supervision.png\" alt=\"\" width=\"280\" height=\"397\" \/><\/p>\n<p style=\"text-align: center;\"><a href=\"https:\/\/www.bod.fr\/librairie\/superviser-et-etre-supervise-jan-wiener-9782322010165\" target=\"_blank\" rel=\"noopener\">\u00c9ditions Books On Demand<\/a><br \/>\nLes publications de la SFPA<\/p>\n<h2>Pr\u00e9sentation par la SFPA<\/h2>\n<p>La supervision est un \u00e9l\u00e9ment central de toute formation \u00e0 l&rsquo;analyse et \u00e0 la psychoth\u00e9rapie. Avec l&rsquo;importance croissante de la r\u00e9glementation, elle est devenue un enjeu crucial d&rsquo;une formation professionnelle continue pour tous les superviseurs et supervis\u00e9s.<\/p>\n<p>Deux th\u00e8mes majeurs sont trait\u00e9s tout au long du texte. Le premier est le concept central de la supervision, une relation o\u00f9 les deux parties prenantes peuvent \u00eatre transform\u00e9es, surtout si les processus inconscients qui naissent de cette relation sont compris.<\/p>\n<p>Le second est la question de savoir s&rsquo;il existe des th\u00e9ories ou des mod\u00e8les sp\u00e9cifiques \u00e0 la supervision et, si c&rsquo;est le cas, comment les diff\u00e9rencier des th\u00e9ories g\u00e9n\u00e9rales sur la pratique analytique.<\/p>\n<p>Les articles sont organis\u00e9s en quatre parties :<\/p>\n<ul>\n<li>Dans la partie I, les auteurs explorent la nature dynamique de la relation superviseur-supervis\u00e9.<\/li>\n<li>Dans la partie II, ils examinent sp\u00e9cifiquement la pertinence du cadre pour les processus de supervision.<\/li>\n<li>Dans la partie III, ils traitent des probl\u00e8mes potentiels et des dilemmes \u00e9thiques de la supervision.<\/li>\n<li>Enfin, dans la partie IV, les contributeurs se tournent vers les d\u00e9fis d&rsquo;\u00e9laboration d&rsquo;une th\u00e9orie pr\u00e9cise.<\/li>\n<\/ul>\n<h2>Contenu de l&rsquo;ouvrage<\/h2>\n<p><strong>INTRODUCTION<\/strong><\/p>\n<p>Penser la supervision<br \/>\n<em>Jan Wiener, Richard Mizen et Jenny Duckham<\/em><\/p>\n<p><strong>I &#8211; LA RELATION DE SUPERVISION<\/strong><\/p>\n<p>Le superviseur s&rsquo;individuant<br \/>\n<em>Robin MacGlashan<\/em><\/p>\n<p>R\u00e9flexions sur la relation entre th\u00e9rapeute et superviseur<br \/>\n<em>Jane Knight<\/em><\/p>\n<p>L&#8217;empathie dans l&rsquo;utilisation du contre-transfert entre superviseur et supervis\u00e9<br \/>\n<em>James Astor<\/em><\/p>\n<p><strong>II &#8211; DEMANDES D&rsquo;INTERVENTION ET LIEUX DE SUPERVISION<\/strong><\/p>\n<p>Supervision du travail avec des enfants<br \/>\n<em>Elisabeth Urban<\/em><\/p>\n<p>La supervision dans la formation analytique<br \/>\n<em>Barbara Wharton<\/em><\/p>\n<p>Supervision en institution<br \/>\n<em>Catherine Crowther<\/em><\/p>\n<p>Supervision de groupes<br \/>\n<em>Victoria Graham Fuller<\/em><\/p>\n<p><strong>III &#8211; PROBL\u00c8MES DE PRATIQUE<\/strong><\/p>\n<p>Probl\u00e8mes et questions \u00e9thiques en supervision<br \/>\n<em>Edward Martin<\/em><\/p>\n<p>Les fronti\u00e8res en supervision<br \/>\n<em>Hugh Gee<\/em><\/p>\n<p>Superviser le transfert et le contre-transfert \u00e9rotiques<br \/>\n<em>Joy Schaverien<\/em><\/p>\n<p><strong>IV &#8211; \u00c9LABORER UNE TH\u00c9ORIE DE LA SUPERVISION<\/strong><\/p>\n<p>Dans le labyrinthe &#8211; \u00c9laboration d&rsquo;une approche en mati\u00e8re de supervision<br \/>\n<em>Christopher Perry<\/em><\/p>\n<p>Apprendre \u00e0 superviser<br \/>\n<em>Ann Shearer<\/em><\/p>\n<p>De la pratique \u00e0 la th\u00e9orie &#8211; \u00c9laboration d&rsquo;une th\u00e9orie de la supervision<br \/>\n<em>Richard Mizen, Jan Wiener and Jenny Duckham<\/em><\/p>\n<p><strong>EN COMPL\u00c9MENT<\/strong><\/p>\n<p>Notes sur les auteurs, remerciements et index<\/p>\n<h2>Les auteurs<\/h2>\n<p>Tous analystes jungiens, ils explorent dans cet ouvrage les aspects cl\u00e9s du processus de supervision.<\/p>\n<p><em>Ce livre a \u00e9t\u00e9 publi\u00e9 en 2003 en langue anglaise, aux \u00e9ditions Palgrave Macmillan.<\/em><\/p>\n<p><strong>R\u00e9f\u00e9rence de l\u2019ouvrage<\/strong> : Books On Demand \u2013 Ann\u00e9e de parution 2023 \u2013 Traduit de l&rsquo;anglais (GB) par Christian Raguet \u2013 ISBN 978-2322-0101-65 \u2013 14,8 x 21 x 1,8 cm \u2013 282 pages.<\/p>\n<h2>Les publications de la SFPA<\/h2>\n<p><em>(Pr\u00e9sent\u00e9es sur le site EFJ)<\/em><\/p>\n<p><strong>Ouvrage<\/strong><\/p>\n<ul>\n<li><a href=\"https:\/\/www.cgjung.net\/espace\/ressources\/supervision\/\">Superviser et \u00eatre supervis\u00e9<\/a><\/li>\n<\/ul>\n<p><strong>Actes des colloques<\/strong><\/p>\n<ul>\n<li><a href=\"https:\/\/www.cgjung.net\/espace\/ressources\/jung-alchimie-temps\/\">1 &#8211; Jung et l\u2019alchimie du temps<\/a> (16 novembre 2019)<\/li>\n<li><a href=\"https:\/\/www.cgjung.net\/espace\/ressources\/dissidence-en-psychanalyse\/\">2 &#8211; Dissidence en psychanalyse<\/a> (3 octobre 2020)<\/li>\n<li><a href=\"https:\/\/www.cgjung.net\/espace\/ressources\/technologies-inconscient\/\">3 &#8211; Technologies et inconscient<\/a> (10 avril 2021)<\/li>\n<li><a href=\"https:\/\/www.cgjung.net\/espace\/ressources\/couleurs-alchimiques\/\">4 &#8211; Couleurs alchimiques \u2013 La vie en jaune<\/a> (9 octobre 2021)<\/li>\n<li><a href=\"https:\/\/www.cgjung.net\/espace\/ressources\/feminin-psyche\/\">5 &#8211; Jung et l\u2019\u0153uvre du f\u00e9minin dans la psych\u00e9<\/a> (19 novembre 2022)<\/li>\n<li><a href=\"https:\/\/www.cgjung.net\/espace\/ressources\/psychiatrie-psychanalyse\/\">6 &#8211; L&rsquo;approche jungienne \u00e0 la crois\u00e9e de la psychiatrie et de la psychanalyse<\/a> (9 avril 2022)<\/li>\n<li><a href=\"https:\/\/www.cgjung.net\/espace\/ressources\/sfpa-no7\/\">7 &#8211; Qu\u2019est ce que l\u2019on se raconte comme histoire ?<\/a>&nbsp; (13 mai 2023)<\/li>\n<li><a href=\"https:\/\/www.cgjung.net\/espace\/ressources\/couleurs-alchimiques-rouge\/\">8 &#8211; Couleurs alchimiques. La vie en rouge<\/a> (2 d\u00e9cembre 2023)<\/li>\n<li><a href=\"https:\/\/www.cgjung.net\/espace\/ressources\/yi-jing-individuation\/\">9 &#8211; Le Yi Jing et l&rsquo;individuation<\/a> (14 d\u00e9cembre 2024)<\/li>\n<li><a href=\"https:\/\/www.cgjung.net\/espace\/ressources\/desir-et-plaisir\/\">10 &#8211; D\u00e9sir et plaisir<\/a> (24 mai 2025)<\/li>\n<\/ul>\n\n","protected":false},"excerpt":{"rendered":"<p>Sous-titr\u00e9 \u00ab\u00a0une pratique \u00e0 la recherche d&rsquo;une th\u00e9orie\u00a0\u00bb, ce livre publi\u00e9 par la Soci\u00e9t\u00e9 Fran\u00e7aise de Psychologie Analytique contribue \u00e0 la formation des praticiens jungiens et int\u00e9ressera \u00e9galement tout praticien, quelque soit son \u00e9cole. \u00c9ditions Books On Demand Les publications de la SFPA Pr\u00e9sentation par la SFPA La supervision est un \u00e9l\u00e9ment central de toute [&hellip;]<\/p>\n","protected":false},"author":1,"featured_media":0,"parent":9713,"menu_order":13,"comment_status":"closed","ping_status":"closed","template":"","meta":{"footnotes":""},"class_list":["post-21073","page","type-page","status-publish","hentry"],"_links":{"self":[{"href":"https:\/\/www.cgjung.net\/espace\/wp-json\/wp\/v2\/pages\/21073","targetHints":{"allow":["GET"]}}],"collection":[{"href":"https:\/\/www.cgjung.net\/espace\/wp-json\/wp\/v2\/pages"}],"about":[{"href":"https:\/\/www.cgjung.net\/espace\/wp-json\/wp\/v2\/types\/page"}],"author":[{"embeddable":true,"href":"https:\/\/www.cgjung.net\/espace\/wp-json\/wp\/v2\/users\/1"}],"replies":[{"embeddable":true,"href":"https:\/\/www.cgjung.net\/espace\/wp-json\/wp\/v2\/comments?post=21073"}],"version-history":[{"count":16,"href":"https:\/\/www.cgjung.net\/espace\/wp-json\/wp\/v2\/pages\/21073\/revisions"}],"predecessor-version":[{"id":21099,"href":"https:\/\/www.cgjung.net\/espace\/wp-json\/wp\/v2\/pages\/21073\/revisions\/21099"}],"up":[{"embeddable":true,"href":"https:\/\/www.cgjung.net\/espace\/wp-json\/wp\/v2\/pages\/9713"}],"wp:attachment":[{"href":"https:\/\/www.cgjung.net\/espace\/wp-json\/wp\/v2\/media?parent=21073"}],"curies":[{"name":"wp","href":"https:\/\/api.w.org\/{rel}","templated":true}]}}