{"id":20789,"date":"2023-02-02T07:12:07","date_gmt":"2023-02-02T06:12:07","guid":{"rendered":"https:\/\/www.cgjung.net\/espace\/?page_id=20789"},"modified":"2023-02-22T08:59:49","modified_gmt":"2023-02-22T07:59:49","slug":"la-peur-du-feminin","status":"publish","type":"page","link":"https:\/\/www.cgjung.net\/espace\/ressources\/la-peur-du-feminin\/","title":{"rendered":"La peur du f\u00e9minin &#8211; Erich Neumann"},"content":{"rendered":"<p><strong>Cet ouvrage sous-titr\u00e9 \u00ab\u00a0et autres essais sur la psychologie f\u00e9minine\u00a0\u00bb regroupe des textes majeurs d&rsquo;Erich Neumann. Il souligne : \u00ab\u00a0L\u2019homme et la femme doivent se relier consciemment au c\u00f4t\u00e9 f\u00e9minin comme au c\u00f4t\u00e9 masculin de l\u2019autre.\u00a0\u00bb<\/strong><\/p>\n<p><img loading=\"lazy\" decoding=\"async\" class=\"size-full wp-image-20788 aligncenter\" src=\"https:\/\/www.cgjung.net\/espace\/wp-content\/uploads\/2023\/02\/la-peur-du-feminin.png\" alt=\"\" width=\"280\" height=\"450\" srcset=\"https:\/\/www.cgjung.net\/espace\/wp-content\/uploads\/2023\/02\/la-peur-du-feminin.png 280w, https:\/\/www.cgjung.net\/espace\/wp-content\/uploads\/2023\/02\/la-peur-du-feminin-187x300.png 187w\" sizes=\"auto, (max-width: 280px) 100vw, 280px\" \/><\/p>\n<p style=\"text-align: center;\">La Compagnie du Livre Rouge \/ Imago<br \/>\nTraduit de l&rsquo;allemand par V\u00e9ronique Liard<\/p>\n<p><em>Quelques extraits de l&rsquo;ouvrage :<\/em><\/p>\n<h2>Les oppos\u00e9s masculin-f\u00e9minin<\/h2>\n<p>\u00ab\u00a0[La] capacit\u00e9 relationnelle de l&rsquo;humain oscille [&#8230;] entre des p\u00f4les que les notions de \u00ab proximit\u00e9 \u00bb et d&rsquo;\u00ab \u00e9loignement \u00bb peuvent peut-\u00eatre qualifier au mieux. Au-del\u00e0 de cette capacit\u00e9 relationnelle qui englobe les oppos\u00e9s masculin-f\u00e9minin, il existe une autre forme supr\u00eame de relation \u00e0 un partenaire, que l&rsquo;on pourrait appeler la \u00ab relation int\u00e9grale \u00bb.<\/p>\n<p>Il ne s&rsquo;agit plus uniquement d&rsquo;une rencontre entre deux personnes de sexe oppos\u00e9, mais d&rsquo;une rencontre entre deux \u00eatres pour qui le partenariat englobe la totalit\u00e9 de leur individualit\u00e9 bisexu\u00e9e, dont les aspects et les caract\u00e9ristiques li\u00e9s au sexe ne repr\u00e9sentent qu&rsquo;une partie.\u00a0\u00bb P.32-33<\/p>\n<h2>Un aspect de l&rsquo;anima<\/h2>\n<p>\u00ab\u00a0L&rsquo;<em>anima<\/em>, pour le \u00ab masculin sup\u00e9rieur \u00bb, devient \u00ab magicienne \u00bb s\u00e9ductrice et sorci\u00e8re. [l&rsquo;homme] la rejette parce qu&rsquo;il a peur de ce f\u00e9minin irrationnel. Le masculin, d&rsquo;une part, est pr\u00eat \u00e0 d\u00e9noncer le f\u00e9minin comme un \u00e9l\u00e9ment qui le retient dans le terrestre, et d&rsquo;autre part, \u00e0 l&rsquo;accuser de mettre en danger la stabilit\u00e9 de son existence, puisqu&rsquo;elle le trouble et le s\u00e9duit.<\/p>\n<p>Les hommes-esprits de tous bords surtout, caract\u00e9ristiques du patriarcat, condamnent le f\u00e9minin parce qu&rsquo;il les rive au mariage, \u00e0 la famille, et les oblige \u00e0 s&rsquo;adapter \u00e0 la r\u00e9alit\u00e9 ; le f\u00e9minin les d\u00e9stabilise quant \u00e0 leur \u00ab vocation \u00bb qu&rsquo;ils aiment concevoir, de la mani\u00e8re masculine asc\u00e9tique qui est la leur, comme une performance \u00ab sup\u00e9rieure \u00bb et \u00ab intellectuelle \u00bb.\u00a0\u00bb P.38<\/p>\n<h2>La seconde moiti\u00e9 de la vie<\/h2>\n<p>\u00ab\u00a0Les d\u00e9pressions et les peurs, les n\u00e9vroses et les crises, survenant chez les adultes et chez ceux qui ont justement du succ\u00e8s, sont souvent dues \u00e0 la perte de sens et \u00e0 la peur de rater ou d&rsquo;avoir rat\u00e9 sa propre vie, ainsi qu&rsquo;\u00e0 la peur de la maladie, de la perte de force vitale ou de la mort r\u00e9elle.\u00a0\u00bb P.48<\/p>\n<h2>Relation de l&rsquo;homme au c\u00f4t\u00e9 f\u00e9minin et de la femme au c\u00f4t\u00e9 masculin<\/h2>\n<p>\u00ab\u00a0L&rsquo;homme et la femme doivent se relier consciemment au c\u00f4t\u00e9 f\u00e9minin comme au c\u00f4t\u00e9 masculin de l&rsquo;autre. Sur un plan humain, cela entra\u00eene une multitude de complications et de probl\u00e8mes, car l&rsquo;<em>anima<\/em> f\u00e9minine de l&rsquo;homme est \u00e9motionnelle et, pour lui, dans un premier temps, inconsciente.<\/p>\n<p>Il ne parvient que par des d\u00e9tours douloureux \u00e0 saisir que certains \u00e9l\u00e9ments essentiels, qu&rsquo;il a d&rsquo;abord per\u00e7us comme f\u00e9minins et \u00e9trangers chez sa partenaire, font en r\u00e9alit\u00e9 partie de sa propre nature.<\/p>\n<p>Ces probl\u00e8mes n\u00e9cessitent des efforts consid\u00e9rables non seulement chez l&rsquo;homme, mais aussi chez la femme. Car, de son c\u00f4t\u00e9, en prenant conscience de l&rsquo;aspect f\u00e9minin de l&rsquo;homme, elle s&rsquo;expose \u00e0 la dissolution de l&rsquo;image id\u00e9ale qu&rsquo;elle se faisait du masculin.\u00a0\u00bb P.93<\/p>\n<h2>Reconnexion \u00e0 l&rsquo;inconscient<\/h2>\n<p>\u00ab\u00a0La reconnexion \u00e0 l&rsquo;inconscient est donc, pour le masculin en particulier, d&rsquo;une importance capitale. Mais chez lui, cette reconnexion se fait par l&rsquo;interm\u00e9diaire de l&rsquo;<em>anima<\/em>, son c\u00f4t\u00e9 f\u00e9minin, et en r\u00e9alisant la conscience matriarcale qui lui correspond.<\/p>\n<p>Le r\u00e9tablissement des liens avec le monde psychique de L&rsquo;<em>anima<\/em> pour le masculin et avec le monde psychique de l&rsquo;<em>animus<\/em> pour le f\u00e9minin aboutit \u00e0 une synth\u00e8se, \u00e0 une nouvelle connaissance que l&rsquo;on qualifie d&rsquo;illumination par opposition \u00e0 un savoir conscient unilat\u00e9ral.\u00a0\u00bb P.146-147<\/p>\n<h2>Le moi aux \u00e9tapes matriarcale et patriarcale<\/h2>\n<p>\u00ab\u00a0&#8230; A cette activit\u00e9 r\u00e9duite du moi \u00e0 l&rsquo;\u00e9tape matriarcale correspond aussi l&rsquo;attitude, privil\u00e9gi\u00e9e par le f\u00e9minin et oppos\u00e9e \u00e0 l&rsquo;activit\u00e9 du moi-t\u00eate, d&rsquo;une conscience qui observe. Il s&rsquo;agit plus chez lui d&rsquo;une perception qui accompagne de mani\u00e8re attentive plut\u00f4t que d&rsquo;une activit\u00e9 intentionnelle de la conscience qui penserait et jugerait.<\/p>\n<p>Il ne faut pas confondre la conscience matriarcale observatrice avec la fonction \u00ab sensation \u00bb de la conscience masculine du moi, ni avec la distanciation de la conscience masculine qui m\u00e8ne \u00e0 la science et \u00e0 l&rsquo;objectivit\u00e9. Car cette conscience matriarcale est dirig\u00e9e par des intuitions et des sentiments fond\u00e9s sur des processus semi-conscients qui permettent au moi de s&rsquo;orienter, les tendances \u00e9motionnelles \u00e9tant fortement parties prenantes.\u00a0\u00bb P.136-137<\/p>\n<h2>Table des mati\u00e8res<\/h2>\n<p>Introduction<\/p>\n<p><strong>La peur du f\u00e9minin<\/strong><\/p>\n<p style=\"padding-left: 40px;\">La gen\u00e8se de la peur<\/p>\n<p style=\"padding-left: 80px;\">L&rsquo;importance de la relation originelle avec la m\u00e8re<br \/>\nLe dragon, symbole du f\u00e9minin<\/p>\n<p style=\"padding-left: 40px;\">Les diff\u00e9rentes formes de la peur du f\u00e9minin<\/p>\n<p style=\"padding-left: 80px;\">La peur du f\u00e9minin chez l&rsquo;enfant<br \/>\nLa peur du f\u00e9minin chez l&rsquo;homme<br \/>\nLa peur, au-del\u00e0 du mariage patriarcal<br \/>\nLa peur du f\u00e9minin chez la femme<\/p>\n<p style=\"padding-left: 40px;\">L&rsquo;essence de la peur<\/p>\n<p><strong>Les stades psychologiques du d\u00e9veloppement f\u00e9minin<\/strong><\/p>\n<p style=\"padding-left: 40px;\">D&rsquo;abord l&rsquo;Ouroboros<\/p>\n<p style=\"padding-left: 80px;\">Le stade originel<br \/>\nLa phase d&rsquo;autoconservation<br \/>\nL&rsquo;Ouroboros patriarcal<\/p>\n<p style=\"padding-left: 40px;\">Le passage par le patriarcat<\/p>\n<p style=\"padding-left: 80px;\">L&rsquo;abandon de soi<br \/>\nLa lib\u00e9ration de la captive<br \/>\nL&rsquo;union patriarcale<br \/>\nLa femme d\u00e9valoris\u00e9e<\/p>\n<p style=\"padding-left: 40px;\">Au-del\u00e0 du patriarcat<\/p>\n<p style=\"padding-left: 80px;\">La rencontre<br \/>\nL&rsquo;individuation f\u00e9minine<\/p>\n<p><strong>La lune et la conscience matriarcale<\/strong><\/p>\n<p style=\"padding-left: 40px;\">Un symbole polys\u00e9mique<\/p>\n<p style=\"padding-left: 80px;\">La lune, masculine et f\u00e9minine<br \/>\nLa signification spirituelle de la lune<\/p>\n<p style=\"padding-left: 40px;\">La conscience matriarcale<\/p>\n<p style=\"padding-left: 80px;\">La lune et l&rsquo;inconscient collectif<br \/>\nL&rsquo;esprit lune<br \/>\nLe c\u0153ur et la conscience matriarcale<br \/>\nLa lune gu\u00e9risseuse<br \/>\nLa femme et la conscience matriarcale<br \/>\nLa sagesse de la lune<br \/>\nLes dangers de la conscience matriarcale<\/p>\n<p><strong>L&rsquo;arch\u00e9type de la terre et les temps modernes<\/strong><\/p>\n<p style=\"padding-left: 40px;\">L&rsquo;arch\u00e9type de la Terre<\/p>\n<p style=\"padding-left: 80px;\">Une Terre d\u00e9pr\u00e9ci\u00e9e<br \/>\nLa r\u00e9volution copernicienne<br \/>\nLes Fils de la Terre<br \/>\nLa Terre-M\u00e8re, le monde de l&rsquo;int\u00e9rieur<\/p>\n<p style=\"padding-left: 40px;\">La situation de l&rsquo;homme moderne<\/p>\n<p style=\"padding-left: 80px;\">La profondeur des t\u00e9n\u00e8bres<br \/>\nLa lumi\u00e8re de la Terre<br \/>\nL&rsquo;Esprit de la Terre<br \/>\nTolsto\u00ef et Rilke<br \/>\nLa Terre et l&rsquo;enfant<\/p>\n<p><strong>Sur la fl\u00fbte enchant\u00e9e de Mozart<\/strong><\/p>\n<p style=\"padding-left: 40px;\">De la Nuit \u00e0 la Lumi\u00e8re<\/p>\n<p style=\"padding-left: 80px;\">La Reine de la Nuit<br \/>\nD\u00e9m\u00e9ter et Kor\u00e9<br \/>\nLa voie initiatique<\/p>\n<p style=\"padding-left: 40px;\">L&rsquo;union des oppos\u00e9s<\/p>\n<p style=\"padding-left: 80px;\">Une structure ternaire<br \/>\nLe symbole de la fl\u00fbte enchant\u00e9e<br \/>\nLe septuple cercle solaire<\/p>\n<h2>Pr\u00e9sentation de l&rsquo;ouvrage par l&rsquo;\u00e9diteur<\/h2>\n<p>Dans cet ouvrage pionnier, s&rsquo;inscrivant dans le cadre de la psychologie analytique de C.G. Jung, Erich Neumann d\u00e9nonce le caract\u00e8re unilat\u00e9ral de notre civilisation \u00e9difi\u00e9e sur la m\u00e9connaissance, et par suite, la peur du f\u00e9minin. Il pr\u00e9conise une r\u00e9paration de cette ignorance fondamentale, une \u00abth\u00e9rapie culturelle\u00bb, et appelle \u00e0 un nouvel \u00e9quilibre entre les genres, pour le plus grand bien de notre vie commune en soci\u00e9t\u00e9.<\/p>\n<p><strong>R\u00e9f\u00e9rence de l\u2019ouvrage<\/strong>&nbsp;:&nbsp;Ann\u00e9e de parution 2022 \u2013 ISBN 978-2-38089-058-7 \u2013 14 x 22,6 x 1,9 cm \u2013 248 pages.<\/p>\n<p><a id=\"neumann\"><\/a><b><img loading=\"lazy\" decoding=\"async\" class=\"size-full alignright\" src=\"https:\/\/www.cgjung.net\/publications\/images\/erich-neumann.jpg\" alt=\"Erich Neumann\" width=\"120\" height=\"144\" \/>Erich Neumann<\/b><\/p>\n<p>Erich Neumann est n\u00e9 \u00e0 Berlin en 1905. Il rencontre sa femme Julia \u00e0 l&rsquo;\u00e2ge de 15 ans et se marie quelques ann\u00e9es plus tard. Les deux, juifs allemands, fuient le nazisme et s&rsquo;installent en Palestine d\u00e8s 1934, \u00e0 Tel-Aviv. Analystes jungiens, ils participent \u00e0 la fondation de la premi\u00e8re soci\u00e9t\u00e9 de psychologie analytique en Isra\u00ebl.&nbsp;<\/p>\n<p>Erich Neumann obtient son doctorat de philosophie en 1927 et devient m\u00e9decin en 1933. Il reviendra fr\u00e9quemment en Europe \u00e0 l&rsquo;issue de la Deuxi\u00e8me Guerre mondiale, donnera de nombreuses conf\u00e9rences \u00e0 l&rsquo;Institut Jung de Zurich et aux rencontres d&rsquo;Eranos organis\u00e9es par Olga Froebe-Kapteyn. Ami proche de Jung, il est l&rsquo;un des fondateurs de l&rsquo;Association Internationale de Psychologie Analytique (IAAP).<\/p>\n<p>Erich Neumann meurt en 1960 des suites d&rsquo;un cancer, son \u00e9pouse Julia en 1985, dans un accident de circulation.<\/p>\n<h2>Ouvrages d&rsquo;Erich Neumann<\/h2>\n<p><img loading=\"lazy\" decoding=\"async\" src=\"file:\/\/\/C:\/Users\/user\/Contacts\/Documents\/Atc\/cgjung-net\/images\/fleche2.gif\" width=\"15\" height=\"13\" \/> <a href=\"https:\/\/www.cgjung.net\/oeuvre\/correspondance-jung-neumann.htm\">Correspondance C.G. Jung &#8211; Erich Neumann<\/a><\/p>\n<p><img loading=\"lazy\" decoding=\"async\" src=\"file:\/\/\/C:\/Users\/user\/Contacts\/Documents\/Atc\/cgjung-net\/images\/fleche2.gif\" width=\"15\" height=\"12\" \/> <a href=\"https:\/\/www.cgjung.net\/publications\/jacob-esau-erich-neumann.htm\">Jacob et Esa\u00fc<\/a><\/p>\n<p><img loading=\"lazy\" decoding=\"async\" src=\"file:\/\/\/C:\/Users\/user\/Contacts\/Documents\/Atc\/cgjung-net\/images\/fleche2.gif\" width=\"15\" height=\"12\" \/> <a href=\"https:\/\/www.cgjung.net\/publications\/origines-et-histoire-de-la-conscience.htm\">Origines et histoire de la conscience<\/a><\/p>\n<p><img loading=\"lazy\" decoding=\"async\" src=\"file:\/\/\/C:\/Users\/user\/Contacts\/Documents\/Atc\/cgjung-net\/images\/fleche2.gif\" width=\"15\" height=\"12\" \/> <a href=\"https:\/\/www.cgjung.net\/espace\/ressources\/la-peur-du-feminin\/\">La peur du f\u00e9minin<\/a><\/p>\n\n","protected":false},"excerpt":{"rendered":"<p>Cet ouvrage sous-titr\u00e9 \u00ab\u00a0et autres essais sur la psychologie f\u00e9minine\u00a0\u00bb regroupe des textes majeurs d&rsquo;Erich Neumann. Il souligne : \u00ab\u00a0L\u2019homme et la femme doivent se relier consciemment au c\u00f4t\u00e9 f\u00e9minin comme au c\u00f4t\u00e9 masculin de l\u2019autre.\u00a0\u00bb La Compagnie du Livre Rouge \/ Imago Traduit de l&rsquo;allemand par V\u00e9ronique Liard Quelques extraits de l&rsquo;ouvrage : Les [&hellip;]<\/p>\n","protected":false},"author":1,"featured_media":0,"parent":9713,"menu_order":13,"comment_status":"closed","ping_status":"closed","template":"","meta":{"footnotes":""},"class_list":["post-20789","page","type-page","status-publish","hentry"],"_links":{"self":[{"href":"https:\/\/www.cgjung.net\/espace\/wp-json\/wp\/v2\/pages\/20789","targetHints":{"allow":["GET"]}}],"collection":[{"href":"https:\/\/www.cgjung.net\/espace\/wp-json\/wp\/v2\/pages"}],"about":[{"href":"https:\/\/www.cgjung.net\/espace\/wp-json\/wp\/v2\/types\/page"}],"author":[{"embeddable":true,"href":"https:\/\/www.cgjung.net\/espace\/wp-json\/wp\/v2\/users\/1"}],"replies":[{"embeddable":true,"href":"https:\/\/www.cgjung.net\/espace\/wp-json\/wp\/v2\/comments?post=20789"}],"version-history":[{"count":14,"href":"https:\/\/www.cgjung.net\/espace\/wp-json\/wp\/v2\/pages\/20789\/revisions"}],"predecessor-version":[{"id":20999,"href":"https:\/\/www.cgjung.net\/espace\/wp-json\/wp\/v2\/pages\/20789\/revisions\/20999"}],"up":[{"embeddable":true,"href":"https:\/\/www.cgjung.net\/espace\/wp-json\/wp\/v2\/pages\/9713"}],"wp:attachment":[{"href":"https:\/\/www.cgjung.net\/espace\/wp-json\/wp\/v2\/media?parent=20789"}],"curies":[{"name":"wp","href":"https:\/\/api.w.org\/{rel}","templated":true}]}}