{"id":20603,"date":"2023-01-16T20:36:57","date_gmt":"2023-01-16T19:36:57","guid":{"rendered":"https:\/\/www.cgjung.net\/espace\/?page_id=20603"},"modified":"2025-06-24T22:33:55","modified_gmt":"2025-06-24T20:33:55","slug":"au-bord-de-l-ocean","status":"publish","type":"page","link":"https:\/\/www.cgjung.net\/espace\/ressources\/au-bord-de-l-ocean\/","title":{"rendered":"Au bord de l&rsquo;Oc\u00e9an j&rsquo;ai dessin\u00e9 et j&rsquo;ai r\u00eav\u00e9"},"content":{"rendered":"<p><strong>Cet essai romanc\u00e9 retrace le chemin d\u2019une femme th\u00e9rapeute nomm\u00e9e Ulyssia. Afin d\u2019instaurer un dialogue entre sa partie consciente et sa partie inconsciente, elle utilise, entre autres, les diff\u00e9rents outils et approches r\u00e9v\u00e9l\u00e9s par Jung.<\/strong><\/p>\n<p><img loading=\"lazy\" decoding=\"async\" class=\"size-full wp-image-20602 aligncenter\" src=\"https:\/\/www.cgjung.net\/espace\/wp-content\/uploads\/2023\/01\/au-bord-de-l-ocean.jpg\" alt=\"\" width=\"280\" height=\"398\" \/><\/p>\n<p style=\"text-align: center;\"><a href=\"https:\/\/www.bod.fr\/librairie\/au-bord-de-locean-jai-dessine-et-jai-reve-claudine-chatelain-9782322453641\" target=\"_blank\" rel=\"noopener\">Les \u00e9ditions BoD<\/a><br \/>\nPr\u00e9face de Claire Delabare<\/p>\n<p>Dans l&rsquo;introduction Claudine Chatelain pr\u00e9sente son ouvrage :<\/p>\n<p>\u00ab\u00a0Cet ouvrage s&rsquo;adresse \u00e0 tous ceux qui partent \u00e0 la d\u00e9couverte de leur Inconscient. A tous ceux qui se demandent : Qu&rsquo;est- ce que mon Inconscient ? Que s&rsquo;y passe-t-il ? Existe-t-il des outils pour y acc\u00e9der ? Comment communiquer avec lui ?<\/p>\n<p>Pour r\u00e9pondre autant que possible \u00e0 ces questions, je me suis appuy\u00e9e sur mon exp\u00e9rience personnelle, et professionnelle dans la relation d&rsquo;aide. Afin de permettre une meilleure compr\u00e9hension du fonctionnement de l&rsquo;Inconscient, j&rsquo;ai regroup\u00e9, sous un seul personnage, des t\u00e9moignages de vie de certaines de mes patientes, des faits relat\u00e9s par d&rsquo;autres personnes ainsi que leurs r\u00eaves.<\/p>\n<p>C&rsquo;est un roman introspectif et initiatique que je propose, ou plut\u00f4t un essai romanc\u00e9. Il retrace le chemin d&rsquo;une femme, une th\u00e9rapeute, Ulyssia, qui utilise entre autres les diff\u00e9rents outils et les approches r\u00e9v\u00e9l\u00e9s par Jung, afin d&rsquo;instaurer un dialogue entre sa partie consciente et sa partie inconsciente : en effet, les deux se compl\u00e8tent dans le but de r\u00e9aliser l&rsquo;unit\u00e9 int\u00e9rieure.<\/p>\n<p>Parmi ces approches, le dessin projectif exprime un \u00e9tat d&rsquo;esprit du moment, une photo de l&rsquo;inconscient au moment de la concr\u00e9tisation de l&rsquo;\u0153uvre. [&#8230;]\n<p>Les r\u00eaves, en revanche, se situent dans une atemporalit\u00e9, L&rsquo;Inconscient nous adresse des messages qui peuvent concerner le pr\u00e9sent, le pass\u00e9 ou l&rsquo;avenir, ce vers quoi l&rsquo;on tend. On ne peut les interpr\u00e9ter qu&rsquo;en tenant compte du contexte personnel du r\u00eaveur, et seulement en derni\u00e8re instance faire appel \u00e0 un dictionnaire de r\u00eaves. [&#8230;]\n<p>Toujours dans les approches junguiennes, l&rsquo;imagination active est d\u00e9finie par Barbara Hannah comme \u00ab un r\u00eave vu ou entendu dans un \u00e9tat de veille \u00bb : le sujet y observe une attitude de pr\u00e9sence vigilante, aux \u00e9coutes de tout ce qui monte du fond de lui-m\u00eame. J&rsquo;en cite de courts extraits dans le prologue et les interm\u00e8des.\u00a0\u00bb<\/p>\n<h2>Pr\u00e9sentation de l&rsquo;\u00e9diteur<\/h2>\n<p>Deux amies th\u00e9rapeutes se rencontrent. Au cours de leurs \u00e9changes, la premi\u00e8re, Ulyssia, expose son cheminement pendant une ann\u00e9e, \u00e0 travers sa vie, ses amours, ses r\u00eaves, ses peintures.<\/p>\n<p>La deuxi\u00e8me, P\u00e9n\u00e9lope, est analyste jungienne et sp\u00e9cialiste en dessin projectif. Ensemble, elles explorent l&rsquo;Inconscient \u00e0 l&rsquo;aide de diff\u00e9rents outils. Cela permet \u00e0 Ulyssia de lib\u00e9rer sa cr\u00e9ativit\u00e9, d&rsquo;int\u00e9grer son ombre et sa lumi\u00e8re, ainsi que son partenaire masculin int\u00e9rieur.<\/p>\n<p>Cet essai romanc\u00e9 conviendra \u00e0 tous ceux qui s&rsquo;int\u00e9ressent aux sciences de l&rsquo;esprit, sans connaissances sp\u00e9cifiques pr\u00e9alables. Il aide \u00e0 r\u00e9pondre \u00e0 la question que tout un chacun se pose, \u00e0 savoir, \u00ab qui suis-je ? \u00bb<\/p>\n<p><strong>R\u00e9f\u00e9rence de l\u2019ouvrage<\/strong> : Ann\u00e9e de parution 2023 \u2013 ISBN 9782322453641 \u2013 15,5 x 22 x 1,8 cm \u2013 292 pages<\/p>\n<h2>Claudine Chatelain<\/h2>\n<p>A 33 ans, Claudine Chatelain a une r\u00e9v\u00e9lation : elle d\u00e9couvre Jung \u00e0 travers l&rsquo;interpr\u00e9tation des r\u00eaves. C&rsquo;est avec bonheur qu&rsquo;elle ouvre la porte de son inconscient. Pendant une trentaine d&rsquo;ann\u00e9es, elle acquiert les comp\u00e9tences d&rsquo;analyste junguienne.&nbsp;<\/p>\n","protected":false},"excerpt":{"rendered":"<p>Cet essai romanc\u00e9 retrace le chemin d\u2019une femme th\u00e9rapeute nomm\u00e9e Ulyssia. Afin d\u2019instaurer un dialogue entre sa partie consciente et sa partie inconsciente, elle utilise, entre autres, les diff\u00e9rents outils et approches r\u00e9v\u00e9l\u00e9s par Jung. Les \u00e9ditions BoD Pr\u00e9face de Claire Delabare Dans l&rsquo;introduction Claudine Chatelain pr\u00e9sente son ouvrage : \u00ab\u00a0Cet ouvrage s&rsquo;adresse \u00e0 tous [&hellip;]<\/p>\n","protected":false},"author":1,"featured_media":0,"parent":9713,"menu_order":13,"comment_status":"closed","ping_status":"closed","template":"","meta":{"footnotes":""},"class_list":["post-20603","page","type-page","status-publish","hentry"],"_links":{"self":[{"href":"https:\/\/www.cgjung.net\/espace\/wp-json\/wp\/v2\/pages\/20603","targetHints":{"allow":["GET"]}}],"collection":[{"href":"https:\/\/www.cgjung.net\/espace\/wp-json\/wp\/v2\/pages"}],"about":[{"href":"https:\/\/www.cgjung.net\/espace\/wp-json\/wp\/v2\/types\/page"}],"author":[{"embeddable":true,"href":"https:\/\/www.cgjung.net\/espace\/wp-json\/wp\/v2\/users\/1"}],"replies":[{"embeddable":true,"href":"https:\/\/www.cgjung.net\/espace\/wp-json\/wp\/v2\/comments?post=20603"}],"version-history":[{"count":18,"href":"https:\/\/www.cgjung.net\/espace\/wp-json\/wp\/v2\/pages\/20603\/revisions"}],"predecessor-version":[{"id":29898,"href":"https:\/\/www.cgjung.net\/espace\/wp-json\/wp\/v2\/pages\/20603\/revisions\/29898"}],"up":[{"embeddable":true,"href":"https:\/\/www.cgjung.net\/espace\/wp-json\/wp\/v2\/pages\/9713"}],"wp:attachment":[{"href":"https:\/\/www.cgjung.net\/espace\/wp-json\/wp\/v2\/media?parent=20603"}],"curies":[{"name":"wp","href":"https:\/\/api.w.org\/{rel}","templated":true}]}}