{"id":20593,"date":"2023-01-16T06:06:23","date_gmt":"2023-01-16T05:06:23","guid":{"rendered":"https:\/\/www.cgjung.net\/espace\/?page_id=20593"},"modified":"2026-04-11T08:15:17","modified_gmt":"2026-04-11T06:15:17","slug":"humanimalite","status":"publish","type":"page","link":"https:\/\/www.cgjung.net\/espace\/ressources\/ajpo\/humanimalite\/","title":{"rendered":"Humanimalit\u00e9"},"content":{"rendered":"<p><strong>L&rsquo;extinction de nombreuses esp\u00e8ces animales, la crise climatique et la pand\u00e9mie nous rappellent que nous sommes des vivants parmi d&rsquo;autres vivants. C&rsquo;est autour de ce th\u00e8me que quatre psychanalystes jungiennes se sont exprim\u00e9es durant le colloque Jung qui a eu lieu \u00e0 Toulouse le 22 mars 2022.<\/strong><\/p>\n<p style=\"text-align: center;\"><img loading=\"lazy\" decoding=\"async\" class=\"size-full wp-image-20598 aligncenter\" src=\"https:\/\/www.cgjung.net\/espace\/wp-content\/uploads\/2023\/01\/humanimalite.png\" alt=\"\" width=\"280\" height=\"397\" \/><\/p>\n<p style=\"text-align: center;\">Editions BoD &#8211; Collectif &#8211; 15,5 cm x 22 cm &#8211; 104 pages<br \/>\n<a href=\"https:\/\/psyjungmp.jimdofree.com\/\" target=\"_blank\" rel=\"noopener\">Site de l&rsquo;Association Jungienne de Psychanalyse d&rsquo;Occitanie<\/a> (AJPO)<\/p>\n<h2>Introduction<\/h2>\n<p>Notre 7\u00e9me colloque s&rsquo;inscrit dans un temps travers\u00e9 par l&rsquo;\u00e9nergie meurtri\u00e8re de la guerre en Ukraine et dans bien d&rsquo;autres pays de notre plan\u00e8te. Ce colloque est un hommage \u00e0 ces peuples et \u00e0 nos coll\u00e8gues ukrainiens.<\/p>\n<p>HumAnanimal : l&rsquo;animal dans l&rsquo;humain est plus que jamais d&rsquo;actualit\u00e9. Quatre femmes analystes de la SFPA et de l&rsquo;IAAP vont questionner le surgissement de l&rsquo;animal dans sa r\u00e9alit\u00e9, celle de notre monde onirique et dans l&rsquo;espace transf\u00e9rentiel, sans omettre la dimension sacr\u00e9e de l&rsquo;animal dans les cultures anciennes, et les mythes.<\/p>\n<p>L&rsquo;abord de Jung dans son approche originale du monde instinctuel, celle du corps, est-elle adapt\u00e9e \u00e0 notre monde en crise ?<\/p>\n<p><span style=\"color: #808080;\"><em>Marguerite Bosc<br \/>\n<\/em>Pr\u00e9sidente de l&rsquo;AJPO<br \/>\n<\/span><\/p>\n<h2>Des v\u00e9gans, des chiens et des rats<\/h2>\n<p>Regards sur les courants animalistes \u00e0 partir de la Psychologie Arch\u00e9typique<\/p>\n<p>Les positions animalistes lorsqu&rsquo;elles sont extr\u00eames sont l&rsquo;expression d&rsquo;une \u00e9nantiodromie malheureuse de l&rsquo;Humanisme. A partir de vignettes cliniques cet expos\u00e9 propose une r\u00e9flexion post jungienne sur la philosophie animaliste n\u00e9e aux USA dans les ann\u00e9es 1970 et sur les ph\u00e9nom\u00e8nes observ\u00e9s en occident aujourd&rsquo;hui.<\/p>\n<p><span style=\"color: #808080;\">Brigit Soubrouillard<br \/>\nPsychanalyste jungienne, membre de la SFPA et de l&rsquo;IAAP<\/span><\/p>\n<h2>Les pouvoirs de l&rsquo;animal<\/h2>\n<p>Les pouvoirs de l&rsquo;animal sont multiples et apparaissent dans diff\u00e9rents domaines : dans notre vie, aussi bien en relation avec les animaux familiers qu&rsquo;avec les animaux sauvages.<\/p>\n<p>Dans nos r\u00eaves aussi bien que dans nos cauchemars. Dans les contes de f\u00e9es, issus de l&rsquo;imaginaire collectif, qui cr\u00e9ent un univers magique.<\/p>\n<p>Dans les th\u00e9rapies d&rsquo;enfants qui, comme les primitifs, ont tendance \u00e0 se projeter dans le monde animal.<\/p>\n<p>Dans le chamanisme qui fait appel \u00e0 eux en tant qu&rsquo;esprits alli\u00e9s, c\u00e9lestes aussi bien que terrestres.<\/p>\n<p>Dans chacun de ces domaines, l&rsquo;animal manifeste un pouvoir protecteur fraternel ou un pouvoir d\u00e9moniaque fascinant.<\/p>\n<p><span style=\"color: #808080;\"> Christiane Fonseca Lalanne Cassou<\/span><br \/>\n<span style=\"color: #808080;\">Psychanalyste jungienne, membre de la SFPA et de l&rsquo;IAAP<\/span><\/p>\n<h2>Est-ce ainsi que les hommes vivent&#8230; ?<\/h2>\n<p>Au temps de l&rsquo;homme pr\u00e9historique, l&rsquo;animal divinis\u00e9 s&rsquo;installe, en majest\u00e9, sur la paroi des cavernes-sanctuaires.<\/p>\n<p>40 000 ans plus tard, la caverne-sanctuaire de notre inconscient le ram\u00e8ne. Il r\u00e9veille l&rsquo;enfant, l&rsquo;adulte aussi : c&rsquo;est un cauchemar, c&rsquo;est un r\u00eave.<\/p>\n<p>L&rsquo;animal est partout, autour de nous, en nous.<\/p>\n<p>Darwin a ouvert la porte, et les d\u00e9couvertes multidisciplinaires du 20eme si\u00e8cle autorisent \u00e0 sentir, penser, savoir, se souvenir peut-\u00eatre -chamane- de l&rsquo;animal en nous.<\/p>\n<p>HumAnimal nous sommes.<\/p>\n<p>Le r\u00e9cit mythique le disait, qui connecte de plus en plus celui de la science, l&rsquo;entrecroise, l&rsquo;enlace, le repousse (et vice versa). Danse sans chor\u00e9graphie \u00e9crite, au final incertain, mais affirmant ce souffle commun et similaire (anima) entre animal et homme.<\/p>\n<p>Souffles de la Vie, de la violence, de la mort, de la procr\u00e9ation, du sexe, mais aussi&nbsp;de la gourmandise, et &#8230;autre chose encore.<\/p>\n<p>Le cabinet du psychanalyste est un bestiaire \u00ab v\u00e9cu \u00bb.<\/p>\n<p>Mon expos\u00e9 en sera t\u00e9moignage.<\/p>\n<p><span style=\"color: #808080;\">Marie-Claude Calary<\/span><br \/>\n<span style=\"color: #808080;\">Psychanalyste jungienne, ancienne membre de la SFPA<\/span><\/p>\n<h2>La faune de nos r\u00eaves<\/h2>\n<p>On voit souvent dans nos r\u00eaves appara\u00eetre l&rsquo;animal visiteur et psychopompe, qui vient nous relier \u00e0 la force vitale, \u00e0 l&rsquo;\u00e2me du monde ; il d\u00e9livre (parfois rudement) un message de sagesse, \u00e0 moins qu&rsquo;il ne se pr\u00e9sente \u00e0 certains comme leur totem, animal de pouvoir, compagnon de toute une vie&#8230;<\/p>\n<p><span style=\"color: #808080;\"> Caroline Rosain-Montet<\/span><br \/>\n<span style=\"color: #808080;\">Psychanalyste jungienne, membre de la SFPA et de l&rsquo;IAAP<\/span><\/p>\n<p>Deux t\u00e9moignages cl\u00f4turent ce num\u00e9ro suite \u00e0 la table ronde finale.<\/p>\n<p><em>Les \u00e9l\u00e9ments ci-dessus sont repris du livret \u00e9dit\u00e9 par l&rsquo;AJPO.<\/em><\/p>\n<div class=\"content\">\n<h2>Minutes des colloques pr\u00e9c\u00e9dents<\/h2>\n<p><a href=\"https:\/\/www.cgjung.net\/publications\/ajpmp-journee-jung-310312.htm\">31 mars 2012<\/a>&nbsp;|&nbsp;<a href=\"https:\/\/www.cgjung.net\/publications\/ajpmp-journee-jung-020416.htm\">2 avril 2016<\/a>&nbsp;|&nbsp;<a href=\"https:\/\/www.cgjung.net\/publications\/ajpo-journee-jung-240318.htm\">24 mars 2018<\/a>&nbsp;|&nbsp;<a href=\"https:\/\/www.cgjung.net\/publications\/ajpo-journee-jung-300319.htm\">30 mars 2019<\/a>&nbsp;|&nbsp;<a href=\"https:\/\/www.cgjung.net\/espace\/ressources\/ajpo\/terre-peril-seve-ame\/\">25 septembre 2021<\/a>&nbsp;|&nbsp;<a href=\"https:\/\/www.cgjung.net\/espace\/ressources\/ajpo\/humanimalite\/\">22 mars 2022<\/a>&nbsp;|&nbsp;<a href=\"https:\/\/www.cgjung.net\/espace\/ressources\/ajpo\/puissance-ombre\/\">25 mars 2023<\/a>&nbsp;|&nbsp;<a href=\"https:\/\/www.cgjung.net\/espace\/ressources\/ajpo\/reve-outil-essentiel\/\">23 mars 2024<\/a><\/p>\n<\/div>\n","protected":false},"excerpt":{"rendered":"<p>L&rsquo;extinction de nombreuses esp\u00e8ces animales, la crise climatique et la pand\u00e9mie nous rappellent que nous sommes des vivants parmi d&rsquo;autres vivants. C&rsquo;est autour de ce th\u00e8me que quatre psychanalystes jungiennes se sont exprim\u00e9es durant le colloque Jung qui a eu lieu \u00e0 Toulouse le 22 mars 2022. Editions BoD &#8211; Collectif &#8211; 15,5 cm x [&hellip;]<\/p>\n","protected":false},"author":1,"featured_media":0,"parent":19051,"menu_order":0,"comment_status":"closed","ping_status":"closed","template":"","meta":{"footnotes":""},"class_list":["post-20593","page","type-page","status-publish","hentry"],"_links":{"self":[{"href":"https:\/\/www.cgjung.net\/espace\/wp-json\/wp\/v2\/pages\/20593","targetHints":{"allow":["GET"]}}],"collection":[{"href":"https:\/\/www.cgjung.net\/espace\/wp-json\/wp\/v2\/pages"}],"about":[{"href":"https:\/\/www.cgjung.net\/espace\/wp-json\/wp\/v2\/types\/page"}],"author":[{"embeddable":true,"href":"https:\/\/www.cgjung.net\/espace\/wp-json\/wp\/v2\/users\/1"}],"replies":[{"embeddable":true,"href":"https:\/\/www.cgjung.net\/espace\/wp-json\/wp\/v2\/comments?post=20593"}],"version-history":[{"count":10,"href":"https:\/\/www.cgjung.net\/espace\/wp-json\/wp\/v2\/pages\/20593\/revisions"}],"predecessor-version":[{"id":34159,"href":"https:\/\/www.cgjung.net\/espace\/wp-json\/wp\/v2\/pages\/20593\/revisions\/34159"}],"up":[{"embeddable":true,"href":"https:\/\/www.cgjung.net\/espace\/wp-json\/wp\/v2\/pages\/19051"}],"wp:attachment":[{"href":"https:\/\/www.cgjung.net\/espace\/wp-json\/wp\/v2\/media?parent=20593"}],"curies":[{"name":"wp","href":"https:\/\/api.w.org\/{rel}","templated":true}]}}