{"id":2039,"date":"2016-10-22T11:11:04","date_gmt":"2016-10-22T09:11:04","guid":{"rendered":"https:\/\/www.cgjung.net\/espace\/?page_id=2039"},"modified":"2020-03-02T16:03:02","modified_gmt":"2020-03-02T15:03:02","slug":"theatre-des-reves","status":"publish","type":"page","link":"https:\/\/www.cgjung.net\/espace\/ariaga-ecrits-jung\/theatre-des-reves\/","title":{"rendered":"Th\u00e9\u00e2tre des r\u00eaves"},"content":{"rendered":"<p style=\"text-align: justify;\"><strong>Les s\u00e9ries de r\u00eaves nous proposent des pi\u00e8ces de th\u00e9\u00e2tre dont les sc\u00e9narios semblent \u00e9crits par un inconscient qui aurait pour acteurs des repr\u00e9sentants du Soi.<br \/>\n<\/strong><\/p>\n<p><img loading=\"lazy\" decoding=\"async\" class=\"size-full wp-image-1488 aligncenter\" src=\"https:\/\/www.cgjung.net\/espace\/wp-content\/uploads\/2016\/07\/theatre-des-reves.jpeg\" alt=\"Th\u00e9\u00e2tre des r\u00eaves\" width=\"616\" height=\"480\" srcset=\"https:\/\/www.cgjung.net\/espace\/wp-content\/uploads\/2016\/07\/theatre-des-reves.jpeg 616w, https:\/\/www.cgjung.net\/espace\/wp-content\/uploads\/2016\/07\/theatre-des-reves-300x234.jpeg 300w\" sizes=\"auto, (max-width: 616px) 100vw, 616px\" \/><\/p>\n<h2>Avertissement<\/h2>\n<p><a href=\"https:\/\/www.cgjung.net\/espace\/ariaga-ecrits-jung\/theatre-des-reves\/les-series-de-reve\/\">Les s\u00e9ries de r\u00eaves<\/a><\/p>\n<p><a href=\"https:\/\/www.cgjung.net\/espace\/ariaga-ecrits-jung\/theatre-des-reves\/methode-interpretation-reves-jung\/\">M\u00e9thode d\u2019interpr\u00e9tation de r\u00eaves de Jung<\/a><\/p>\n<h2>Le r\u00eaveur<\/h2>\n<p><a href=\"https:\/\/www.cgjung.net\/espace\/ariaga-ecrits-jung\/theatre-des-reves\/scenario-inconscient-reveur\/\">Les premiers r\u00eaves du sc\u00e9nario de l\u2019inconscient du R\u00eaveur<\/a><\/p>\n<p><a href=\"https:\/\/www.cgjung.net\/espace\/ariaga-ecrits-jung\/theatre-des-reves\/mandalas-series-reves\/\">Les mandalas dans les s\u00e9ries de r\u00eaves<\/a><\/p>\n<p><a href=\"https:\/\/www.cgjung.net\/espace\/ariaga-ecrits-jung\/theatre-des-reves\/vision-finale-du-reveur\/\">Vers la vision finale du r\u00eaveur<\/a><\/p>\n<h2>La r\u00eaveuse<\/h2>\n<p><a href=\"https:\/\/www.cgjung.net\/espace\/ariaga-ecrits-jung\/theatre-des-reves\/histoire-de-la-reveuse\/\">Histoire de la r\u00eaveuse<\/a><\/p>\n<p><a href=\"https:\/\/www.cgjung.net\/espace\/ariaga-ecrits-jung\/theatre-des-reves\/premiers-reves-de-la-reveuse\/\">Les premiers r\u00eaves de la r\u00eaveuse<\/a><\/p>\n<p><a href=\"https:\/\/www.cgjung.net\/espace\/ariaga-ecrits-jung\/theatre-des-reves\/moments-marquants-de-la-serie-de-la-reveuse\/\">Moments marquants de la s\u00e9rie de la r\u00eaveuse<\/a><\/p>\n<p><a href=\"https:\/\/www.cgjung.net\/espace\/ariaga-ecrits-jung\/theatre-des-reves\/guerre-reveuse-inconscient\/\">Guerre entre la r\u00eaveuse et son inconscient<\/a><\/p>\n<p><a href=\"https:\/\/www.cgjung.net\/espace\/ariaga-ecrits-jung\/theatre-des-reves\/le-travail-du-soi\/\">Le travail du Soi<\/a><\/p>\n<p><a href=\"https:\/\/www.cgjung.net\/espace\/ariaga-ecrits-jung\/theatre-des-reves\/lhistoire-du-couple\/\">L\u2019histoire du couple<\/a><\/p>\n<p><a href=\"https:\/\/www.cgjung.net\/espace\/ariaga-ecrits-jung\/theatre-des-reves\/integration-enseignement-inconscient\/\">Int\u00e9gration de l\u2019enseignement de l\u2019inconscient<\/a><\/p>\n<p><a href=\"https:\/\/www.cgjung.net\/espace\/ariaga-ecrits-jung\/theatre-des-reves\/dieu-et-la-religion\/\">Dieu et la religion<\/a><\/p>\n<p><a href=\"https:\/\/www.cgjung.net\/espace\/ariaga-ecrits-jung\/theatre-des-reves\/le-christ-personnage-et-symbole\/\">Le Christ personnage et symbole<\/a><\/p>\n<p><a href=\"https:\/\/www.cgjung.net\/espace\/ariaga-ecrits-jung\/theatre-des-reves\/concordances-entre-les-series-de-reves\/\">Concordances entre les s\u00e9ries de r\u00eaves<\/a><\/p>\n<p><a href=\"https:\/\/www.cgjung.net\/espace\/ariaga-ecrits-jung\/theatre-des-reves\/rejet-feminin-forces-primitives-animales\/\">Rejet du f\u00e9minin et des forces primitives et animales<\/a><\/p>\n<p><a href=\"https:\/\/www.cgjung.net\/espace\/ariaga-ecrits-jung\/theatre-des-reves\/la-peur-du-divin\/\">La peur du divin<\/a><\/p>\n<p><a href=\"https:\/\/www.cgjung.net\/espace\/ariaga-ecrits-jung\/theatre-des-reves\/travail-du-soi\/\">Conclusions sur le travail du Soi<\/a><\/p>\n<h2>Les s\u00e9ries de r\u00eaves<\/h2>\n<p><a href=\"https:\/\/www.cgjung.net\/espace\/ariaga-ecrits-jung\/serie-du-reveur\/\">La s\u00e9rie du r\u00eaveur<\/a><\/p>\n<p><a href=\"https:\/\/www.cgjung.net\/espace\/ariaga-ecrits-jung\/serie-reveuse\/\">La s\u00e9rie de la r\u00eaveuse<\/a><\/p>\n<h3 style=\"text-align: justify;\"><svg class=\"genericon genericond-genericons-neue genericons-neue-document genericond-genericons-neue-1x genericond-rotate-normal\" style=\"fill:#19486B;\" title=\"document\" role=\"img\" aria-labelledby=\"title\"><use xlink:href=\"https:\/\/www.cgjung.net\/espace\/wp-content\/plugins\/genericond\/\/icons\/genericons-neue\/svg-sprite\/genericons-neue.svg#document\" \/><\/svg> <a href=\"https:\/\/www.cgjung.net\/espace\/ariaga-ecrits-jung\/cheminements-et-rencontres-de-cg-jung\/\">Page suivante<\/a><\/h3>\n<p style=\"text-align: right;\"><span style=\"font-size: 10pt;\"><em><a href=\"https:\/\/www.cgjung.net\/espace\/cg-jung\/avertissement\/\">Publi\u00e9 initialement dans le cadre d&rsquo;une th\u00e8se<\/a> cette page a \u00e9t\u00e9 adapt\u00e9e par Ariaga (Ariane Callot), son auteure.<br \/>\nLes ouvrages cit\u00e9s <a href=\"https:\/\/www.cgjung.net\/espace\/cg-jung\/bibliographie\/\">sont r\u00e9f\u00e9renc\u00e9s \u00e0 la page bibliographie<\/a>.<\/em><\/span><\/p>\n\n","protected":false},"excerpt":{"rendered":"<p>Les s\u00e9ries de r\u00eaves nous proposent des pi\u00e8ces de th\u00e9\u00e2tre dont les sc\u00e9narios semblent \u00e9crits par un inconscient qui aurait pour acteurs des repr\u00e9sentants du Soi. Avertissement Les s\u00e9ries de r\u00eaves M\u00e9thode d\u2019interpr\u00e9tation de r\u00eaves de Jung Le r\u00eaveur Les premiers r\u00eaves du sc\u00e9nario de l\u2019inconscient du R\u00eaveur Les mandalas dans les s\u00e9ries de r\u00eaves [&hellip;]<\/p>\n","protected":false},"author":1,"featured_media":0,"parent":2023,"menu_order":15,"comment_status":"closed","ping_status":"closed","template":"","meta":{"footnotes":""},"class_list":["post-2039","page","type-page","status-publish","hentry"],"_links":{"self":[{"href":"https:\/\/www.cgjung.net\/espace\/wp-json\/wp\/v2\/pages\/2039","targetHints":{"allow":["GET"]}}],"collection":[{"href":"https:\/\/www.cgjung.net\/espace\/wp-json\/wp\/v2\/pages"}],"about":[{"href":"https:\/\/www.cgjung.net\/espace\/wp-json\/wp\/v2\/types\/page"}],"author":[{"embeddable":true,"href":"https:\/\/www.cgjung.net\/espace\/wp-json\/wp\/v2\/users\/1"}],"replies":[{"embeddable":true,"href":"https:\/\/www.cgjung.net\/espace\/wp-json\/wp\/v2\/comments?post=2039"}],"version-history":[{"count":36,"href":"https:\/\/www.cgjung.net\/espace\/wp-json\/wp\/v2\/pages\/2039\/revisions"}],"predecessor-version":[{"id":11008,"href":"https:\/\/www.cgjung.net\/espace\/wp-json\/wp\/v2\/pages\/2039\/revisions\/11008"}],"up":[{"embeddable":true,"href":"https:\/\/www.cgjung.net\/espace\/wp-json\/wp\/v2\/pages\/2023"}],"wp:attachment":[{"href":"https:\/\/www.cgjung.net\/espace\/wp-json\/wp\/v2\/media?parent=2039"}],"curies":[{"name":"wp","href":"https:\/\/api.w.org\/{rel}","templated":true}]}}