{"id":19617,"date":"2023-03-26T10:56:20","date_gmt":"2023-03-26T08:56:20","guid":{"rendered":"https:\/\/www.cgjung.net\/espace\/?page_id=19617"},"modified":"2023-03-29T06:36:26","modified_gmt":"2023-03-29T04:36:26","slug":"jung-phobies","status":"publish","type":"page","link":"https:\/\/www.cgjung.net\/espace\/accueil\/breves-efj\/jung-phobies\/","title":{"rendered":"Jung et les phobies"},"content":{"rendered":"<p><strong>Que pense Jung des phobies et de leur traitement ?<\/strong><\/p>\n<p><img loading=\"lazy\" decoding=\"async\" class=\"size-full wp-image-21152 aligncenter\" src=\"https:\/\/www.cgjung.net\/espace\/wp-content\/uploads\/2023\/03\/breve-2.jpg\" alt=\"\" width=\"600\" height=\"79\" \/><\/p>\n<p style=\"text-align: justify;\">Qui n&rsquo;a pas une phobie plus ou moins handicapante ? Phobie des serpents, du vide, de la foule et autres choses ou situations parfois surprenantes. On a du mal \u00e0 comprendre la terreur que quelqu\u2019un peut ressentir devant un clown ou un papillon.<\/p>\n<h2>L&rsquo;origine des phobies selon Jung<\/h2>\n<p style=\"text-align: justify;\">Dans son livre <a href=\"https:\/\/www.cgjung.net\/oeuvre\/aion.htm\">A\u00efon<\/a>, <span style=\"color: #ff0000;\"><span style=\"color: #000000;\">Jung propose une explication sur l&rsquo;origine des phobies et des obsessions sans fondement apparent. <\/span><\/span><\/p>\n<p style=\"text-align: justify;\"><span style=\"color: #ff0000;\"><span style=\"color: #000000;\">Pour r\u00e9sumer sa pens\u00e9e en quelques mots, l&rsquo;origine de ces troubles serait due \u00e0 un manque de mat\u00e9riaux symboliques. Il s&rsquo;agit d&rsquo;enfants auxquels on n&rsquo;a pas racont\u00e9 assez de contes ou de l\u00e9gendes, ou d&rsquo;adultes qui auraient eu besoin de s&rsquo;appuyer sur des concepts religieux. Les contenus de l&rsquo;inconscient qui arrivent \u00e0 la conscience ne peuvent \u00eatre ni interpr\u00e9t\u00e9s ni int\u00e9gr\u00e9s ce qui provoque des ph\u00e9nom\u00e8nes pathologiques de submersion du conscient. <\/span><\/span><\/p>\n<h2>Peut-on gu\u00e9rir les phobies ?<\/h2>\n<p style=\"text-align: justify;\">C.G. Jung dans son ouvrage <a href=\"https:\/\/www.cgjung.net\/oeuvre\/psychologie_transfert.htm\">Psychologie du transfert<\/a> exprime une opinion tr\u00e8s personnelle au sujet des phobies. Il met en garde contre un exc\u00e8s de soins, ce qu&rsquo;il appelle \u00ab\u00a0l&rsquo;enthousiasme th\u00e9rapeutique\u00a0\u00bb, et dit que \u00ab\u00a0<strong>tout ne peut pas \u00eatre gu\u00e9ri, tout ne doit<\/strong> <strong>pas \u00eatre gu\u00e9ri\u00a0\u00bb<\/strong>. Il raconte, \u00e0 titre d&rsquo;exemple, deux histoires qui seraient incroyables si on ne connaissait pas le s\u00e9rieux de Jung.<\/p>\n<p style=\"text-align: justify;\">La premi\u00e8re concerne une femme qui souffrait depuis longtemps d&rsquo;une d\u00e9pression et d&rsquo;une phobie de<span style=\"color: #000000;\"> de la ville de<\/span> Paris. La d\u00e9pression fut gu\u00e9rie mais la phobie demeurait. Cependant, elle se sentait tellement bien qu&rsquo;elle d\u00e9cida de prendre sur elle et de venir \u00e0 Paris. Elle r\u00e9ussit \u00e0 atteindre Paris mais le lendemain de son arriv\u00e9e elle eut un mortel accident d&rsquo;automobile.<\/p>\n<p style=\"text-align: justify;\">La seconde histoire est celle d&rsquo;un patient atteint d&rsquo;une \u00e9trange et ingu\u00e9rissable phobie des perrons. Il fut pris par hasard dans un affrontement de rue. Il y eut des coups de feu et, terroris\u00e9, il voulut, malgr\u00e9 sa phobie, se r\u00e9fugier dans un \u00e9difice public auquel on acc\u00e9dait par un perron. Il gravit le perron en courant et c&rsquo;est alors qu&rsquo;il fut atteint par une balle perdue. Il s&rsquo;\u00e9croula sur les marches et mourut.<\/p>\n<p style=\"text-align: justify;\">Jung en conclut que les sympt\u00f4mes psychiques doivent \u00eatre consid\u00e9r\u00e9s avec une grande prudence et que la psychoth\u00e9rapie doit se montrer modeste car nous sommes loin de conna\u00eetre toutes leurs significations.<\/p>\n<p style=\"text-align: justify;\">Les personnes rationnelles diront qu&rsquo;il s&rsquo;agit d&rsquo;un hasard mais Jung \u00e9voque \u00ab\u00a0d&rsquo;inexplicables complications du destin qui se voilent sous le couvert d&rsquo;une n\u00e9vrose\u00a0\u00bb.<\/p>\n<p style=\"text-align: justify;\">On reste perplexe. Une interpr\u00e9tation un peu hardie de la pens\u00e9e de Jung ne peut-elle pas sugg\u00e9rer que certaines phobies sont la mise en garde d&rsquo;un inconscient qui fonctionne dans une autre temporalit\u00e9 et qui \u00ab\u00a0sait\u00a0\u00bb qu&rsquo;un danger menace ?<\/p>\n<p style=\"text-align: right;\"><a href=\"https:\/\/www.cgjung.net\/espace\/accueil\/ariane-callot\/\">Ariane Callot<\/a>, mars 2023<\/p>\n<p><img loading=\"lazy\" decoding=\"async\" class=\"wp-image-98 size-medium aligncenter\" src=\"https:\/\/www.cgjung.net\/espace\/wp-content\/uploads\/2014\/08\/cul-de-lampe-1-300x112.png\" alt=\"\" width=\"300\" height=\"112\" srcset=\"https:\/\/www.cgjung.net\/espace\/wp-content\/uploads\/2014\/08\/cul-de-lampe-1-300x112.png 300w, https:\/\/www.cgjung.net\/espace\/wp-content\/uploads\/2014\/08\/cul-de-lampe-1.png 650w\" sizes=\"auto, (max-width: 300px) 100vw, 300px\" \/><\/p>\n<h2>Br\u00e8ves et coups de c\u0153ur<\/h2>\n<ul>\n<li><a href=\"https:\/\/www.cgjung.net\/espace\/accueil\/breves-efj\/paranoia-folie-lucide\/\">Parano\u00efa ou la folie lucide<\/a><\/li>\n<li><a href=\"https:\/\/www.cgjung.net\/espace\/accueil\/breves-efj\/les-voix-du-reve\/\">Les voix du r\u00eave<\/a><\/li>\n<li><a href=\"https:\/\/www.cgjung.net\/espace\/accueil\/breves-efj\/processus-individuation\/\">Un processus d\u2019individuation \u00e0 \u00e9couter et \u00e0 voir<\/a><\/li>\n<li><a href=\"https:\/\/www.cgjung.net\/espace\/accueil\/breves-efj\/feminin-psyche\/\">Le f\u00e9minin \u00e0 l\u2019\u0153uvre dans la psych\u00e9<\/a><\/li>\n<li><a href=\"https:\/\/www.cgjung.net\/espace\/accueil\/breves-efj\/tres-vieil-homme-en-nous\/\">C.G. Jung et le tr\u00e8s Vieil Homme en nous<\/a><\/li>\n<li><a href=\"https:\/\/www.cgjung.net\/espace\/accueil\/breves-efj\/violence-alchimie\/\">Jung et la symbolique de la violence en alchimie<\/a><\/li>\n<li><a href=\"https:\/\/www.cgjung.net\/espace\/accueil\/breves-efj\/jung-liberte-expression\/\">C.G. Jung et la libert\u00e9 d\u2019expression<\/a><\/li>\n<li><a href=\"https:\/\/www.cgjung.net\/espace\/accueil\/breves-efj\/jung-phobies\/\">Que pense Jung des phobies et de leur traitement ?<\/a><\/li>\n<li><a href=\"https:\/\/www.cgjung.net\/espace\/accueil\/breves-efj\/hallucinations-alchimistes\/\">Les hallucinations des alchimistes<\/a><\/li>\n<li><a href=\"https:\/\/www.cgjung.net\/espace\/accueil\/textes\/vie-et-mort-selon-jung\/\">La vie et la mort selon Carl Gustav Jung<\/a><\/li>\n<\/ul>\n\n","protected":false},"excerpt":{"rendered":"<p>Que pense Jung des phobies et de leur traitement ? Qui n&rsquo;a pas une phobie plus ou moins handicapante ? Phobie des serpents, du vide, de la foule et autres choses ou situations parfois surprenantes. On a du mal \u00e0 comprendre la terreur que quelqu\u2019un peut ressentir devant un clown ou un papillon. L&rsquo;origine des [&hellip;]<\/p>\n","protected":false},"author":1,"featured_media":0,"parent":21160,"menu_order":0,"comment_status":"closed","ping_status":"closed","template":"","meta":{"footnotes":""},"class_list":["post-19617","page","type-page","status-publish","hentry"],"_links":{"self":[{"href":"https:\/\/www.cgjung.net\/espace\/wp-json\/wp\/v2\/pages\/19617","targetHints":{"allow":["GET"]}}],"collection":[{"href":"https:\/\/www.cgjung.net\/espace\/wp-json\/wp\/v2\/pages"}],"about":[{"href":"https:\/\/www.cgjung.net\/espace\/wp-json\/wp\/v2\/types\/page"}],"author":[{"embeddable":true,"href":"https:\/\/www.cgjung.net\/espace\/wp-json\/wp\/v2\/users\/1"}],"replies":[{"embeddable":true,"href":"https:\/\/www.cgjung.net\/espace\/wp-json\/wp\/v2\/comments?post=19617"}],"version-history":[{"count":36,"href":"https:\/\/www.cgjung.net\/espace\/wp-json\/wp\/v2\/pages\/19617\/revisions"}],"predecessor-version":[{"id":21244,"href":"https:\/\/www.cgjung.net\/espace\/wp-json\/wp\/v2\/pages\/19617\/revisions\/21244"}],"up":[{"embeddable":true,"href":"https:\/\/www.cgjung.net\/espace\/wp-json\/wp\/v2\/pages\/21160"}],"wp:attachment":[{"href":"https:\/\/www.cgjung.net\/espace\/wp-json\/wp\/v2\/media?parent=19617"}],"curies":[{"name":"wp","href":"https:\/\/api.w.org\/{rel}","templated":true}]}}