{"id":194,"date":"2014-09-07T08:57:19","date_gmt":"2014-09-07T07:57:19","guid":{"rendered":"https:\/\/www.cgjung.net\/espace\/?p=194"},"modified":"2016-12-12T19:53:35","modified_gmt":"2016-12-12T18:53:35","slug":"les-series-de-reve","status":"publish","type":"page","link":"https:\/\/www.cgjung.net\/espace\/ariaga-ecrits-jung\/theatre-des-reves\/les-series-de-reve\/","title":{"rendered":"Les s\u00e9ries de r\u00eaves"},"content":{"rendered":"<h2>Dans les pas de Jung<\/h2>\n<p style=\"text-align: justify;\"><strong>Jung a voulu montrer, d\u2019une mani\u00e8re pragmatique, l\u2019\u00e9laboration d\u2019une structure et l\u2019\u00e9volution de la repr\u00e9sentation des images de l\u2019inconscient. Il propose, \u00e0 titre d&rsquo;exemple, dans <em>Psychologie et alchimie, <\/em>une s\u00e9rie individuelle de symboles, pr\u00e9sent\u00e9s chronologiquement.<\/strong><\/p>\n<p><img loading=\"lazy\" decoding=\"async\" class=\"aligncenter wp-image-1261 size-full\" title=\"Les r\u00eaves comme mat\u00e9riau brut de recherche\" src=\"https:\/\/www.cgjung.net\/espace\/wp-content\/uploads\/2016\/04\/reves-materiaux-bruts-de-recherche.jpg\" alt=\"Les r\u00eaves comme mat\u00e9riau brut de recherche\" width=\"768\" height=\"576\" srcset=\"https:\/\/www.cgjung.net\/espace\/wp-content\/uploads\/2016\/04\/reves-materiaux-bruts-de-recherche.jpg 768w, https:\/\/www.cgjung.net\/espace\/wp-content\/uploads\/2016\/04\/reves-materiaux-bruts-de-recherche-300x225.jpg 300w\" sizes=\"auto, (max-width: 768px) 100vw, 768px\" \/><\/p>\n<p style=\"text-align: justify;\"><strong>Seule une longue suite de songes et visions<\/strong>, pense Jung, pouvaient permettre cette contribution \u00e0 la connaissance des processus de l\u2019inconscient qui se manifestent dans les s\u00e9ries de r\u00eaves\u00a0 De telles s\u00e9ries, dont nous aurons l\u2019occasion de mesurer l\u2019importance,<strong> sont rares.<\/strong><\/p>\n<p style=\"text-align: justify;\">Nous avons eu la chance, <strong>avec des pr\u00e9suppos\u00e9s assez semblables \u00e0 ceux de Jung<\/strong>, de pouvoir travailler sur une autre s\u00e9rie de r\u00eaves qui nous a \u00e9t\u00e9 communiqu\u00e9e , avec l&rsquo;accord du sujet, par Pierre Trigano que je remercie vivement. Nous esp\u00e9rons que cette seconde s\u00e9rie permettra d\u2019ajouter une pierre \u00e0 la th\u00e9orie t\u00e9l\u00e9ologique de l\u2019inconscient.<\/p>\n<p style=\"text-align: justify;\">\u00c9videmment, une seule s\u00e9rie\u00a0 ajout\u00e9e \u00e0 celle de Jung est insuffisante.\u00a0 Il serait souhaitable que ce travail soit\u00a0 prolong\u00e9 par <strong>l\u2019\u00e9tude syst\u00e9matique de suites de r\u00eaves,<\/strong> dans le but de mettre en \u00e9vidence le processus ordonnateur du Soi dont les manifestations\u00a0 <strong>ne sont chaotiques qu&rsquo;en apparence.<br \/>\n<\/strong><\/p>\n<h2 style=\"text-align: justify;\">Sources et descriptif<\/h2>\n<p style=\"text-align: justify;\">Notre premi\u00e8re d\u00e9marche consistera \u00e0 montrer que les s\u00e9ries de r\u00eaves, au premier niveau, <strong>racontent une histoire<\/strong>, \u00e0 la fois semblable et diff\u00e9rente. Mais, avant de relater cette histoire, valable dans les deux cas \u00e9tudi\u00e9s, nous devons <strong>pr\u00e9ciser quelques modalit\u00e9s pratiques<\/strong> et d\u00e9crire les sources, le contexte et la mani\u00e8re de proc\u00e9der qui ont entour\u00e9 notre travail sur ces r\u00e9cits oniriques.<\/p>\n<p style=\"text-align: justify;\">Les suites de r\u00eaves intitul\u00e9es, <strong>Le R\u00eaveur,<\/strong> quand il s\u2019agit de <em>Psychologie et Alchimie, <\/em>et <strong>La R\u00eaveuse,<\/strong> pour celle que nous proposons, sont pr\u00e9sent\u00e9es en deux parties.<\/p>\n<p style=\"text-align: justify;\"><strong>Dans le cas de la s\u00e9rie de Jung<\/strong>, il s\u2019agit d\u2019abord d\u2019une suite de 22 r\u00eaves intitul\u00e9e \u201c<a href=\"https:\/\/www.cgjung.net\/espace\/ariaga-ecrits-jung\/serie-du-reveur\/\">Les r\u00eaves initiaux<\/a>\u201d et constituant une sorte de mise en place du sc\u00e9nario fourni par l\u2019inconscient.<\/p>\n<p style=\"text-align: justify;\">La deuxi\u00e8me partie, \u201c<a href=\"https:\/\/www.cgjung.net\/espace\/ariaga-ecrits-jung\/serie-du-reveur\/#mandalas\">Les mandalas dans les r\u00eaves<\/a>\u201d privil\u00e9gie les songes au cours desquels apparaissent des structures, en relation avec les <em>mandalas<\/em> ou contribuant \u00e0 l\u2019\u00e9laboration de la repr\u00e9sentation de l<em>\u2019Horloge du Monde.<\/em> Cependant, on devine toujours la trame du r\u00e9cit qui se tisse avec le r\u00eave, m\u00eame si Jung s\u2019en soucie peu. En effet,\u00a0 son interpr\u00e9tation est essentiellement fond\u00e9e sur l\u2019observation du processus structurel et la pr\u00e9sence d\u2019une symbolique alchimique<strong>.<\/strong><\/p>\n<p style=\"text-align: justify;\">La premi\u00e8re s\u00e9rie contenait d\u00e9j\u00e0 cinq r\u00eaves de <em>mandalas<\/em> qui sont rappel\u00e9s au d\u00e9but de la deuxi\u00e8me s\u00e9rie, ce qui explique que la num\u00e9rotation commence au r\u00eave 6 pour s\u2019achever au r\u00eave 59 ce qui fait en tout 54 r\u00eaves pour cette suite et 76 pour l\u2019ensemble de la s\u00e9rie. Cela complique un peu les choses car la num\u00e9rotation de Jung recommence \u00e0 1 au d\u00e9but de la seconde partie.<\/p>\n<p style=\"text-align: justify;\"><strong>Pour<\/strong> <strong>la R\u00eaveuse<\/strong> <strong>de notre s\u00e9rie<\/strong>, nous op\u00e9rons aussi une coupure,\u00a0 justifi\u00e9e par le fait que nous avons voulu attirer l\u2019attention sur le moment o\u00f9 la <strong>pr\u00e9sence de l\u2019analyste<\/strong> introduit un nouvel \u00e9l\u00e9ment dans le processus relationnel inconscient-R\u00eaveuse.<\/p>\n<h2 style=\"text-align: justify;\">Diff\u00e9rences entre les deux s\u00e9ries<\/h2>\n<p style=\"text-align: justify;\">Chaque r\u00eave de <em>Psychologie et alchimie <\/em>est suivi d\u2019un commentaire, qui peut aller de quelques lignes \u00e0 une dizaine de pages. Nous avons pr\u00e9f\u00e9r\u00e9,\u00a0 pour notre s\u00e9rie personnelle,\u00a0 proposer une pr\u00e9sentation par rayons de signification . \u00a0 <span style=\"color: #ff0000;\"><br \/>\n<\/span><\/p>\n<p style=\"text-align: justify;\"><strong>Plus d\u2019un demi si\u00e8cle s\u00e9pare les r\u00eaves du R\u00eaveur de ceux de la R\u00eaveuse<\/strong>, ce qui implique une transformation de la soci\u00e9t\u00e9 et des m\u0153urs. La s\u00e9rie de <em>Psychologie et alchimie\u00a0 <\/em>a d\u00fb \u00eatre recueillie au d\u00e9but des ann\u00e9es trente, alors que celle que nous pr\u00e9sentons commence vers la fin des ann\u00e9es quatre vingt.<\/p>\n<p style=\"text-align: justify;\">Il y a aussi une notable diff\u00e9rence entre l<strong>e nombre des r\u00eaves propos\u00e9s et leur \u00e9talement dans le temps<\/strong>.<\/p>\n<p style=\"text-align: justify;\">Les mat\u00e9riaux de l\u2019\u00e9tude de Jung comprenaient quatre cents r\u00eaves et visions, couvrant une p\u00e9riode de dix mois, et son choix s\u2019est port\u00e9 sur 76 r\u00eaves. Nous disposions aussi d\u2019environ quatre cents r\u00eaves et visions et nous en proposons 153, mais ils se situent dans un laps de temps beaucoup plus long.<\/p>\n<p style=\"text-align: justify;\">Il se passe deux ans entre <em>le r\u00eave initial<\/em> et le moment o\u00f9 la R\u00eaveuse commence \u00e0 noter r\u00e9guli\u00e8rement ses songes. Le second r\u00eave a \u00e9t\u00e9 suivi d\u2019une importante activit\u00e9 onirique, activit\u00e9 cependant tr\u00e8s inf\u00e9rieure \u00e0 celle du R\u00eaveur, pendant deux ans. Ce sont ces r\u00eaves qui constituent la premi\u00e8re partie de l\u2019ensemble, des r\u00eaves 1 \u00e0 74.<\/p>\n<p style=\"text-align: justify;\">La deuxi\u00e8me partie, avec l\u2019accompagnement de l\u2019analyste, couvre deux autres ann\u00e9es, des r\u00eaves 75 \u00e0 153, et aboutit \u00e0 la r\u00e9ception de deux <em>mandalas<\/em> et d\u2019une injonction verbale\u00a0 particuli\u00e8rement impressionnante.<\/p>\n<p style=\"text-align: justify;\">Une autre <strong>diff\u00e9rence significative appara\u00eet au niveau du volume du corpus.<\/strong> Un mat\u00e9riau plus important a \u00e9t\u00e9 conserv\u00e9. La R\u00eaveuse n\u2019\u00e9tant pas un personnage public, \u00e0 l\u2019inverse du R\u00eaveur, il nous a \u00e9t\u00e9 possible de choisir certains songes faisant allusion \u00e0 des \u00e9v\u00e9nements d\u2019ordre priv\u00e9 ou intime, sans que cela puisse la g\u00eaner de quelque mani\u00e8re que ce soit. L\u2019ensemble poss\u00e8de ainsi une chair qui manque cruellement \u00e0 la s\u00e9rie du R\u00eaveur.<\/p>\n<p style=\"text-align: justify;\">Pour ce qui est de la <strong>forme et du style<\/strong>, l\u00e0 aussi <strong>nous nous s\u00e9parons de Jung.<\/strong><\/p>\n<p style=\"text-align: justify;\">Les deux spectateurs des s\u00e9ries avaient un point commun, ils notaient scrupuleusement leurs r\u00eaves et visions, mais <strong>Jung,<\/strong> \u00e0 quelques exceptions pr\u00e8s, <strong>condense le texte<\/strong> en quelques phrases br\u00e8ves pour en conserver uniquement le sens profond.<\/p>\n<p style=\"text-align: justify;\">Face au vocabulaire du r\u00eave, on ignore s\u2019il s\u2019agit de la transcription faite par le R\u00eaveur de son songe ou si les mots employ\u00e9s sont ceux de Jung. De plus <strong>on travaille sur une traduction<\/strong>, ce qui enl\u00e8ve toute possibilit\u00e9 de saisir <strong>le jeu effectu\u00e9 par l\u2019inconscient<\/strong> au niveau de la langue.<\/p>\n<p style=\"text-align: justify;\">Nous avons proc\u00e9d\u00e9 tout autrement : des r\u00eaves ont \u00e9t\u00e9 raccourcis, d\u2019autres supprim\u00e9s, mais dans les textes pr\u00e9sent\u00e9s <strong>les mots sont toujours ceux de la R\u00eaveuse<\/strong>.<\/p>\n<p style=\"text-align: justify;\">Si nous avons parfois mis des guillemets ils se trouvaient dans le texte m\u00eame de la R\u00eaveuse.\u00a0 Elle voulait ainsi signaler que le terme ou la phrase employ\u00e9s, parfois surprenants ou incompr\u00e9hensibles, \u00e9taient bien ceux \u00e9crits dans le cahier o\u00f9 elle inscrivait ses r\u00eaves, le plus souvent en un \u00e9tat de demi-sommeil.<\/p>\n<p style=\"text-align: justify;\">Certains r\u00eaves, comme chez Jung, portent la mention <em>int\u00e9gral,<\/em>\u00a0 car il nous a sembl\u00e9 difficile d\u2019en enlever ne serait-ce qu\u2019une ligne.<\/p>\n<p style=\"text-align: justify;\">On voit donc que, <strong>si notre but est le m\u00eame<\/strong>, essayer de suivre le discours du r\u00eave, et voir comment s\u2019organise la relation entre les diff\u00e9rents \u00e9l\u00e9ments, <strong>notre mat\u00e9riau, en d\u00e9pit des points communs, est quelque peu diff\u00e9rent de celui de Jung.<\/strong> Nous oserons dire qu\u2019il est beaucoup plus riche, m\u00eame si cette richesse nous semble encore insuffisante.<\/p>\n<p style=\"text-align: justify;\">Il appara\u00eet que des travaux ult\u00e9rieurs sur les s\u00e9ries de r\u00eaves devraient prendre en compte l\u2019int\u00e9gralit\u00e9 du corpus, ne supprimant que les d\u00e9tails de nature trop priv\u00e9e.<\/p>\n<p style=\"text-align: justify;\">Tout choix est arbitraire et <strong>il n\u2019y a pas de petits r\u00eaves<\/strong> si on veut consid\u00e9rer le mouvement d\u2019ensemble d\u2019une s\u00e9rie.<\/p>\n<p style=\"text-align: justify;\">Dans le cadre de ce travail, <strong>nous avons cependant op\u00e9r\u00e9 un choix. <\/strong><\/p>\n<p style=\"text-align: justify;\">Nous d\u00e9sirions, comme Jung, montrer les processus d\u2019\u00e9volution structurels et symboliques. Il nous a cependant sembl\u00e9 utile de <strong>proposer un mat\u00e9riau plus abondant.<\/strong><\/p>\n<p style=\"text-align: justify;\">En effet, un grand nombre de r\u00eaves peut constituer un outil de travail pour d\u2019autres chercheurs. De plus, un corpus plus important augmente le nombre des donn\u00e9es. Cela facilite l&rsquo;observation des <strong>diff\u00e9rents niveaux de repr\u00e9sentations oniriques.<\/strong> On peut alors montrer comment se construit l&rsquo;histoire racont\u00e9e par la s\u00e9rie et mettre en \u00e9vidence la re-pr\u00e9sentation symbolique et la mani\u00e8re dont oeuvre Le Soi organisateur du discours de l\u2019inconscient.<\/p>\n<h3 style=\"text-align: justify;\"><svg class=\"genericon genericond-genericons-neue genericons-neue-document genericond-genericons-neue-1x genericond-rotate-normal\" style=\"fill:#19486B;\" title=\"document\" role=\"img\" aria-labelledby=\"title\"><use xlink:href=\"https:\/\/www.cgjung.net\/espace\/wp-content\/plugins\/genericond\/\/icons\/genericons-neue\/svg-sprite\/genericons-neue.svg#document\" \/><\/svg>\u00a0<a href=\"https:\/\/www.cgjung.net\/espace\/ariaga-ecrits-jung\/theatre-des-reves\/methode-interpretation-reves-jung\/\">Page suivante<\/a><\/h3>\n","protected":false},"excerpt":{"rendered":"<p>Dans les pas de Jung Jung a voulu montrer, d\u2019une mani\u00e8re pragmatique, l\u2019\u00e9laboration d\u2019une structure et l\u2019\u00e9volution de la repr\u00e9sentation des images de l\u2019inconscient. Il propose, \u00e0 titre d&rsquo;exemple, dans Psychologie et alchimie, une s\u00e9rie individuelle de symboles, pr\u00e9sent\u00e9s chronologiquement. Seule une longue suite de songes et visions, pense Jung, pouvaient permettre cette contribution \u00e0 [&hellip;]<\/p>\n","protected":false},"author":3,"featured_media":0,"parent":2039,"menu_order":15,"comment_status":"closed","ping_status":"open","template":"","meta":{"footnotes":""},"class_list":["post-194","page","type-page","status-publish","hentry"],"_links":{"self":[{"href":"https:\/\/www.cgjung.net\/espace\/wp-json\/wp\/v2\/pages\/194","targetHints":{"allow":["GET"]}}],"collection":[{"href":"https:\/\/www.cgjung.net\/espace\/wp-json\/wp\/v2\/pages"}],"about":[{"href":"https:\/\/www.cgjung.net\/espace\/wp-json\/wp\/v2\/types\/page"}],"author":[{"embeddable":true,"href":"https:\/\/www.cgjung.net\/espace\/wp-json\/wp\/v2\/users\/3"}],"replies":[{"embeddable":true,"href":"https:\/\/www.cgjung.net\/espace\/wp-json\/wp\/v2\/comments?post=194"}],"version-history":[{"count":10,"href":"https:\/\/www.cgjung.net\/espace\/wp-json\/wp\/v2\/pages\/194\/revisions"}],"predecessor-version":[{"id":2923,"href":"https:\/\/www.cgjung.net\/espace\/wp-json\/wp\/v2\/pages\/194\/revisions\/2923"}],"up":[{"embeddable":true,"href":"https:\/\/www.cgjung.net\/espace\/wp-json\/wp\/v2\/pages\/2039"}],"wp:attachment":[{"href":"https:\/\/www.cgjung.net\/espace\/wp-json\/wp\/v2\/media?parent=194"}],"curies":[{"name":"wp","href":"https:\/\/api.w.org\/{rel}","templated":true}]}}