{"id":19304,"date":"2022-06-23T20:57:03","date_gmt":"2022-06-23T18:57:03","guid":{"rendered":"https:\/\/www.cgjung.net\/espace\/?page_id=19304"},"modified":"2022-06-24T09:08:09","modified_gmt":"2022-06-24T07:08:09","slug":"couleurs-alchimiques","status":"publish","type":"page","link":"https:\/\/www.cgjung.net\/espace\/ressources\/couleurs-alchimiques\/","title":{"rendered":"Couleurs alchimiques &#8211; La vie en jaune"},"content":{"rendered":"<p><strong>De toutes les couleurs alchimiques, la couleur jaune est la plus m\u00e9connue. C&rsquo;est la couleur m\u00e9diatrice entre la s\u00e9duisante <em>albedo<\/em> et la palpitante&nbsp;<em>rubedo. <\/em>Les auteurs la nomment <em>citrinitas<\/em> et en abordent les diff\u00e9rents aspects cliniques qu&rsquo;il s&rsquo;agisse de sa place au sein de nos psych\u00e9s individuelles ou dans la vie collective.<\/strong><\/p>\n<p><img loading=\"lazy\" decoding=\"async\" class=\"size-full wp-image-19302 aligncenter\" src=\"https:\/\/www.cgjung.net\/espace\/wp-content\/uploads\/2022\/06\/couleurs-alchimiques.png\" alt=\"\" width=\"280\" height=\"405\" srcset=\"https:\/\/www.cgjung.net\/espace\/wp-content\/uploads\/2022\/06\/couleurs-alchimiques.png 280w, https:\/\/www.cgjung.net\/espace\/wp-content\/uploads\/2022\/06\/couleurs-alchimiques-207x300.png 207w\" sizes=\"auto, (max-width: 280px) 100vw, 280px\" \/><\/p>\n<p style=\"text-align: center;\"><a href=\"https:\/\/cgjungfrance.com\/2022\/05\/publications-de-la-sfpa-n4\/\" target=\"_blank\" rel=\"noopener noreferrer\">Les commander aupr\u00e8s des Publications de la SFPA<\/a><\/p>\n<p style=\"text-align: center;\">Num\u00e9ro 4 &#8211; 15,5 cm x 22 cm x 0,6 cm &#8211; 94 pages&nbsp;<\/p>\n<p>Voici les actes du colloque organis\u00e9 par la SFPA le 9 octobre 2021.<\/p>\n<h2>Table des mati\u00e8res<\/h2>\n<p>Pr\u00e9sentation de la journ\u00e9e et des intervenants<br \/>\n<em>Nathalie Dominguez<\/em><\/p>\n<p>La vie en jaune : pas d&rsquo;Or sans Sulfure, pas de Sulfure sans Or<br \/>\n<em>Sophie Seale<\/em><\/p>\n<p>La vie en jaune : tout ce qui est jaune n&rsquo;est pas d&rsquo;or<br \/>\n<em>Bertrand de la Vaissi\u00e8re<\/em><\/p>\n<p>La vie en jaune : citrines acides<br \/>\n<em>Marie-Laure Colonna<\/em><\/p>\n<p>Table ronde<\/p>\n<h2>Les publications de la SFPA<\/h2>\n<p><em>(Pr\u00e9sent\u00e9es sur le site EFJ)<\/em><\/p>\n<p><strong>Ouvrage<\/strong><\/p>\n<ul>\n<li><a href=\"https:\/\/www.cgjung.net\/espace\/ressources\/supervision\/\">Superviser et \u00eatre supervis\u00e9<\/a><\/li>\n<\/ul>\n<p><strong>Actes des colloques<\/strong><\/p>\n<ul>\n<li><a href=\"https:\/\/www.cgjung.net\/espace\/ressources\/jung-alchimie-temps\/\">1 &#8211; Jung et l\u2019alchimie du temps<\/a> (16 novembre 2019)<\/li>\n<li><a href=\"https:\/\/www.cgjung.net\/espace\/ressources\/dissidence-en-psychanalyse\/\">2 &#8211; Dissidence en psychanalyse<\/a> (3 octobre 2020)<\/li>\n<li><a href=\"https:\/\/www.cgjung.net\/espace\/ressources\/technologies-inconscient\/\">3 &#8211; Technologies et inconscient<\/a> (10 avril 2021)<\/li>\n<li><a href=\"https:\/\/www.cgjung.net\/espace\/ressources\/couleurs-alchimiques\/\">4 &#8211; Couleurs alchimiques \u2013 La vie en jaune<\/a> (9 octobre 2021)<\/li>\n<li><a href=\"https:\/\/www.cgjung.net\/espace\/ressources\/feminin-psyche\/\">5 &#8211; Jung et l\u2019\u0153uvre du f\u00e9minin dans la psych\u00e9<\/a> (19 novembre 2022)<\/li>\n<li><a href=\"https:\/\/www.cgjung.net\/espace\/ressources\/psychiatrie-psychanalyse\/\">6 &#8211; L&rsquo;approche jungienne \u00e0 la crois\u00e9e de la psychiatrie et de la psychanalyse<\/a> (9 avril 2022)<\/li>\n<li><a href=\"https:\/\/www.cgjung.net\/espace\/ressources\/sfpa-no7\/\">7 &#8211; Qu\u2019est ce que l\u2019on se raconte comme histoire ?<\/a>&nbsp; (13 mai 2023)<\/li>\n<li><a href=\"https:\/\/www.cgjung.net\/espace\/ressources\/couleurs-alchimiques-rouge\/\">8 &#8211; Couleurs alchimiques. La vie en rouge<\/a> (2 d\u00e9cembre 2023)<\/li>\n<li><a href=\"https:\/\/www.cgjung.net\/espace\/ressources\/yi-jing-individuation\/\">9 &#8211; Le Yi Jing et l&rsquo;individuation<\/a> (14 d\u00e9cembre 2024)<\/li>\n<li><a href=\"https:\/\/www.cgjung.net\/espace\/ressources\/desir-et-plaisir\/\">10 &#8211; D\u00e9sir et plaisir<\/a> (24 mai 2025)<\/li>\n<\/ul>\n\n","protected":false},"excerpt":{"rendered":"<p>De toutes les couleurs alchimiques, la couleur jaune est la plus m\u00e9connue. C&rsquo;est la couleur m\u00e9diatrice entre la s\u00e9duisante albedo et la palpitante&nbsp;rubedo. Les auteurs la nomment citrinitas et en abordent les diff\u00e9rents aspects cliniques qu&rsquo;il s&rsquo;agisse de sa place au sein de nos psych\u00e9s individuelles ou dans la vie collective. Les commander aupr\u00e8s des [&hellip;]<\/p>\n","protected":false},"author":1,"featured_media":0,"parent":9713,"menu_order":13,"comment_status":"closed","ping_status":"closed","template":"","meta":{"footnotes":""},"class_list":["post-19304","page","type-page","status-publish","hentry"],"_links":{"self":[{"href":"https:\/\/www.cgjung.net\/espace\/wp-json\/wp\/v2\/pages\/19304","targetHints":{"allow":["GET"]}}],"collection":[{"href":"https:\/\/www.cgjung.net\/espace\/wp-json\/wp\/v2\/pages"}],"about":[{"href":"https:\/\/www.cgjung.net\/espace\/wp-json\/wp\/v2\/types\/page"}],"author":[{"embeddable":true,"href":"https:\/\/www.cgjung.net\/espace\/wp-json\/wp\/v2\/users\/1"}],"replies":[{"embeddable":true,"href":"https:\/\/www.cgjung.net\/espace\/wp-json\/wp\/v2\/comments?post=19304"}],"version-history":[{"count":6,"href":"https:\/\/www.cgjung.net\/espace\/wp-json\/wp\/v2\/pages\/19304\/revisions"}],"predecessor-version":[{"id":19310,"href":"https:\/\/www.cgjung.net\/espace\/wp-json\/wp\/v2\/pages\/19304\/revisions\/19310"}],"up":[{"embeddable":true,"href":"https:\/\/www.cgjung.net\/espace\/wp-json\/wp\/v2\/pages\/9713"}],"wp:attachment":[{"href":"https:\/\/www.cgjung.net\/espace\/wp-json\/wp\/v2\/media?parent=19304"}],"curies":[{"name":"wp","href":"https:\/\/api.w.org\/{rel}","templated":true}]}}