{"id":19248,"date":"2022-06-01T12:12:56","date_gmt":"2022-06-01T10:12:56","guid":{"rendered":"https:\/\/www.cgjung.net\/espace\/?page_id=19248"},"modified":"2022-06-02T10:45:44","modified_gmt":"2022-06-02T08:45:44","slug":"mere-contes-fees","status":"publish","type":"page","link":"https:\/\/www.cgjung.net\/espace\/ressources\/mere-contes-fees\/","title":{"rendered":"La M\u00e8re dans les contes de f\u00e9es"},"content":{"rendered":"<p><strong>Suivons Sibylle Birkh\u00e4user-Oeri et d\u00e9couvrons, dans le sillage de Carl Gustav Jung et Marie-Louise von Franz, la lecture symbolique des contes. En livre de poche aux \u00e9ditions La Fontaine de Pierre.<\/strong><\/p>\n<p><img loading=\"lazy\" decoding=\"async\" class=\"size-full wp-image-19244 aligncenter\" src=\"https:\/\/www.cgjung.net\/espace\/wp-content\/uploads\/2022\/06\/la-mere-dans-les-contes-de-fees.jpg\" alt=\"\" width=\"280\" height=\"458\" srcset=\"https:\/\/www.cgjung.net\/espace\/wp-content\/uploads\/2022\/06\/la-mere-dans-les-contes-de-fees.jpg 280w, https:\/\/www.cgjung.net\/espace\/wp-content\/uploads\/2022\/06\/la-mere-dans-les-contes-de-fees-183x300.jpg 183w\" sizes=\"auto, (max-width: 280px) 100vw, 280px\" \/><\/p>\n<p style=\"text-align: center;\"><a href=\"https:\/\/www.amazon.fr\/exec\/obidos\/ASIN\/2902707819\/carlgustavjungen\" target=\"_blank\" rel=\"noopener\"><img loading=\"lazy\" decoding=\"async\" class=\"alignnone size-full\" src=\"https:\/\/www.cgjung.net\/images\/achat-2.gif\" width=\"300\" height=\"25\" \/><\/a><br \/>\nEditions La Fontaine de Pierre \u2013 17,8 x 10,8 x 2,4 cm \u2013 512 pages<br \/>\nTraduit de l&rsquo;allemand par Michel Bacchetta<\/p>\n<h2>Pr\u00e9sentation de l&rsquo;\u00e9diteur<\/h2>\n<p>\u00c0 l\u2019\u00e9nonc\u00e9 du mot \u00ab m\u00e8re \u00bb s\u2019\u00e9veillent toutes sortes d\u2019impressions, d\u2019\u00e9motions, d\u2019images, de souvenirs, d\u2019\u00e9vidences. Chacun colore le mot de sa propre exp\u00e9rience, de son v\u00e9cu, de sa sensibilit\u00e9, se r\u00e9f\u00e9rant \u00e0 la m\u00e8re qu\u2019il a eue.<\/p>\n<p>Les contes de f\u00e9es et leur analyse montrent que la m\u00e8re ext\u00e9rieure, individuelle, a pour pendant la m\u00e8re arch\u00e9typique, ils d\u00e9voilent que cette m\u00e8re, tout int\u00e9rieure, rev\u00eat les caract\u00e9ristiques tr\u00e8s contrast\u00e9es \u2014 positives et n\u00e9gatives \u2014 de la Grande M\u00e8re universelle que certaines religions reconnaissent.<\/p>\n<p>Sorci\u00e8re ou d\u00e9esse, mal\u00e9fique, d\u00e9voratrice, ou protectrice, f\u00e9conde, elle est, \u00e0 l\u2019image de l\u2019inconscient dont elle est tr\u00e8s proche, porteuse de tous les possibles. Pleinement accueillie, elle cesse de submerger, et devient cr\u00e9atrice comme la matrice.<\/p>\n<p>Cet ouvrage s\u2019inscrit dans la tradition d\u2019interpr\u00e9tation des contes de f\u00e9es con\u00e7ue par C.G. Jung.<\/p>\n<p>La lecture symbolique des contes, qui permet de d\u00e9celer les images arch\u00e9typiques peuplant la psych\u00e9 humaine, nous a \u00e9t\u00e9 rendue famili\u00e8re par les <a href=\"https:\/\/www.cgjung.net\/mlvf\/oeuvre\/index.htm\">dix ouvrages que Marie-Louise von Franz<\/a> a consacr\u00e9s \u00e0 ce sujet.<\/p>\n<h2>L&rsquo;auteure Sibylle Birkh\u00e4user-Oeri<\/h2>\n<p>Elle a \u00e9t\u00e9 en analyse avec Marie-Louise von Franz, puis a travaill\u00e9 elle-m\u00eame sur les contes : elle a donn\u00e9 nombre de conf\u00e9rences et de cours \u00e0 l\u2019institut C.G. Jung de Zurich sur la m\u00e8re dans les contes de f\u00e9es.<\/p>\n<p>Ce livre est bas\u00e9 sur ses notes, ses \u00e9crits. A la mort pr\u00e9matur\u00e9e de Sibylle Birkh\u00e4user, Marie-Louise von Franz s\u2019est charg\u00e9e de les assembler pour en faire un tout. Ce livre lui doit beaucoup, comme il doit beaucoup \u00e0 la somme des connaissances de Sibylle Birkh\u00e4user et \u00e0 la profondeur de son exp\u00e9rience de la psych\u00e9.<\/p>\n<p>Le m\u00eame livre existe en grand format:&nbsp; <a href=\"https:\/\/www.cgjung.net\/mlvf\/oeuvre\/la-mere-dans-les-contes-de-fees.htm\">voir la pr\u00e9sentation et lire quelques&nbsp; extraits du pr\u00e9sent ouvrage.<\/a><\/p>\n","protected":false},"excerpt":{"rendered":"<p>Suivons Sibylle Birkh\u00e4user-Oeri et d\u00e9couvrons, dans le sillage de Carl Gustav Jung et Marie-Louise von Franz, la lecture symbolique des contes. En livre de poche aux \u00e9ditions La Fontaine de Pierre. Editions La Fontaine de Pierre \u2013 17,8 x 10,8 x 2,4 cm \u2013 512 pages Traduit de l&rsquo;allemand par Michel Bacchetta Pr\u00e9sentation de l&rsquo;\u00e9diteur [&hellip;]<\/p>\n","protected":false},"author":1,"featured_media":0,"parent":9713,"menu_order":13,"comment_status":"closed","ping_status":"closed","template":"","meta":{"footnotes":""},"class_list":["post-19248","page","type-page","status-publish","hentry"],"_links":{"self":[{"href":"https:\/\/www.cgjung.net\/espace\/wp-json\/wp\/v2\/pages\/19248","targetHints":{"allow":["GET"]}}],"collection":[{"href":"https:\/\/www.cgjung.net\/espace\/wp-json\/wp\/v2\/pages"}],"about":[{"href":"https:\/\/www.cgjung.net\/espace\/wp-json\/wp\/v2\/types\/page"}],"author":[{"embeddable":true,"href":"https:\/\/www.cgjung.net\/espace\/wp-json\/wp\/v2\/users\/1"}],"replies":[{"embeddable":true,"href":"https:\/\/www.cgjung.net\/espace\/wp-json\/wp\/v2\/comments?post=19248"}],"version-history":[{"count":12,"href":"https:\/\/www.cgjung.net\/espace\/wp-json\/wp\/v2\/pages\/19248\/revisions"}],"predecessor-version":[{"id":19265,"href":"https:\/\/www.cgjung.net\/espace\/wp-json\/wp\/v2\/pages\/19248\/revisions\/19265"}],"up":[{"embeddable":true,"href":"https:\/\/www.cgjung.net\/espace\/wp-json\/wp\/v2\/pages\/9713"}],"wp:attachment":[{"href":"https:\/\/www.cgjung.net\/espace\/wp-json\/wp\/v2\/media?parent=19248"}],"curies":[{"name":"wp","href":"https:\/\/api.w.org\/{rel}","templated":true}]}}