{"id":19014,"date":"2022-04-27T10:50:13","date_gmt":"2022-04-27T08:50:13","guid":{"rendered":"https:\/\/www.cgjung.net\/espace\/?page_id=19014"},"modified":"2022-05-04T06:46:59","modified_gmt":"2022-05-04T04:46:59","slug":"narcissisme-perversion-paranoia","status":"publish","type":"page","link":"https:\/\/www.cgjung.net\/espace\/accueil\/michel-cautaerts\/narcissisme-perversion-paranoia\/","title":{"rendered":"Du narcissisme, \u00e0 travers la perversion, jusqu\u2019\u00e0 la parano\u00efa"},"content":{"rendered":"<p><strong>Du narcissisme normal au narcissisme pathologique quelles sont les \u00e9tapes qui conduisent \u00e0 la perversion et qui peuvent s&rsquo;\u00e9tendre \u00e0 la parano\u00efa ? Comment reconna\u00eetre les Narcisses qui nous entourent ? Quels sont leurs complices ?<\/strong><\/p>\n<p><img loading=\"lazy\" decoding=\"async\" class=\"size-full wp-image-19018 aligncenter\" src=\"https:\/\/www.cgjung.net\/espace\/wp-content\/uploads\/2022\/04\/Narcisse-pervers-paranoiaque.png\" alt=\"\" width=\"573\" height=\"141\" srcset=\"https:\/\/www.cgjung.net\/espace\/wp-content\/uploads\/2022\/04\/Narcisse-pervers-paranoiaque.png 573w, https:\/\/www.cgjung.net\/espace\/wp-content\/uploads\/2022\/04\/Narcisse-pervers-paranoiaque-300x74.png 300w\" sizes=\"auto, (max-width: 573px) 100vw, 573px\" \/><\/p>\n<p>Quelques exemples de comportement :<\/p>\n<ul>\n<li>Un nourrisson hurle sa rage. Ses cris traversent les murs et vrillent les tympans des voisins.<\/li>\n<li>Un adolescent blanc de rage serre les poings et tente de se retenir de frapper ses condisciples.<\/li>\n<li>Un avocat, furieux d\u2019avoir perdu un proc\u00e8s, \u00e9crase son poing sur le visage de son adversaire.<\/li>\n<li>Un r\u00e2leur attribue \u00e0 un copain de longue date le harc\u00e8lement qu\u2019il effectue lui-m\u00eame depuis des ann\u00e9es.<\/li>\n<\/ul>\n<p>Derri\u00e8re cette violence manifeste quels sont les m\u00e9canismes qui agissent en arri\u00e8re-plan ? Suivons le fil du mythe de Narcisse.<\/p>\n<h2>Le mythe de Narcisse<\/h2>\n<blockquote><p>Narcisse est n\u00e9 du viol de sa m\u00e8re par un dieu du fleuve. Cette m\u00e8re ne lui a donc pas pr\u00e9sent\u00e9 son p\u00e8re. Le mythe dit que Narcisse est adul\u00e9 des hommes et des femmes. <em>C\u2019est donc un s\u00e9ducteur. <\/em><\/p>\n<p>Adolescent, il part \u00e0 la chasse avec ses compagnons et se perd dans les bois. Il crie pour les retrouver mais seule la Nymphe \u00c9cho l\u2019entend. Celle-ci se pr\u00e9cipite \u00e0 sa rencontre. Narcisse la repousse brutalement.<\/p>\n<p>D\u00e9sesp\u00e9r\u00e9e, \u00c9cho d\u00e9p\u00e9rit jusqu\u2019\u00e0 n\u2019\u00eatre plus qu\u2019une voix \u00e0 peine audible en \u00e9cho au fond des bois. La d\u00e9esse de la justice condamne Narcisse \u00e0 tomber amoureux de son propre reflet. On raconte qu\u2019il est toujours \u00e0 se contempler dans un miroir aux enfers.<\/p><\/blockquote>\n<h2>Quel sens cela a-t-il&nbsp;?<\/h2>\n<p><strong>Le narcissisme normal<\/strong> consiste \u00e0 \u00eatre fier de ses r\u00e9alisations et \u00e0 en recevoir de l\u2019estime de soi.<\/p>\n<p><strong>Le narcissisme pathologique, ici nomm\u00e9 Narcisse, <\/strong>en est une d\u00e9viation. Narcisse veut \u00eatre admir\u00e9 et adul\u00e9. Il fera donc tout pour s\u00e9duire <a href=\"#_ftn1\" name=\"_ftnref1\">[1]<\/a> ceux qu\u2019il estime importants. Les autres ne sont rien \u00e0 ses yeux que des personnages \u00e0 manipuler et \u00e0 mettre \u00e0 son service.<\/p>\n<p>Narcisse n\u2019a ni \u00e9motions ni sentiments. La v\u00e9rit\u00e9 ne lui importe pas : seule compte l\u2019efficacit\u00e9 de ses man\u0153uvres. Il d\u00e9tourne le langage de sa fonction de communication pour en faire une arme dont il use pour agir sur l\u2019autre. Son id\u00e9e de lui-m\u00eame est grandiose. Tr\u00e8s t\u00f4t il comprend que, pour s\u00e9duire, il lui faut cr\u00e9er un personnage affable.&nbsp;<\/p>\n<h2>Narcisse, un acteur chevronn\u00e9<\/h2>\n<p>Souvent Narcisse d\u00e9veloppera des connaissances afin de s\u00e9duire. Il est attir\u00e9 par les professions qui permettent de briller, par exemple la politique, le droit ou la vente. Dans ces professions le mensonge est monnaie courante. On manipule le langage pour se faire \u00e9lire, convaincre un tribunal ou faire fortune.<\/p>\n<p>On sait que, par d\u00e9formation professionnelle, les politiciens, les avocats et les vendeurs sont sp\u00e9cialistes de l\u2019argutie : ils d\u00e9tournent le langage de sa fonction de communication et en usent comme d&rsquo;une arme pour agir sur l\u2019autre.<\/p>\n<p>Dans sa jeunesse, Narcisse tentera de r\u00e9unir autour de lui les personnes qui peuvent lui \u00eatre utiles. Il se fera membre d\u2019associations qui lui paraissent de nature \u00e0 augmenter son prestige. Il veut \u00eatre lou\u00e9 et admir\u00e9.<\/p>\n<h2>Narcisse devient pervers<\/h2>\n<p>Cela fonctionne jusqu\u2019au jour o\u00f9, l\u2019\u00e2ge aidant, sa s\u00e9duction diminue. D\u00e8s lors, Narcisse devient pervers. Il cherche des victimes \u00e0 humilier et, tel un vampire, se nourrit de l\u2019estime d\u2019eux-m\u00eames qu\u2019il leur enl\u00e8ve.<\/p>\n<p>Il ment effront\u00e9ment et s\u2019attribue les m\u00e9rites des autres. Il d\u00e9valorise ou d\u00e9molit les personnes de son entourage qui ont de la valeur aux yeux des autres.<\/p>\n<p>Employ\u00e9, il fera renvoyer les coll\u00e8gues dont les comp\u00e9tences lui font de l\u2019ombre. Souvent il se met \u00e0 donner des le\u00e7ons que personne n\u2019a sollicit\u00e9es. Il devient ennuyeux. Il sent confus\u00e9ment que le succ\u00e8s lui \u00e9chappe. Et cela lui est insupportable.<\/p>\n<p>Alors Narcisse cherche la cause de sa perte de valeur. Et quoi de plus simple que de d\u00e9signer un responsable de ses maux, qu\u2019il ne peut s\u2019attribuer \u00e0 lui-m\u00eame en raison de son soi grandiose.<\/p>\n<p>Ainsi, la pand\u00e9mie actuelle r\u00e9pand une crainte irraisonn\u00e9e parmi la population. L\u2019ennemi, le virus, \u00e9tant invisible, Narcisse cherche quelqu\u2019un sur qui se d\u00e9fouler. On sait que les porteurs d\u2019uniforme sont devenus, pour nombre de personnes qui se sentent pers\u00e9cut\u00e9es, les cibles de leur hargne. Narcisse devient d\u00e8s lors parano\u00efaque.<\/p>\n<h2>Narcisse devient parano\u00efaque<\/h2>\n<p>Il attribue \u00e0 l\u2019autre tout ce qu\u2019il ne peut reconna\u00eetre en lui. Cette part de lui sombre et n\u00e9faste, il tente de la projeter sur l\u2019autre ou, mieux, d\u2019injecter dans l\u2019autre le poison de sa haine. Ce qui le justifie de l\u2019attaquer et de chercher \u00e0 le d\u00e9truire.<span style=\"color: #0000ff;\">&nbsp;<\/span><\/p>\n<p>Il se met \u00e0 \u00e9pier les personnes de son entourage qui ont quelque succ\u00e8s. Il n\u2019est pas jaloux mais envieux. Le jaloux veut \u00eatre \u00e0 la place de l\u2019autre. L\u2019envieux sait qu\u2019il n\u2019a pas les capacit\u00e9s d\u2019occuper cette place et veut donc d\u00e9truire celui qui a du succ\u00e8s. Il s\u2019attaquera en premier lieu aux personnes cr\u00e9atives, car lui-m\u00eame est incapable de cr\u00e9er.<\/p>\n<p>Tous les moyens sont bons, d\u00e9sormais, pour Narcisse le pers\u00e9cuteur, afin de nuire \u00e0 la victime qu\u2019il s\u2019est choisie et, si possible, de la d\u00e9truire. Il ne recule devant aucun mensonge. Il \u00e9piera sa cible, inventera des m\u00e9faits imaginaires \u00e0 lui attribuer afin de justifier l\u2019agression qu\u2019il perp\u00e9trera. Il cherchera des complices \u00e0 convaincre et, h\u00e9las, en trouvera souvent. Ces derniers peuvent \u00eatre conscients ou non de leur complicit\u00e9.<\/p>\n<h2>Narcisse et ses complices<\/h2>\n<p>De mani\u00e8re caract\u00e9ristique, Narcisse trouve des complices parmi ceux qui manquent de courage et veulent surtout \u00e9viter les tensions. Dans ce but, ils minimisent la dangerosit\u00e9 des attaques perp\u00e9tr\u00e9es par Narcisse. C\u2019est en vain que les victimes esp\u00e9reront que joue la solidarit\u00e9, cette composante essentielle \u00e0 la vie de tout groupe humain.<\/p>\n<p>Les cadres de relation volent en \u00e9clat sous les attaques et interpr\u00e9tations malveillantes de Narcisse. Ceux qui en sont t\u00e9moins choisissent tr\u00e8s souvent de d\u00e9tourner le regard. La victime se retrouve isol\u00e9e. Au lieu de voir s\u2019associer tous ceux qui sont victimes, elle constatera que r\u00e8gne la peur, peur de t\u00e9moigner, peur d\u2019avertir la cible des man\u0153uvres.<\/p>\n<p>Narcisse multiple les crises de rage et les interpr\u00e9tations malveillantes. Mais ceux auxquels il s\u2019adresse ne pr\u00e9viennent pas celui qui est la cible des attaques. Cela peut durer des ann\u00e9es sans que la cible ne soit avertie.<\/p>\n<h2>Un meurtre psychologique<\/h2>\n<p>Si Narcisse recourt rarement au meurtre physique, il tente plus volontiers un meurtre psychologique. Et cela marche&nbsp;!<\/p>\n<p>Ne demandez pas \u00e0 Narcisse de pr\u00e9senter des excuses \u00e0 sa victime. Il en est incapable en raison de son soi grandiose. \u00c0 ses yeux, il est un \u00eatre sup\u00e9rieur et parfait. Seuls les autres sont critiquables.<\/p>\n<p>D\u00e9masqu\u00e9, Narcisse ira vers d\u2019autres lieux afin de s\u00e9duire d\u2019autres futurs complices. Car il ne peut se passer ni de louanges ni de victimes.<\/p>\n<h2>Rep\u00e9rer les Pervers Narcissiques<\/h2>\n<p>Rep\u00e9rer les Pervers Narcissiques n\u2019est jamais facile car ils se cachent habilement sous le masque d\u2019un personnage aimable. La plupart des humains ne portent pas suffisamment d\u2019attention aux impressions fugaces de malaise lors du contact avec un pervers. Ils sentent que le personnage est froid mais attribuent \u00e0 la discr\u00e9tion son absence d\u2019\u00e9motions.<\/p>\n<p>Le pervers proc\u00e8de par petites touches, infligeant \u00e0 ses victimes une forme de supplice de la goutte d\u2019eau. Les petites agressions et humiliations que subit la victime peuvent longtemps para\u00eetre anodines aux yeux des gens braves. La m\u00e9moire est ainsi faite qu\u2019on oublie au fur et \u00e0 mesure les d\u00e9sagr\u00e9ments ou les atteintes subies. C\u2019est leur accumulation qui est destructrice. Aussi, m\u00eame si ce n\u2019est pas l\u2019habitude de la plupart de personnes, a-t-on avantage \u00e0 noter les faits.<\/p>\n<h2>L&rsquo;attaque parano\u00efaque<\/h2>\n<p>L\u2019attaque parano\u00efaque prend la forme d\u2019accusations, d\u00e9guis\u00e9es en plaidoirie, dont la logique apparente masque l\u2019irr\u00e9alit\u00e9. Le parano\u00efaque accumulera parfois des ann\u00e9es durant les d\u00e9tails qu\u2019il \u00e9pie chez l\u2019autre et qu\u2019il interpr\u00e8te de fa\u00e7on malveillante.<\/p>\n<p>C\u2019est la pr\u00e9misse du discours qui est fausse. Le reste est fortement articul\u00e9 ce qui masque l\u2019accumulation de mensonges et d\u2019interpr\u00e9tations malveillantes. Il arrive que quelques crises de rage se soient produites, que le brave humain consid\u00e9rera \u00e0 tort comme de petites col\u00e8res sans cons\u00e9quences.<\/p>\n<h2>Tuer avec des mots<\/h2>\n<p>Quoi qu\u2019en pensent la plupart des gens, on peut effectivement tuer avec des mots. (Sigmund Freud). <a href=\"#_ftn2\" name=\"_ftnref2\">[2]<\/a><\/p>\n<p>Quiconque entend le discours accusateur du parano\u00efaque sent confus\u00e9ment qu\u2019il s\u2019agit d\u2019une agression. Mais la plupart choisiront de minimiser la dangerosit\u00e9 de l\u2019attaque ou sur\u00e9valueront la capacit\u00e9 de r\u00e9sistance de la victime pour justifier leur manque de r\u00e9action. Ainsi les cadres sont explos\u00e9s et la solidarit\u00e9 indispensable \u00e0 la vie en soci\u00e9t\u00e9 bafou\u00e9e.<\/p>\n<p><strong>Le parano\u00efaque prend pour cible les personnes comp\u00e9tentes et les cr\u00e9atrices car lui-m\u00eame n\u2019est pas capable de cr\u00e9er.<\/strong><\/p>\n<p>La victime d\u2019une attaque parano\u00efaque se retrouve ainsi isol\u00e9e, empoisonn\u00e9e par la haine qui lui a \u00e9t\u00e9 inject\u00e9e. Elle mettra des mois ou des ann\u00e9es \u00e0 se remettre de l\u2019attaque meurtri\u00e8re subie et du chagrin de perdre ceux qu\u2019elle croyait des amis et qui n\u2019ont fait preuve ni de droiture ni de solidarit\u00e9 r\u00e9elle.<\/p>\n<p>Outre les 30 caract\u00e9ristiques possibles du Pervers Narcissique d\u00e9crites par Isabelle Nazare-Aga, il y a lieu de tenir compte des petites r\u00e9actions ou de l\u00e9gers malaises qu\u2019engendre le contact avec un Narcisse.<\/p>\n<p>Qui les \u00e9prouve aura avantage \u00e0 chercher la source de son malaise et examiner attentivement ce qui l\u2019a provoqu\u00e9. Et surtout de ne pas croire qu\u2019il sera assez fort pour r\u00e9sister aux attaques et humiliations.<\/p>\n<p><strong>Notes<\/strong><\/p>\n<p><a href=\"#_ftnref1\" name=\"_ftn1\">[1]<\/a> La s\u00e9duction pathologique consiste \u00e0 tromper l\u2019autre et \u00e0 le d\u00e9vier de son chemin de vie.<\/p>\n<p><a href=\"#_ftnref2\" name=\"_ftn2\">[2]<\/a> Jean-Pierre Lebrun et Andr\u00e9 W\u00e9nin.<em> Des lois pour \u00eatre humain. <\/em>\u00c9dition \u00c9r\u00e8s. 2008.<\/p>\n<p style=\"text-align: right;\">Mai 2022<\/p>\n<p style=\"text-align: center;\"><a class=\"buttonv navigation\" href=\"https:\/\/www.cgjung.net\/espace\/accueil\/michel-cautaerts\/traitement-pervers-narcissiques\/\">Article pr\u00e9c\u00e9dent<\/a><\/p>\n<p><a href=\"https:\/\/www.cgjung.net\/contact.htm\"><strong>Adresser un message \u00e0 Michel Cautaerts<\/strong><\/a><\/p>\n<p>&nbsp;<\/p>\n<h2>A lire \u00e9galement<\/h2>\n<ul>\n<li><a href=\"https:\/\/www.cgjung.net\/espace\/accueil\/michel-cautaerts\/la-perversion-narcissique\/\">La perversion narcissique ou le harc\u00e8lement moral<\/a><\/li>\n<li><a href=\"https:\/\/www.cgjung.net\/espace\/accueil\/michel-cautaerts\/detournement-langage\/\">D\u00e9tournement du langage dans la perversion narcissique ou le harc\u00e8lement<\/a><\/li>\n<li><a href=\"https:\/\/www.cgjung.net\/espace\/accueil\/michel-cautaerts\/manoeuvres-perverses\/\">Les man\u0153uvres perverses et les personnes cibles<\/a><\/li>\n<li><a href=\"https:\/\/www.cgjung.net\/espace\/accueil\/michel-cautaerts\/perversion-narcissique-couples-et-enfants\/\">La perversion narcissique : couples et enfants<\/a><\/li>\n<li><a href=\"https:\/\/www.cgjung.net\/espace\/accueil\/michel-cautaerts\/traitement-victimes-pervers-narcissiques\/\">Traitement pour les victimes de pervers narcissiques<\/a><\/li>\n<li><a href=\"https:\/\/www.cgjung.net\/espace\/accueil\/michel-cautaerts\/traitement-pervers-narcissiques\/\">Traitement des pervers narcissiques<\/a><\/li>\n<li><a href=\"https:\/\/www.cgjung.net\/espace\/accueil\/michel-cautaerts\/narcissisme-perversion-paranoia\/\">Du narcissisme, \u00e0 travers la perversion, jusqu\u2019\u00e0 la parano\u00efa<\/a><\/li>\n<li><a href=\"https:\/\/www.cgjung.net\/espace\/accueil\/michel-cautaerts\/bibliographie\/\">Rep\u00e8res bibliographiques<\/a><\/li>\n<\/ul>\n<h2>Michel Cautaerts<\/h2>\n<p>M\u00e9decin psychiatre et psychanalyste jungien, ancien pr\u00e9sident de la Soci\u00e9t\u00e9 Belge de Psychologie Analytique, Michel Cautaerts est un chercheur, clinicien et conf\u00e9rencier. Sa riche exp\u00e9rience s&rsquo;\u00e9tend sur plus de 40 ans. Il est l&rsquo;auteur de deux ouvrages :<\/p>\n<ul>\n<li>\u00ab\u00a0<a href=\"https:\/\/www.cgjung.net\/publications\/perversion-narcissique-je-tu-il-michel-cautaerts.htm\">Je tu(e) il\u00a0\u00bb<\/a>. Manipulations et perversions: le sens du mal.<br \/>\n<a href=\"https:\/\/www.cgjung.net\/espace\/accueil\/michel-cautaerts\/\">Lire un extrait de la pr\u00e9face<\/a> r\u00e9dig\u00e9e par Michel Cazenave.<\/li>\n<li><a href=\"https:\/\/www.cgjung.net\/publications\/couples_dieux_hommes.htm\">Couples des dieux, couples des hommes<\/a>. De la mythologie \u00e0 la psychanalyse du quotidien.<\/li>\n<\/ul>\n\n","protected":false},"excerpt":{"rendered":"<p>Du narcissisme normal au narcissisme pathologique quelles sont les \u00e9tapes qui conduisent \u00e0 la perversion et qui peuvent s&rsquo;\u00e9tendre \u00e0 la parano\u00efa ? Comment reconna\u00eetre les Narcisses qui nous entourent ? Quels sont leurs complices ? Quelques exemples de comportement : Un nourrisson hurle sa rage. Ses cris traversent les murs et vrillent les tympans [&hellip;]<\/p>\n","protected":false},"author":1,"featured_media":0,"parent":15570,"menu_order":0,"comment_status":"closed","ping_status":"closed","template":"","meta":{"footnotes":""},"class_list":["post-19014","page","type-page","status-publish","hentry"],"_links":{"self":[{"href":"https:\/\/www.cgjung.net\/espace\/wp-json\/wp\/v2\/pages\/19014","targetHints":{"allow":["GET"]}}],"collection":[{"href":"https:\/\/www.cgjung.net\/espace\/wp-json\/wp\/v2\/pages"}],"about":[{"href":"https:\/\/www.cgjung.net\/espace\/wp-json\/wp\/v2\/types\/page"}],"author":[{"embeddable":true,"href":"https:\/\/www.cgjung.net\/espace\/wp-json\/wp\/v2\/users\/1"}],"replies":[{"embeddable":true,"href":"https:\/\/www.cgjung.net\/espace\/wp-json\/wp\/v2\/comments?post=19014"}],"version-history":[{"count":13,"href":"https:\/\/www.cgjung.net\/espace\/wp-json\/wp\/v2\/pages\/19014\/revisions"}],"predecessor-version":[{"id":19031,"href":"https:\/\/www.cgjung.net\/espace\/wp-json\/wp\/v2\/pages\/19014\/revisions\/19031"}],"up":[{"embeddable":true,"href":"https:\/\/www.cgjung.net\/espace\/wp-json\/wp\/v2\/pages\/15570"}],"wp:attachment":[{"href":"https:\/\/www.cgjung.net\/espace\/wp-json\/wp\/v2\/media?parent=19014"}],"curies":[{"name":"wp","href":"https:\/\/api.w.org\/{rel}","templated":true}]}}