{"id":18724,"date":"2022-02-22T10:08:31","date_gmt":"2022-02-22T09:08:31","guid":{"rendered":"https:\/\/www.cgjung.net\/espace\/?page_id=18724"},"modified":"2022-02-22T14:27:02","modified_gmt":"2022-02-22T13:27:02","slug":"cest-quand-la-vie","status":"publish","type":"page","link":"https:\/\/www.cgjung.net\/espace\/ressources\/cest-quand-la-vie\/","title":{"rendered":"C&rsquo;est quand la vie ?"},"content":{"rendered":"<p><strong>Dans ce livre, Sophie Braun s&rsquo;adresse \u00e0 des jeunes et leur dit sa confiance en la vie. Elle&nbsp; invite \u00e0 la d\u00e9couverte et au voyage int\u00e9rieur. Des questions que tout jeune se pose, des r\u00e9ponses claires qui permettent \u00e0 chacun de prendre en main sa destin\u00e9e.&nbsp;<\/strong><\/p>\n<p><img loading=\"lazy\" decoding=\"async\" class=\"size-full wp-image-18728 aligncenter\" src=\"https:\/\/www.cgjung.net\/espace\/wp-content\/uploads\/2022\/02\/c-est-quand-la-vie.png\" alt=\"\" width=\"280\" height=\"414\" \/><\/p>\n<p style=\"text-align: center;\"><a href=\"https:\/\/www.amazon.fr\/exec\/obidos\/ASIN\/B00IOEC9OY\/carlgustavjungen\" target=\"_blank\" rel=\"noopener\"><img loading=\"lazy\" decoding=\"async\" class=\"alignnone size-full\" src=\"https:\/\/www.cgjung.net\/images\/achat-2.gif\" width=\"300\" height=\"25\" \/><\/a><br \/>\nEditions Mauconduit \u2013 13,5 x 20 x 2,1 cm \u2013 237 pages<\/p>\n<p>Sophie Braun se base sur sa longue exp\u00e9rience de vie et de th\u00e9rapeute et elle porte ce message :<\/p>\n<blockquote><p>\u00ab\u00a0\u00e0 quel point la construction de mon monde int\u00e9rieur m&rsquo;a permis d&rsquo;habiter enfin chez moi, combien mon sentiment d&rsquo;\u00eatre vivante a grandi au fur et \u00e0 mesure de l&rsquo;acceptation de mes failles et de mes blessures. J&rsquo;aimerais vous transmettre cette confiance tiss\u00e9e de la patience et de l&rsquo;espoir un peu insens\u00e9 des chercheurs d&rsquo;or. Susciter en vous l&rsquo;envie de creuser pour d\u00e9nicher vos ressources.\u00a0\u00bb<\/p><\/blockquote>\n<p>Elle expose une grande diversit\u00e9 de situations auxquelles il est facile de s&rsquo;identifier. La table des mati\u00e8res ci-dessous en t\u00e9moigne !<\/p>\n<h2>Table des mati\u00e8res<\/h2>\n<p><strong>Introduction<\/strong> :&nbsp;La vie est une rencontre<\/p>\n<p><strong>Vous vous sentez perdu<\/strong><\/p>\n<p style=\"padding-left: 40px;\">Pas assez confiant<br \/>\nParfois honteux et humili\u00e9<br \/>\nSouvent jaloux<br \/>\n\u00c9touff\u00e9 par les fragilit\u00e9s familiales<br \/>\nCoupable de tout<br \/>\n\u00c9cras\u00e9, passif ou trop actif<br \/>\nR\u00e9sign\u00e9<br \/>\nUltrasensible et barricad\u00e9<br \/>\nD\u00e9bord\u00e9 par l&rsquo;\u00e9nergie, parfois violent<br \/>\nEnvahi de d\u00e9sirs et de besoins<br \/>\nPi\u00e9g\u00e9 par l&rsquo;autodestruction,&nbsp;parfois jusqu&rsquo;au suicide<\/p>\n<p><strong>Trouver, construire, prot\u00e9ger sa place<\/strong><\/p>\n<p style=\"padding-left: 40px;\">Plus en s\u00e9curit\u00e9<br \/>\nMoins angoiss\u00e9<br \/>\nMoins prisonnier des bourreaux int\u00e9rieurs<br \/>\nMoins passif<br \/>\nPlus d\u00e9cid\u00e9<br \/>\nPlus clairvoyant<\/p>\n<p><strong>Et osez !<\/strong><\/p>\n<p style=\"padding-left: 40px;\">Osez vous affirmer<br \/>\nOsez vous relier aux autres<br \/>\nParlez<br \/>\nAimez<br \/>\nReliez vos sensations et vos pens\u00e9es<\/p>\n<p><strong>Si vous voulez en savoir un peu plus<\/strong><\/p>\n<p style=\"padding-left: 40px;\">Chacun sa place<br \/>\nBesoins ou d\u00e9sirs ?<br \/>\nLes personnages int\u00e9rieurs : des conflits plein la t\u00eate<br \/>\nRanger le chaos dans votre chambre&nbsp;int\u00e9rieure<br \/>\nL&rsquo;\u00e9nergie, la force et la violence : faire le tri&#8230;<br \/>\nL&rsquo;inconscient, un myst\u00e8re en soi<br \/>\nRelier le corps et la t\u00eate<br \/>\nLe sens de l&rsquo;\u00e9quilibre int\u00e9rieur<\/p>\n<h2><img loading=\"lazy\" decoding=\"async\" class=\"alignright size-full wp-image-17931\" src=\"https:\/\/www.cgjung.net\/espace\/wp-content\/uploads\/2021\/11\/sophie-braun.jpg\" alt=\"\" width=\"120\" height=\"155\" \/>Sophie Braun<\/h2>\n<p>Sophie Braun est psychanalyste. Elle exerce \u00e0 Paris. Elle est membre de la Soci\u00e9t\u00e9 Fran\u00e7aise de Psychologie Analytique (SFPA) et de l&rsquo;Association Internationale de Psychologie Analytique (IAAP). Elle est \u00e9galement co-pr\u00e9sidente du Groupe d&rsquo;\u00c9tudes C. G. Jung.<\/p>\n<p>Sur le pr\u00e9sent site :<\/p>\n<ul>\n<li><a href=\"https:\/\/www.cgjung.net\/espace\/accueil\/sophie-braun\/sante-mentale-folie\/\">Sant\u00e9 mentale ou fabrique de la folie<\/a><\/li>\n<li><a href=\"https:\/\/www.cgjung.net\/espace\/ressources\/entretien-sophie-braun\/\">Entretien avec Sophie Braun. La tentation du repli<\/a><\/li>\n<\/ul>\n\n","protected":false},"excerpt":{"rendered":"<p>Dans ce livre, Sophie Braun s&rsquo;adresse \u00e0 des jeunes et leur dit sa confiance en la vie. Elle&nbsp; invite \u00e0 la d\u00e9couverte et au voyage int\u00e9rieur. Des questions que tout jeune se pose, des r\u00e9ponses claires qui permettent \u00e0 chacun de prendre en main sa destin\u00e9e.&nbsp; Editions Mauconduit \u2013 13,5 x 20 x 2,1 cm [&hellip;]<\/p>\n","protected":false},"author":1,"featured_media":0,"parent":9713,"menu_order":13,"comment_status":"closed","ping_status":"closed","template":"","meta":{"footnotes":""},"class_list":["post-18724","page","type-page","status-publish","hentry"],"_links":{"self":[{"href":"https:\/\/www.cgjung.net\/espace\/wp-json\/wp\/v2\/pages\/18724","targetHints":{"allow":["GET"]}}],"collection":[{"href":"https:\/\/www.cgjung.net\/espace\/wp-json\/wp\/v2\/pages"}],"about":[{"href":"https:\/\/www.cgjung.net\/espace\/wp-json\/wp\/v2\/types\/page"}],"author":[{"embeddable":true,"href":"https:\/\/www.cgjung.net\/espace\/wp-json\/wp\/v2\/users\/1"}],"replies":[{"embeddable":true,"href":"https:\/\/www.cgjung.net\/espace\/wp-json\/wp\/v2\/comments?post=18724"}],"version-history":[{"count":9,"href":"https:\/\/www.cgjung.net\/espace\/wp-json\/wp\/v2\/pages\/18724\/revisions"}],"predecessor-version":[{"id":18735,"href":"https:\/\/www.cgjung.net\/espace\/wp-json\/wp\/v2\/pages\/18724\/revisions\/18735"}],"up":[{"embeddable":true,"href":"https:\/\/www.cgjung.net\/espace\/wp-json\/wp\/v2\/pages\/9713"}],"wp:attachment":[{"href":"https:\/\/www.cgjung.net\/espace\/wp-json\/wp\/v2\/media?parent=18724"}],"curies":[{"name":"wp","href":"https:\/\/api.w.org\/{rel}","templated":true}]}}