{"id":18681,"date":"2022-02-20T10:35:04","date_gmt":"2022-02-20T09:35:04","guid":{"rendered":"https:\/\/www.cgjung.net\/espace\/?page_id=18681"},"modified":"2022-02-20T10:55:10","modified_gmt":"2022-02-20T09:55:10","slug":"joel-decarsin","status":"publish","type":"page","link":"https:\/\/www.cgjung.net\/espace\/accueil\/joel-decarsin\/","title":{"rendered":"Jo\u00ebl Decarsin"},"content":{"rendered":"<h2>Jo\u00ebl Decarsin<\/h2>\n<p>Jo\u00ebl Decarsin enseigne les arts plastiques en coll\u00e8ge depuis 40 ans, fondant sa p\u00e9dagogie sur la typologie jungienne introversion-extraversion et observant l\u2019impact des r\u00e9seaux sociaux sur les adolescents. Investi dans la mouvance technocritique, il a initi\u00e9 en 2012 l\u2019association <em>Technologos<\/em> et a particip\u00e9 \u00e0 diff\u00e9rents d\u00e9bats publics.<\/p>\n<p><a href=\"https:\/\/www.cgjung.net\/espace\/accueil\/joel-decarsin\/jung-jacques-ellul\/\">Entretien avec Jo\u00ebl Decarsin<\/a><\/p>\n\n","protected":false},"excerpt":{"rendered":"","protected":false},"author":1,"featured_media":0,"parent":53,"menu_order":17,"comment_status":"closed","ping_status":"closed","template":"","meta":{"footnotes":""},"class_list":["post-18681","page","type-page","status-publish","hentry"],"_links":{"self":[{"href":"https:\/\/www.cgjung.net\/espace\/wp-json\/wp\/v2\/pages\/18681","targetHints":{"allow":["GET"]}}],"collection":[{"href":"https:\/\/www.cgjung.net\/espace\/wp-json\/wp\/v2\/pages"}],"about":[{"href":"https:\/\/www.cgjung.net\/espace\/wp-json\/wp\/v2\/types\/page"}],"author":[{"embeddable":true,"href":"https:\/\/www.cgjung.net\/espace\/wp-json\/wp\/v2\/users\/1"}],"replies":[{"embeddable":true,"href":"https:\/\/www.cgjung.net\/espace\/wp-json\/wp\/v2\/comments?post=18681"}],"version-history":[{"count":2,"href":"https:\/\/www.cgjung.net\/espace\/wp-json\/wp\/v2\/pages\/18681\/revisions"}],"predecessor-version":[{"id":18687,"href":"https:\/\/www.cgjung.net\/espace\/wp-json\/wp\/v2\/pages\/18681\/revisions\/18687"}],"up":[{"embeddable":true,"href":"https:\/\/www.cgjung.net\/espace\/wp-json\/wp\/v2\/pages\/53"}],"wp:attachment":[{"href":"https:\/\/www.cgjung.net\/espace\/wp-json\/wp\/v2\/media?parent=18681"}],"curies":[{"name":"wp","href":"https:\/\/api.w.org\/{rel}","templated":true}]}}