{"id":18432,"date":"2022-01-15T09:17:20","date_gmt":"2022-01-15T08:17:20","guid":{"rendered":"https:\/\/www.cgjung.net\/espace\/?page_id=18432"},"modified":"2022-01-17T07:30:54","modified_gmt":"2022-01-17T06:30:54","slug":"protection-livre-rouge-jung","status":"publish","type":"page","link":"https:\/\/www.cgjung.net\/espace\/ressources\/protection-livre-rouge-jung\/","title":{"rendered":"Sous la protection du livre rouge de Jung"},"content":{"rendered":"<p><strong>Ce recueil de po\u00e9sies de Manuelle Campos a vu le jour sous la protection du livre rouge de Jung. Ce livre, en bonne place dans la biblioth\u00e8que de son analyste, l&rsquo;a encourag\u00e9e dans son travail d&rsquo;\u00e9criture. Des peintures de Caroline Crozat illustrent l&rsquo;ensemble.<\/strong>&nbsp;<img loading=\"lazy\" decoding=\"async\" class=\"size-full wp-image-18431 aligncenter\" src=\"https:\/\/www.cgjung.net\/espace\/wp-content\/uploads\/2022\/01\/protection-livre-rouge-jung.jpg\" alt=\"\" width=\"400\" height=\"443\" \/><\/p>\n<p style=\"text-align: center;\"><a href=\"http:\/\/editionsduchameau.free.fr\/LRJ-2021.html\" target=\"_blank\" rel=\"noopener\">Aquisition directe aupr\u00e8s des \u00c9ditions du chameau<\/a><br \/>\n19 x 21 x 0,6 cm &#8211; 46 pages<\/p>\n<p>&nbsp;<\/p>\n<p>Manuelle Campos : \u00ab\u00a0Je n&rsquo;avais jamais ouvert Le livre rouge de Jung mais il \u00e9tait l\u00e0, dans la biblioth\u00e8que, \u00e0 port\u00e9e de regard, tandis que les mots naviguaient d&rsquo;un fauteuil \u00e0 l&rsquo;autre.<\/p>\n<p>De chaque s\u00e9ance, je repartais, plus impatiente d&rsquo;\u00e9crire.<\/p>\n<p>Ainsi s&rsquo;est construit ce texte, sous la protection d&rsquo;un livre dont je soup\u00e7onnais la beaut\u00e9 \u2013 cela me suffisait.<\/p>\n<p>Et puis, ayant un peu de temps entre une s\u00e9ance et d&rsquo;autres rendez-vous, je suis entr\u00e9e \u00e0 la Galerie Municipale de la ville.<\/p>\n<p>La peinture de Caroline Crozat d\u00e9bordait de tous les cadres. Je l&rsquo;\u00e9coutais parler aux mots que j&rsquo;avais \u00e9crits.<\/p>\n<p>J&rsquo;y suis retourn\u00e9e pour y d\u00e9poser lettre et texte.<\/p>\n<p>\u00ab Je vais lire tr\u00e8s lentement \u00bb m&rsquo;a-t-elle r\u00e9pondu, avant d&rsquo;accepter mon invitation.\u00a0\u00bb<\/p>\n<p><em>Pr\u00e9sentation de l&rsquo;\u00e9diteur :<\/em><\/p>\n<p>\u00ab\u00a0Les textes de Manuelle Campos et les peintures de Caroline Crozat se r\u00e9pondent et se r\u00e9confortent dans une narration po\u00e9tique o\u00f9 le r\u00eave, par essence nocturne, les rassemblent pour lutter contre les myst\u00e8res vains de la vie, survol\u00e9s par des oiseaux marins, et les vicissitudes du quotidien &#8211; l&rsquo;herbe \u00e9tait mouill\u00e9e, le hululement d&rsquo;une chouette prenait la une sous son aile \u00e9paisse &#8211; dans une \u00e9pop\u00e9e temporelle entre \u00e9ternit\u00e9 et trivialit\u00e9.<\/p>\n<p>La po\u00e9sie et le sensible s&rsquo;\u00e9clairent sous la bonne \u00e9toile de Jung, en recourant au dialogue psychanalytique duquel rejaillit le verbe, l&rsquo;\u0153uvre et, au del\u00e0 de \u00e7a, le go\u00fbt \u00e0 la vie.\u00a0\u00bb<\/p>\n<p><img loading=\"lazy\" decoding=\"async\" class=\"size-full wp-image-18461 aligncenter\" src=\"https:\/\/www.cgjung.net\/espace\/wp-content\/uploads\/2022\/01\/lumiere-caroline-croizat.jpg\" alt=\"\" width=\"365\" height=\"450\" \/><\/p>\n<p><em>Extrait de po\u00e9sie :<\/em><\/p>\n<h6 style=\"padding-left: 40px;\">L\u2019une est un roc<br \/>\nl\u2019autre est mouvante<br \/>\nentasse dans ses mots les souvenirs nus<br \/>\nles \u00e9clats d\u2019actes<br \/>\nentasse les mots qui transportent<br \/>\nautre chose que des mots<br \/>\ndes mots qui poussent le sens devant eux<br \/>\net ne sont que des moteurs des bielles des pistons<br \/>\nparfois des leurres<\/h6>\n<h6 style=\"padding-left: 40px;\">Quant au sens, il galope en avant en arri\u00e8re<br \/>\nil saute des \u00e9tapes, s\u2019arrime \u00e0 des mots \u00e9lim\u00e9s<br \/>\n\u00e0 des mots d\u2019un autrefois sans datation pr\u00e9cise<br \/>\nattrape au vol celui qui esp\u00e9rait passer ni vu ni connu<br \/>\nmontre sa face cach\u00e9e avant qu\u2019elle ne s\u2019\u00e9chappe<br \/>\nfeu \u00e0 \u00e9clat, raie de lumi\u00e8re sur la pupille de la m\u00e9moire<br \/>\nmontre l\u2019autre face qu\u2019on croit, riante, sans ombre<br \/>\nclaire comme on croit un reflet<\/h6>\n<h6 style=\"padding-left: 40px;\">puis atterrit dans le fauteuil en face o\u00f9 elle l\u2019entoure d\u2019un trait de crayon<br \/>\npeut-\u00eatre pour le calmer ou pour l\u2019acclimater<br \/>\npour le v\u00eatir d\u2019oubli ou le contraire<br \/>\net le rendre demain<br \/>\nnettoy\u00e9<br \/>\nserein<br \/>\nneuf<\/h6>\n<h6 style=\"padding-left: 40px;\">Ainsi se dessine une nouvelle carte de g\u00e9ographie qui existait d\u00e9j\u00e0 mais n\u2019avait jamais encore donn\u00e9 lieu au voyage qui commence ce jour cette heure sous la protection du livre rouge de Jung<\/h6>\n<p><strong>Manuelle Campos<\/strong> est \u00e9crivaine et musicienne, anime des ateliers d&rsquo;\u00e9criture et se produit au cours de lectures musicales, avec la violiste Nathalie Le Gaouyat.<\/p>\n<p><strong>Caroline Crozat<\/strong> est artiste : chant, th\u00e9\u00e2tre, peintures, photos&#8230;<\/p>\n","protected":false},"excerpt":{"rendered":"<p>Ce recueil de po\u00e9sies de Manuelle Campos a vu le jour sous la protection du livre rouge de Jung. Ce livre, en bonne place dans la biblioth\u00e8que de son analyste, l&rsquo;a encourag\u00e9e dans son travail d&rsquo;\u00e9criture. Des peintures de Caroline Crozat illustrent l&rsquo;ensemble.&nbsp; Aquisition directe aupr\u00e8s des \u00c9ditions du chameau 19 x 21 x 0,6 [&hellip;]<\/p>\n","protected":false},"author":1,"featured_media":0,"parent":9713,"menu_order":13,"comment_status":"closed","ping_status":"closed","template":"","meta":{"footnotes":""},"class_list":["post-18432","page","type-page","status-publish","hentry"],"_links":{"self":[{"href":"https:\/\/www.cgjung.net\/espace\/wp-json\/wp\/v2\/pages\/18432","targetHints":{"allow":["GET"]}}],"collection":[{"href":"https:\/\/www.cgjung.net\/espace\/wp-json\/wp\/v2\/pages"}],"about":[{"href":"https:\/\/www.cgjung.net\/espace\/wp-json\/wp\/v2\/types\/page"}],"author":[{"embeddable":true,"href":"https:\/\/www.cgjung.net\/espace\/wp-json\/wp\/v2\/users\/1"}],"replies":[{"embeddable":true,"href":"https:\/\/www.cgjung.net\/espace\/wp-json\/wp\/v2\/comments?post=18432"}],"version-history":[{"count":13,"href":"https:\/\/www.cgjung.net\/espace\/wp-json\/wp\/v2\/pages\/18432\/revisions"}],"predecessor-version":[{"id":18466,"href":"https:\/\/www.cgjung.net\/espace\/wp-json\/wp\/v2\/pages\/18432\/revisions\/18466"}],"up":[{"embeddable":true,"href":"https:\/\/www.cgjung.net\/espace\/wp-json\/wp\/v2\/pages\/9713"}],"wp:attachment":[{"href":"https:\/\/www.cgjung.net\/espace\/wp-json\/wp\/v2\/media?parent=18432"}],"curies":[{"name":"wp","href":"https:\/\/api.w.org\/{rel}","templated":true}]}}