{"id":18279,"date":"2021-12-12T08:23:29","date_gmt":"2021-12-12T07:23:29","guid":{"rendered":"https:\/\/www.cgjung.net\/espace\/?page_id=18279"},"modified":"2021-12-15T07:05:20","modified_gmt":"2021-12-15T06:05:20","slug":"technologies-inconscient","status":"publish","type":"page","link":"https:\/\/www.cgjung.net\/espace\/ressources\/technologies-inconscient\/","title":{"rendered":"Technologies et inconscient"},"content":{"rendered":"<p><strong>Dans le cadre des journ\u00e9es de recherche organis\u00e9es par la SFPA, celle du 10 avril 2021 a permis \u00e0 quatre intervenants de s&rsquo;interroger au sujet des liens entre l&rsquo;usage des technologies et l&rsquo;inconscient. Les actes de ce colloque font l&rsquo;objet d&rsquo;une publication.<\/strong><\/p>\n<p><img loading=\"lazy\" decoding=\"async\" class=\"size-full wp-image-18281 aligncenter\" src=\"https:\/\/www.cgjung.net\/espace\/wp-content\/uploads\/2021\/12\/technologies-inconscient.png\" alt=\"\" width=\"280\" height=\"392\" srcset=\"https:\/\/www.cgjung.net\/espace\/wp-content\/uploads\/2021\/12\/technologies-inconscient.png 280w, https:\/\/www.cgjung.net\/espace\/wp-content\/uploads\/2021\/12\/technologies-inconscient-214x300.png 214w\" sizes=\"auto, (max-width: 280px) 100vw, 280px\" \/><\/p>\n<p style=\"text-align: center;\"><a href=\"https:\/\/cgjungfrance.com\/2021\/12\/publications-de-la-sfpa-n3\/\" target=\"_blank\" rel=\"noopener noreferrer\">Les commander aupr\u00e8s des Publications de la SFPA<\/a><\/p>\n<p style=\"text-align: center;\">Num\u00e9ro 3 &#8211; 15,5 cm x 22 cm x 0,6 cm &#8211; 104 pages&nbsp;<\/p>\n<p>Quatre intervenants, enseignants, psychanalystes et universitaire interrogent l\u2019engagement de la conscience de l\u2019homme contemporain dans un tel processus d\u2019o\u00f9 il s\u2019av\u00e8re fondamental de d\u00e9gager les effets de s\u00e9duction, la part de la n\u00e9cessit\u00e9 et surtout l\u2019\u00e9thique de chacun, entre abdication et secours, face au nouvel esprit technologique.&nbsp;<\/p>\n<h2>Table des mati\u00e8res<\/h2>\n<p>Pr\u00e9sentation de la journ\u00e9e et des intervenants<br \/>\n<em>Nathalie Dominguez<\/em><\/p>\n<p>Complexes autonomes et autonomie de la technique :<br \/>\nLectures crois\u00e9es de Carl Gustav Jung et Jacques Ellul<br \/>\n<em>Jo\u00ebl Decarsin<\/em><\/p>\n<p>La technique vole-t-elle nos \u00e2mes ?<br \/>\n<em>Sophie Braun<\/em><\/p>\n<p>Du Golem aux Robots, Objets avez-vous donc une \u00e2me qui s&rsquo;attache \u00e0 notre \u00e2me et la force d&rsquo;aimer ?<br \/>\n<em>Brigit Soubrouillard<\/em><\/p>\n<p>Les nouvelles technologies parlent-elles le langage de l\u2019inconscient ?<br \/>\n<em>Fran\u00e7oise Bonardel<\/em><\/p>\n<h2>Les publications de la SFPA<\/h2>\n<p><em>(Pr\u00e9sent\u00e9es sur le site EFJ)<\/em><\/p>\n<p><strong>Ouvrage<\/strong><\/p>\n<ul>\n<li><a href=\"https:\/\/www.cgjung.net\/espace\/ressources\/supervision\/\">Superviser et \u00eatre supervis\u00e9<\/a><\/li>\n<\/ul>\n<p><strong>Actes des colloques<\/strong><\/p>\n<ul>\n<li><a href=\"https:\/\/www.cgjung.net\/espace\/ressources\/jung-alchimie-temps\/\">1 &#8211; Jung et l\u2019alchimie du temps<\/a> (16 novembre 2019)<\/li>\n<li><a href=\"https:\/\/www.cgjung.net\/espace\/ressources\/dissidence-en-psychanalyse\/\">2 &#8211; Dissidence en psychanalyse<\/a> (3 octobre 2020)<\/li>\n<li><a href=\"https:\/\/www.cgjung.net\/espace\/ressources\/technologies-inconscient\/\">3 &#8211; Technologies et inconscient<\/a> (10 avril 2021)<\/li>\n<li><a href=\"https:\/\/www.cgjung.net\/espace\/ressources\/couleurs-alchimiques\/\">4 &#8211; Couleurs alchimiques \u2013 La vie en jaune<\/a> (9 octobre 2021)<\/li>\n<li><a href=\"https:\/\/www.cgjung.net\/espace\/ressources\/feminin-psyche\/\">5 &#8211; Jung et l\u2019\u0153uvre du f\u00e9minin dans la psych\u00e9<\/a> (19 novembre 2022)<\/li>\n<li><a href=\"https:\/\/www.cgjung.net\/espace\/ressources\/psychiatrie-psychanalyse\/\">6 &#8211; L&rsquo;approche jungienne \u00e0 la crois\u00e9e de la psychiatrie et de la psychanalyse<\/a> (9 avril 2022)<\/li>\n<li><a href=\"https:\/\/www.cgjung.net\/espace\/ressources\/sfpa-no7\/\">7 &#8211; Qu\u2019est ce que l\u2019on se raconte comme histoire ?<\/a>&nbsp; (13 mai 2023)<\/li>\n<li><a href=\"https:\/\/www.cgjung.net\/espace\/ressources\/couleurs-alchimiques-rouge\/\">8 &#8211; Couleurs alchimiques. La vie en rouge<\/a> (2 d\u00e9cembre 2023)<\/li>\n<li><a href=\"https:\/\/www.cgjung.net\/espace\/ressources\/yi-jing-individuation\/\">9 &#8211; Le Yi Jing et l&rsquo;individuation<\/a> (14 d\u00e9cembre 2024)<\/li>\n<li><a href=\"https:\/\/www.cgjung.net\/espace\/ressources\/desir-et-plaisir\/\">10 &#8211; D\u00e9sir et plaisir<\/a> (24 mai 2025)<\/li>\n<\/ul>\n\n","protected":false},"excerpt":{"rendered":"<p>Dans le cadre des journ\u00e9es de recherche organis\u00e9es par la SFPA, celle du 10 avril 2021 a permis \u00e0 quatre intervenants de s&rsquo;interroger au sujet des liens entre l&rsquo;usage des technologies et l&rsquo;inconscient. Les actes de ce colloque font l&rsquo;objet d&rsquo;une publication. Les commander aupr\u00e8s des Publications de la SFPA Num\u00e9ro 3 &#8211; 15,5 cm [&hellip;]<\/p>\n","protected":false},"author":1,"featured_media":0,"parent":9713,"menu_order":13,"comment_status":"closed","ping_status":"closed","template":"","meta":{"footnotes":""},"class_list":["post-18279","page","type-page","status-publish","hentry"],"_links":{"self":[{"href":"https:\/\/www.cgjung.net\/espace\/wp-json\/wp\/v2\/pages\/18279","targetHints":{"allow":["GET"]}}],"collection":[{"href":"https:\/\/www.cgjung.net\/espace\/wp-json\/wp\/v2\/pages"}],"about":[{"href":"https:\/\/www.cgjung.net\/espace\/wp-json\/wp\/v2\/types\/page"}],"author":[{"embeddable":true,"href":"https:\/\/www.cgjung.net\/espace\/wp-json\/wp\/v2\/users\/1"}],"replies":[{"embeddable":true,"href":"https:\/\/www.cgjung.net\/espace\/wp-json\/wp\/v2\/comments?post=18279"}],"version-history":[{"count":8,"href":"https:\/\/www.cgjung.net\/espace\/wp-json\/wp\/v2\/pages\/18279\/revisions"}],"predecessor-version":[{"id":18308,"href":"https:\/\/www.cgjung.net\/espace\/wp-json\/wp\/v2\/pages\/18279\/revisions\/18308"}],"up":[{"embeddable":true,"href":"https:\/\/www.cgjung.net\/espace\/wp-json\/wp\/v2\/pages\/9713"}],"wp:attachment":[{"href":"https:\/\/www.cgjung.net\/espace\/wp-json\/wp\/v2\/media?parent=18279"}],"curies":[{"name":"wp","href":"https:\/\/api.w.org\/{rel}","templated":true}]}}