{"id":18208,"date":"2021-12-08T07:21:31","date_gmt":"2021-12-08T06:21:31","guid":{"rendered":"https:\/\/www.cgjung.net\/espace\/?page_id=18208"},"modified":"2021-12-09T10:10:30","modified_gmt":"2021-12-09T09:10:30","slug":"lise-villemaire","status":"publish","type":"page","link":"https:\/\/www.cgjung.net\/espace\/accueil\/lise-villemaire\/","title":{"rendered":"Lise Villemaire"},"content":{"rendered":"<h2><img loading=\"lazy\" decoding=\"async\" class=\"alignright size-full wp-image-28190\" src=\"https:\/\/www.cgjung.net\/espace\/wp-content\/uploads\/2025\/01\/lise-villemaire.jpg\" alt=\"\" width=\"120\" height=\"191\" \/>Lise Villemaire, M.Ps.<\/h2>\n<p>Lise Villemaire, psychologue et psychoth\u00e9rapeute retrait\u00e9e, r\u00e9side \u00e0 Montr\u00e9al, province du Qu\u00e9bec au Canada. Dans un premier temps elle a travaill\u00e9 comme infirmi\u00e8re. En qualit\u00e9 de psychologue elle a plus de 25 ans d&rsquo;exp\u00e9rience de pratique et d&rsquo;enseignement au niveau universitaire.<\/p>\n<p>Elle a \u00e9tudi\u00e9 les diff\u00e9rentes religions et obtenu un certificat en Th\u00e9ologie Orthodoxe. Conf\u00e9renci\u00e8re, elle s&rsquo;int\u00e9resse particuli\u00e8rement au d\u00e9veloppement spirituel chez l&rsquo;adulte et \u00e0 l&rsquo;Art. Elle s&rsquo;adonne au dessin et \u00e0 la peinture de vitraux.<\/p>\n<p align=\"LEFT\"><strong>Articles<\/strong><\/p>\n<ul>\n<li><a href=\"https:\/\/www.cgjung.net\/espace\/accueil\/lise-villemaire\/deuil-mandala\/\">Le contexte de deuil dans l\u2019\u00e9mergence du symbole du mandala<\/a>\n<ul>\n<li><a href=\"https:\/\/www.cgjung.net\/espace\/accueil\/lise-villemaire\/chemin-recherche\/\">Lise Villemaire : les chemins qui m\u2019ont men\u00e9e \u00e0 cette recherche<\/a><\/li>\n<li><a href=\"https:\/\/www.cgjung.net\/espace\/accueil\/lise-villemaire\/mandala-symbole-archetypique-soi\/\">Le mandala comme symbole arch\u00e9typique du Soi<\/a><\/li>\n<li><a href=\"https:\/\/www.cgjung.net\/espace\/accueil\/lise-villemaire\/mandala-jung\/\">Le mandala : l\u2019exp\u00e9rience personnelle de Jung<\/a><\/li>\n<li><a href=\"https:\/\/www.cgjung.net\/espace\/accueil\/lise-villemaire\/le-mandala-lexperience-personnelle-de-lise-villemaire\/\">Le mandala : l\u2019exp\u00e9rience personnelle de Lise Villemaire<\/a><\/li>\n<\/ul>\n<\/li>\n<li><a href=\"https:\/\/www.cgjung.net\/publications\/lise_villemaire\/index.htm\">La primaut\u00e9 de l\u2019exp\u00e9rience en philosophie et en th\u00e9ologie<\/a><\/li>\n<li><a href=\"https:\/\/www.cgjung.net\/espace\/accueil\/lise-villemaire\/imagination-active-symbole-etoile\/\">Imagination active et le symbole-image de l&rsquo;\u00e9toile<\/a><\/li>\n<li><a href=\"https:\/\/www.cgjung.net\/espace\/accueil\/lise-villemaire\/fees-croient-aux-hommes\/\">Est-ce que les f\u00e9es croient encore aux hommes ?<\/a><\/li>\n<li><a href=\"https:\/\/www.cgjung.net\/espace\/accueil\/lise-villemaire\/lily-couronne-noel\/\">Lily et la couronne de No\u00ebl : conte pour enfants divins !<\/a><\/li>\n<\/ul>\n\n","protected":false},"excerpt":{"rendered":"","protected":false},"author":1,"featured_media":0,"parent":53,"menu_order":17,"comment_status":"closed","ping_status":"closed","template":"","meta":{"footnotes":""},"class_list":["post-18208","page","type-page","status-publish","hentry"],"_links":{"self":[{"href":"https:\/\/www.cgjung.net\/espace\/wp-json\/wp\/v2\/pages\/18208","targetHints":{"allow":["GET"]}}],"collection":[{"href":"https:\/\/www.cgjung.net\/espace\/wp-json\/wp\/v2\/pages"}],"about":[{"href":"https:\/\/www.cgjung.net\/espace\/wp-json\/wp\/v2\/types\/page"}],"author":[{"embeddable":true,"href":"https:\/\/www.cgjung.net\/espace\/wp-json\/wp\/v2\/users\/1"}],"replies":[{"embeddable":true,"href":"https:\/\/www.cgjung.net\/espace\/wp-json\/wp\/v2\/comments?post=18208"}],"version-history":[{"count":2,"href":"https:\/\/www.cgjung.net\/espace\/wp-json\/wp\/v2\/pages\/18208\/revisions"}],"predecessor-version":[{"id":18240,"href":"https:\/\/www.cgjung.net\/espace\/wp-json\/wp\/v2\/pages\/18208\/revisions\/18240"}],"up":[{"embeddable":true,"href":"https:\/\/www.cgjung.net\/espace\/wp-json\/wp\/v2\/pages\/53"}],"wp:attachment":[{"href":"https:\/\/www.cgjung.net\/espace\/wp-json\/wp\/v2\/media?parent=18208"}],"curies":[{"name":"wp","href":"https:\/\/api.w.org\/{rel}","templated":true}]}}