{"id":18078,"date":"2021-11-16T07:50:33","date_gmt":"2021-11-16T06:50:33","guid":{"rendered":"https:\/\/www.cgjung.net\/espace\/?page_id=18078"},"modified":"2024-10-07T08:41:13","modified_gmt":"2024-10-07T06:41:13","slug":"ariane-callot","status":"publish","type":"page","link":"https:\/\/www.cgjung.net\/espace\/accueil\/ariane-callot\/","title":{"rendered":"Ariane Callot"},"content":{"rendered":"<p><img loading=\"lazy\" decoding=\"async\" class=\"alignright size-full wp-image-2473\" src=\"https:\/\/www.cgjung.net\/espace\/wp-content\/uploads\/2014\/08\/ariaga.jpg\" alt=\"\" width=\"120\" height=\"92\" \/>Ariane Callot est docteur en philosophie. Elle a soutenu en 2000&nbsp;<a href=\"https:\/\/www.cgjung.net\/espace\/cg-jung\/avertissement\/\">une th\u00e8se orient\u00e9e sur Jung.<\/a> Elle est co-fondatrice d&rsquo;Espace Francophone Jungien.<\/p>\n<p>Sous le pseudo d\u2019Ariaga elle est l\u2019auteur du blog&nbsp;<a href=\"http:\/\/www.ariaga.net\/\" target=\"_blank\" rel=\"noopener noreferrer\">Extraits du Laboratoire d\u2019Ariaga<\/a>.<\/p>\n<p>Sur le pr\u00e9sent site elle publie <a href=\"https:\/\/www.cgjung.net\/espace\/cg-jung\/\">des textes repris de sa th\u00e8se<\/a>, <a href=\"https:\/\/www.cgjung.net\/espace\/ariaga-ecrits-jung\/\">des \u00e9crits sur Jung<\/a> et <a href=\"https:\/\/www.cgjung.net\/espace\/ariaga-poesie\/\">des po\u00e9sies<\/a>.<\/p>\n<p><a href=\"https:\/\/www.cgjung.net\/contact.htm\"><strong>Adresser un message \u00e0 Ariane Callot<\/strong><\/a><\/p>\n<p>&nbsp;<\/p>\n<h2>Articles Ariane Callot<\/h2>\n<ul>\n<li><a href=\"https:\/\/www.cgjung.net\/espace\/accueil\/ariane-callot\/pouvoir-jugement\/\">Les affam\u00e9s de pouvoir ont-ils un jugement unilat\u00e9ral ?<\/a><\/li>\n<li><a href=\"https:\/\/www.cgjung.net\/espace\/accueil\/ariane-callot\/vieil-homme-enfant\/\">Jung : le vieil homme et l\u2019enfant<\/a><\/li>\n<li><a href=\"https:\/\/www.cgjung.net\/espace\/accueil\/ariane-callot\/individuation-individualisme\/\">Individuation et individualisme<\/a><\/li>\n<li><a href=\"https:\/\/www.cgjung.net\/espace\/accueil\/ariane-callot\/jung-et-la-geomancie\/\">C.G. Jung et la g\u00e9omancie<\/a><\/li>\n<li><a href=\"https:\/\/www.cgjung.net\/espace\/accueil\/ariane-callot\/citations-jung\/\">Sur l\u2019utilisation des citations de Carl Gustav Jung<\/a><\/li>\n<li><a href=\"https:\/\/www.cgjung.net\/espace\/accueil\/ariane-callot\/representations-theatrales-serie-reves\/\">Prologues aux repr\u00e9sentations th\u00e9\u00e2trales d\u2019une s\u00e9rie de r\u00eaves<\/a><\/li>\n<li><a href=\"https:\/\/www.cgjung.net\/espace\/accueil\/ariane-callot\/psyche-champ-de-bataille\/\">Quand la psych\u00e9 est un champ de bataille<\/a><\/li>\n<li><a href=\"https:\/\/www.cgjung.net\/espace\/accueil\/ariane-callot\/horloge-du-monde\/\">C.G. Jung et l\u2019Horloge du Monde<\/a><\/li>\n<li><a href=\"https:\/\/www.cgjung.net\/espace\/accueil\/ariane-callot\/frank-herbert-jung\/\">Carl Gustav Jung et l\u2019\u0153uvre de Frank Herbert<\/a><\/li>\n<li><a href=\"https:\/\/www.cgjung.net\/espace\/accueil\/pauli-jung-femme-inconnue\/\">Wolfgang Pauli, Carl Gustav Jung et la femme inconnue<\/a><\/li>\n<li><a href=\"https:\/\/www.cgjung.net\/espace\/accueil\/trois-oeuvres-essentielles\/\">L\u2019inspiration alchimique de Jung dans trois \u0153uvres essentielles<\/a><\/li>\n<li><a href=\"https:\/\/www.cgjung.net\/espace\/accueil\/ariane-callot\/psychologie-alchimie\/\">Comment aborder le livre de C.G. Jung Psychologie et Alchimie ?<\/a><\/li>\n<li><a href=\"https:\/\/www.cgjung.net\/espace\/accueil\/ariane-callot\/arbre-philosophique\/\">Carl Gustav Jung et l\u2019arbre philosophique<\/a><\/li>\n<li><a href=\"https:\/\/www.cgjung.net\/espace\/accueil\/ariane-callot\/reponse-job-jung-et-ses-detracteurs\/\">R\u00e9ponse \u00e0 Job : Jung et ses d\u00e9tracteurs<\/a><\/li>\n<li><a href=\"https:\/\/www.cgjung.net\/espace\/accueil\/ariane-callot\/termes-alchimiques\/\">Les termes alchimiques \u00e9clair\u00e9s par Dom Pernety et C.G. Jung<\/a><\/li>\n<li><a href=\"https:\/\/www.cgjung.net\/espace\/accueil\/les-dedoublements-du-thesard\/\">Les d\u00e9doublements du th\u00e9sard<\/a><\/li>\n<li><a href=\"https:\/\/www.cgjung.net\/espace\/accueil\/ariane-callot\/rencontres-bernard-kaempf\/\">Rencontres autour de Jung avec Bernard Kaempf<\/a><\/li>\n<li><a href=\"https:\/\/www.cgjung.net\/espace\/accueil\/alchimie-poetique\/\">Jung, Rimbaud, vers l\u2019alchimie po\u00e9tique<\/a><\/li>\n<li><a href=\"https:\/\/www.cgjung.net\/espace\/accueil\/jung-nerval-aurelia\/\">Carl Gustav Jung, G\u00e9rard de Nerval et Aur\u00e9lia<\/a><\/li>\n<li><a href=\"https:\/\/www.cgjung.net\/espace\/accueil\/jung-nietzsche-dieu-ne-peut-pas-mourir\/\">Jung \/ Nietzsche&nbsp;: Dieu ne peut pas mourir<\/a><\/li>\n<li><a href=\"https:\/\/www.cgjung.net\/espace\/accueil\/jung-nietzsche-maladie\/\">Jung \/ Nietzsche&nbsp;: le c\u00f4t\u00e9 positif\/n\u00e9gatif de la maladie<\/a><\/li>\n<li><a href=\"https:\/\/www.cgjung.net\/espace\/accueil\/jung-nietzsche\/\">Jung \/ Nietzsche, rendez-vous et \u00e9vitement<\/a><\/li>\n<\/ul>\n<p><em>Articles co-\u00e9crits avec Jean-Pierre Robert :<\/em><\/p>\n<ul>\n<li><a href=\"https:\/\/www.cgjung.net\/espace\/accueil\/psychologie-carl-gustav-jung\/\">La psychologie de Carl Gustav Jung expliqu\u00e9e clairement<\/a><\/li>\n<li><a href=\"https:\/\/www.cgjung.net\/espace\/accueil\/carl-gustav-jung-junichiro-tanizaki\/\">Carl Gustav Jung et Junichir\u00f4 Tanizaki font l\u2019\u00e9loge de l\u2019ombre<\/a><\/li>\n<\/ul>\n<p><em>Trois rubriques compl\u00e8tent cette liste d&rsquo;articles :<\/em><\/p>\n<p><a href=\"https:\/\/www.cgjung.net\/espace\/cg-jung\/\">Recherches sur Jung<\/a>&nbsp;|&nbsp;<a href=\"https:\/\/www.cgjung.net\/espace\/ariaga-ecrits-jung\/\">\u00c9crits sur Jung<\/a> | <a href=\"https:\/\/www.cgjung.net\/espace\/ariaga-poesie\/\">Po\u00e9sie Ariaga<\/a><\/p>\n\n","protected":false},"excerpt":{"rendered":"<p>Ariane Callot est docteur en philosophie. Elle a soutenu en 2000&nbsp;une th\u00e8se orient\u00e9e sur Jung. Elle est co-fondatrice d&rsquo;Espace Francophone Jungien. Sous le pseudo d\u2019Ariaga elle est l\u2019auteur du blog&nbsp;Extraits du Laboratoire d\u2019Ariaga. Sur le pr\u00e9sent site elle publie des textes repris de sa th\u00e8se, des \u00e9crits sur Jung et des po\u00e9sies.<\/p>\n","protected":false},"author":1,"featured_media":0,"parent":53,"menu_order":17,"comment_status":"closed","ping_status":"closed","template":"","meta":{"footnotes":""},"class_list":["post-18078","page","type-page","status-publish","hentry"],"_links":{"self":[{"href":"https:\/\/www.cgjung.net\/espace\/wp-json\/wp\/v2\/pages\/18078","targetHints":{"allow":["GET"]}}],"collection":[{"href":"https:\/\/www.cgjung.net\/espace\/wp-json\/wp\/v2\/pages"}],"about":[{"href":"https:\/\/www.cgjung.net\/espace\/wp-json\/wp\/v2\/types\/page"}],"author":[{"embeddable":true,"href":"https:\/\/www.cgjung.net\/espace\/wp-json\/wp\/v2\/users\/1"}],"replies":[{"embeddable":true,"href":"https:\/\/www.cgjung.net\/espace\/wp-json\/wp\/v2\/comments?post=18078"}],"version-history":[{"count":7,"href":"https:\/\/www.cgjung.net\/espace\/wp-json\/wp\/v2\/pages\/18078\/revisions"}],"predecessor-version":[{"id":26890,"href":"https:\/\/www.cgjung.net\/espace\/wp-json\/wp\/v2\/pages\/18078\/revisions\/26890"}],"up":[{"embeddable":true,"href":"https:\/\/www.cgjung.net\/espace\/wp-json\/wp\/v2\/pages\/53"}],"wp:attachment":[{"href":"https:\/\/www.cgjung.net\/espace\/wp-json\/wp\/v2\/media?parent=18078"}],"curies":[{"name":"wp","href":"https:\/\/api.w.org\/{rel}","templated":true}]}}