{"id":1792,"date":"2016-09-30T20:54:10","date_gmt":"2016-09-30T19:54:10","guid":{"rendered":"https:\/\/www.cgjung.net\/espace\/?p=1792"},"modified":"2026-02-25T02:29:44","modified_gmt":"2026-02-25T01:29:44","slug":"rejet-feminin-forces-primitives-animales","status":"publish","type":"page","link":"https:\/\/www.cgjung.net\/espace\/ariaga-ecrits-jung\/theatre-des-reves\/rejet-feminin-forces-primitives-animales\/","title":{"rendered":"Rejet du f\u00e9minin et des forces primitives et animales"},"content":{"rendered":"<h3 style=\"text-align: justify;\">Ici nous rencontrons la d\u00e9fiance des deux r\u00eaveurs envers la femme et tout ce qui concerne les forces primitives de la Nature.<\/h3>\n<h2 style=\"text-align: justify;\"><img loading=\"lazy\" decoding=\"async\" class=\"aligncenter wp-image-1921 size-full\" src=\"https:\/\/www.cgjung.net\/espace\/wp-content\/uploads\/2016\/09\/guerre-intellect-nature.jpg\" alt=\"Guerre intellect - nature\" width=\"500\" height=\"598\" srcset=\"https:\/\/www.cgjung.net\/espace\/wp-content\/uploads\/2016\/09\/guerre-intellect-nature.jpg 500w, https:\/\/www.cgjung.net\/espace\/wp-content\/uploads\/2016\/09\/guerre-intellect-nature-251x300.jpg 251w\" sizes=\"auto, (max-width: 500px) 100vw, 500px\" \/><\/h2>\n<h2 style=\"text-align: justify;\">Double rejet de l&rsquo;\u00e9l\u00e9ment f\u00e9minin<\/h2>\n<p style=\"text-align: justify;\">Pourquoi, au d\u00e9part, ces deux r\u00eaveurs rejettent ils avec tant de force l\u2019\u00e9l\u00e9ment f\u00e9minin ?<\/p>\n<p style=\"text-align: justify;\">Nous sommes arriv\u00e9s \u00e0 la conclusion que leur peur est due \u00e0 l\u2019appartenance du f\u00e9minin au p\u00f4le du sentiment, de l&rsquo;amour, de la vie (<em>\u00e9ros<\/em>). Le masculin, lui,&nbsp; tend vers la raison, la pens\u00e9, la parole (<em>logos)<\/em> . Leur refus de la f\u00e9minit\u00e9 est issu du conditionnement op\u00e9r\u00e9 par une civilisation o\u00f9 le <em>logos&nbsp;<\/em> est idol\u00e2tr\u00e9, et o\u00f9 il y a une mise \u00e0 distance de l&rsquo;<em>\u00e9ros<\/em>, de l&rsquo;amour.<\/p>\n<p style=\"text-align: justify;\"><strong>La f\u00e9minit\u00e9 est consid\u00e9r\u00e9e comme passive<\/strong> et c&rsquo;est la raison pour laquelle&nbsp; le R\u00eaveur refuse les pi\u00e8ces d\u2019or qui lui sont offertes par un repr\u00e9sentant de l\u2019inconscient. (cf. r\u00eave 18,1) En effet, du point de vue occidental, recevoir c\u2019est \u00eatre passif, f\u00e9minin. Or, le Moi conscient veut conserver le contr\u00f4le, et <strong>on ne peut contr\u00f4ler que si on est actif.<\/strong><\/p>\n<p style=\"text-align: justify;\">Le contr\u00f4le se situe dans une perspective masculine qui est aussi celle du <em>logos<\/em>. Contr\u00f4ler c\u2019est pouvoir g\u00e9rer les choses, ma\u00eetriser le sens, mettre \u00e0 distance. Le <em>logos<\/em> est tout le contraire de la fonction \u00e9rotique qui cherche le contact, la relation. De plus, on ne sait pas jusqu\u2019o\u00f9 un sentiment peut conduire&#8230; <strong>et la f\u00e9minit\u00e9 c\u2019est aussi le sentiment<\/strong>.<\/p>\n<p style=\"text-align: justify;\">Cette peur de la f\u00e9minit\u00e9, ce d\u00e9sir de garder toujours le contr\u00f4le, s\u2019accompagnent d\u2019un manque de confiance en autrui, et en particulier envers la femme.<\/p>\n<p style=\"text-align: justify;\">Pourquoi, finalement, cette <strong>d\u00e9fiance envers la femme<\/strong> ? On peut r\u00e9pondre tout simplement parce qu\u2019elle n\u2019est pas un homme ! Ce n\u2019est pas un semblable <strong>c\u2019est un Autre.<\/strong> Comme nous l\u2019avons vu, cela explique que la R\u00eaveuse refuse sa f\u00e9minit\u00e9, et veuille la remplacer par une personnalit\u00e9 masculine plus acceptable.<\/p>\n<p style=\"text-align: justify;\">Le R\u00eaveur, lui, refuse sa partie f\u00e9minine qui est synonyme de <strong>perte d\u2019un <em>logos<\/em> particuli\u00e8rement puissant<\/strong>. N&rsquo;oublions pas qu&rsquo;il est consid\u00e9r\u00e9 comme un g\u00e9nie. Ce refus de tout ce qui est diff\u00e9rent, non conforme, renvoie \u00e0 la peur de <strong>l\u2019inconscient<\/strong> qui, selon la th\u00e8se de Jung, est <strong>f\u00e9minin<\/strong>.<\/p>\n<p style=\"text-align: justify;\">En effet, <strong>l\u2019inconscient est le lieu de ce qui \u00e9chappe \u00e0 la ma\u00eetrise du conscient <\/strong>qui ne peut qu\u2019enregistrer passivement ses d\u00e9rangeantes manifestations. C\u2019est le domaine de l\u2019irrationnel, de tout ce qui \u00e9chappe \u00e0 la raison et au mental.<\/p>\n<p style=\"text-align: justify;\">Le sentiment, l\u2019\u00e9motionnel, l\u2019intuition, \u00e9tant d\u00e9valoris\u00e9s il est naturel que des situations conflictuelles allant jusqu\u2019\u00e0 la guerre soient propos\u00e9s par des r\u00e9cits d\u00e9crivant une sorte d\u2019\u00e9tat des lieux de la psych\u00e9 des deux r\u00eaveurs.<\/p>\n<h2 style=\"text-align: justify;\">Conflit entre intellect et nature<\/h2>\n<p style=\"text-align: justify;\">Le conflit existe aussi, chez les deux sujets, entre l&rsquo;intellect et des forces primitives et animales.<\/p>\n<p style=\"text-align: justify;\"><strong>L\u2019intellect<\/strong> est&nbsp; repr\u00e9sent\u00e9 <strong>chez le R\u00eaveur<\/strong> par l\u2019homme \u00e0 la barbe en&nbsp; pointe. Il apparait plusieurs fois dans la s\u00e9rie sous la forme d&rsquo;un employ\u00e9, ou d&rsquo;un sauveur.<\/p>\n<p style=\"text-align: justify;\"><strong> Chez la R\u00eaveuse<\/strong>, la lourdeur de l&rsquo;intellect est symbolis\u00e9e par la quantit\u00e9 de sacs, bagages et livres qui apparaissent dans sa s\u00e9rie.&nbsp; Il faut y ajouter les allusions \u00e0 des lois, rangements, ordre et r\u00e8gles mettant en \u00e9vidence qu\u2019elle aspire \u00e0 une organisation rationnelle.<\/p>\n<p style=\"text-align: justify;\"><strong>Les forces primitives<\/strong> se manifestent dans des r\u00eaves comme le r\u00eave 22 o\u00f9 le R\u00eaveur est menac\u00e9 par un anthropo\u00efde. On note aussi la pr\u00e9sence d\u2019animaux tels que : serpents, \u00e9l\u00e9phant ou taureau.<\/p>\n<p style=\"text-align: justify;\"><svg class=\"genericon genericond-genericons-neue genericons-neue-download genericond-genericons-neue-1x genericond-rotate-normal\" style=\"fill:#19486B;\" title=\"download\" role=\"img\" aria-labelledby=\"title\"><use xlink:href=\"https:\/\/www.cgjung.net\/espace\/wp-content\/plugins\/genericond\/\/icons\/genericons-neue\/svg-sprite\/genericons-neue.svg#download\" \/><\/svg> R\u00eave no 22 : \n\t\t<a id=\"h1\" href=\"javascript:toggle('c1','h1');\" >l'afficher<\/a>\n\t\t<div id=\"c1\" style=\"display:none\">\n\t\t<blockquote><p style=\"text-align:justify\"> Le r\u00eaveur est dans la for\u00eat vierge. Un \u00e9l\u00e9phant est quelque peu mena\u00e7ant; un anthropo\u00efde, un ours ou un homme des cavernes appara\u00eet ensuite, tenant une massue et mena\u00e7ant d\u2019attaquer le r\u00eaveur. Tout \u00e0 coup l\u2019\u00abhomme \u00e0 la barbe en pointe\u00bb appara\u00eet et fixe l\u2019agresseur de telle fa\u00e7on que celui-ci en est clou\u00e9 sur place. Le r\u00eaveur \u00e9prouve cependant une grande angoisse. La voix dit: \u00abTout doit \u00eatre r\u00e9gi par la lumi\u00e8re.\u00bb <\/p><\/blockquote><\/div>\n<p style=\"text-align: justify;\"><strong>Les animaux,<\/strong> en particulier les chats et les chiens, qui repr\u00e9sentent l\u2019instinct, sont pareillement <strong>nombreux chez la r\u00eaveuse.<\/strong> On y trouve, \u00e9videmment, le serpent, tr\u00e8s pr\u00e9sent dans toutes les manifestations oniriques. In\u00e9vitablement, il y a un moment o\u00f9 un r\u00eaveur voit appara\u00eetre un serpent dans ses songes.<\/p>\n<p style=\"text-align: justify;\">Un conflit implique <strong>des armes et des soldats.<\/strong> Pour ce qui est des armes, le R\u00eaveur se contente de fusils.&nbsp; Les songes de la R\u00eaveuse sont plus violents.&nbsp; On y trouve de nombreuses descriptions et utilisations, souvent cruelles,&nbsp; de fusils, \u00e9p\u00e9es, sabre, glaive, revolver, couteaux, fl\u00e8ches et m\u00eame une tron\u00e7onneuse.<\/p>\n<p style=\"text-align: justify;\"><strong>Les soldats sont pr\u00e9sents dans les deux s\u00e9ries<\/strong> mais le conflit ne tourne \u00e0 <strong>la guerre<\/strong> v\u00e9ritable que chez <strong>le R\u00eaveur<\/strong>. Il se manifeste&nbsp; par des songes violents mettant en sc\u00e8ne les <em>guerres sauvages entre deux peuples<\/em> ou le combat entre des sauvages, au cours duquel <em>des atrocit\u00e9s bestiales sont commises<\/em>. Cette violence s\u2019apaise au r\u00eave 45.<\/p>\n<p style=\"text-align: justify;\"><svg class=\"genericon genericond-genericons-neue genericons-neue-download genericond-genericons-neue-1x genericond-rotate-normal\" style=\"fill:#19486B;\" title=\"download\" role=\"img\" aria-labelledby=\"title\"><use xlink:href=\"https:\/\/www.cgjung.net\/espace\/wp-content\/plugins\/genericond\/\/icons\/genericons-neue\/svg-sprite\/genericons-neue.svg#download\" \/><\/svg> R\u00eave no 45 : \n\t\t<a id=\"h2\" href=\"javascript:toggle('c2','h2');\" >l'afficher<\/a>\n\t\t<div id=\"c2\" style=\"display:none\">\n\t\t<blockquote><p style=\"text-align:justify\"> Une place d\u2019exercice. Il y a des troupes; elles ne se pr\u00e9parent plus pour la guerre mais forment une \u00e9toile \u00e0 huit rayons qui tourne vers la gauche. <\/p><\/blockquote><\/div>\n<p style=\"text-align: justify;\"><strong>Chez la R\u00eaveuse<\/strong>, il s&rsquo;agit plut\u00f4t de <strong>combats individuels,<\/strong> signes de relations conflictuelles entre le masculin et le f\u00e9minin, ou de tortures, inflig\u00e9es \u00e0 des hommes faibles, et suscit\u00e9es par l\u2019<em>animus<\/em> n\u00e9gatif. Les soldats font partie, pour elle, d\u2019un arri\u00e8re plan mena\u00e7ant, ou signifient qu\u2019il ne faut pas oublier l\u2019existence d\u2019un ordre, <strong>au sens o\u00f9 l&rsquo;entend Jung<\/strong>. Cet ordre peut, par exemple, \u00eatre repr\u00e9sent\u00e9 par des gendarmes (cf. r\u00eaves 11 et 15)<\/p>\n<p style=\"text-align: justify;\"><svg class=\"genericon genericond-genericons-neue genericons-neue-download genericond-genericons-neue-1x genericond-rotate-normal\" style=\"fill:#19486B;\" title=\"download\" role=\"img\" aria-labelledby=\"title\"><use xlink:href=\"https:\/\/www.cgjung.net\/espace\/wp-content\/plugins\/genericond\/\/icons\/genericons-neue\/svg-sprite\/genericons-neue.svg#download\" \/><\/svg> R\u00eave no 11 : \n\t\t<a id=\"h3\" href=\"javascript:toggle('c3','h3');\" >l'afficher<\/a>\n\t\t<div id=\"c3\" style=\"display:none\">\n\t\t<blockquote><p style=\"text-align:justify\"> La R\u00eaveuse porte dans l\u2019oeil une boule comme une bille recouverte \u00e0 certains moments par la paupi\u00e8re et \u00e0 d\u2019autres non. Elle en est tr\u00e8s fi\u00e8re et se demande si on la voit.<br>\r\nA un autre moment elle regarde du haut d\u2019une falaise. En bas tout est sec et blanc, genre paysage de western.<br>\r\nEnsuite elle est dans une plaine o\u00f9 l\u2019eau monte de la gauche. Quand l\u2019eau arrive \u00e0 ses chevilles elle voit des gendarmes. Elle n\u2019a pas envie d\u2019aller vers eux. L\u2019eau monte toujours et alors elle voit un groupe de gens avec des enfants dans les bras. Elle va vers eux car elle pense qu\u2019elle peut avoir confiance, ils sauront que faire pour sauver leurs enfants. <\/p><\/blockquote><\/div>\n<p style=\"text-align: justify;\"><svg class=\"genericon genericond-genericons-neue genericons-neue-download genericond-genericons-neue-1x genericond-rotate-normal\" style=\"fill:#19486B;\" title=\"download\" role=\"img\" aria-labelledby=\"title\"><use xlink:href=\"https:\/\/www.cgjung.net\/espace\/wp-content\/plugins\/genericond\/\/icons\/genericons-neue\/svg-sprite\/genericons-neue.svg#download\" \/><\/svg> R\u00eave no 15 : \n\t\t<a id=\"h4\" href=\"javascript:toggle('c4','h4');\" >l'afficher<\/a>\n\t\t<div id=\"c4\" style=\"display:none\">\n\t\t<blockquote><p style=\"text-align:justify\"> Des soldats en armes veulent visiter la maison d\u2019un homme qui, visiblement a peur car il a quelque chose \u00e0 cacher. Il y a des bruits derri\u00e8re lui. Il dit: \u00abCe ne sont que des servantes \u00bb. C\u2019est parce qu\u2019il y a un cochon dont il veut dissimuler le bruit. <\/p><\/blockquote><\/div>\n<p style=\"text-align: justify;\">En d\u00e9pit des diff\u00e9rences d\u2019exposition, il est incontestable que des oppos\u00e9s s\u2019affrontent au sein de la psych\u00e9 des r\u00eaveurs.<\/p>\n<p style=\"text-align: justify;\">Nous pensons que, chez l\u2019un comme chez l\u2019autre, il y a un <strong>combat entre le Moi et l\u2019inconscient<\/strong>. Ce combat d\u00e9coule de&nbsp; <strong>l\u2019affrontement entre des forces masculines et f\u00e9minines<\/strong>, entre <em>logos<\/em> et \u00e9<em>ros.<\/em><\/p>\n<p style=\"text-align: justify;\">\u00c0 la suite de notre observation de ces s\u00e9ries de r\u00eaves, nous avons \u00e9t\u00e9 conduits \u00e0 penser que ce th\u00e8me de l\u2019affrontement entre le masculin et le f\u00e9minin se poursuit \u00e0 travers tous les r\u00e9cits, chez le R\u00eaveur comme chez la R\u00eaveuse.&nbsp; Il existe aussi de fortes chances de&nbsp; le retrouver&nbsp; dans le domaine religieux.<\/p>\n<h3 style=\"text-align: justify;\"><svg class=\"genericon genericond-genericons-neue genericons-neue-document genericond-genericons-neue-1x genericond-rotate-normal\" style=\"fill:#19486B;\" title=\"document\" role=\"img\" aria-labelledby=\"title\"><use xlink:href=\"https:\/\/www.cgjung.net\/espace\/wp-content\/plugins\/genericond\/\/icons\/genericons-neue\/svg-sprite\/genericons-neue.svg#document\" \/><\/svg> <a href=\"https:\/\/www.cgjung.net\/espace\/ariaga-ecrits-jung\/theatre-des-reves\/concordances-entre-les-series-de-reves\/\">Page pr\u00e9c\u00e9dente<\/a> | <a href=\"https:\/\/www.cgjung.net\/espace\/ariaga-ecrits-jung\/theatre-des-reves\/la-peur-du-divin\/\">Page suivante<\/a> | <a href=\"https:\/\/www.cgjung.net\/espace\/ariaga-ecrits-jung\/serie-du-reveur\/\">R\u00eaves du r\u00eaveur<\/a> | <a href=\"https:\/\/www.cgjung.net\/espace\/ariaga-ecrits-jung\/serie-reveuse\/\">R\u00eaves de la r\u00eaveuse<\/a><\/h3>\n","protected":false},"excerpt":{"rendered":"<p>Ici nous rencontrons la d\u00e9fiance des deux r\u00eaveurs envers la femme et tout ce qui concerne les forces primitives de la Nature. Double rejet de l&rsquo;\u00e9l\u00e9ment f\u00e9minin Pourquoi, au d\u00e9part, ces deux r\u00eaveurs rejettent ils avec tant de force l\u2019\u00e9l\u00e9ment f\u00e9minin ? Nous sommes arriv\u00e9s \u00e0 la conclusion que leur peur est due \u00e0 l\u2019appartenance [&hellip;]<\/p>\n","protected":false},"author":1,"featured_media":0,"parent":2039,"menu_order":49,"comment_status":"closed","ping_status":"open","template":"","meta":{"footnotes":""},"class_list":["post-1792","page","type-page","status-publish","hentry"],"_links":{"self":[{"href":"https:\/\/www.cgjung.net\/espace\/wp-json\/wp\/v2\/pages\/1792","targetHints":{"allow":["GET"]}}],"collection":[{"href":"https:\/\/www.cgjung.net\/espace\/wp-json\/wp\/v2\/pages"}],"about":[{"href":"https:\/\/www.cgjung.net\/espace\/wp-json\/wp\/v2\/types\/page"}],"author":[{"embeddable":true,"href":"https:\/\/www.cgjung.net\/espace\/wp-json\/wp\/v2\/users\/1"}],"replies":[{"embeddable":true,"href":"https:\/\/www.cgjung.net\/espace\/wp-json\/wp\/v2\/comments?post=1792"}],"version-history":[{"count":5,"href":"https:\/\/www.cgjung.net\/espace\/wp-json\/wp\/v2\/pages\/1792\/revisions"}],"predecessor-version":[{"id":33675,"href":"https:\/\/www.cgjung.net\/espace\/wp-json\/wp\/v2\/pages\/1792\/revisions\/33675"}],"up":[{"embeddable":true,"href":"https:\/\/www.cgjung.net\/espace\/wp-json\/wp\/v2\/pages\/2039"}],"wp:attachment":[{"href":"https:\/\/www.cgjung.net\/espace\/wp-json\/wp\/v2\/media?parent=1792"}],"curies":[{"name":"wp","href":"https:\/\/api.w.org\/{rel}","templated":true}]}}